{"id":9980,"date":"2025-10-01T13:21:42","date_gmt":"2025-10-01T11:21:42","guid":{"rendered":"https:\/\/przyslop.pl\/?page_id=9980"},"modified":"2025-10-01T13:42:14","modified_gmt":"2025-10-01T11:42:14","slug":"rezerwacje-wisla-1200-2026","status":"publish","type":"page","link":"https:\/\/przyslop.pl\/index.php\/rezerwacje-wisla-1200-2026\/","title":{"rendered":"Rezerwacje Wis\u0142a 1200 2026"},"content":{"rendered":"<section class=\"kc-elm kc-css-988856 kc_row pageWhite\"><div class=\"kc-row-container  kc-container\"><div class=\"kc-wrap-columns\"><div class=\"kc-elm kc-css-548666 kc_col-sm-12 kc_column kc_col-sm-12\"><div class=\"kc-col-container\"><div class=\"kc-elm kc-css-540937 kc_text_block pageText\"><\/p>\n<ul>\n<li>Finalne ceny w terminie 2-4 lipca 2026 roku mog\u0105 ulec zmianie. O tym poinformujemy w pierwszym kwartale 2026 roku. Do tygodnia od otrzymania informacji o zmianie ceny, b\u0119dzie mo\u017cliwo\u015b\u0107 anulowania rezerwacji ze zwrotem wp\u0142aconej kwoty.<\/li>\n<li>W przypadku posiadania dokument\u00f3w uprawniaj\u0105cych do <a href=\"https:\/\/przyslop.pl\/index.php\/noclegi\/#znizki\">zni\u017cki<\/a>, prosimy podczas wykonywania rezerwacji, zako\u0144czy\u0107 proces przed dokonaniem p\u0142atno\u015bci, a nast\u0119pnie skontaktowa\u0107 si\u0119 z nami mailowo, najlepiej odpowiadaj\u0105c na wiadomo\u015b\u0107 z potwierdzeniem, opisa\u0107 jakie zni\u017cki przys\u0142uguj\u0105, a my przeliczymy wszystko i wy\u015blemy link do wp\u0142aty.<\/li>\n<li>W przypadku rezerwacji miejsc w pokojach wieloosobowych (6, 7, 10 i 11 os.) nie mo\u017cemy zagwarantowa\u0107, \u017ce wszystkie osoby z rezerwacji b\u0119d\u0105 w tym samym pokoju. Nale\u017cy r\u00f3wnie\u017c mie\u0107 na uwadze, \u017ce pokoje w Schronisku s\u0105 koedukacyjne.<\/li>\n<li>Podane ceny nie zawieraj\u0105 op\u0142aty za po\u015bciel, kt\u00f3ra wynosi 26,5 z\u0142 od osoby. Alternatywnie mo\u017cna mie\u0107 w\u0142asny \u015bpiw\u00f3r.<\/li>\n<li>Ze wzgl\u0119du na du\u017c\u0105 ilo\u015b\u0107 uczestnik\u00f3w ultramaratonu nie b\u0119dzie mo\u017cliwo\u015bci schowania rower\u00f3w do \u015brodka.<\/li>\n<li>Wp\u0142ata zadatku za rezerwacj\u0119 jest bezzwrotna, ale istnieje mo\u017cliwo\u015b\u0107 przepisania rezerwacji na inn\u0105 osob\u0119.<\/li>\n<li>Po wyczerpaniu wszystkich miejsc noclegowych b\u0119dzie mo\u017cliwo\u015b\u0107 noclegu\u00a0 we w\u0142asnym namiocie (koszt to 40 z\u0142 za osob\u0119).<\/li>\n<li>W razie ch\u0119ci zapisania si\u0119 na list\u0119 oczekuj\u0105cych na miejsce noclegowe prosimy o kontakt mailowy z recepcj\u0105: schronisko@przyslop.pl<\/li>\n<\/ul>\n<p>\n<\/div><div class=\"kc-elm kc-css-651810 kc-raw-code\"><!-- Previo Reservation+ start -->\r\n<script data-jetpack-boost=\"ignore\" data-jetpack-boost=\"ignore\" data-jetpack-boost=\"ignore\" type=\"text\/javascript\" src=\"https:\/\/booking.previo.app\/iframe\/\"><\/script>\r\n<iframe loading=\"lazy\" src=\"https:\/\/booking.previo.app\/?hotId=753783&pricelistType=rooms&currency=PLN&hideTabs=map&&showRoomType=775853-775855-856467-775857-955749-775863-775865-775867-775861-775867&arrival=03.07.2026&departure=04.07.2026\" scrolling=\"no\" frameborder=\"0\" width=\"100%\" height=\"3000\" name=\"previo-booking-iframe\" id=\"previo-booking-iframe\" allowTransparency=\"true\"><\/iframe>\r\n<!-- Previo Reservation+ end --><\/div><\/div><\/div><\/div><\/div><\/section>\n","protected":false},"excerpt":{"rendered":"","protected":false},"author":2,"featured_media":0,"parent":0,"menu_order":0,"comment_status":"closed","ping_status":"closed","template":"tpl-king_composer.php","meta":{"footnotes":""},"class_list":["post-9980","page","type-page","status-publish","hentry"],"jetpack_sharing_enabled":true,"post_mailing_queue_ids":[],"_links":{"self":[{"href":"https:\/\/przyslop.pl\/index.php\/wp-json\/wp\/v2\/pages\/9980","targetHints":{"allow":["GET"]}}],"collection":[{"href":"https:\/\/przyslop.pl\/index.php\/wp-json\/wp\/v2\/pages"}],"about":[{"href":"https:\/\/przyslop.pl\/index.php\/wp-json\/wp\/v2\/types\/page"}],"author":[{"embeddable":true,"href":"https:\/\/przyslop.pl\/index.php\/wp-json\/wp\/v2\/users\/2"}],"replies":[{"embeddable":true,"href":"https:\/\/przyslop.pl\/index.php\/wp-json\/wp\/v2\/comments?post=9980"}],"version-history":[{"count":5,"href":"https:\/\/przyslop.pl\/index.php\/wp-json\/wp\/v2\/pages\/9980\/revisions"}],"predecessor-version":[{"id":9997,"href":"https:\/\/przyslop.pl\/index.php\/wp-json\/wp\/v2\/pages\/9980\/revisions\/9997"}],"wp:attachment":[{"href":"https:\/\/przyslop.pl\/index.php\/wp-json\/wp\/v2\/media?parent=9980"}],"curies":[{"name":"wp","href":"https:\/\/api.w.org\/{rel}","templated":true}]}}