{"id":9413,"date":"2025-03-17T12:24:18","date_gmt":"2025-03-17T11:24:18","guid":{"rendered":"https:\/\/przyslop.pl\/?page_id=9413"},"modified":"2025-03-17T12:24:18","modified_gmt":"2025-03-17T11:24:18","slug":"praca-w-gorach-obsluga-recepcji","status":"publish","type":"page","link":"https:\/\/przyslop.pl\/index.php\/praca-w-gorach-obsluga-recepcji\/","title":{"rendered":"PRACA W G\u00d3RACH &#8211; Obs\u0142uga recepcji"},"content":{"rendered":"<p><section class=\"kc-elm kc-css-118763 kc_row pageWhite\"><div class=\"kc-row-container  kc-container\"><div class=\"kc-wrap-columns\"><div class=\"kc-elm kc-css-972439 kc_col-sm-12 kc_column kc_col-sm-12\"><div class=\"kc-col-container\">\n<div class=\"kc-elm kc-css-309644 kc-title-wrap \">\n\n\t<p class=\"kc_title pageHeader\">KILKA S\u0141\u00d3W O NAS TYTU\u0141EM WST\u0118PU <\/p>\n<\/div>\n<div class=\"kc-elm kc-css-644509 kc_text_block pageText\"><\/p>\n<p>\nJe\u017celi Twoj\u0105 pasj\u0105 jest sport, rowery, bieganie albo po prostu kochasz g\u00f3ry I lubisz poznawa\u0107 nowych ludzi zapraszamy do pracy w Schronisku PTTK na Przys\u0142opie pod Barani\u0105 G\u00f3r\u0105. Nie jest to ma\u0142a klimatyczna chata, ale obecnie gospodaruje ni\u0105 ciekawi \u015bwiata ludzie, kt\u00f3rzy aktywnie sp\u0119dzaj\u0105 ka\u017cd\u0105 woln\u0105 chwil\u0119. Schronisko przesz\u0142o generalny remont i nawet zaj\u0119\u0142o pierwsze miejsce w ubieg\u0142orocznym rankingu schronisk! Po\u0142o\u017cone jest w przepi\u0119knym miejscu, idealnym do bieg\u00f3w g\u00f3rskich, jazdy na rowerze, a zim\u0105 do bieg\u00f3wek czy skitur\u00f3w.\u00a0Mocno stawiamy na zgrany zesp\u00f3\u0142, dobr\u0105 kuchni\u0119, rozw\u00f3j, wysok\u0105 jako\u015b\u0107 \u015bwiadczonych us\u0142ug oraz ciekawe wydarzenia turystyczne, sportowe i edukacyjne! Po wi\u0119cej szczeg\u00f3\u0142\u00f3w zapraszamy do sprawdzenia naszych profili FB i Insta.<\/p>\n<p>\n<\/div><\/div><\/div><\/div><\/div><\/section><section class=\"kc-elm kc-css-315572 kc_row\"><div class=\"kc-row-container  kc-container  pageGallery pageWhite\"><div class=\"kc-wrap-columns\"><div class=\"kc-elm kc-css-28841 kc_col-sm-4 kc_column kc_col-sm-4\"><div class=\"kc-col-container\"><div class=\"kc-elm kc-css-10070 kc_shortcode kc_single_image\">\n\n        <img decoding=\"async\" src=\"https:\/\/i0.wp.com\/przyslop.pl\/wp-content\/uploads\/2025\/03\/P1_1.webp?fit=480%2C320&ssl=1\" class=\"\" alt=\"\" \/>    <\/div>\n<\/div><\/div><div class=\"kc-elm kc-css-375671 kc_col-sm-4 kc_column kc_col-sm-4\"><div class=\"kc-col-container\"><div class=\"kc-elm kc-css-583877 kc_shortcode kc_single_image\">\n\n        <img decoding=\"async\" src=\"https:\/\/i0.wp.com\/przyslop.pl\/wp-content\/uploads\/2025\/03\/P1_2.webp?fit=480%2C320&ssl=1\" class=\"\" alt=\"\" \/>    <\/div>\n<\/div><\/div><div class=\"kc-elm kc-css-939967 kc_col-sm-4 kc_column kc_col-sm-4\"><div class=\"kc-col-container\"><div class=\"kc-elm kc-css-211057 kc_shortcode kc_single_image\">\n\n        <img decoding=\"async\" src=\"https:\/\/i0.wp.com\/przyslop.pl\/wp-content\/uploads\/2025\/03\/P1_3.webp?fit=480%2C320&ssl=1\" class=\"\" alt=\"\" \/>    <\/div>\n<\/div><\/div><\/div><\/div><\/section><section class=\"kc-elm kc-css-737707 kc_row pageBlue\"><div class=\"kc-row-container  kc-container\"><div class=\"kc-wrap-columns\"><div class=\"kc-elm kc-css-291652 kc_col-sm-12 kc_column kc_col-sm-12\"><div class=\"kc-col-container\">\n<div class=\"kc-elm kc-css-177704 kc-title-wrap \">\n\n\t<p class=\"kc_title pageHeader\">STANOWISKO<\/p>\n<\/div>\n<div class=\"kc-elm kc-css-135115 kc_text_block pageText\"><\/p>\n<p>\nobs\u0142uga recepcji, pobyt\u00f3w grupowych, wydarze\u0144 schroniskowych i baru<br \/>\nSchronisko to specyficzne miejsce, o du\u017cej zmienno\u015bci nat\u0119\u017cenia ruchu turystycznego w zale\u017cno\u015bci od sezonu i pogody, gdzie dzieje si\u0119 du\u017co rzeczy nieprzewidywalnych. Dlatego poszukujemy os\u00f3b elastycznych, umiej\u0105cych dopasowa\u0107 si\u0119 do zaistnia\u0142ych okoliczno\u015bci oraz otwartych na r\u00f3\u017cnorodno\u015b\u0107 obowi\u0105zk\u00f3w<\/p>\n<p>\n<\/div>\n<div class=\"kc-elm kc-css-63778 kc-title-wrap \">\n\n\t<p class=\"kc_title pageHeader\">ZAKRES OBOWI\u0104ZK\u00d3W OS\u00d3B MULTIFUNKCYJNYCH<\/p>\n<\/div>\n<div class=\"kc-elm kc-css-504027 kc_text_block pageText\"><\/p>\n<p>\n<strong>PODSTAWOWE<\/strong><\/p>\n<ul>\n<li>obs\u0142uga recepcji tj. przyjmowanie rezerwacji, przygotowywanie ofert dla grup, komunikacja mailowa i telefoniczna z Klientami, meldowanie i rozliczanie nocuj\u0105cych turyst\u00f3w,<\/li>\n<li>podstawowe obowi\u0105zki ksi\u0119gowe np. wystawianie paragon\u00f3w, faktur.<\/li>\n<li>obs\u0142uga grup zorganizowanych i wydarze\u0144 schroniskowych,<\/li>\n<li>obs\u0142uga baru.<\/li>\n<\/ul>\n<p><strong>DODATKOWE (niezbyt cz\u0119ste, ale musz\u0105 by\u0107 akceptowalne przez kandydata)<\/strong><\/p>\n<ul>\n<li>wsparcie innych pracownik\u00f3w na innych stanowiskach w sytuacjach kryzysowych tj. sprz\u0105tanie, zmywak, pomoc w wydawaniu da\u0144 na kuchni itp.,<\/li>\n<\/ul>\n<p><strong>PONADSTANDARDOWE<\/strong><\/p>\n<ul>\n<li>przy d\u0142u\u017cszej wsp\u00f3\u0142pracy mo\u017cliwo\u015b\u0107 zaanga\u017cowania si\u0119 w dzia\u0142ania marketingowe m.in. promocja ofert specjalnych, wsparcie w zakresie obs\u0142ugi social media.<\/li>\n<\/ul>\n<p>\n<\/div><\/div><\/div><\/div><\/div><\/section><section class=\"kc-elm kc-css-652886 kc_row pageBlue\"><div class=\"kc-row-container  kc-container  pageGallery\"><div class=\"kc-wrap-columns\"><div class=\"kc-elm kc-css-787145 kc_col-sm-2 kc_column kc_col-sm-2\"><div class=\"kc-col-container\"><div class=\"kc-elm kc-css-982979 kc_shortcode kc_single_image\">\n\n        <img decoding=\"async\" src=\"https:\/\/i0.wp.com\/przyslop.pl\/wp-content\/uploads\/2025\/03\/P2_1.webp?fit=213%2C320&ssl=1\" class=\"\" alt=\"\" \/>    <\/div>\n<\/div><\/div><div class=\"kc-elm kc-css-538022 kc_col-sm-2 kc_column kc_col-sm-2\"><div class=\"kc-col-container\"><div class=\"kc-elm kc-css-682056 kc_shortcode kc_single_image\">\n\n        <img decoding=\"async\" src=\"https:\/\/i0.wp.com\/przyslop.pl\/wp-content\/uploads\/2025\/03\/P2_2.webp?fit=213%2C320&ssl=1\" class=\"\" alt=\"\" \/>    <\/div>\n<\/div><\/div><div class=\"kc-elm kc-css-325414 kc_col-sm-2 kc_column kc_col-sm-2\"><div class=\"kc-col-container\"><div class=\"kc-elm kc-css-168888 kc_shortcode kc_single_image\">\n\n        <img decoding=\"async\" src=\"https:\/\/i0.wp.com\/przyslop.pl\/wp-content\/uploads\/2025\/03\/P2_3.webp?fit=213%2C320&ssl=1\" class=\"\" alt=\"\" \/>    <\/div>\n<\/div><\/div><div class=\"kc-elm kc-css-238723 kc_col-sm-2 kc_column kc_col-sm-2\"><div class=\"kc-col-container\"><div class=\"kc-elm kc-css-749787 kc_shortcode kc_single_image\">\n\n        <img decoding=\"async\" src=\"https:\/\/i0.wp.com\/przyslop.pl\/wp-content\/uploads\/2025\/03\/P2_4.webp?fit=213%2C320&ssl=1\" class=\"\" alt=\"\" \/>    <\/div>\n<\/div><\/div><div class=\"kc-elm kc-css-356059 kc_col-sm-2 kc_column kc_col-sm-2\"><div class=\"kc-col-container\"><div class=\"kc-elm kc-css-776092 kc_shortcode kc_single_image\">\n\n        <img decoding=\"async\" src=\"https:\/\/i0.wp.com\/przyslop.pl\/wp-content\/uploads\/2025\/03\/P2_6.webp?fit=213%2C320&ssl=1\" class=\"\" alt=\"\" \/>    <\/div>\n<\/div><\/div><div class=\"kc-elm kc-css-556423 kc_col-sm-2 kc_column kc_col-sm-2\"><div class=\"kc-col-container\"><div class=\"kc-elm kc-css-180064 kc_shortcode kc_single_image\">\n\n        <img decoding=\"async\" src=\"https:\/\/i0.wp.com\/przyslop.pl\/wp-content\/uploads\/2025\/03\/P2_5.webp?fit=213%2C320&ssl=1\" class=\"\" alt=\"\" \/>    <\/div>\n<\/div><\/div><div class=\"kc-elm kc-css-232856 kc_col-sm-2 kc_column kc_col-sm-2\"><div class=\"kc-col-container\"><div class=\"kc-elm kc-css-320805 kc_shortcode kc_single_image\">\n\n        <img decoding=\"async\" src=\"https:\/\/i0.wp.com\/przyslop.pl\/wp-content\/uploads\/2025\/03\/P2_7.webp?fit=213%2C320&ssl=1\" class=\"\" alt=\"\" \/>    <\/div>\n<\/div><\/div><\/div><\/div><\/section><section class=\"kc-elm kc-css-84595 kc_row pageWhite\"><div class=\"kc-row-container  kc-container\"><div class=\"kc-wrap-columns\"><div class=\"kc-elm kc-css-602157 kc_col-sm-12 kc_column kc_col-sm-12\"><div class=\"kc-col-container\">\n<div class=\"kc-elm kc-css-304056 kc-title-wrap \">\n\n\t<p class=\"kc_title pageHeader\">MO\u017bLIWE TRYBY I OKRES WSP\u00d3\u0141PRACY<\/p>\n<\/div>\n<div class=\"kc-elm kc-css-723474 kc_text_block pageText\"><\/p>\n<p>\n<strong>Opcja 1:<\/strong><\/p>\n<ul>\n<li>sta\u0142a praca pe\u0142noetatowa 4-5 dni tygodniowo (nie ma mo\u017cliwo\u015bci pracy w trybie 7\/7 lub 14\/14),<\/li>\n<li>start pracy: miedzy 1.04 a 1.05.2025 (do ustalenia),<\/li>\n<li>minimalny okres wsp\u00f3\u0142pracy: do ko\u0144ca pa\u017adziernika (mo\u017cliwo\u015b\u0107 przed\u0142u\u017cenia wsp\u00f3\u0142pracy),<\/li>\n<li>praca z zakwaterowaniem w schronisku lub dojazdem w\u0142asnym.<\/li>\n<\/ul>\n<p>\n<\/div><\/div><\/div><\/div><\/div><\/section><section class=\"kc-elm kc-css-681010 kc_row\"><div class=\"kc-row-container  kc-container  pageGallery pageWhite\"><div class=\"kc-wrap-columns\"><div class=\"kc-elm kc-css-182503 kc_col-sm-4 kc_column kc_col-sm-4\"><div class=\"kc-col-container\"><div class=\"kc-elm kc-css-445763 kc_shortcode kc_single_image\">\n\n        <img decoding=\"async\" src=\"https:\/\/i0.wp.com\/przyslop.pl\/wp-content\/uploads\/2025\/03\/P3_1.webp?fit=480%2C320&ssl=1\" class=\"\" alt=\"\" \/>    <\/div>\n<\/div><\/div><div class=\"kc-elm kc-css-114159 kc_col-sm-4 kc_column kc_col-sm-4\"><div class=\"kc-col-container\"><div class=\"kc-elm kc-css-504921 kc_shortcode kc_single_image\">\n\n        <img decoding=\"async\" src=\"https:\/\/i0.wp.com\/przyslop.pl\/wp-content\/uploads\/2025\/03\/P3_2.webp?fit=479%2C320&ssl=1\" class=\"\" alt=\"\" \/>    <\/div>\n<\/div><\/div><div class=\"kc-elm kc-css-363865 kc_col-sm-4 kc_column kc_col-sm-4\"><div class=\"kc-col-container\"><div class=\"kc-elm kc-css-751058 kc_shortcode kc_single_image\">\n\n        <img decoding=\"async\" src=\"https:\/\/i0.wp.com\/przyslop.pl\/wp-content\/uploads\/2025\/03\/P3_3.webp?fit=480%2C320&ssl=1\" class=\"\" alt=\"\" \/>    <\/div>\n<\/div><\/div><\/div><\/div><\/section><section class=\"kc-elm kc-css-58147 kc_row pageBlue\"><div class=\"kc-row-container  kc-container\"><div class=\"kc-wrap-columns\"><div class=\"kc-elm kc-css-453538 kc_col-sm-12 kc_column kc_col-sm-12\"><div class=\"kc-col-container\">\n<div class=\"kc-elm kc-css-4941 kc-title-wrap \">\n\n\t<p class=\"kc_title pageHeader\">KOGO NAM POTRZEBA?<\/p>\n<\/div>\n<div class=\"kc-elm kc-css-833262 kc_text_block pageText\"><\/p>\n<p>\n<strong>Os\u00f3b, kt\u00f3re:<\/strong><\/p>\n<ul>\n<li>s\u0105 \u015bwiadome, \u017ce praca w schronisku to\u2026 jednak praca! A nie tylko obcowanie z natur\u0105, odci\u0119cie od cywilizacji, cisza i spok\u00f3j. To wszystko jest! Ale powiemy szczerze &#8211; nie zawsze i nie tylko to,<\/li>\n<li>maj\u0105 tzw. \u201e\u0142eb na karku\u201d czyli wykazuj\u0105 si\u0119 w\u0142asn\u0105 inicjatyw\u0105, umiej\u0105 sobie poradzi\u0107 w nietypowych sytuacjach,<\/li>\n<li>cho\u0107 brzmi trywialnie to lubi\u0105 ludzi\u00a0&#8211; cho\u0107 na zmywaku czy w kot\u0142owni niekoniecznie ma si\u0119 z nimi wielki kontakt to jednak trzeba mie\u0107 \u015bwiadomo\u015b\u0107, i\u017c jest to praca z lud\u017ami (zespo\u0142owa) i dla ludzi (jak to w bran\u017cy turystycznej, a w schronisku to ju\u017c w szczeg\u00f3lno\u015bci),<\/li>\n<li>s\u0105 pozytywne, energiczne, otwarte na wsp\u00f3\u0142prac\u0119, zaanga\u017cowane &#8211; chc\u0105ce wsp\u00f3\u0142tworzy\u0107 miejsce i budowa\u0107 zgrany team,<\/li>\n<li>wielozadaniowo\u015b\u0107 postrzegaj\u0105 jako atut i nie boj\u0105 si\u0119 pracy na r\u00f3\u017cnych stanowiskach (w tym pracy fizycznej).<\/li>\n<\/ul>\n<p>\n<\/div><\/div><\/div><\/div><\/div><\/section><section class=\"kc-elm kc-css-504965 kc_row pageBlue\"><div class=\"kc-row-container  kc-container  pageGallery\"><div class=\"kc-wrap-columns\"><div class=\"kc-elm kc-css-566942 kc_col-sm-4 kc_column kc_col-sm-4\"><div class=\"kc-col-container\"><div class=\"kc-elm kc-css-898885 kc_shortcode kc_single_image\">\n\n        <img decoding=\"async\" src=\"https:\/\/i0.wp.com\/przyslop.pl\/wp-content\/uploads\/2025\/03\/P4_1.webp?fit=480%2C320&ssl=1\" class=\"\" alt=\"\" \/>    <\/div>\n<\/div><\/div><div class=\"kc-elm kc-css-266371 kc_col-sm-4 kc_column kc_col-sm-4\"><div class=\"kc-col-container\"><div class=\"kc-elm kc-css-100959 kc_shortcode kc_single_image\">\n\n        <img decoding=\"async\" src=\"https:\/\/i0.wp.com\/przyslop.pl\/wp-content\/uploads\/2025\/03\/P4_2.webp?fit=480%2C320&ssl=1\" class=\"\" alt=\"\" \/>    <\/div>\n<\/div><\/div><div class=\"kc-elm kc-css-808073 kc_col-sm-4 kc_column kc_col-sm-4\"><div class=\"kc-col-container\"><div class=\"kc-elm kc-css-360227 kc_shortcode kc_single_image\">\n\n        <img decoding=\"async\" src=\"https:\/\/i0.wp.com\/przyslop.pl\/wp-content\/uploads\/2025\/03\/P4_3.webp?fit=440%2C320&ssl=1\" class=\"\" alt=\"\" \/>    <\/div>\n<\/div><\/div><\/div><\/div><\/section><section class=\"kc-elm kc-css-672944 kc_row pageWhite\"><div class=\"kc-row-container  kc-container\"><div class=\"kc-wrap-columns\"><div class=\"kc-elm kc-css-308222 kc_col-sm-12 kc_column kc_col-sm-12\"><div class=\"kc-col-container\">\n<div class=\"kc-elm kc-css-892237 kc-title-wrap \">\n\n\t<p class=\"kc_title pageHeader\">ZAPEWNIAMY<\/p>\n<\/div>\n<div class=\"kc-elm kc-css-804218 kc_text_block pageText\"><\/p>\n<ul>\n<li>wynagrodzenie + umow\u0119,<\/li>\n<li>zatrudnienie z zakwaterowaniem i wy\u017cywieniem (zakwaterowanie w schronisku nie jest wymagane),<\/li>\n<li>pozwolenie na wjazd dla os\u00f3b posiadaj\u0105cych samoch\u00f3d,<\/li>\n<li>wsparcie w doje\u017adzie do pracy z Koniakowa, Stec\u00f3wki lub Wis\u0142y Czarne,<\/li>\n<li>solidn\u0105 dawk\u0119 umiej\u0119tno\u015bci oraz do\u015bwiadcze\u0144 przydatnych w \u017cyciu i CV (m.in. umiej\u0119tno\u015bci baristyczne, barma\u0144skie, obs\u0142ugi kasy fiskalnej, programu rezerwacyjnego, do\u015bwiadczenie w organizacji i realizacji r\u00f3\u017cnorakich pobyt\u00f3w i wydarze\u0144 kulturalnych\/sportowych\/turystycznych),<\/li>\n<li>mo\u017cliwo\u015b\u0107 realizacji g\u00f3rskich pasji w wolnym czasie,<\/li>\n<li>prace z oryginalnymi i pozytywnymi lud\u017ami,<\/li>\n<li>dystans do reali\u00f3w miejskiego \u015bwiata oraz p\u0119du dzisiejszego \u017cycia,<\/li>\n<li>kontakt z natur\u0105, plenerem, ale i drugim cz\u0142owiekiem,<\/li>\n<li>satysfakcj\u0119 z \u201edobrze wykonanej roboty\u201d oraz \u201ewieczn\u0105 cz\u0119\u015b\u0107 i chwa\u0142\u0119\u201d.<\/li>\n<\/ul>\n<p>\n<\/div><\/div><\/div><\/div><\/div><\/section><section class=\"kc-elm kc-css-707581 kc_row\"><div class=\"kc-row-container  kc-container  pageGallery pageWhite\"><div class=\"kc-wrap-columns\"><div class=\"kc-elm kc-css-632894 kc_col-sm-2 kc_column kc_col-sm-2\"><div class=\"kc-col-container\"><div class=\"kc-elm kc-css-107998 kc_shortcode kc_single_image\">\n\n        <img decoding=\"async\" src=\"https:\/\/i0.wp.com\/przyslop.pl\/wp-content\/uploads\/2025\/03\/P5_1.webp?fit=213%2C320&ssl=1\" class=\"\" alt=\"\" \/>    <\/div>\n<\/div><\/div><div class=\"kc-elm kc-css-588050 kc_col-sm-2 kc_column kc_col-sm-2\"><div class=\"kc-col-container\"><div class=\"kc-elm kc-css-656377 kc_shortcode kc_single_image\">\n\n        <img decoding=\"async\" src=\"https:\/\/i0.wp.com\/przyslop.pl\/wp-content\/uploads\/2025\/03\/P5_3.webp?fit=213%2C320&ssl=1\" class=\"\" alt=\"\" \/>    <\/div>\n<\/div><\/div><div class=\"kc-elm kc-css-991325 kc_col-sm-2 kc_column kc_col-sm-2\"><div class=\"kc-col-container\"><div class=\"kc-elm kc-css-241199 kc_shortcode kc_single_image\">\n\n        <img decoding=\"async\" src=\"https:\/\/i0.wp.com\/przyslop.pl\/wp-content\/uploads\/2025\/03\/P5_2.webp?fit=213%2C320&ssl=1\" class=\"\" alt=\"\" \/>    <\/div>\n<\/div><\/div><div class=\"kc-elm kc-css-79197 kc_col-sm-2 kc_column kc_col-sm-2\"><div class=\"kc-col-container\"><div class=\"kc-elm kc-css-752973 kc_shortcode kc_single_image\">\n\n        <img decoding=\"async\" src=\"https:\/\/i0.wp.com\/przyslop.pl\/wp-content\/uploads\/2025\/03\/P5_5.webp?fit=213%2C323&ssl=1\" class=\"\" alt=\"\" \/>    <\/div>\n<\/div><\/div><div class=\"kc-elm kc-css-300856 kc_col-sm-2 kc_column kc_col-sm-2\"><div class=\"kc-col-container\"><div class=\"kc-elm kc-css-39611 kc_shortcode kc_single_image\">\n\n        <img decoding=\"async\" src=\"https:\/\/i0.wp.com\/przyslop.pl\/wp-content\/uploads\/2025\/03\/P5_7.webp?fit=213%2C320&ssl=1\" class=\"\" alt=\"\" \/>    <\/div>\n<\/div><\/div><div class=\"kc-elm kc-css-386573 kc_col-sm-2 kc_column kc_col-sm-2\"><div class=\"kc-col-container\"><div class=\"kc-elm kc-css-931759 kc_shortcode kc_single_image\">\n\n        <img decoding=\"async\" src=\"https:\/\/i0.wp.com\/przyslop.pl\/wp-content\/uploads\/2025\/03\/P5_6.webp?fit=213%2C320&ssl=1\" class=\"\" alt=\"\" \/>    <\/div>\n<\/div><\/div><div class=\"kc-elm kc-css-742569 kc_col-sm-2 kc_column kc_col-sm-2\"><div class=\"kc-col-container\"><div class=\"kc-elm kc-css-536571 kc_shortcode kc_single_image\">\n\n        <img decoding=\"async\" src=\"https:\/\/i0.wp.com\/przyslop.pl\/wp-content\/uploads\/2025\/03\/P5_8.webp?fit=213%2C320&ssl=1\" class=\"\" alt=\"\" \/>    <\/div>\n<\/div><\/div><\/div><\/div><\/section><section class=\"kc-elm kc-css-628458 kc_row pageBlue\"><div class=\"kc-row-container  kc-container\"><div class=\"kc-wrap-columns\"><div class=\"kc-elm kc-css-19178 kc_col-sm-12 kc_column kc_col-sm-12\"><div class=\"kc-col-container\">\n<div class=\"kc-elm kc-css-537663 kc-title-wrap \">\n\n\t<p class=\"kc_title pageHeader\">CO JEST DLA NAS WA\u017bNE<\/p>\n<\/div>\n<div class=\"kc-elm kc-css-128778 kc_text_block pageText\"><\/p>\n<ul>\n<li>wsp\u00f3\u0142praca i praca zespo\u0142owa, poszanowanie innych os\u00f3b oraz optymizm i u\u015bmiech (r\u00f3wnie\u017c w trudnych czy intensywnych chwilach),<\/li>\n<li>gotowo\u015b\u0107 do pracy na r\u00f3\u017cnych stanowiskach (bar, sprz\u0105tanie, zmywak, pomoc na kuchni, prace gospodarcze),<\/li>\n<li>rozumienie specyfiki pracy w bran\u017cy gastronomiczno-hotelarskiej (w tym w szczeg\u00f3lno\u015bci w realiach g\u00f3rskich) oraz wykazywanie si\u0119 inicjatyw\u0105 w zakresie obowi\u0105zk\u00f3w pracy,<\/li>\n<li>rzetelno\u015b\u0107, sumienno\u015b\u0107 i wywi\u0105zywanie si\u0119 z powierzonych obowi\u0105zk\u00f3w z zaanga\u017cowaniem,<\/li>\n<li>gotowo\u015b\u0107 do pracy w weekendy i \u015bwi\u0119ta,<\/li>\n<\/ul>\n<p>\n<\/div>\n<div class=\"kc-elm kc-css-96173 kc-title-wrap \">\n\n\t<p class=\"kc_title pageHeader\">WYMAGANIA<\/p>\n<\/div>\n<div class=\"kc-elm kc-css-484565 kc_text_block pageText\"><\/p>\n<ul>\n<li>umiej\u0119tno\u015b\u0107 obs\u0142ugi komputera oraz podstawowych program\u00f3w (Word, Excell itp.),<\/li>\n<li>wysoka kultura osobista oraz umiej\u0119tno\u015b\u0107 pisania zgodnie z zasadami j\u0119zyka polskiego (gramatyka, ortografia, sk\u0142adnia),<\/li>\n<li>w przypadku m\u0119\u017cczyzn niezb\u0119dne prawo jazdy poparte realnymi umiej\u0119tno\u015bciami i do\u015bwiadczeniem w prowadzeniu samochodu (ze wzgl\u0119du na zakres obowi\u0105zk\u00f3w),<\/li>\n<li>aktualna ksi\u0105\u017ceczka sanepidowska (je\u015bli nie posiadasz, konieczne b\u0119dzie jej wyrobienie przed podj\u0119ciem pracy).<\/li>\n<\/ul>\n<p>\n<\/div>\n<div class=\"kc-elm kc-css-386583 kc-title-wrap \">\n\n\t<p class=\"kc_title pageHeader\">UMOWA<\/p>\n<\/div>\n<div class=\"kc-elm kc-css-27655 kc_text_block pageText\"><\/p>\n<ul>\n<li>okres pr\u00f3bny \u2013 umowa zlecenie,<\/li>\n<li>po okresie pr\u00f3bnym \u2013 umowa o prac\u0119,<\/li>\n<li>mo\u017cliwe r\u00f3wnie\u017c inne formy wsp\u00f3\u0142pracy jak np. B2B, rozliczenie na faktur\u0119 lub rachunek.<\/li>\n<\/ul>\n<p>\n<\/div>\n<div class=\"kc-elm kc-css-67658 kc-title-wrap \">\n\n\t<p class=\"kc_title pageHeader\">WA\u017bNE INFORMACJE<\/p>\n<\/div>\n<div class=\"kc-elm kc-css-91436 kc_text_block pageText\"><\/p>\n<ul>\n<li>mimo wielkiej mi\u0142o\u015bci do zwierzak\u00f3w nie ma mo\u017cliwo\u015bci zakwaterowania ze zwierz\u0119ciem (ze wzgl\u0119du na pokoje kilkuosobowe, alergie itp.)<\/li>\n<li>nie ma mo\u017cliwo\u015bci zakwaterowania w pokoju 1osobowym (ze wzgl\u0119d\u00f3w lokalowych),<\/li>\n<li>w przypadku par mo\u017cliwo\u015b\u0107 zakwaterowania wy\u0142\u0105cznie w pokojach wieloosobowych z innymi pracownikami (lub zakwaterowaniem w\u0142asnym poza schroniskiem),<\/li>\n<li>aktualnie rekrutujemy WY\u0141\u0104CZNIE do takich tryb\u00f3w pracy jak wymienione na pocz\u0105tku og\u0142oszenia (inne kombinacje jak np. praca sta\u0142a od kwietnia w trybie 7dni pracy na 7 dni wolnego nie s\u0105 mo\u017cliwe).<\/li>\n<li>nie nawi\u0105zujemy kontaktu z osobami, kt\u00f3re nie przys\u0142a\u0142y do nas zg\u0142oszenia z informacjami na sw\u00f3j temat.<\/li>\n<\/ul>\n<p>\n<\/div><\/div><\/div><\/div><\/div><\/section><section class=\"kc-elm kc-css-961796 kc_row pageBlue\"><div class=\"kc-row-container  kc-container  pageGallery\"><div class=\"kc-wrap-columns\"><div class=\"kc-elm kc-css-459389 kc_col-sm-4 kc_column kc_col-sm-4\"><div class=\"kc-col-container\"><div class=\"kc-elm kc-css-689933 kc_shortcode kc_single_image\">\n\n        <img decoding=\"async\" src=\"https:\/\/i0.wp.com\/przyslop.pl\/wp-content\/uploads\/2025\/03\/P6_1.webp?fit=480%2C320&ssl=1\" class=\"\" alt=\"\" \/>    <\/div>\n<\/div><\/div><div class=\"kc-elm kc-css-652486 kc_col-sm-4 kc_column kc_col-sm-4\"><div class=\"kc-col-container\"><div class=\"kc-elm kc-css-311930 kc_shortcode kc_single_image\">\n\n        <img decoding=\"async\" src=\"https:\/\/i0.wp.com\/przyslop.pl\/wp-content\/uploads\/2025\/03\/P6_2.webp?fit=479%2C320&ssl=1\" class=\"\" alt=\"\" \/>    <\/div>\n<\/div><\/div><div class=\"kc-elm kc-css-234510 kc_col-sm-4 kc_column kc_col-sm-4\"><div class=\"kc-col-container\"><div class=\"kc-elm kc-css-834376 kc_shortcode kc_single_image\">\n\n        <img decoding=\"async\" src=\"https:\/\/i0.wp.com\/przyslop.pl\/wp-content\/uploads\/2025\/03\/P6_3.webp?fit=479%2C320&ssl=1\" class=\"\" alt=\"\" \/>    <\/div>\n<\/div><\/div><\/div><\/div><\/section><section class=\"kc-elm kc-css-803872 kc_row pageWhite\"><div class=\"kc-row-container  kc-container\"><div class=\"kc-wrap-columns\"><div class=\"kc-elm kc-css-820843 kc_col-sm-12 kc_column kc_col-sm-12\"><div class=\"kc-col-container\">\n<div class=\"kc-elm kc-css-568933 kc-title-wrap \">\n\n\t<p class=\"kc_title pageHeader\">ZG\u0141OSZENIA<\/p>\n<\/div>\n<div class=\"kc-elm kc-css-706058 kc_text_block pageText\"><\/p>\n<p>\nPrzyjmujemy pod adresem rekrutacja(at)przyslop.pl , przy\u015blij:<\/p>\n<ul>\n<li>CV wraz ze zdj\u0119ciem,<\/li>\n<li>kr\u00f3tki list motywacyjny: dlaczego chcesz\u00a0pracowa\u0107\u00a0w g\u00f3rach,<\/li>\n<li>informacji na jakie stanowisko aplikujesz, prac\u0105 na jaki okres czasu i w jakim trybie jeste\u015b zainteresowana\/y (o ile na danym stanowisku s\u0105 do wyboru),<\/li>\n<li>w przypadku m\u0119\u017cczyzn informacje na temat do\u015bwiadczenie w zakresie prowadzenia samochodu, umiej\u0119tno\u015bci technicznych i gospodarczych (obs\u0142uga pieca CO, pi\u0142y itp.).<\/li>\n<\/ul>\n<p>Z g\u00f3ry dzi\u0119kujemy za wszystkie zg\u0142oszenia!<br \/>\nAgnieszka Sapeta<\/p>\n<p>\n<\/div><\/div><\/div><\/div><\/div><\/section><\/p>\n","protected":false},"excerpt":{"rendered":"","protected":false},"author":2,"featured_media":0,"parent":0,"menu_order":0,"comment_status":"closed","ping_status":"closed","template":"tpl-king_composer.php","meta":{"footnotes":""},"class_list":["post-9413","page","type-page","status-publish","hentry"],"jetpack_sharing_enabled":true,"post_mailing_queue_ids":[],"_links":{"self":[{"href":"https:\/\/przyslop.pl\/index.php\/wp-json\/wp\/v2\/pages\/9413","targetHints":{"allow":["GET"]}}],"collection":[{"href":"https:\/\/przyslop.pl\/index.php\/wp-json\/wp\/v2\/pages"}],"about":[{"href":"https:\/\/przyslop.pl\/index.php\/wp-json\/wp\/v2\/types\/page"}],"author":[{"embeddable":true,"href":"https:\/\/przyslop.pl\/index.php\/wp-json\/wp\/v2\/users\/2"}],"replies":[{"embeddable":true,"href":"https:\/\/przyslop.pl\/index.php\/wp-json\/wp\/v2\/comments?post=9413"}],"version-history":[{"count":3,"href":"https:\/\/przyslop.pl\/index.php\/wp-json\/wp\/v2\/pages\/9413\/revisions"}],"predecessor-version":[{"id":9445,"href":"https:\/\/przyslop.pl\/index.php\/wp-json\/wp\/v2\/pages\/9413\/revisions\/9445"}],"wp:attachment":[{"href":"https:\/\/przyslop.pl\/index.php\/wp-json\/wp\/v2\/media?parent=9413"}],"curies":[{"name":"wp","href":"https:\/\/api.w.org\/{rel}","templated":true}]}}