{"id":9410,"date":"2025-03-17T12:24:14","date_gmt":"2025-03-17T11:24:14","guid":{"rendered":"https:\/\/przyslop.pl\/?page_id=9410"},"modified":"2025-03-17T12:24:14","modified_gmt":"2025-03-17T11:24:14","slug":"praca-w-gorach-osoba-multifunkcyjna-obsluga-baru-recepcji-w-schronisku-gorskim","status":"publish","type":"page","link":"https:\/\/przyslop.pl\/index.php\/praca-w-gorach-osoba-multifunkcyjna-obsluga-baru-recepcji-w-schronisku-gorskim\/","title":{"rendered":"PRACA W G\u00d3RACH &#8211; Osoba multifunkcyjna &#8211; obs\u0142uga baru, recepcji w schronisku g\u00f3rskim"},"content":{"rendered":"<p><section class=\"kc-elm kc-css-390768 kc_row pageWhite\"><div class=\"kc-row-container  kc-container\"><div class=\"kc-wrap-columns\"><div class=\"kc-elm kc-css-806517 kc_col-sm-12 kc_column kc_col-sm-12\"><div class=\"kc-col-container\">\n<div class=\"kc-elm kc-css-837769 kc-title-wrap \">\n\n\t<p class=\"kc_title pageHeader\">KILKA S\u0141\u00d3W O NAS TYTU\u0141EM WST\u0118PU <\/p>\n<\/div>\n<div class=\"kc-elm kc-css-775931 kc_text_block pageText\"><\/p>\n<p>Je\u017celi Twoj\u0105 pasj\u0105 jest sport, rowery, bieganie albo po prostu kochasz g\u00f3ry I lubisz poznawa\u0107 nowych ludzi zapraszamy do pracy w Schronisku PTTK na Przys\u0142opie pod Barani\u0105 G\u00f3r\u0105. Nie jest to ma\u0142a klimatyczna chata, ale obecnie gospodaruje ni\u0105 ciekawi \u015bwiata ludzie, kt\u00f3rzy aktywnie sp\u0119dzaj\u0105 ka\u017cd\u0105 woln\u0105 chwil\u0119. Schronisko przesz\u0142o generalny remont i nawet zaj\u0119\u0142o pierwsze miejsce w ubieg\u0142orocznym rankingu schronisk! Po\u0142o\u017cone jest w przepi\u0119knym miejscu, idealnym do bieg\u00f3w g\u00f3rskich, jazdy na rowerze, a zim\u0105 do bieg\u00f3wek czy skitur\u00f3w.\u00a0Mocno stawiamy na zgrany zesp\u00f3\u0142, dobr\u0105 kuchni\u0119, rozw\u00f3j, wysok\u0105 jako\u015b\u0107 \u015bwiadczonych us\u0142ug oraz ciekawe wydarzenia turystyczne, sportowe i edukacyjne! Po wi\u0119cej szczeg\u00f3\u0142\u00f3w zapraszamy do sprawdzenia naszych profili FB i Insta.<\/p>\n<p>\n<\/div><\/div><\/div><\/div><\/div><\/section><section class=\"kc-elm kc-css-942310 kc_row\"><div class=\"kc-row-container  kc-container  pageGallery pageWhite\"><div class=\"kc-wrap-columns\"><div class=\"kc-elm kc-css-280988 kc_col-sm-4 kc_column kc_col-sm-4\"><div class=\"kc-col-container\"><div class=\"kc-elm kc-css-514909 kc_shortcode kc_single_image\">\n\n        <img decoding=\"async\" src=\"https:\/\/i0.wp.com\/przyslop.pl\/wp-content\/uploads\/2025\/03\/P1_1.webp?fit=480%2C320&ssl=1\" class=\"\" alt=\"\" \/>    <\/div>\n<\/div><\/div><div class=\"kc-elm kc-css-703932 kc_col-sm-4 kc_column kc_col-sm-4\"><div class=\"kc-col-container\"><div class=\"kc-elm kc-css-90814 kc_shortcode kc_single_image\">\n\n        <img decoding=\"async\" src=\"https:\/\/i0.wp.com\/przyslop.pl\/wp-content\/uploads\/2025\/03\/P1_2.webp?fit=480%2C320&ssl=1\" class=\"\" alt=\"\" \/>    <\/div>\n<\/div><\/div><div class=\"kc-elm kc-css-299949 kc_col-sm-4 kc_column kc_col-sm-4\"><div class=\"kc-col-container\"><div class=\"kc-elm kc-css-570056 kc_shortcode kc_single_image\">\n\n        <img decoding=\"async\" src=\"https:\/\/i0.wp.com\/przyslop.pl\/wp-content\/uploads\/2025\/03\/P1_3.webp?fit=480%2C320&ssl=1\" class=\"\" alt=\"\" \/>    <\/div>\n<\/div><\/div><\/div><\/div><\/section><section class=\"kc-elm kc-css-332773 kc_row pageBlue\"><div class=\"kc-row-container  kc-container\"><div class=\"kc-wrap-columns\"><div class=\"kc-elm kc-css-813956 kc_col-sm-12 kc_column kc_col-sm-12\"><div class=\"kc-col-container\">\n<div class=\"kc-elm kc-css-796554 kc-title-wrap \">\n\n\t<p class=\"kc_title pageHeader\">STANOWISKO<\/p>\n<\/div>\n<div class=\"kc-elm kc-css-820546 kc_text_block pageText\"><\/p>\n<p>obs\u0142uga schroniska \u2013 osoba multifunkcyjna<br \/>Schronisko to specyficzne miejsce, gdzie dzieje si\u0119 du\u017co rzeczy nieprzewidywalnych i czasem ci\u0119\u017cko u\u0142o\u017cy\u0107 sztywne stanowiska pracy czy te\u017c dok\u0142adnie okre\u015bli\u0107 obowi\u0105zki na dany dzie\u0144 (w szczeg\u00f3lno\u015bci poza sezonem!), poszukujemy wi\u0119c os\u00f3b elastycznych, umiej\u0105cych dopasowa\u0107 si\u0119 do zaistnia\u0142ych okoliczno\u015bci oraz otwartych na r\u00f3\u017cnorodno\u015b\u0107 obowi\u0105zk\u00f3w<\/p>\n<p>\n<\/div>\n<div class=\"kc-elm kc-css-485954 kc-title-wrap \">\n\n\t<p class=\"kc_title pageHeader\">ZAKRES OBOWI\u0104ZK\u00d3W OS\u00d3B MULTIFUNKCYJNYCH<\/p>\n<\/div>\n<div class=\"kc-elm kc-css-41283 kc_text_block pageText\"><\/p>\n<p><strong>PODSTAWOWE &#8211; DLA WSZYSTKICH <\/strong><br \/>obs\u0142uga baru, obs\u0142uga pobyt\u00f3w grupowych, wydawanie posi\u0142k\u00f3w\/szykowanie bufet\u00f3w dla grup, sprz\u0105tanie, zmywak, podstawy recepcji (meldowanie), sk\u0142adanie zam\u00f3wie\u0144 <\/p>\n<p><strong>DODAKTOWE \u2013 DLA M\u0118\u017bCZYZN<\/strong><br \/>obs\u0142uga pieca, dostawy, dowozy, prace naprawcze, porz\u0105dkowe, gospodarcze,<\/p>\n<p><strong>PONADPODSTAWOWE \u2013 DLA CH\u0118TNYCH <\/strong><br \/>przy d\u0142u\u017cszej wsp\u00f3\u0142pracy sta\u0142ej w przypadku posiadania ciekawych pomys\u0142\u00f3w lub umiej\u0119tno\u015bci istnieje mo\u017cliwo\u015b\u0107 pracy przy organizacji wydarze\u0144 (sportowych, artystycznych i kulturalnych takich jak obozy, koncerty, warsztaty, slajdowiska, festiwale itp.), a tak\u017ce obs\u0142uga recepcji.<\/p>\n<p>\n<\/div><\/div><\/div><\/div><\/div><\/section><section class=\"kc-elm kc-css-467675 kc_row pageBlue\"><div class=\"kc-row-container  kc-container  pageGallery\"><div class=\"kc-wrap-columns\"><div class=\"kc-elm kc-css-258787 kc_col-sm-2 kc_column kc_col-sm-2\"><div class=\"kc-col-container\"><div class=\"kc-elm kc-css-193139 kc_shortcode kc_single_image\">\n\n        <img decoding=\"async\" src=\"https:\/\/i0.wp.com\/przyslop.pl\/wp-content\/uploads\/2025\/03\/P2_1.webp?fit=213%2C320&ssl=1\" class=\"\" alt=\"\" \/>    <\/div>\n<\/div><\/div><div class=\"kc-elm kc-css-38387 kc_col-sm-2 kc_column kc_col-sm-2\"><div class=\"kc-col-container\"><div class=\"kc-elm kc-css-523312 kc_shortcode kc_single_image\">\n\n        <img decoding=\"async\" src=\"https:\/\/i0.wp.com\/przyslop.pl\/wp-content\/uploads\/2025\/03\/P2_2.webp?fit=213%2C320&ssl=1\" class=\"\" alt=\"\" \/>    <\/div>\n<\/div><\/div><div class=\"kc-elm kc-css-368254 kc_col-sm-2 kc_column kc_col-sm-2\"><div class=\"kc-col-container\"><div class=\"kc-elm kc-css-617729 kc_shortcode kc_single_image\">\n\n        <img decoding=\"async\" src=\"https:\/\/i0.wp.com\/przyslop.pl\/wp-content\/uploads\/2025\/03\/P2_3.webp?fit=213%2C320&ssl=1\" class=\"\" alt=\"\" \/>    <\/div>\n<\/div><\/div><div class=\"kc-elm kc-css-580129 kc_col-sm-2 kc_column kc_col-sm-2\"><div class=\"kc-col-container\"><div class=\"kc-elm kc-css-330115 kc_shortcode kc_single_image\">\n\n        <img decoding=\"async\" src=\"https:\/\/i0.wp.com\/przyslop.pl\/wp-content\/uploads\/2025\/03\/P2_4.webp?fit=213%2C320&ssl=1\" class=\"\" alt=\"\" \/>    <\/div>\n<\/div><\/div><div class=\"kc-elm kc-css-723525 kc_col-sm-2 kc_column kc_col-sm-2\"><div class=\"kc-col-container\"><div class=\"kc-elm kc-css-382596 kc_shortcode kc_single_image\">\n\n        <img decoding=\"async\" src=\"https:\/\/i0.wp.com\/przyslop.pl\/wp-content\/uploads\/2025\/03\/P2_5.webp?fit=213%2C320&ssl=1\" class=\"\" alt=\"\" \/>    <\/div>\n<\/div><\/div><div class=\"kc-elm kc-css-501211 kc_col-sm-2 kc_column kc_col-sm-2\"><div class=\"kc-col-container\"><div class=\"kc-elm kc-css-57758 kc_shortcode kc_single_image\">\n\n        <img decoding=\"async\" src=\"https:\/\/i0.wp.com\/przyslop.pl\/wp-content\/uploads\/2025\/03\/P2_6.webp?fit=213%2C320&ssl=1\" class=\"\" alt=\"\" \/>    <\/div>\n<\/div><\/div><div class=\"kc-elm kc-css-352898 kc_col-sm-2 kc_column kc_col-sm-2\"><div class=\"kc-col-container\"><div class=\"kc-elm kc-css-85124 kc_shortcode kc_single_image\">\n\n        <img decoding=\"async\" src=\"https:\/\/i0.wp.com\/przyslop.pl\/wp-content\/uploads\/2025\/03\/P2_7.webp?fit=213%2C320&ssl=1\" class=\"\" alt=\"\" \/>    <\/div>\n<\/div><\/div><\/div><\/div><\/section><section class=\"kc-elm kc-css-729495 kc_row pageWhite\"><div class=\"kc-row-container  kc-container\"><div class=\"kc-wrap-columns\"><div class=\"kc-elm kc-css-272774 kc_col-sm-12 kc_column kc_col-sm-12\"><div class=\"kc-col-container\">\n<div class=\"kc-elm kc-css-101294 kc-title-wrap \">\n\n\t<p class=\"kc_title pageHeader\">MO\u017bLIWE TRYBY I OKRES WSP\u00d3\u0141PRACY<\/p>\n<\/div>\n<div class=\"kc-elm kc-css-315532 kc_text_block pageText\"><\/p>\n<p><strong>Opcja 1:<\/strong><\/p>\n<ul>\n<li>sta\u0142a praca pe\u0142noetatowa 4-5 dni tygodniowo (nie ma mo\u017cliwo\u015bci pracy w trybie 7\/7 lub 14\/14),<\/li>\n<li>start pracy: miedzy 1.04 a 1.05.2025 (do ustalenia),<\/li>\n<li>minimalny okres wsp\u00f3\u0142pracy: do ko\u0144ca pa\u017adziernika (mo\u017cliwo\u015b\u0107 przed\u0142u\u017cenia wsp\u00f3\u0142pracy),<\/li>\n<li>praca z zakwaterowaniem w schronisku lub dojazdem w\u0142asnym.<\/li>\n<\/ul>\n<p><strong>Opcja 2:<\/strong><\/p>\n<ul>\n<li>sezonowa praca pe\u0142noetatowa w trybie:\n<ul>\n<li>4-5 dni pracy tygodniowo (sta\u0142e zakwaterowanie w schronisku lub dojazd w\u0142asny)<\/li>\n<li>7 dni pracy na 7 dni wolnego (zakwaterowanie w schronisku wy\u0142\u0105cznie w dniach pracuj\u0105cych, okresy pracy i wolnego okre\u015bla pracodawca),<\/li>\n<li>14 dni pracy na 14 dni wolnego (zakwaterowanie w schronisku wy\u0142\u0105cznie w dniach pracuj\u0105cych, okresy pracy i wolnego okre\u015bla pracodawca),<\/li>\n<\/ul>\n<\/li>\n<li>start pracy 28.06 lub 26.07,<\/li>\n<li>minimalny okres wsp\u00f3\u0142pracy: do ko\u0144ca sierpnia, optymalnie do ko\u0144ca wrze\u015bnia (nie ma mo\u017cliwo\u015bci podj\u0119cia pracy na sam lipiec),<\/li>\n<\/ul>\n<p><strong>Opcja 3:<\/strong><\/p>\n<ul>\n<li>sta\u0142a praca weekendowa: 2 do 4 weekend\u00f3w w miesi\u0105cu (opcjonalnie rozszerzone o pi\u0105tek\/poniedzia\u0142ek) + d\u0142ugie weekendy i \u015bwi\u0119ta<\/li>\n<li>start pracy: miedzy 1.04 a 1.05.2025 (do ustalenia),<\/li>\n<li>minimalny okres wsp\u00f3\u0142pracy: do ko\u0144ca pa\u017adziernika (mo\u017cliwo\u015b\u0107 przed\u0142u\u017cenia wsp\u00f3\u0142pracy),<\/li>\n<li>praca z zakwaterowaniem w schronisku w dniach pracy.<\/li>\n<\/ul>\n<p><strong>Opcja 4:<\/strong><\/p>\n<ul>\n<li>sezonowa praca weekendowa: 3 do 4 weekend\u00f3w w miesi\u0105cu (opcjonalnie rozszerzone o pi\u0105tek\/poniedzia\u0142ek) + d\u0142ugie weekendy i \u015bwi\u0119ta<\/li>\n<li>start pracy 28.06 lub 26.07,<\/li>\n<li>minimalny okres wsp\u00f3\u0142pracy: do ko\u0144ca sierpnia, optymalnie do ko\u0144ca wrze\u015bnia (nie ma mo\u017cliwo\u015bci podj\u0119cia pracy na sam lipiec),<\/li>\n<li>praca z zakwaterowaniem w schronisku w dniach pracy.<\/li>\n<\/ul>\n<p>\n<\/div><\/div><\/div><\/div><\/div><\/section><section class=\"kc-elm kc-css-214604 kc_row\"><div class=\"kc-row-container  kc-container  pageGallery pageWhite\"><div class=\"kc-wrap-columns\"><div class=\"kc-elm kc-css-53461 kc_col-sm-4 kc_column kc_col-sm-4\"><div class=\"kc-col-container\"><div class=\"kc-elm kc-css-132598 kc_shortcode kc_single_image\">\n\n        <img decoding=\"async\" src=\"https:\/\/i0.wp.com\/przyslop.pl\/wp-content\/uploads\/2025\/03\/P3_1.webp?fit=480%2C320&ssl=1\" class=\"\" alt=\"\" \/>    <\/div>\n<\/div><\/div><div class=\"kc-elm kc-css-753153 kc_col-sm-4 kc_column kc_col-sm-4\"><div class=\"kc-col-container\"><div class=\"kc-elm kc-css-685650 kc_shortcode kc_single_image\">\n\n        <img decoding=\"async\" src=\"https:\/\/i0.wp.com\/przyslop.pl\/wp-content\/uploads\/2025\/03\/P3_2.webp?fit=479%2C320&ssl=1\" class=\"\" alt=\"\" \/>    <\/div>\n<\/div><\/div><div class=\"kc-elm kc-css-76720 kc_col-sm-4 kc_column kc_col-sm-4\"><div class=\"kc-col-container\"><div class=\"kc-elm kc-css-140886 kc_shortcode kc_single_image\">\n\n        <img decoding=\"async\" src=\"https:\/\/i0.wp.com\/przyslop.pl\/wp-content\/uploads\/2025\/03\/P3_3.webp?fit=480%2C320&ssl=1\" class=\"\" alt=\"\" \/>    <\/div>\n<\/div><\/div><\/div><\/div><\/section><section class=\"kc-elm kc-css-333666 kc_row pageBlue\"><div class=\"kc-row-container  kc-container\"><div class=\"kc-wrap-columns\"><div class=\"kc-elm kc-css-591848 kc_col-sm-12 kc_column kc_col-sm-12\"><div class=\"kc-col-container\">\n<div class=\"kc-elm kc-css-445296 kc-title-wrap \">\n\n\t<p class=\"kc_title pageHeader\">KOGO NAM POTRZEBA?<\/p>\n<\/div>\n<div class=\"kc-elm kc-css-419652 kc_text_block pageText\"><\/p>\n<p><strong>Os\u00f3b, kt\u00f3re:<\/strong><\/p>\n<ul>\n<li>s\u0105 \u015bwiadome, \u017ce praca w schronisku to\u2026 jednak praca! A nie tylko obcowanie z natur\u0105, odci\u0119cie od cywilizacji, cisza i spok\u00f3j. To wszystko jest! Ale powiemy szczerze &#8211; nie zawsze i nie tylko to,<\/li>\n<li>maj\u0105 tzw. \u201e\u0142eb na karku\u201d czyli wykazuj\u0105 si\u0119 w\u0142asn\u0105 inicjatyw\u0105, umiej\u0105 sobie poradzi\u0107 w nietypowych sytuacjach,<\/li>\n<li>cho\u0107 brzmi trywialnie to lubi\u0105 ludzi\u00a0&#8211; cho\u0107 na zmywaku czy w kot\u0142owni niekoniecznie ma si\u0119 z nimi wielki kontakt to jednak trzeba mie\u0107 \u015bwiadomo\u015b\u0107, i\u017c jest to praca z lud\u017ami (zespo\u0142owa) i dla ludzi (jak to w bran\u017cy turystycznej, a w schronisku to ju\u017c w szczeg\u00f3lno\u015bci),<\/li>\n<li>s\u0105 pozytywne, energiczne, otwarte na wsp\u00f3\u0142prac\u0119, zaanga\u017cowane &#8211; chc\u0105ce wsp\u00f3\u0142tworzy\u0107 miejsce i budowa\u0107 zgrany team,<\/li>\n<li>wielozadaniowo\u015b\u0107 postrzegaj\u0105 jako atut i nie boj\u0105 si\u0119 pracy na r\u00f3\u017cnych stanowiskach (w tym pracy fizycznej).<\/li>\n<\/ul>\n<p>\n<\/div><\/div><\/div><\/div><\/div><\/section><section class=\"kc-elm kc-css-506938 kc_row pageBlue\"><div class=\"kc-row-container  kc-container  pageGallery\"><div class=\"kc-wrap-columns\"><div class=\"kc-elm kc-css-885636 kc_col-sm-4 kc_column kc_col-sm-4\"><div class=\"kc-col-container\"><div class=\"kc-elm kc-css-59825 kc_shortcode kc_single_image\">\n\n        <img decoding=\"async\" src=\"https:\/\/i0.wp.com\/przyslop.pl\/wp-content\/uploads\/2025\/03\/P4_1.webp?fit=480%2C320&ssl=1\" class=\"\" alt=\"\" \/>    <\/div>\n<\/div><\/div><div class=\"kc-elm kc-css-601105 kc_col-sm-4 kc_column kc_col-sm-4\"><div class=\"kc-col-container\"><div class=\"kc-elm kc-css-311631 kc_shortcode kc_single_image\">\n\n        <img decoding=\"async\" src=\"https:\/\/i0.wp.com\/przyslop.pl\/wp-content\/uploads\/2025\/03\/P4_2.webp?fit=480%2C320&ssl=1\" class=\"\" alt=\"\" \/>    <\/div>\n<\/div><\/div><div class=\"kc-elm kc-css-680785 kc_col-sm-4 kc_column kc_col-sm-4\"><div class=\"kc-col-container\"><div class=\"kc-elm kc-css-288250 kc_shortcode kc_single_image\">\n\n        <img decoding=\"async\" src=\"https:\/\/i0.wp.com\/przyslop.pl\/wp-content\/uploads\/2025\/03\/P4_3.webp?fit=440%2C320&ssl=1\" class=\"\" alt=\"\" \/>    <\/div>\n<\/div><\/div><\/div><\/div><\/section><section class=\"kc-elm kc-css-97587 kc_row pageWhite\"><div class=\"kc-row-container  kc-container\"><div class=\"kc-wrap-columns\"><div class=\"kc-elm kc-css-636603 kc_col-sm-12 kc_column kc_col-sm-12\"><div class=\"kc-col-container\">\n<div class=\"kc-elm kc-css-134281 kc-title-wrap \">\n\n\t<p class=\"kc_title pageHeader\">ZAPEWNIAMY<\/p>\n<\/div>\n<div class=\"kc-elm kc-css-365781 kc_text_block pageText\"><\/p>\n<ul>\n<li>wynagrodzenie + umow\u0119,<\/li>\n<li>zatrudnienie z zakwaterowaniem i wy\u017cywieniem (zakwaterowanie w schronisku nie jest wymagane),<\/li>\n<li>pozwolenie na wjazd dla os\u00f3b posiadaj\u0105cych samoch\u00f3d,<\/li>\n<li>wsparcie w doje\u017adzie do pracy z Koniakowa, Stec\u00f3wki lub Wis\u0142y Czarne,<\/li>\n<li>solidn\u0105 dawk\u0119 umiej\u0119tno\u015bci oraz do\u015bwiadcze\u0144 przydatnych w \u017cyciu i CV (m.in. umiej\u0119tno\u015bci baristyczne, barma\u0144skie, obs\u0142ugi kasy fiskalnej, programu rezerwacyjnego, do\u015bwiadczenie w organizacji i realizacji r\u00f3\u017cnorakich pobyt\u00f3w i wydarze\u0144 kulturalnych\/sportowych\/turystycznych),<\/li>\n<li>mo\u017cliwo\u015b\u0107 realizacji g\u00f3rskich pasji w wolnym czasie,<\/li>\n<li>prace z oryginalnymi i pozytywnymi lud\u017ami,<\/li>\n<li>dystans do reali\u00f3w miejskiego \u015bwiata oraz p\u0119du dzisiejszego \u017cycia,<\/li>\n<li>kontakt z natur\u0105, plenerem, ale i drugim cz\u0142owiekiem,<\/li>\n<li>satysfakcj\u0119 z \u201edobrze wykonanej roboty\u201d oraz \u201ewieczn\u0105 cz\u0119\u015b\u0107 i chwa\u0142\u0119\u201d.<\/li>\n<\/ul>\n<p>\n<\/div><\/div><\/div><\/div><\/div><\/section><section class=\"kc-elm kc-css-942418 kc_row\"><div class=\"kc-row-container  kc-container  pageGallery pageWhite\"><div class=\"kc-wrap-columns\"><div class=\"kc-elm kc-css-704583 kc_col-sm-2 kc_column kc_col-sm-2\"><div class=\"kc-col-container\"><div class=\"kc-elm kc-css-933198 kc_shortcode kc_single_image\">\n\n        <img decoding=\"async\" src=\"https:\/\/i0.wp.com\/przyslop.pl\/wp-content\/uploads\/2025\/03\/P5_1.webp?fit=213%2C320&ssl=1\" class=\"\" alt=\"\" \/>    <\/div>\n<\/div><\/div><div class=\"kc-elm kc-css-255651 kc_col-sm-2 kc_column kc_col-sm-2\"><div class=\"kc-col-container\"><div class=\"kc-elm kc-css-519600 kc_shortcode kc_single_image\">\n\n        <img decoding=\"async\" src=\"https:\/\/i0.wp.com\/przyslop.pl\/wp-content\/uploads\/2025\/03\/P5_2.webp?fit=213%2C320&ssl=1\" class=\"\" alt=\"\" \/>    <\/div>\n<\/div><\/div><div class=\"kc-elm kc-css-598438 kc_col-sm-2 kc_column kc_col-sm-2\"><div class=\"kc-col-container\"><div class=\"kc-elm kc-css-392109 kc_shortcode kc_single_image\">\n\n        <img decoding=\"async\" src=\"https:\/\/i0.wp.com\/przyslop.pl\/wp-content\/uploads\/2025\/03\/P5_3.webp?fit=213%2C320&ssl=1\" class=\"\" alt=\"\" \/>    <\/div>\n<\/div><\/div><div class=\"kc-elm kc-css-676814 kc_col-sm-2 kc_column kc_col-sm-2\"><div class=\"kc-col-container\"><div class=\"kc-elm kc-css-336043 kc_shortcode kc_single_image\">\n\n        <img decoding=\"async\" src=\"https:\/\/i0.wp.com\/przyslop.pl\/wp-content\/uploads\/2025\/03\/P5_4.webp?fit=213%2C320&ssl=1\" class=\"\" alt=\"\" \/>    <\/div>\n<\/div><\/div><div class=\"kc-elm kc-css-240786 kc_col-sm-2 kc_column kc_col-sm-2\"><div class=\"kc-col-container\"><div class=\"kc-elm kc-css-639739 kc_shortcode kc_single_image\">\n\n        <img decoding=\"async\" src=\"https:\/\/i0.wp.com\/przyslop.pl\/wp-content\/uploads\/2025\/03\/P5_5.webp?fit=213%2C323&ssl=1\" class=\"\" alt=\"\" \/>    <\/div>\n<\/div><\/div><div class=\"kc-elm kc-css-147153 kc_col-sm-2 kc_column kc_col-sm-2\"><div class=\"kc-col-container\"><div class=\"kc-elm kc-css-370423 kc_shortcode kc_single_image\">\n\n        <img decoding=\"async\" src=\"https:\/\/i0.wp.com\/przyslop.pl\/wp-content\/uploads\/2025\/03\/P5_6.webp?fit=213%2C320&ssl=1\" class=\"\" alt=\"\" \/>    <\/div>\n<\/div><\/div><div class=\"kc-elm kc-css-330924 kc_col-sm-2 kc_column kc_col-sm-2\"><div class=\"kc-col-container\"><div class=\"kc-elm kc-css-208419 kc_shortcode kc_single_image\">\n\n        <img decoding=\"async\" src=\"https:\/\/i0.wp.com\/przyslop.pl\/wp-content\/uploads\/2025\/03\/P5_7.webp?fit=213%2C320&ssl=1\" class=\"\" alt=\"\" \/>    <\/div>\n<\/div><\/div><div class=\"kc-elm kc-css-794738 kc_col-sm-2 kc_column kc_col-sm-2\"><div class=\"kc-col-container\"><div class=\"kc-elm kc-css-889664 kc_shortcode kc_single_image\">\n\n        <img decoding=\"async\" src=\"https:\/\/i0.wp.com\/przyslop.pl\/wp-content\/uploads\/2025\/03\/P5_8.webp?fit=213%2C320&ssl=1\" class=\"\" alt=\"\" \/>    <\/div>\n<\/div><\/div><\/div><\/div><\/section><section class=\"kc-elm kc-css-176521 kc_row pageBlue\"><div class=\"kc-row-container  kc-container\"><div class=\"kc-wrap-columns\"><div class=\"kc-elm kc-css-293230 kc_col-sm-12 kc_column kc_col-sm-12\"><div class=\"kc-col-container\">\n<div class=\"kc-elm kc-css-458267 kc-title-wrap \">\n\n\t<p class=\"kc_title pageHeader\">CO JEST DLA NAS WA\u017bNE<\/p>\n<\/div>\n<div class=\"kc-elm kc-css-574447 kc_text_block pageText\"><\/p>\n<ul>\n<li>wsp\u00f3\u0142praca i praca zespo\u0142owa, poszanowanie innych os\u00f3b oraz optymizm i u\u015bmiech (r\u00f3wnie\u017c w trudnych czy intensywnych chwilach),<\/li>\n<li>gotowo\u015b\u0107 do pracy na r\u00f3\u017cnych stanowiskach (bar, sprz\u0105tanie, zmywak, pomoc na kuchni, prace gospodarcze),<\/li>\n<li>rozumienie specyfiki pracy w bran\u017cy gastronomiczno-hotelarskiej (w tym w szczeg\u00f3lno\u015bci w realiach g\u00f3rskich) oraz wykazywanie si\u0119 inicjatyw\u0105 w zakresie obowi\u0105zk\u00f3w pracy,<\/li>\n<li>rzetelno\u015b\u0107, sumienno\u015b\u0107 i wywi\u0105zywanie si\u0119 z powierzonych obowi\u0105zk\u00f3w z zaanga\u017cowaniem,<\/li>\n<li>gotowo\u015b\u0107 do pracy w weekendy i \u015bwi\u0119ta,<\/li>\n<\/ul>\n<p>\n<\/div>\n<div class=\"kc-elm kc-css-73555 kc-title-wrap \">\n\n\t<p class=\"kc_title pageHeader\">WYMAGANIA<\/p>\n<\/div>\n<div class=\"kc-elm kc-css-853212 kc_text_block pageText\"><\/p>\n<ul>\n<li>w przypadku m\u0119\u017cczyzn niezb\u0119dne prawo jazdy poparte realnymi umiej\u0119tno\u015bciami i do\u015bwiadczeniem w prowadzeniu samochodu (ze wzgl\u0119du na zakres obowi\u0105zk\u00f3w),<\/li>\n<li>aktualna ksi\u0105\u017ceczka sanepidowska (je\u015bli nie posiadasz, konieczne b\u0119dzie jej wyrobienie przed podj\u0119ciem pracy).<\/li>\n<\/ul>\n<p>\n<\/div>\n<div class=\"kc-elm kc-css-852827 kc-title-wrap \">\n\n\t<p class=\"kc_title pageHeader\">UMOWA<\/p>\n<\/div>\n<div class=\"kc-elm kc-css-516077 kc_text_block pageText\"><\/p>\n<ul>\n<li>okres pr\u00f3bny \u2013 umowa zlecenie, <\/li>\n<li>po okresie pr\u00f3bnym \u2013 umowa o prac\u0119, <\/li>\n<li>mo\u017cliwe r\u00f3wnie\u017c inne formy wsp\u00f3\u0142pracy jak np. B2B, rozliczenie na faktur\u0119 lub rachunek.<\/li>\n<\/ul>\n<p>\n<\/div>\n<div class=\"kc-elm kc-css-373196 kc-title-wrap \">\n\n\t<p class=\"kc_title pageHeader\">WA\u017bNE INFORMACJE<\/p>\n<\/div>\n<div class=\"kc-elm kc-css-138384 kc_text_block pageText\"><\/p>\n<ul>\n<li>mimo wielkiej mi\u0142o\u015bci do zwierzak\u00f3w nie ma mo\u017cliwo\u015bci zakwaterowania ze zwierz\u0119ciem (ze wzgl\u0119du na pokoje kilkuosobowe, alergie itp.)<\/li>\n<li>nie ma mo\u017cliwo\u015bci zakwaterowania w pokoju 1osobowym (ze wzgl\u0119d\u00f3w lokalowych),<\/li>\n<li>w przypadku par mo\u017cliwo\u015b\u0107 zakwaterowania wy\u0142\u0105cznie w pokojach wieloosobowych z innymi pracownikami (lub zakwaterowaniem w\u0142asnym poza schroniskiem),<\/li>\n<li>aktualnie rekrutujemy WY\u0141\u0104CZNIE do takich tryb\u00f3w pracy jak wymienione na pocz\u0105tku og\u0142oszenia (inne kombinacje jak np. praca sta\u0142a od kwietnia w trybie 7dni pracy na 7 dni wolnego nie s\u0105 mo\u017cliwe).<\/li>\n<li>nie nawi\u0105zujemy kontaktu z osobami, kt\u00f3re nie przys\u0142a\u0142y do nas zg\u0142oszenia z informacjami na sw\u00f3j temat.<\/li>\n<\/ul>\n<p>\n<\/div><\/div><\/div><\/div><\/div><\/section><section class=\"kc-elm kc-css-628421 kc_row pageBlue\"><div class=\"kc-row-container  kc-container  pageGallery\"><div class=\"kc-wrap-columns\"><div class=\"kc-elm kc-css-878741 kc_col-sm-4 kc_column kc_col-sm-4\"><div class=\"kc-col-container\"><div class=\"kc-elm kc-css-352466 kc_shortcode kc_single_image\">\n\n        <img decoding=\"async\" src=\"https:\/\/i0.wp.com\/przyslop.pl\/wp-content\/uploads\/2025\/03\/P6_1.webp?fit=480%2C320&ssl=1\" class=\"\" alt=\"\" \/>    <\/div>\n<\/div><\/div><div class=\"kc-elm kc-css-321152 kc_col-sm-4 kc_column kc_col-sm-4\"><div class=\"kc-col-container\"><div class=\"kc-elm kc-css-856549 kc_shortcode kc_single_image\">\n\n        <img decoding=\"async\" src=\"https:\/\/i0.wp.com\/przyslop.pl\/wp-content\/uploads\/2025\/03\/P6_2.webp?fit=479%2C320&ssl=1\" class=\"\" alt=\"\" \/>    <\/div>\n<\/div><\/div><div class=\"kc-elm kc-css-537842 kc_col-sm-4 kc_column kc_col-sm-4\"><div class=\"kc-col-container\"><div class=\"kc-elm kc-css-794942 kc_shortcode kc_single_image\">\n\n        <img decoding=\"async\" src=\"https:\/\/i0.wp.com\/przyslop.pl\/wp-content\/uploads\/2025\/03\/P6_3.webp?fit=479%2C320&ssl=1\" class=\"\" alt=\"\" \/>    <\/div>\n<\/div><\/div><\/div><\/div><\/section><section class=\"kc-elm kc-css-376530 kc_row pageWhite\"><div class=\"kc-row-container  kc-container\"><div class=\"kc-wrap-columns\"><div class=\"kc-elm kc-css-410763 kc_col-sm-12 kc_column kc_col-sm-12\"><div class=\"kc-col-container\">\n<div class=\"kc-elm kc-css-147732 kc-title-wrap \">\n\n\t<p class=\"kc_title pageHeader\">ZG\u0141OSZENIA<\/p>\n<\/div>\n<div class=\"kc-elm kc-css-371577 kc_text_block pageText\"><\/p>\n<p>Przyjmujemy pod adresem rekrutacja(at)przyslop.pl , przy\u015blij:<\/p>\n<ul>\n<li>CV wraz ze zdj\u0119ciem,<\/li>\n<li>kr\u00f3tki list motywacyjny: dlaczego chcesz\u00a0pracowa\u0107\u00a0w g\u00f3rach,<\/li>\n<li>informacji na jakie stanowisko aplikujesz, prac\u0105 na jaki okres czasu i w jakim trybie jeste\u015b zainteresowana\/y (opcja 1, 2, 3 czy 4),<\/li>\n<li>w przypadku m\u0119\u017cczyzn informacje na temat do\u015bwiadczenie w zakresie prowadzenia samochodu, umiej\u0119tno\u015bci technicznych i gospodarczych (obs\u0142uga pieca CO, pi\u0142y itp.)<\/li>\n<\/ul>\n<p>Z g\u00f3ry dzi\u0119kujemy za wszystkie zg\u0142oszenia!<br \/>Agnieszka Sapeta<\/p>\n<p>\n<\/div><\/div><\/div><\/div><\/div><\/section><\/p>\n","protected":false},"excerpt":{"rendered":"","protected":false},"author":2,"featured_media":0,"parent":0,"menu_order":0,"comment_status":"closed","ping_status":"closed","template":"tpl-king_composer.php","meta":{"footnotes":""},"class_list":["post-9410","page","type-page","status-publish","hentry"],"jetpack_sharing_enabled":true,"post_mailing_queue_ids":[],"_links":{"self":[{"href":"https:\/\/przyslop.pl\/index.php\/wp-json\/wp\/v2\/pages\/9410","targetHints":{"allow":["GET"]}}],"collection":[{"href":"https:\/\/przyslop.pl\/index.php\/wp-json\/wp\/v2\/pages"}],"about":[{"href":"https:\/\/przyslop.pl\/index.php\/wp-json\/wp\/v2\/types\/page"}],"author":[{"embeddable":true,"href":"https:\/\/przyslop.pl\/index.php\/wp-json\/wp\/v2\/users\/2"}],"replies":[{"embeddable":true,"href":"https:\/\/przyslop.pl\/index.php\/wp-json\/wp\/v2\/comments?post=9410"}],"version-history":[{"count":3,"href":"https:\/\/przyslop.pl\/index.php\/wp-json\/wp\/v2\/pages\/9410\/revisions"}],"predecessor-version":[{"id":9457,"href":"https:\/\/przyslop.pl\/index.php\/wp-json\/wp\/v2\/pages\/9410\/revisions\/9457"}],"wp:attachment":[{"href":"https:\/\/przyslop.pl\/index.php\/wp-json\/wp\/v2\/media?parent=9410"}],"curies":[{"name":"wp","href":"https:\/\/api.w.org\/{rel}","templated":true}]}}