{"id":9071,"date":"2025-01-27T15:30:28","date_gmt":"2025-01-27T14:30:28","guid":{"rendered":"https:\/\/przyslop.pl\/?page_id=9071"},"modified":"2025-01-27T15:30:28","modified_gmt":"2025-01-27T14:30:28","slug":"skitury-najpiekniejsza-grania-beskidow","status":"publish","type":"page","link":"https:\/\/przyslop.pl\/index.php\/skitury-najpiekniejsza-grania-beskidow\/","title":{"rendered":"Skitury najpi\u0119kniejsz\u0105 grani\u0105 Beskid\u00f3w"},"content":{"rendered":"<p><section class=\"kc-elm kc-css-66812 kc_row pageWhite\"><div class=\"kc-row-container  kc-container\"><div class=\"kc-wrap-columns\"><div class=\"kc-elm kc-css-756055 kc_col-sm-12 kc_column kc_col-sm-12\"><div class=\"kc-col-container\">\n<div class=\"kc-elm kc-css-602681 kc-title-wrap \">\n\n\t<p class=\"kc_title pageHeader\">Szczyrk - Skrzyczne - Barania G\u00f3ra - Przys\u0142op<\/p>\n<\/div>\n<\/div><\/div><\/div><\/div><\/section><section class=\"kc-elm kc-css-243410 kc_row pageWhite\"><div class=\"kc-row-container  kc-container\"><div class=\"kc-wrap-columns\"><div class=\"kc-elm kc-css-565981 kc_col-sm-6 kc_column kc_col-sm-6\"><div class=\"kc-col-container\"><div class=\"kc-elm kc-css-522318 kc_shortcode kc_single_image\">\n\n        <img decoding=\"async\" src=\"https:\/\/i0.wp.com\/przyslop.pl\/wp-content\/uploads\/2025\/01\/ikona-2.webp?fit=105%2C100&ssl=1\" class=\"\" alt=\"\" \/>    <\/div>\n\n<div class=\"kc-elm kc-css-162370 kc-title-wrap \">\n\n\t<p class=\"kc_title pageHeader\">Ksi\u0119\u017cycowe wyrypy<\/p>\n<\/div>\n<div class=\"kc-elm kc-css-665089 kc_text_block pageText\"><\/p>\n<p><strong>START:<\/strong> godzina 18:00*<br \/><strong>POWR\u00d3T:<\/strong> nast\u0119pnego dnia przed 16:00<\/p>\n<p>\n<\/div><\/div><\/div><div class=\"kc-elm kc-css-481763 kc_col-sm-6 kc_column kc_col-sm-6\"><div class=\"kc-col-container\"><div class=\"kc-elm kc-css-894650 kc_shortcode kc_single_image\">\n\n        <img decoding=\"async\" src=\"https:\/\/i0.wp.com\/przyslop.pl\/wp-content\/uploads\/2025\/01\/ikona-1.webp?fit=107%2C100&ssl=1\" class=\"\" alt=\"\" \/>    <\/div>\n\n<div class=\"kc-elm kc-css-456143 kc-title-wrap \">\n\n\t<p class=\"kc_title pageHeader\">S\u0142oneczne grani\u00f3wki<\/p>\n<\/div>\n<div class=\"kc-elm kc-css-381395 kc_text_block pageText\"><\/p>\n<p><strong>START:<\/strong> godzina 10:00*<br \/><strong>POWR\u00d3T:<\/strong> nast\u0119pnego dnia przed 16:00<\/p>\n<p>\n<\/div><\/div><\/div><\/div><\/div><\/section><section class=\"kc-elm kc-css-477582 kc_row pageWhite\"><div class=\"kc-row-container  kc-container\"><div class=\"kc-wrap-columns\"><div class=\"kc-elm kc-css-878616 kc_col-sm-12 kc_column kc_col-sm-12\"><div class=\"kc-col-container\">\n<div class=\"kc-elm kc-css-914808 kc-title-wrap \">\n\n\t<p class=\"kc_title pageHeader\">Dost\u0119pne ka\u017cdego dnia - Napisz do nas<\/p>\n<\/div>\n<div class=\"kc-elm kc-css-550288 kc_text_block pageText\"><\/p>\n<p><strong>Wyj\u015bcie lub wyjazd<\/strong> na Skrzyczne.**<br \/><strong>Przej\u015bcie grani\u0105<\/strong> ze Skrzycznego przez Malinowsk\u0105 Ska\u0142\u0119 i Barani\u0105 G\u00f3r\u0119 do Schroniska PTTK na Przys\u0142opie.<br \/><strong>Nocleg<\/strong> wraz z posi\u0142kiem w schronisku.<br \/><strong>Powr\u00f3t<\/strong> z opcj\u0105 dodatkowych zjazd\u00f3w\/urozmaicenia trasy**<\/p>\n<p>\n<\/div><div class=\"kc-elm kc-css-251325 kc_text_block pageText\"><\/p>\n<p><em>* Do uzgodnienia, mo\u017cliwy wcze\u015bniejszy lub p\u00f3\u017aniejszy start<br \/>** W zale\u017cno\u015bci od warunk\u00f3w i preferencji uczestnik\u00f3w<\/em><\/p>\n<p>\n<\/div><\/div><\/div><\/div><\/div><\/section><section class=\"kc-elm kc-css-680455 kc_row pageWhite\"><div class=\"kc-row-container  kc-container  pageGallery\"><div class=\"kc-wrap-columns\"><div class=\"kc-elm kc-css-675102 kc_col-sm-4 kc_column kc_col-sm-4\"><div class=\"kc-col-container\"><div class=\"kc-elm kc-css-725574 kc_shortcode kc_single_image\">\n\n        <img decoding=\"async\" src=\"https:\/\/i0.wp.com\/przyslop.pl\/wp-content\/uploads\/2023\/11\/z_4.jpg?fit=480%2C320&ssl=1\" class=\"\" alt=\"\" \/>    <\/div>\n<\/div><\/div><div class=\"kc-elm kc-css-930261 kc_col-sm-4 kc_column kc_col-sm-4\"><div class=\"kc-col-container\"><div class=\"kc-elm kc-css-65769 kc_shortcode kc_single_image\">\n\n        <img decoding=\"async\" src=\"https:\/\/i0.wp.com\/przyslop.pl\/wp-content\/uploads\/2023\/11\/z_5.jpg?fit=480%2C320&ssl=1\" class=\"\" alt=\"\" \/>    <\/div>\n<\/div><\/div><div class=\"kc-elm kc-css-479949 kc_col-sm-4 kc_column kc_col-sm-4\"><div class=\"kc-col-container\"><div class=\"kc-elm kc-css-517278 kc_shortcode kc_single_image\">\n\n        <img decoding=\"async\" src=\"https:\/\/i0.wp.com\/przyslop.pl\/wp-content\/uploads\/2023\/11\/z_6.jpg?fit=480%2C320&ssl=1\" class=\"\" alt=\"\" \/>    <\/div>\n<\/div><\/div><\/div><\/div><\/section><section class=\"kc-elm kc-css-613805 kc_row pageBlue\"><div class=\"kc-row-container  kc-container\"><div class=\"kc-wrap-columns\"><div class=\"kc-elm kc-css-431613 kc_col-sm-12 kc_column kc_col-sm-12\"><div class=\"kc-col-container\">\n<div class=\"kc-elm kc-css-778735 kc-title-wrap \">\n\n\t<p class=\"kc_title pageHeader\">Trasa<\/p>\n<\/div>\n\n<div class=\"kc-elm kc-css-20288 kc-title-wrap \">\n\n\t<p class=\"kc_title pageHeader\">Szczyrk - Skrzyczne - Barania G\u00f3ra Przys\u0142op<\/p>\n<\/div>\n<div class=\"kc-elm kc-css-49956 kc_text_block pageText\"><\/p>\n<p><strong>Trasa zwana najpi\u0119kniejsz\u0105 grani\u00f3wk\u0105 Beskidu \u015al\u0105skiego<\/strong> w rzeczy samej &#8211; jest niezwykle malownicza. Rozci\u0105ga si\u0119 st\u0105d widok nie tylko na pobliskie szczyty Beskidu \u015al\u0105skiego, ale nieco bardziej oddalony Beskid Ma\u0142y, \u017bywiecki, z Babi\u0105 G\u00f3r\u0105 dominuj\u0105c\u0105 na horyzoncie, po szarpane szczyty Ma\u0142ej Fatry, a przy odrobinie szcz\u0119\u015b\u0107 podziwia\u0107 daj\u0105 si\u0119 nawet tatrza\u0144skie granie?<\/p>\n<p>\n<\/div><\/div><\/div><\/div><\/div><\/section><section class=\"kc-elm kc-css-19151 kc_row pageBlue\"><div class=\"kc-row-container  kc-container\"><div class=\"kc-wrap-columns\"><div class=\"kc-elm kc-css-208500 kc_col-sm-6 kc_column kc_col-sm-6\"><div class=\"kc-col-container\">\n<div class=\"kc-elm kc-css-963930 kc-title-wrap \">\n\n\t<p class=\"kc_title pageHeader\">Dzie\u0144 1<\/p>\n<\/div>\n<div class=\"kc-elm kc-css-695997 kc_text_block pageText\"><\/p>\n<p><strong>Wariant 1:<\/strong><br \/>Skrzyczne &#8211; Schronisko PTTK Przys\u0142op<\/p>\n<p>\n<\/div><div class=\"kc-elm kc-css-856411 kc_text_block pageText\"><\/p>\n<table width=\"100%\">\n<tbody>\n<tr>\n<td><img data-recalc-dims=\"1\" loading=\"lazy\" decoding=\"async\" class=\"alignnone \" src=\"https:\/\/i0.wp.com\/przyslop.pl\/wp-content\/uploads\/2025\/01\/dystans.webp?resize=126%2C60&#038;ssl=1\" alt=\"\" width=\"126\" height=\"60\" \/><br \/><strong>13,8 km<\/strong><\/td>\n<td>\u00a0<img data-recalc-dims=\"1\" loading=\"lazy\" decoding=\"async\" class=\"alignnone \" src=\"https:\/\/i0.wp.com\/przyslop.pl\/wp-content\/uploads\/2025\/01\/podejscia.webp?resize=60%2C60&#038;ssl=1\" alt=\"\" width=\"60\" height=\"60\" \/><br \/><strong>400 m<\/strong><\/td>\n<td><img data-recalc-dims=\"1\" loading=\"lazy\" decoding=\"async\" class=\"alignnone \" src=\"https:\/\/i0.wp.com\/przyslop.pl\/wp-content\/uploads\/2025\/01\/zejscia.webp?resize=60%2C60&#038;ssl=1\" alt=\"\" width=\"60\" height=\"60\" \/><br \/><strong>712 m<\/strong><\/td>\n<\/tr>\n<\/tbody>\n<\/table>\n<p>\n<\/div><div class=\"kc-elm kc-css-294681 kc_text_block pageText\"><\/p>\n<p><strong>Wariant 2:<\/strong><br \/>Szczyrk &#8211; Schronisko PTTK Przys\u0142op<\/p>\n<p>\n<\/div><div class=\"kc-elm kc-css-205007 kc_text_block pageText\"><\/p>\n<table width=\"100%\">\n<tbody>\n<tr>\n<td><img data-recalc-dims=\"1\" loading=\"lazy\" decoding=\"async\" class=\"alignnone \" src=\"https:\/\/i0.wp.com\/przyslop.pl\/wp-content\/uploads\/2025\/01\/dystans.webp?resize=126%2C60&#038;ssl=1\" alt=\"\" width=\"126\" height=\"60\" \/><br \/><strong>17,8 km<\/strong><\/td>\n<td>\u00a0<img data-recalc-dims=\"1\" loading=\"lazy\" decoding=\"async\" class=\"alignnone \" src=\"https:\/\/i0.wp.com\/przyslop.pl\/wp-content\/uploads\/2025\/01\/podejscia.webp?resize=60%2C60&#038;ssl=1\" alt=\"\" width=\"60\" height=\"60\" \/><br \/><strong>1140 m<\/strong><\/td>\n<td><img data-recalc-dims=\"1\" loading=\"lazy\" decoding=\"async\" class=\"alignnone \" src=\"https:\/\/i0.wp.com\/przyslop.pl\/wp-content\/uploads\/2025\/01\/zejscia.webp?resize=60%2C60&#038;ssl=1\" alt=\"\" width=\"60\" height=\"60\" \/><br \/><strong>712 m<\/strong><\/td>\n<\/tr>\n<\/tbody>\n<\/table>\n<p>\n<\/div><\/div><\/div><div class=\"kc-elm kc-css-314609 kc_col-sm-6 kc_column kc_col-sm-6\"><div class=\"kc-col-container\">\n<div class=\"kc-elm kc-css-917069 kc-title-wrap \">\n\n\t<p class=\"kc_title pageHeader\">Dzie\u0144 2<\/p>\n<\/div>\n<div class=\"kc-elm kc-css-168018 kc_text_block pageText\"><\/p>\n<p>Schronisko PTTK na Przys\u0142opie &#8211; Szczyrk + opcja urozmaicenia\/rozszerzenia<\/p>\n<p>\n<\/div><div class=\"kc-elm kc-css-135368 kc_text_block pageText\"><\/p>\n<table width=\"100%\">\n<tbody>\n<tr>\n<td><img data-recalc-dims=\"1\" loading=\"lazy\" decoding=\"async\" class=\"alignnone \" src=\"https:\/\/i0.wp.com\/przyslop.pl\/wp-content\/uploads\/2025\/01\/dystans.webp?resize=126%2C60&#038;ssl=1\" alt=\"\" width=\"126\" height=\"60\"><br \/><strong>min 17,8 km<\/strong><\/td>\n<td>\u00a0<img data-recalc-dims=\"1\" loading=\"lazy\" decoding=\"async\" class=\"alignnone \" src=\"https:\/\/i0.wp.com\/przyslop.pl\/wp-content\/uploads\/2025\/01\/podejscia.webp?resize=60%2C60&#038;ssl=1\" alt=\"\" width=\"60\" height=\"60\"><br \/><strong>712 m<\/strong><\/td>\n<td><img data-recalc-dims=\"1\" loading=\"lazy\" decoding=\"async\" class=\"alignnone \" src=\"https:\/\/i0.wp.com\/przyslop.pl\/wp-content\/uploads\/2025\/01\/zejscia.webp?resize=60%2C60&#038;ssl=1\" alt=\"\" width=\"60\" height=\"60\"><br \/><strong>1140 m<\/strong><\/td>\n<\/tr>\n<\/tbody>\n<\/table>\n<p>\n<\/div><\/div><\/div><\/div><\/div><\/section><section class=\"kc-elm kc-css-917123 kc_row pageBlue\"><div class=\"kc-row-container  kc-container  pageGallery\"><div class=\"kc-wrap-columns\"><div class=\"kc-elm kc-css-696244 kc_col-sm-4 kc_column kc_col-sm-4\"><div class=\"kc-col-container\"><div class=\"kc-elm kc-css-881513 kc_shortcode kc_single_image\">\n\n        <img decoding=\"async\" src=\"https:\/\/i0.wp.com\/przyslop.pl\/wp-content\/uploads\/2023\/11\/4-1.jpg?fit=480%2C320&ssl=1\" class=\"\" alt=\"\" \/>    <\/div>\n<\/div><\/div><div class=\"kc-elm kc-css-346404 kc_col-sm-4 kc_column kc_col-sm-4\"><div class=\"kc-col-container\"><div class=\"kc-elm kc-css-427650 kc_shortcode kc_single_image\">\n\n        <img decoding=\"async\" src=\"https:\/\/i0.wp.com\/przyslop.pl\/wp-content\/uploads\/2023\/11\/5-1.jpg?fit=480%2C320&ssl=1\" class=\"\" alt=\"\" \/>    <\/div>\n<\/div><\/div><div class=\"kc-elm kc-css-343732 kc_col-sm-4 kc_column kc_col-sm-4\"><div class=\"kc-col-container\"><div class=\"kc-elm kc-css-515462 kc_shortcode kc_single_image\">\n\n        <img decoding=\"async\" src=\"https:\/\/i0.wp.com\/przyslop.pl\/wp-content\/uploads\/2023\/11\/6-1.jpg?fit=480%2C320&ssl=1\" class=\"\" alt=\"\" \/>    <\/div>\n<\/div><\/div><\/div><\/div><\/section><section class=\"kc-elm kc-css-971613 kc_row pageWhite\"><div class=\"kc-row-container  kc-container\"><div class=\"kc-wrap-columns\"><div class=\"kc-elm kc-css-494620 kc_col-sm-12 kc_column kc_col-sm-12\"><div class=\"kc-col-container\">\n<div class=\"kc-elm kc-css-407423 kc-title-wrap \">\n\n\t<p class=\"kc_title pageHeader\">Koszt<\/p>\n<\/div>\n<\/div><\/div><\/div><\/div><\/section><section class=\"kc-elm kc-css-664919 kc_row pageWhite\"><div class=\"kc-row-container  kc-container\"><div class=\"kc-wrap-columns\"><div class=\"kc-elm kc-css-598130 kc_col-sm-6 kc_column kc_col-sm-6\"><div class=\"kc-col-container\"><div class=\"kc-elm kc-css-228581 kc_text_block pageText\"><\/p>\n<p>przy udziale <strong>min. 4 os.<\/strong><\/p>\n<p>\n<\/div>\n<div class=\"kc-elm kc-css-400123 kc-title-wrap \">\n\n\t<p class=\"kc_title pageHeader\">540 z\u0142\/ os.<\/p>\n<\/div>\n<\/div><\/div><div class=\"kc-elm kc-css-545463 kc_col-sm-6 kc_column kc_col-sm-6\"><div class=\"kc-col-container\"><div class=\"kc-elm kc-css-483922 kc_text_block pageText\"><\/p>\n<p>przy udziale <strong>min. 2 os.<\/strong><\/p>\n<p>\n<\/div>\n<div class=\"kc-elm kc-css-138737 kc-title-wrap \">\n\n\t<p class=\"kc_title pageHeader\">850 z\u0142\/ os.<\/p>\n<\/div>\n<\/div><\/div><\/div><\/div><\/section><section class=\"kc-elm kc-css-185680 kc_row pageWhite\"><div class=\"kc-row-container  kc-container\"><div class=\"kc-wrap-columns\"><div class=\"kc-elm kc-css-140974 kc_col-sm-6 kc_column kc_col-sm-6\"><div class=\"kc-col-container\"><div class=\"kc-elm kc-css-729528 kc_text_block pageText\"><\/p>\n<p><strong>CENA ZAWIERA:<\/strong><\/p>\n<p>\n<\/div><div class=\"kc-elm kc-css-313306 kc_text_block pageText\"><\/p>\n<ul>\n<li>Opiek\u0119 przewodnika ratownika GOPR,<\/li>\n<li>Nocleg w schronisku w pokoju 4-7 os. (inne opcje mo\u017cliwe za dop\u0142at\u0105),<\/li>\n<li>Kolacj\u0119 i \u015bniadanie w schronisku wraz z napojami,<\/li>\n<li>Welcome drink \ud83d\ude09<\/li>\n<li>Ubezpieczenie NNW.<\/li>\n<\/ul>\n<p>\n<\/div><\/div><\/div><div class=\"kc-elm kc-css-28305 kc_col-sm-6 kc_column kc_col-sm-6\"><div class=\"kc-col-container\"><div class=\"kc-elm kc-css-547793 kc_text_block pageText\"><\/p>\n<p><strong>CENA NIE ZAWIERA:<\/strong><\/p>\n<p>\n<\/div><div class=\"kc-elm kc-css-450208 kc_text_block pageText\"><\/p>\n<ul>\n<li>Po\u015bcieli (opcjonalnie 26,5 z\u0142),<\/li>\n<li>Wyjazdu kolejk\u0105 na Skrzyczne (zgodnie z cennikiem kolejki),<\/li>\n<li>Wypo\u017cyczenia sprz\u0119tu skuturowego (150-200 z\u0142).<\/li>\n<\/ul>\n<p>\n<\/div><\/div><\/div><\/div><\/div><\/section><section class=\"kc-elm kc-css-403923 kc_row\"><div class=\"kc-row-container  kc-container  pageGallery pageWhite\"><div class=\"kc-wrap-columns\"><div class=\"kc-elm kc-css-693024 kc_col-sm-4 kc_column kc_col-sm-4\"><div class=\"kc-col-container\"><div class=\"kc-elm kc-css-636393 kc_shortcode kc_single_image\">\n\n        <img decoding=\"async\" src=\"https:\/\/i0.wp.com\/przyslop.pl\/wp-content\/uploads\/2023\/11\/1-1.jpg?fit=480%2C320&ssl=1\" class=\"\" alt=\"\" \/>    <\/div>\n<\/div><\/div><div class=\"kc-elm kc-css-424559 kc_col-sm-4 kc_column kc_col-sm-4\"><div class=\"kc-col-container\"><div class=\"kc-elm kc-css-955610 kc_shortcode kc_single_image\">\n\n        <img decoding=\"async\" src=\"https:\/\/i0.wp.com\/przyslop.pl\/wp-content\/uploads\/2023\/11\/2-1.jpg?fit=480%2C320&ssl=1\" class=\"\" alt=\"\" \/>    <\/div>\n<\/div><\/div><div class=\"kc-elm kc-css-675705 kc_col-sm-4 kc_column kc_col-sm-4\"><div class=\"kc-col-container\"><div class=\"kc-elm kc-css-406778 kc_shortcode kc_single_image\">\n\n        <img decoding=\"async\" src=\"https:\/\/i0.wp.com\/przyslop.pl\/wp-content\/uploads\/2023\/11\/3-1.jpg?fit=480%2C320&ssl=1\" class=\"\" alt=\"\" \/>    <\/div>\n<\/div><\/div><\/div><\/div><\/section><section class=\"kc-elm kc-css-890527 kc_row pageBlue\"><div class=\"kc-row-container  kc-container\"><div class=\"kc-wrap-columns\"><div class=\"kc-elm kc-css-969607 kc_col-sm-12 kc_column kc_col-sm-12\"><div class=\"kc-col-container\">\n<div class=\"kc-elm kc-css-424451 kc-title-wrap \">\n\n\t<p class=\"kc_title pageHeader\">ZAPISY I SZCZEG\u00d3\u0141Y<\/p>\n<\/div>\n<\/div><\/div><\/div><\/div><\/section><section class=\"kc-elm kc-css-382631 kc_row pageBlue\"><div class=\"kc-row-container  kc-container\"><div class=\"kc-wrap-columns\"><div class=\"kc-elm kc-css-470339 kc_col-sm-6 kc_column kc_col-sm-6\"><div class=\"kc-col-container\"><div class=\"kc-elm kc-css-26039 kc_text_block pageText\"><\/p>\n<p>\nFacebook: <a href=\"https:\/\/facebook.com\/przyslop\" target=\"_blank\" rel=\"noopener\">@przyslop<\/a><br \/>Instagram: <a href=\"https:\/\/www.instagram.com\/schronisko_przyslop\" target=\"_blank\" rel=\"noopener\">@schronisko_przyslop<\/a><br \/>schronisko@przyslop.pl<\/p>\n<p>\n<\/div><\/div><\/div><div class=\"kc-elm kc-css-495378 kc_col-sm-6 kc_column kc_col-sm-6\"><div class=\"kc-col-container\"><div class=\"kc-elm kc-css-917316 kc_text_block pageText\"><\/p>\n<p><span style=\"font-style: inherit;\">(33) 855 37 15<\/span><\/p>\n<p>+48 532 434 747<br \/><em>(dost\u0119pny w dni robocze w godz. 8:30-14:30)<\/em><\/p>\n<p>\n<\/div><\/div><\/div><\/div><\/div><\/section><section class=\"kc-elm kc-css-391497 kc_row pageBlue\"><div class=\"kc-row-container  kc-container\"><div class=\"kc-wrap-columns\"><div class=\"kc-elm kc-css-648358 kc_col-sm-12 kc_column kc_col-sm-12\"><div class=\"kc-col-container\">\n<div class=\"kc-elm kc-css-781921\">\n\t<a class=\"kc_button\" href=\"https:\/\/przyslop.pl\/wp-content\/uploads\/2019\/12\/Wycieczki-skitourowe-Przyslop-2025.pdf\" target=\"_blank\" title=\"\" onclick=\"\">\n\t\tBroszura pdf\t<\/a>\n<\/div>\n<\/div><\/div><\/div><\/div><\/section><\/p>\n","protected":false},"excerpt":{"rendered":"","protected":false},"author":2,"featured_media":0,"parent":0,"menu_order":0,"comment_status":"closed","ping_status":"closed","template":"tpl-king_composer.php","meta":{"footnotes":""},"class_list":["post-9071","page","type-page","status-publish","hentry"],"jetpack_sharing_enabled":true,"post_mailing_queue_ids":[],"_links":{"self":[{"href":"https:\/\/przyslop.pl\/index.php\/wp-json\/wp\/v2\/pages\/9071","targetHints":{"allow":["GET"]}}],"collection":[{"href":"https:\/\/przyslop.pl\/index.php\/wp-json\/wp\/v2\/pages"}],"about":[{"href":"https:\/\/przyslop.pl\/index.php\/wp-json\/wp\/v2\/types\/page"}],"author":[{"embeddable":true,"href":"https:\/\/przyslop.pl\/index.php\/wp-json\/wp\/v2\/users\/2"}],"replies":[{"embeddable":true,"href":"https:\/\/przyslop.pl\/index.php\/wp-json\/wp\/v2\/comments?post=9071"}],"version-history":[{"count":4,"href":"https:\/\/przyslop.pl\/index.php\/wp-json\/wp\/v2\/pages\/9071\/revisions"}],"predecessor-version":[{"id":9131,"href":"https:\/\/przyslop.pl\/index.php\/wp-json\/wp\/v2\/pages\/9071\/revisions\/9131"}],"wp:attachment":[{"href":"https:\/\/przyslop.pl\/index.php\/wp-json\/wp\/v2\/media?parent=9071"}],"curies":[{"name":"wp","href":"https:\/\/api.w.org\/{rel}","templated":true}]}}