{"id":8865,"date":"2024-10-19T16:50:27","date_gmt":"2024-10-19T14:50:27","guid":{"rendered":"https:\/\/przyslop.pl\/?page_id=8865"},"modified":"2026-02-26T16:17:34","modified_gmt":"2026-02-26T15:17:34","slug":"godziny-otwarcia-schroniska-w-sezonie-jesiennym","status":"publish","type":"page","link":"https:\/\/przyslop.pl\/index.php\/godziny-otwarcia-schroniska-w-sezonie-jesiennym\/","title":{"rendered":"GODZINY OTWARCIA SCHRONISKA W SEZONIE WIOSENNYM 2026"},"content":{"rendered":"<p><section class=\"kc-elm kc-css-46465 kc_row pageWhite\"><div class=\"kc-row-container  kc-container\"><div class=\"kc-wrap-columns\"><div class=\"kc-elm kc-css-313211 kc_col-sm-12 kc_column kc_col-sm-12\"><div class=\"kc-col-container\"><div class=\"kc-elm kc-css-284520 kc_text_block pageText\"><\/p>\n<p>W przypadku wi\u0119kszej ilo\u015bci nocuj\u0105cych mo\u017cliwe p\u00f3\u017aniejsze zamkni\u0119cie. Je\u015bli jest to dla Ciebie kluczowa kwestia, chcia\u0142by\u015b zam\u00f3wi\u0107 co\u015b do jedzenia na p\u00f3\u017aniejsz\u0105 godzin\u0119 lub b\u0119dziesz potrzebowa\u0142 skorzysta\u0107 z kuchni turystycznej po godzinach funkcjonowania schroniska \u2013 skontaktuj si\u0119 z nami.<\/p>\n<div style=\"color: red;\">W przypadku grup istnieje mo\u017cliwo\u015b\u0107 ustalenia innych godzin otwarcia schroniska. Ch\u0119\u0107 tak\u0105 nale\u017cy zg\u0142osi\u0107 podczas dokonywania rezerwacji.<\/div>\n<p>\n<\/div><\/div><\/div><\/div><\/div><\/section><section class=\"kc-elm kc-css-516202 kc_row\"><div class=\"kc-row-container  kc-container\"><div class=\"kc-wrap-columns\"><\/div><\/div><\/section><\/p>\n","protected":false},"excerpt":{"rendered":"","protected":false},"author":2,"featured_media":0,"parent":0,"menu_order":0,"comment_status":"closed","ping_status":"closed","template":"tpl-king_composer.php","meta":{"footnotes":""},"class_list":["post-8865","page","type-page","status-publish","hentry"],"jetpack_sharing_enabled":true,"post_mailing_queue_ids":[],"_links":{"self":[{"href":"https:\/\/przyslop.pl\/index.php\/wp-json\/wp\/v2\/pages\/8865","targetHints":{"allow":["GET"]}}],"collection":[{"href":"https:\/\/przyslop.pl\/index.php\/wp-json\/wp\/v2\/pages"}],"about":[{"href":"https:\/\/przyslop.pl\/index.php\/wp-json\/wp\/v2\/types\/page"}],"author":[{"embeddable":true,"href":"https:\/\/przyslop.pl\/index.php\/wp-json\/wp\/v2\/users\/2"}],"replies":[{"embeddable":true,"href":"https:\/\/przyslop.pl\/index.php\/wp-json\/wp\/v2\/comments?post=8865"}],"version-history":[{"count":16,"href":"https:\/\/przyslop.pl\/index.php\/wp-json\/wp\/v2\/pages\/8865\/revisions"}],"predecessor-version":[{"id":10314,"href":"https:\/\/przyslop.pl\/index.php\/wp-json\/wp\/v2\/pages\/8865\/revisions\/10314"}],"wp:attachment":[{"href":"https:\/\/przyslop.pl\/index.php\/wp-json\/wp\/v2\/media?parent=8865"}],"curies":[{"name":"wp","href":"https:\/\/api.w.org\/{rel}","templated":true}]}}