{"id":8534,"date":"2024-07-26T12:43:15","date_gmt":"2024-07-26T10:43:15","guid":{"rendered":"https:\/\/przyslop.pl\/?page_id=8534"},"modified":"2024-07-26T12:43:15","modified_gmt":"2024-07-26T10:43:15","slug":"regulaminy-i-polityki-prywatnosci","status":"publish","type":"page","link":"https:\/\/przyslop.pl\/index.php\/regulaminy-i-polityki-prywatnosci\/","title":{"rendered":"Regulaminy i polityki prywatno\u015bci"},"content":{"rendered":"<section class=\"kc-elm kc-css-923824 kc_row pageWhite\"><div class=\"kc-row-container  kc-container\"><div class=\"kc-wrap-columns\"><div class=\"kc-elm kc-css-120855 kc_col-sm-12 kc_column kc_col-sm-12\"><div class=\"kc-col-container\"><div class=\"kc-elm kc-css-496731 kc_text_block pageText\"><\/p>\n<ul>\n<li style=\"list-style-type: none;\">\n<ul>\n<li><a href=\"https:\/\/przyslop.pl\/wp-content\/uploads\/2025\/10\/Regulamin-Schroniska-Przyslop-pod-Barania-Gora.pdf\" target=\"_blank\" rel=\"noopener\">Regulamin Schroniska<\/a><\/li>\n<li><a href=\"https:\/\/przyslop.pl\/wp-content\/uploads\/2024\/07\/Procedury-ochrony-dzieci-w-schrnisku-pttk-przyslop-pod-barnia-gora.pdf\" target=\"_blank\" rel=\"noopener\">Procedury ochrony dzieci w Schronisku PTTK Przys\u0142op Pod Barani\u0105 G\u00f3r\u0105<\/a><\/li>\n<li><a href=\"https:\/\/przyslop.pl\/index.php\/polityka-prywatnosci\/\" target=\"_blank\" rel=\"noopener\">Polityka prywatno\u015bci strony<\/a><\/li>\n<li><a href=\"https:\/\/przyslop.pl\/wp-content\/uploads\/2026\/01\/Informacje-o-zasadach-udzielania-noclegu-awaryjnego.pdf\" target=\"_blank\" rel=\"noopener\">Informacje o zasadach udzielania noclegu w warunkach zast\u0119pczych potocznie nazywanego tzw. \u201egleb\u0105\u201d zgodnie z Regulaminem PTTK.<\/a><\/li>\n<\/ul>\n<\/li>\n<\/ul>\n<p>\n<\/div><\/div><\/div><\/div><\/div><\/section>\n","protected":false},"excerpt":{"rendered":"","protected":false},"author":2,"featured_media":0,"parent":0,"menu_order":0,"comment_status":"closed","ping_status":"closed","template":"tpl-king_composer.php","meta":{"footnotes":""},"class_list":["post-8534","page","type-page","status-publish","hentry"],"jetpack_sharing_enabled":true,"post_mailing_queue_ids":[],"_links":{"self":[{"href":"https:\/\/przyslop.pl\/index.php\/wp-json\/wp\/v2\/pages\/8534","targetHints":{"allow":["GET"]}}],"collection":[{"href":"https:\/\/przyslop.pl\/index.php\/wp-json\/wp\/v2\/pages"}],"about":[{"href":"https:\/\/przyslop.pl\/index.php\/wp-json\/wp\/v2\/types\/page"}],"author":[{"embeddable":true,"href":"https:\/\/przyslop.pl\/index.php\/wp-json\/wp\/v2\/users\/2"}],"replies":[{"embeddable":true,"href":"https:\/\/przyslop.pl\/index.php\/wp-json\/wp\/v2\/comments?post=8534"}],"version-history":[{"count":3,"href":"https:\/\/przyslop.pl\/index.php\/wp-json\/wp\/v2\/pages\/8534\/revisions"}],"predecessor-version":[{"id":8896,"href":"https:\/\/przyslop.pl\/index.php\/wp-json\/wp\/v2\/pages\/8534\/revisions\/8896"}],"wp:attachment":[{"href":"https:\/\/przyslop.pl\/index.php\/wp-json\/wp\/v2\/media?parent=8534"}],"curies":[{"name":"wp","href":"https:\/\/api.w.org\/{rel}","templated":true}]}}