{"id":8491,"date":"2024-07-23T15:44:19","date_gmt":"2024-07-23T13:44:19","guid":{"rendered":"https:\/\/przyslop.pl\/?page_id=8491"},"modified":"2025-10-24T14:57:17","modified_gmt":"2025-10-24T12:57:17","slug":"rezerwacje-online","status":"publish","type":"page","link":"https:\/\/przyslop.pl\/index.php\/rezerwacje-online\/","title":{"rendered":"Rezerwacje online"},"content":{"rendered":"<p><section class=\"kc-elm kc-css-644849 kc_row pageWhite\"><div class=\"kc-row-container  kc-container\"><div class=\"kc-wrap-columns\"><div class=\"kc-elm kc-css-223807 kc_col-sm-12 kc_column kc_col-sm-12\"><div class=\"kc-col-container\"><div class=\"kc-elm kc-css-509716 kc_text_block pageText\"><\/p>\n<p style=\"text-align: center;\"><strong>Skontaktuj si\u0119 z recepcj\u0105 PRZED DOKONANIEM REZERWACJI w przypadku ch\u0119ci:<\/strong><\/p>\n<p>\n<\/div><div class=\"kc-elm kc-css-345097 kc_text_block pageText\"><\/p>\n<ul>\n<li>noclegu z psem <strong style=\"color: #dd3333;\">(nie ma mo\u017cliwo\u015bci rezerwacji noclegu z psem przez internet!),<\/strong><\/li>\n<li>uwzgl\u0119dnienia przys\u0142uguj\u0105cych zni\u017cek <strong style=\"color: #dd3333;\">(nie ma mo\u017cliwo\u015bci odliczenia zni\u017cek po wykonaniu rezerwacji)<\/strong>,<\/li>\n<li>rezerwacji ca\u0142ego pokoju wieloosobowego (7 os. lub 11 os.),<\/li>\n<li>dopisania dodatkowych os\u00f3b do pokoju (ponad stan \u0142\u00f3\u017cek),<\/li>\n<li>noclegu w pokoju 10 os. z \u0142azienk\u0105 lub poszukiwania innej opcji zakwaterowania, gdy\u017c nasz system online nie uwzgl\u0119dnia wszystkich mo\u017cliwo\u015bci.<\/li>\n<\/ul>\n<p>\n<\/div><div class=\"kc-elm kc-css-757950 kc_text_block pageText\"><\/p>\n<p style=\"text-align: center;\"><strong style=\"font-style: inherit; color: #dd3333;\">W sytuacji dokonania rezerwacji przez stron\u0119 bez wcze\u015bniejszego kontaktu z recepcj\u0105 nie ma<\/strong><\/p>\n<p style=\"text-align: center;\"><strong style=\"color: #dd3333;\">mo\u017cliwo\u015bci p\u00f3\u017aniejszego uwzgl\u0119dnienia noclegu z psem lub otrzymania zni\u017cek.<\/strong><\/p>\n<p>\n<\/div><div class=\"kc-elm kc-css-314653 kc_text_block pageText\"><\/p>\n<p style=\"text-align: center;\"><strong style=\"font-style: inherit; color: #dd3333;\">W okresie sylwestrowym ceny zgodnie z cennikiem z oferty <a href=\"https:\/\/przyslop.pl\/index.php\/sylwester-2025-2026\/\">sylwestrowej<\/a>.<\/strong><\/p>\n<p>\n<\/div><\/div><\/div><\/div><\/div><\/section><section class=\"kc-elm kc-css-620389 kc_row pageWhite\"><div class=\"kc-row-container  kc-container\"><div class=\"kc-wrap-columns\"><div class=\"kc-elm kc-css-866147 kc_col-sm-12 kc_column kc_col-sm-12\"><div class=\"kc-col-container\"><div class=\"kc-elm kc-css-914290 kc-raw-code\"><!-- Previo Reservation+ start -->\r\n<script data-jetpack-boost=\"ignore\" data-jetpack-boost=\"ignore\" data-jetpack-boost=\"ignore\" type=\"text\/javascript\" src=\"https:\/\/booking.previo.app\/iframe\/\"><\/script>\r\n<iframe loading=\"lazy\" src=\"https:\/\/booking.previo.app\/?hotId=753783&pricelistType=rooms&currency=PLN&hideTabs=map&&showRoomType=775853-775855-856467-775857-955749-775863-775865-775867-775861-775867\" scrolling=\"no\" frameborder=\"0\" width=\"100%\" height=\"3000\" name=\"previo-booking-iframe\" id=\"previo-booking-iframe\" allowTransparency=\"true\"><\/iframe>\r\n<!-- Previo Reservation+ end --><\/div><\/div><\/div><\/div><\/div><\/section><section class=\"kc-elm kc-css-862105 kc_row pageWhite\"><div class=\"kc-row-container  kc-container\"><div class=\"kc-wrap-columns\"><div class=\"kc-elm kc-css-348364 kc_col-sm-12 kc_column kc_col-sm-12\"><div class=\"kc-col-container\"><div class=\"kc-elm kc-css-629812 kc-raw-code\"><script data-jetpack-boost=\"ignore\" data-jetpack-boost=\"ignore\" data-jetpack-boost=\"ignore\" type=\"text\/javascript\">\r\n  var bookingEngineConfig = {\r\n    id: '019cb33a-55b6-713c-8a29-282348c38c1b',\r\n    lang: 'pl',\r\n    currency: 'PLN'\r\n  };\r\n  var a=document.createElement('script');a.src='https:\/\/booking.previo.app\/loader\/';document.head.appendChild(a);\r\n<\/script>\r\n<div id=\"previo-booking-engine\"><\/div>\r\n<\/div><\/div><\/div><\/div><\/div><\/section><\/p>\n","protected":false},"excerpt":{"rendered":"","protected":false},"author":2,"featured_media":0,"parent":0,"menu_order":0,"comment_status":"closed","ping_status":"closed","template":"tpl-king_composer.php","meta":{"footnotes":""},"class_list":["post-8491","page","type-page","status-publish","hentry"],"jetpack_sharing_enabled":true,"post_mailing_queue_ids":[],"_links":{"self":[{"href":"https:\/\/przyslop.pl\/index.php\/wp-json\/wp\/v2\/pages\/8491","targetHints":{"allow":["GET"]}}],"collection":[{"href":"https:\/\/przyslop.pl\/index.php\/wp-json\/wp\/v2\/pages"}],"about":[{"href":"https:\/\/przyslop.pl\/index.php\/wp-json\/wp\/v2\/types\/page"}],"author":[{"embeddable":true,"href":"https:\/\/przyslop.pl\/index.php\/wp-json\/wp\/v2\/users\/2"}],"replies":[{"embeddable":true,"href":"https:\/\/przyslop.pl\/index.php\/wp-json\/wp\/v2\/comments?post=8491"}],"version-history":[{"count":11,"href":"https:\/\/przyslop.pl\/index.php\/wp-json\/wp\/v2\/pages\/8491\/revisions"}],"predecessor-version":[{"id":8540,"href":"https:\/\/przyslop.pl\/index.php\/wp-json\/wp\/v2\/pages\/8491\/revisions\/8540"}],"wp:attachment":[{"href":"https:\/\/przyslop.pl\/index.php\/wp-json\/wp\/v2\/media?parent=8491"}],"curies":[{"name":"wp","href":"https:\/\/api.w.org\/{rel}","templated":true}]}}