{"id":8395,"date":"2024-06-05T13:42:06","date_gmt":"2024-06-05T11:42:06","guid":{"rendered":"https:\/\/przyslop.pl\/?page_id=8395"},"modified":"2024-06-05T13:42:06","modified_gmt":"2024-06-05T11:42:06","slug":"kuchnia-turystyczna","status":"publish","type":"page","link":"https:\/\/przyslop.pl\/index.php\/kuchnia-turystyczna\/","title":{"rendered":"Kuchnia turystyczna"},"content":{"rendered":"<p><section class=\"kc-elm kc-css-679684 kc_row pageWhite\"><div class=\"kc-row-container  kc-container\"><div class=\"kc-wrap-columns\"><div class=\"kc-elm kc-css-191586 kc_col-sm-12 kc_column kc_col-sm-12\"><div class=\"kc-col-container\"><div class=\"kc-elm kc-css-751814 kc_text_block pageText\"><\/p>\n<p><strong>Drodzy Tury\u015bci! Oddajemy do Waszej dyspozycji kuchni\u0119 turystyczn\u0105.<\/strong><\/p>\n<p>\n<\/div><div class=\"kc-elm kc-css-948385 kc_text_block pageText\"><\/p>\n<p>Przestronna, praktycznie urz\u0105dzona, a ponadto z przytulnym k\u0105cikiem jadalnym, do kt\u00f3rego meble zosta\u0142y wykonane przez lokalnego stolarza. Cho\u0107 jest skromna ma sw\u00f3j klimat! Mamy nadziej\u0119, \u017ce ta nowa przestrze\u0144 umili Wam pobyt na Przys\u0142opie.<\/p>\n<p>\n<\/div><div class=\"kc-elm kc-css-548565 kc_text_block pageText\"><\/p>\n<p>W wyposa\u017ceniu kuchni znajduje si\u0119: p\u0142yta indukcyjna dwupalnikowa, mikrofal\u00f3wka, czajnik, garnki, patelnie, cedzak, sztu\u0107ce, kubki, talerze, szklanki i inne przydatne drobnostki. Za op\u0142at\u0105 b\u0119dzie mo\u017cna r\u00f3wnie\u017c skorzysta\u0107 z pralki!<\/p>\n<p>\n<\/div><\/div><\/div><\/div><\/div><\/section><section class=\"kc-elm kc-css-850220 kc_row\"><div class=\"kc-row-container  kc-container  pageGallery pageWhite\"><div class=\"kc-wrap-columns\"><div class=\"kc-elm kc-css-842211 kc_col-sm-4 kc_column kc_col-sm-4\"><div class=\"kc-col-container\"><div class=\"kc-elm kc-css-646506 kc_shortcode kc_single_image\">\n\n        <img decoding=\"async\" src=\"https:\/\/i0.wp.com\/przyslop.pl\/wp-content\/uploads\/2024\/06\/zdj-1.jpg?fit=481%2C320&ssl=1\" class=\"\" alt=\"\" \/>    <\/div>\n<\/div><\/div><div class=\"kc-elm kc-css-734150 kc_col-sm-4 kc_column kc_col-sm-4\"><div class=\"kc-col-container\"><div class=\"kc-elm kc-css-253583 kc_shortcode kc_single_image\">\n\n        <img decoding=\"async\" src=\"https:\/\/i0.wp.com\/przyslop.pl\/wp-content\/uploads\/2024\/06\/zdj-2.jpg?fit=481%2C320&ssl=1\" class=\"\" alt=\"\" \/>    <\/div>\n<\/div><\/div><div class=\"kc-elm kc-css-688967 kc_col-sm-4 kc_column kc_col-sm-4\"><div class=\"kc-col-container\"><div class=\"kc-elm kc-css-815549 kc_shortcode kc_single_image\">\n\n        <img decoding=\"async\" src=\"https:\/\/i0.wp.com\/przyslop.pl\/wp-content\/uploads\/2024\/06\/zdj-3.jpg?fit=481%2C320&ssl=1\" class=\"\" alt=\"\" \/>    <\/div>\n<\/div><\/div><\/div><\/div><\/section><section class=\"kc-elm kc-css-926978 kc_row pageWhite\"><div class=\"kc-row-container  kc-container\"><div class=\"kc-wrap-columns\"><div class=\"kc-elm kc-css-404888 kc_col-sm-12 kc_column kc_col-sm-12\"><div class=\"kc-col-container\"><div class=\"kc-elm kc-css-257907 kc_text_block pageText\"><\/p>\n<p>Co bardzo istotne: <strong>kuchnia jest przestrzeni\u0105 wsp\u00f3ln\u0105, o kt\u00f3r\u0105 wszyscy jej u\u017cytkownicy zobowi\u0105zani s\u0105 dba\u0107!<\/strong> W trosce o utrzymanie porz\u0105dku pomieszczenie b\u0119dzie zamykane. Ch\u0119\u0107 skorzystania z kuchni prosimy zg\u0142asza\u0107 w recepcji lub w bufecie Schroniska. <\/p>\n<p>\n<\/div><div class=\"kc-elm kc-css-494440 kc_text_block pageText\"><\/p>\n<p>Kr\u00f3tki Regulamin korzystania z kuchni turystycznej dost\u0119pny >>> <a href=\"https:\/\/przyslop.pl\/wp-content\/uploads\/2024\/05\/kuchnia_turystyczna_regulamin.pdf\" target=\"_blank\" rel=\"noopener\">tutaj<\/a>.<\/p>\n<p>\n<\/div><div class=\"kc-elm kc-css-604856 kc_text_block pageText\"><\/p>\n<p><strong>Co wa\u017cne!<\/strong> Schronisko zastrzega sobie prawo odmowy wydania klucza lub zamkni\u0119cia kuchni turystycznej w szczeg\u00f3lnych przypadkach takich jak: rezerwacja kuchni na wy\u0142\u0105czno\u015b\u0107 przez konkretn\u0105 grup\u0119, realizowanie w s\u0105siaduj\u0105cej sali zaj\u0119\u0107, kt\u00f3re wymagaj\u0105 bezwzgl\u0119dnej ciszy i spokoju. Je\u015bli zale\u017cy Ci na skorzystaniu z kuchni turystycznej w konkretnym terminie upewnij si\u0119 czy b\u0119dzie ona wtedy dost\u0119pna.<\/p>\n<p>\n<\/div><\/div><\/div><\/div><\/div><\/section><\/p>\n","protected":false},"excerpt":{"rendered":"","protected":false},"author":2,"featured_media":0,"parent":0,"menu_order":0,"comment_status":"closed","ping_status":"closed","template":"tpl-king_composer.php","meta":{"footnotes":""},"class_list":["post-8395","page","type-page","status-publish","hentry"],"jetpack_sharing_enabled":true,"post_mailing_queue_ids":[],"_links":{"self":[{"href":"https:\/\/przyslop.pl\/index.php\/wp-json\/wp\/v2\/pages\/8395","targetHints":{"allow":["GET"]}}],"collection":[{"href":"https:\/\/przyslop.pl\/index.php\/wp-json\/wp\/v2\/pages"}],"about":[{"href":"https:\/\/przyslop.pl\/index.php\/wp-json\/wp\/v2\/types\/page"}],"author":[{"embeddable":true,"href":"https:\/\/przyslop.pl\/index.php\/wp-json\/wp\/v2\/users\/2"}],"replies":[{"embeddable":true,"href":"https:\/\/przyslop.pl\/index.php\/wp-json\/wp\/v2\/comments?post=8395"}],"version-history":[{"count":3,"href":"https:\/\/przyslop.pl\/index.php\/wp-json\/wp\/v2\/pages\/8395\/revisions"}],"predecessor-version":[{"id":8417,"href":"https:\/\/przyslop.pl\/index.php\/wp-json\/wp\/v2\/pages\/8395\/revisions\/8417"}],"wp:attachment":[{"href":"https:\/\/przyslop.pl\/index.php\/wp-json\/wp\/v2\/media?parent=8395"}],"curies":[{"name":"wp","href":"https:\/\/api.w.org\/{rel}","templated":true}]}}