{"id":8303,"date":"2024-06-05T13:30:49","date_gmt":"2024-06-05T11:30:49","guid":{"rendered":"https:\/\/przyslop.pl\/?page_id=8303"},"modified":"2024-06-05T13:30:49","modified_gmt":"2024-06-05T11:30:49","slug":"konkurs-kajtenprzyslop","status":"publish","type":"page","link":"https:\/\/przyslop.pl\/index.php\/konkurs-kajtenprzyslop\/","title":{"rendered":"[Konkurs] Kajtenprzyslop"},"content":{"rendered":"<p><section class=\"kc-elm kc-css-971003 kc_row pageWhite\"><div class=\"kc-row-container  kc-container\"><div class=\"kc-wrap-columns\"><div class=\"kc-elm kc-css-233234 kc_col-sm-12 kc_column kc_col-sm-12\"><div class=\"kc-col-container\">\n<div class=\"kc-elm kc-css-941393 kc-title-wrap \">\n\n\t<p class=\"kc_title pageHeader\">KONKURS KAJ TEN PRZYS\u0141OP<\/p>\n<\/div>\n<div class=\"kc-elm kc-css-860127 kc_text_block pageText\"><\/p>\n<p>\nCzo\u0142em Turysto! Je\u015bli w Twe r\u0119ce trafi\u0142 Przys\u0142opowy brelok lub magnes &#8211; w\u0119drownik wykonany przez szlakby.to zabierz go w podr\u00f3\u017c i zgarnij nagrody!<\/p>\n<p>\n<\/div><div class=\"kc-elm kc-css-330213 kc_text_block pageText\"><\/p>\n<p>\n<strong>Wystarczy podj\u0105\u0107 trzy proste kroki:<\/strong><\/p>\n<p>\n<\/div><div class=\"kc-elm kc-css-189304 kc_text_block pageText\"><\/p>\n<ol>\n<li>Zr\u00f3b zdj\u0119cie z brelokiem w podr\u00f3\u017cy (1 miejsce = 1 zdj\u0119cie).<\/li>\n<li>Wrzu\u0107 w relacj\u0119 na INSTAGRAMIE oznaczaj\u0105c @przyslop @szlakby.to #kajtenprzyslop oraz #miejsce (kraj, miejscowo\u015b\u0107 albo dok\u0142adna pinezka), w kt\u00f3rym zosta\u0142o zrobione zdj\u0119cie.<\/li>\n<li>Czekaj na kontakt &#8211; zgarniaj nagrody!<\/li>\n<\/ol>\n<p>\n<\/div><div class=\"kc-elm kc-css-385492 kc_text_block pageText\"><\/p>\n<p>\nWstawiane przez uczestnik\u00f3w relacje b\u0119dziemy zbiera\u0107 do relacji wyr\u00f3\u017cnionych na naszym Instagramie (zak\u0142adka KTP). Jeden uczestnik mo\u017ce wstawi\u0107 dowoln\u0105 ilo\u015b\u0107 zdj\u0119\u0107 konkursowych pod warunkiem, \u017ce s\u0105 zrobione w r\u00f3\u017cnych miejscach. Kilka zdj\u0119\u0107 z jednego miejsca nie b\u0119dzie brane pod uwag\u0119 w konkursie.<\/p>\n<p>\n<\/div><\/div><\/div><\/div><\/div><\/section><section class=\"kc-elm kc-css-908063 kc_row\"><div class=\"kc-row-container  kc-container  pageGallery pageWhite\"><div class=\"kc-wrap-columns\"><div class=\"kc-elm kc-css-81931 kc_col-sm-3 kc_column kc_col-sm-3\"><div class=\"kc-col-container\"><div class=\"kc-elm kc-css-27835 kc_shortcode kc_single_image\">\n\n        <img decoding=\"async\" src=\"https:\/\/i0.wp.com\/przyslop.pl\/wp-content\/uploads\/2024\/06\/zdjecie-1.jpg?fit=481%2C321&ssl=1\" class=\"\" alt=\"\" \/>    <\/div>\n<\/div><\/div><div class=\"kc-elm kc-css-833580 kc_col-sm-3 kc_column kc_col-sm-3\"><div class=\"kc-col-container\"><div class=\"kc-elm kc-css-996981 kc_shortcode kc_single_image\">\n\n        <img decoding=\"async\" src=\"https:\/\/i0.wp.com\/przyslop.pl\/wp-content\/uploads\/2024\/06\/zdjecie-2.jpg?fit=481%2C321&ssl=1\" class=\"\" alt=\"\" \/>    <\/div>\n<\/div><\/div><div class=\"kc-elm kc-css-992951 kc_col-sm-3 kc_column kc_col-sm-3\"><div class=\"kc-col-container\"><div class=\"kc-elm kc-css-705484 kc_shortcode kc_single_image\">\n\n        <img decoding=\"async\" src=\"https:\/\/i0.wp.com\/przyslop.pl\/wp-content\/uploads\/2024\/06\/zdjecie-3.jpg?fit=481%2C321&ssl=1\" class=\"\" alt=\"\" \/>    <\/div>\n<\/div><\/div><div class=\"kc-elm kc-css-601895 kc_col-sm-3 kc_column kc_col-sm-3\"><div class=\"kc-col-container\"><div class=\"kc-elm kc-css-80623 kc_shortcode kc_single_image\">\n\n        <img decoding=\"async\" src=\"https:\/\/i0.wp.com\/przyslop.pl\/wp-content\/uploads\/2024\/06\/zdjecie-4.jpg?fit=480%2C320&ssl=1\" class=\"\" alt=\"\" \/>    <\/div>\n<\/div><\/div><\/div><\/div><\/section><section class=\"kc-elm kc-css-854025 kc_row pageWhite\"><div class=\"kc-row-container  kc-container\"><div class=\"kc-wrap-columns\"><div class=\"kc-elm kc-css-683585 kc_col-sm-12 kc_column kc_col-sm-12\"><div class=\"kc-col-container\"><div class=\"kc-elm kc-css-107094 kc_text_block pageText\"><\/p>\n<p>\n<strong>Raz na kwarta\u0142 rozlosujemy 3 upominki<\/strong> w\u015br\u00f3d os\u00f3b, kt\u00f3re do\u0142\u0105czy\u0142y do zabawy w danym kwartale! W puli nagr\u00f3d znajd\u0105 si\u0119 niepowtarzalne customowe gad\u017cety Schroniska Przys\u0142op pod Barania G\u00f3r\u0105 jak: koszulki, magnesy, kubki, czapki, buffy, workoplecaki, bi\u017cuteria, maskotki, przys\u0142opowa kawa ziarnista i wiele innych niespodzianek!!!<\/p>\n<p>\n<\/div><div class=\"kc-elm kc-css-707603 kc_text_block pageText\"><\/p>\n<p>\nA raz w roku odb\u0119dzie si\u0119 <strong>losowanie nagrody g\u0142\u00f3wnej<\/strong> &#8211; wtedy b\u0119dzie mo\u017cna zgarn\u0105\u0107 nawet voucher na pobyt!<\/p>\n<p>\n<\/div><div class=\"kc-elm kc-css-65275 kc_text_block pageText\"><\/p>\n<p>\nNie czekaj &#8211; kup breloczek lub magnes, pakuj plecak, ruszaj w drog\u0119&#8230;<\/p>\n<p>\n<\/div><\/div><\/div><\/div><\/div><\/section><\/p>\n","protected":false},"excerpt":{"rendered":"","protected":false},"author":2,"featured_media":0,"parent":0,"menu_order":0,"comment_status":"closed","ping_status":"closed","template":"tpl-king_composer.php","meta":{"footnotes":""},"class_list":["post-8303","page","type-page","status-publish","hentry"],"jetpack_sharing_enabled":true,"post_mailing_queue_ids":[],"_links":{"self":[{"href":"https:\/\/przyslop.pl\/index.php\/wp-json\/wp\/v2\/pages\/8303","targetHints":{"allow":["GET"]}}],"collection":[{"href":"https:\/\/przyslop.pl\/index.php\/wp-json\/wp\/v2\/pages"}],"about":[{"href":"https:\/\/przyslop.pl\/index.php\/wp-json\/wp\/v2\/types\/page"}],"author":[{"embeddable":true,"href":"https:\/\/przyslop.pl\/index.php\/wp-json\/wp\/v2\/users\/2"}],"replies":[{"embeddable":true,"href":"https:\/\/przyslop.pl\/index.php\/wp-json\/wp\/v2\/comments?post=8303"}],"version-history":[{"count":4,"href":"https:\/\/przyslop.pl\/index.php\/wp-json\/wp\/v2\/pages\/8303\/revisions"}],"predecessor-version":[{"id":8410,"href":"https:\/\/przyslop.pl\/index.php\/wp-json\/wp\/v2\/pages\/8303\/revisions\/8410"}],"wp:attachment":[{"href":"https:\/\/przyslop.pl\/index.php\/wp-json\/wp\/v2\/media?parent=8303"}],"curies":[{"name":"wp","href":"https:\/\/api.w.org\/{rel}","templated":true}]}}