{"id":7799,"date":"2023-11-03T20:19:21","date_gmt":"2023-11-03T19:19:21","guid":{"rendered":"https:\/\/przyslop.pl\/?page_id=7799"},"modified":"2023-11-03T20:19:21","modified_gmt":"2023-11-03T19:19:21","slug":"wypozyczalnia-nosidel-turystycznych","status":"publish","type":"page","link":"https:\/\/przyslop.pl\/index.php\/wypozyczalnia-nosidel-turystycznych\/","title":{"rendered":"Wypo\u017cyczalnia noside\u0142 turystycznych"},"content":{"rendered":"<p><section class=\"kc-elm kc-css-54707 kc_row pageWhite\"><div class=\"kc-row-container  kc-container\"><div class=\"kc-wrap-columns\"><div class=\"kc-elm kc-css-508369 kc_col-sm-12 kc_column kc_col-sm-12\"><div class=\"kc-col-container\"><div class=\"kc-elm kc-css-617434 kc_shortcode kc_single_image\">\n\n        <img decoding=\"async\" src=\"https:\/\/i0.wp.com\/przyslop.pl\/wp-content\/uploads\/2022\/01\/dromader.webp?fit=187%2C86&ssl=1\" class=\"\" alt=\"\" \/>    <\/div>\n<div class=\"kc-elm kc-css-564219 kc_text_block pageText\"><\/p>\n<p>Wiemy, jak wa\u017cny jest komfort podczas podr\u00f3\u017cy z Maluchami, jak warto\u015bciowe okazuje si\u0119 wsp\u00f3lne odkrywanie \u015bwiata i do\u015bwiadczanie pi\u0119kna otaczaj\u0105cej nas natury. Mamy r\u00f3wnie\u017c \u015bwiadomo\u015b\u0107, \u017ce nie zawsze jest to \u0142atwe\u2026 Dlatego, pragn\u0105c wspiera\u0107 aktywnych rodzic\u00f3w, jeste\u015bmy jednym z niewielu schronisk g\u00f3rskich, w kt\u00f3rych odt\u0105d mo\u017cecie wypo\u017cyczy\u0107 nosid\u0142o turystyczne! Wysokiej jako\u015bci, bezpieczne, wygodne i ergonomiczne nosid\u0142o firmy Dromader zagwarantuje Wam mo\u017cliwo\u015b\u0107 wsp\u00f3lnego przemierzenia niejednego malowniczego szlaku, dotarcia do nieznanych dot\u0105d zak\u0105tk\u00f3w, prze\u017cycia emocjonuj\u0105cej le\u015bnej przygody\u2026<\/p>\n<p>\n<\/div><\/div><\/div><\/div><\/div><\/section><section class=\"kc-elm kc-css-390269 kc_row\"><div class=\"kc-row-container  kc-container  pageGallery pageWhite\"><div class=\"kc-wrap-columns\"><div class=\"kc-elm kc-css-858148 kc_col-sm-4 kc_column kc_col-sm-4\"><div class=\"kc-col-container\"><div class=\"kc-elm kc-css-963527 kc_shortcode kc_single_image\">\n\n        <img decoding=\"async\" src=\"https:\/\/i0.wp.com\/przyslop.pl\/wp-content\/uploads\/2023\/10\/DSC7844v1.jpg?fit=480%2C320&ssl=1\" class=\"\" alt=\"\" \/>    <\/div>\n<\/div><\/div><div class=\"kc-elm kc-css-304587 kc_col-sm-4 kc_column kc_col-sm-4\"><div class=\"kc-col-container\"><div class=\"kc-elm kc-css-10901 kc_shortcode kc_single_image\">\n\n        <img decoding=\"async\" src=\"https:\/\/i0.wp.com\/przyslop.pl\/wp-content\/uploads\/2023\/10\/DSC7560_v1.jpg?fit=480%2C320&ssl=1\" class=\"\" alt=\"\" \/>    <\/div>\n<\/div><\/div><div class=\"kc-elm kc-css-559626 kc_col-sm-4 kc_column kc_col-sm-4\"><div class=\"kc-col-container\"><div class=\"kc-elm kc-css-850316 kc_shortcode kc_single_image\">\n\n        <img decoding=\"async\" src=\"https:\/\/i0.wp.com\/przyslop.pl\/wp-content\/uploads\/2023\/10\/DSC5903_v1.jpg?fit=480%2C320&ssl=1\" class=\"\" alt=\"\" \/>    <\/div>\n<\/div><\/div><\/div><\/div><\/section><section class=\"kc-elm kc-css-511873 kc_row pageWhite\"><div class=\"kc-row-container  kc-container\"><div class=\"kc-wrap-columns\"><div class=\"kc-elm kc-css-763454 kc_col-sm-12 kc_column kc_col-sm-12\"><div class=\"kc-col-container\"><div class=\"kc-elm kc-css-566949 kc_text_block pageText\"><\/p>\n<p>Wybierz model idealny dla Waszego duetu i wyruszcie w g\u00f3ry, bezpiecznie! Do wyboru:<\/p>\n<p>Hippo &#8211; <a href=\"http:\/\/www.dromadereurope.com\/hippo.php#hippo\">czy ten model jest dla Ciebie?<\/a><br \/>\nKoala &#8211; <a href=\"http:\/\/www.dromadereurope.com\/koala.php#koala\">kliknij aby pozna\u0107 ten model!<\/a><br \/>\nKangoo- <a href=\"http:\/\/www.dromadereurope.com\/kangoo.php#kangoo\">a mo\u017ce jednak ten?<\/a><br \/>\nWombat &#8211; <a href=\"http:\/\/www.dromadereurope.com\/wombat.php#Wombat\">sprawd\u017a co kryje!<\/a><br \/>\nQuokka- <a href=\"http:\/\/www.dromadereurope.com\/quokka.php#quokka\">poznaj wszystkie funkcjonalno\u015bci!<\/a><\/p>\n<p>Nosid\u0142a mo\u017cna wypo\u017cyczy\u0107 w recepcji Schroniska. Warunkiem wypo\u017cyczenia jest okazanie dokumentu to\u017csamo\u015bci, akceptacja zasad wypo\u017cyczenia sprz\u0119tu, dokonanie op\u0142aty (50 z\u0142\/ dzie\u0144) oraz zdeponowanie kaucji w wysoko\u015bci 200 z\u0142.<\/p>\n<p>\n<\/div><\/div><\/div><\/div><\/div><\/section><\/p>\n","protected":false},"excerpt":{"rendered":"","protected":false},"author":2,"featured_media":0,"parent":0,"menu_order":0,"comment_status":"closed","ping_status":"closed","template":"tpl-king_composer.php","meta":{"footnotes":""},"class_list":["post-7799","page","type-page","status-publish","hentry"],"jetpack_sharing_enabled":true,"post_mailing_queue_ids":[],"_links":{"self":[{"href":"https:\/\/przyslop.pl\/index.php\/wp-json\/wp\/v2\/pages\/7799","targetHints":{"allow":["GET"]}}],"collection":[{"href":"https:\/\/przyslop.pl\/index.php\/wp-json\/wp\/v2\/pages"}],"about":[{"href":"https:\/\/przyslop.pl\/index.php\/wp-json\/wp\/v2\/types\/page"}],"author":[{"embeddable":true,"href":"https:\/\/przyslop.pl\/index.php\/wp-json\/wp\/v2\/users\/2"}],"replies":[{"embeddable":true,"href":"https:\/\/przyslop.pl\/index.php\/wp-json\/wp\/v2\/comments?post=7799"}],"version-history":[{"count":4,"href":"https:\/\/przyslop.pl\/index.php\/wp-json\/wp\/v2\/pages\/7799\/revisions"}],"predecessor-version":[{"id":7882,"href":"https:\/\/przyslop.pl\/index.php\/wp-json\/wp\/v2\/pages\/7799\/revisions\/7882"}],"wp:attachment":[{"href":"https:\/\/przyslop.pl\/index.php\/wp-json\/wp\/v2\/media?parent=7799"}],"curies":[{"name":"wp","href":"https:\/\/api.w.org\/{rel}","templated":true}]}}