{"id":7753,"date":"2023-10-23T12:31:13","date_gmt":"2023-10-23T10:31:13","guid":{"rendered":"https:\/\/przyslop.pl\/?page_id=7753"},"modified":"2023-10-23T12:31:13","modified_gmt":"2023-10-23T10:31:13","slug":"wypozyczalnia-rowerow","status":"publish","type":"page","link":"https:\/\/przyslop.pl\/index.php\/wypozyczalnia-rowerow\/","title":{"rendered":"Wypo\u017cyczalnia rower\u00f3w"},"content":{"rendered":"<p><section class=\"kc-elm kc-css-298815 kc_row pageWhite\"><div class=\"kc-row-container  kc-container\"><div class=\"kc-wrap-columns\"><div class=\"kc-elm kc-css-786828 kc_col-sm-12 kc_column kc_col-sm-12\"><div class=\"kc-col-container\"><div class=\"kc-elm kc-css-722480 kc_text_block\"><\/p>\n<p>\n<strong>Dostajemy od Was zapytania czy w schronisku mo\u017cna wypo\u017cyczy\u0107 rowery. Niestety nie mamy mo\u017cliwo\u015bci lokalowych, aby j\u0105 pomie\u015bci\u0107, a okoliczna Wis\u0142a oferuje szeroki wyb\u00f3r w zakresie rower\u00f3w. Natomiast testowo chcieli\u015bmy wyj\u015b\u0107 do Was z propozycj\u0105 wypo\u017cyczenia super lekkich rower\u00f3w dzieci\u0119cych, aby zobaczy\u0107 jakie b\u0119dzie Wasze realne zainteresowanie. W chwili obecnej oferujemy:<\/strong><\/p>\n<p>\n<\/div><\/div><\/div><\/div><\/div><\/section><section class=\"kc-elm kc-css-832418 kc_row pageWhite\"><div class=\"kc-row-container  kc-container\"><div class=\"kc-wrap-columns\"><div class=\"kc-elm kc-css-257641 kc_col-sm-12 kc_column kc_col-sm-12\"><div class=\"kc-col-container\">\n<div class=\"kc-elm kc-css-647330 kc-title-wrap \">\n\n\t<p class=\"kc_title pageHeader\">WOOM 3 16\u201d<\/p>\n<\/div>\n<\/div><\/div><\/div><\/div><\/section><section class=\"kc-elm kc-css-400878 kc_row pageWhite\"><div class=\"kc-row-container  kc-container\"><div class=\"kc-wrap-columns\"><div class=\"kc-elm kc-css-295850 kc_col-sm-6 kc_column kc_col-sm-6\"><div class=\"kc-col-container\"><div class=\"kc-elm kc-css-130829 kc_text_block pageText\"><\/p>\n<p><strong>Superlekki<\/strong> rowerek dzieci\u0119cy<strong>\u00a0Woom 3<\/strong>\u00a0na ko\u0142ach 16 cali przeznaczony jest dla dzieci w<strong> wieku od 4 do 6 lat<\/strong> oraz o <strong>wzro\u015bcie od 105 cm do 120 cm.<\/strong> Wyposa\u017cony zosta\u0142 w klasycznie lecz nisko prowadzon\u0105 aluminiow\u0105 ram\u0119, sztywny aluminiowy widelec, wolnobieg, dwa hamulce typu v-brake (mistrzostwo to prawa d\u017awignia w kolorze zielonym), opony Schwalbe Little Joe 16&#215;1.4\" z paskami odblaskowymi, stery a-head, elastyczne ograniczenie k\u0105ta skr\u0119tu i kierownic\u0119 o BMXowym stylu z bezpiecznymi uchwytami. Rowerek Woom 3 <strong>wa\u017cy ok. 5,8 kg<\/strong> (z peda\u0142ami)! Regulacja siode\u0142ka odbywa si\u0119 w zakresie 48 &#8211; 64 cm. Rower woom 3 to rowerek o sportowym charakterze lecz o wyprostowanej pozycji rowerzysty.<\/p>\n<p>\n<\/div><\/div><\/div><div class=\"kc-elm kc-css-425956 kc_col-sm-6 kc_column kc_col-sm-6\"><div class=\"kc-col-container\"><div class=\"kc-elm kc-css-616277 kc_shortcode kc_single_image\">\n\n        <img decoding=\"async\" src=\"https:\/\/i0.wp.com\/przyslop.pl\/wp-content\/uploads\/2023\/10\/WOOM_3_16cali.webp?fit=480%2C320&ssl=1\" class=\"\" alt=\"\" \/>    <\/div>\n<\/div><\/div><\/div><\/div><\/section><section class=\"kc-elm kc-css-598482 kc_row pageWhite\"><div class=\"kc-row-container  kc-container\"><div class=\"kc-wrap-columns\"><div class=\"kc-elm kc-css-278365 kc_col-sm-4 kc_column kc_col-sm-4\"><div class=\"kc-col-container\"><div class=\"kc-elm kc-css-451237 kc_shortcode kc_single_image\">\n\n        <img decoding=\"async\" src=\"https:\/\/i0.wp.com\/przyslop.pl\/wp-content\/uploads\/2023\/10\/rower.png?fit=204%2C100&ssl=1\" class=\"\" alt=\"\" \/>    <\/div>\n<div class=\"kc-elm kc-css-665071 kc_text_block pageText\"><\/p>\n<p>Rozmiar: <strong>16\"<\/strong><br \/>Waga: <strong>5,4 kg<\/strong><\/p>\n<p>\n<\/div><\/div><\/div><div class=\"kc-elm kc-css-956883 kc_col-sm-4 kc_column kc_col-sm-4\"><div class=\"kc-col-container\"><div class=\"kc-elm kc-css-712908 kc_shortcode kc_single_image\">\n\n        <img decoding=\"async\" src=\"https:\/\/i0.wp.com\/przyslop.pl\/wp-content\/uploads\/2023\/10\/dzeicko.png?fit=84%2C100&ssl=1\" class=\"\" alt=\"\" \/>    <\/div>\n<div class=\"kc-elm kc-css-10694 kc_text_block pageText\"><\/p>\n<p>Wiek: <strong>4-6 lat<\/strong><br \/>Wzrost: <strong>105-120 cm<\/strong><\/p>\n<p>\n<\/div><\/div><\/div><div class=\"kc-elm kc-css-563933 kc_col-sm-4 kc_column kc_col-sm-4\"><div class=\"kc-col-container\"><div class=\"kc-elm kc-css-570572 kc_shortcode kc_single_image\">\n\n        <img decoding=\"async\" src=\"https:\/\/i0.wp.com\/przyslop.pl\/wp-content\/uploads\/2023\/08\/oplaty.png?fit=68%2C100&ssl=1\" class=\"\" alt=\"\" \/>    <\/div>\n<div class=\"kc-elm kc-css-723401 kc_text_block pageText\"><\/p>\n<p>do 3h &#8211; <strong>40 z\u0142<\/strong><br \/>ca\u0142y dzie\u0144 &#8211; <strong>80 z\u0142<\/strong><\/p>\n<p>\n<\/div><\/div><\/div><\/div><\/div><\/section><section class=\"kc-elm kc-css-836121 kc_row pageWhite\"><div class=\"kc-row-container  kc-container\"><div class=\"kc-wrap-columns\"><div class=\"kc-elm kc-css-153413 kc_col-sm-12 kc_column kc_col-sm-12\"><div class=\"kc-col-container\">\n<div class=\"kc-elm kc-css-763557 kc-title-wrap \">\n\n\t<p class=\"kc_title pageHeader\">EAYRLY RIDER HELLION 20<\/p>\n<\/div>\n<\/div><\/div><\/div><\/div><\/section><section class=\"kc-elm kc-css-946801 kc_row pageWhite\"><div class=\"kc-row-container  kc-container\"><div class=\"kc-wrap-columns\"><div class=\"kc-elm kc-css-14512 kc_col-sm-6 kc_column kc_col-sm-6\"><div class=\"kc-col-container\"><div class=\"kc-elm kc-css-674147 kc_shortcode kc_single_image\">\n\n        <img decoding=\"async\" src=\"https:\/\/i0.wp.com\/przyslop.pl\/wp-content\/uploads\/2023\/10\/EAYRLY_RIDER_HELLION_20.webp?fit=480%2C320&ssl=1\" class=\"\" alt=\"\" \/>    <\/div>\n<\/div><\/div><div class=\"kc-elm kc-css-779769 kc_col-sm-6 kc_column kc_col-sm-6\"><div class=\"kc-col-container\"><div class=\"kc-elm kc-css-275024 kc_text_block pageText\"><\/p>\n<p><strong>Rower Early Rider Hellion 20<\/strong>\u00a0to lekki rower g\u00f3rski przeznaczony dla dzieci w wieku od 6 do 8 lat. Rowerek posiada najwy\u017cszej jako\u015bci komponenty, <strong>wa\u017cy zaledwie 9,6 kg<\/strong>, co sprawia \u017ce jest l\u017cejszy ni\u017c wi\u0119kszo\u015b\u0107 rower\u00f3w amortyzowanych 20\u201d. Lekka aluminiowa rama roweru zapewnia najlepszy mo\u017cliwy stosunek sztywno\u015bci do masy. <strong>Hydrauliczne hamulce tarczowe<\/strong>\u00a0Promax\u00a0poza doskona\u0142\u0105 skuteczno\u015bci\u0105, oferuje nisk\u0105 awaryjno\u015b\u0107. Do tego <strong>przedni amortyzator<\/strong> oraz wiod\u0105cy na rynku <strong>nap\u0119d 1&#215;10 Shimano z ogromnym zakresem prze\u0142o\u017ce\u0144<\/strong> sprawiaj\u0105, \u017ce Hellion 20 to rower, kt\u00f3ry pokaza\u0142, \u017ce dzieci mog\u0105 zrobi\u0107 wszystko, co doro\u015bli, je\u015bli tylko maj\u0105 odpowiednie narz\u0119dzia.<\/p>\n<p>\n<\/div><\/div><\/div><\/div><\/div><\/section><section class=\"kc-elm kc-css-792872 kc_row pageWhite\"><div class=\"kc-row-container  kc-container\"><div class=\"kc-wrap-columns\"><div class=\"kc-elm kc-css-727558 kc_col-sm-4 kc_column kc_col-sm-4\"><div class=\"kc-col-container\"><div class=\"kc-elm kc-css-928197 kc_shortcode kc_single_image\">\n\n        <img decoding=\"async\" src=\"https:\/\/i0.wp.com\/przyslop.pl\/wp-content\/uploads\/2023\/10\/rower.png?fit=204%2C100&ssl=1\" class=\"\" alt=\"\" \/>    <\/div>\n<div class=\"kc-elm kc-css-562109 kc_text_block pageText\"><\/p>\n<p>Rozmiar: <strong>20\"<\/strong><br \/>Waga: <strong>9,6 kg<\/strong><\/p>\n<p>\n<\/div><\/div><\/div><div class=\"kc-elm kc-css-645651 kc_col-sm-4 kc_column kc_col-sm-4\"><div class=\"kc-col-container\"><div class=\"kc-elm kc-css-575570 kc_shortcode kc_single_image\">\n\n        <img decoding=\"async\" src=\"https:\/\/i0.wp.com\/przyslop.pl\/wp-content\/uploads\/2023\/10\/dzeicko.png?fit=84%2C100&ssl=1\" class=\"\" alt=\"\" \/>    <\/div>\n<div class=\"kc-elm kc-css-397621 kc_text_block pageText\"><\/p>\n<p>Wiek: <strong>6-8 lat<\/strong><br \/>Wzrost: <strong>od 105 cm<\/strong><\/p>\n<p>\n<\/div><\/div><\/div><div class=\"kc-elm kc-css-843738 kc_col-sm-4 kc_column kc_col-sm-4\"><div class=\"kc-col-container\"><div class=\"kc-elm kc-css-170630 kc_shortcode kc_single_image\">\n\n        <img decoding=\"async\" src=\"https:\/\/i0.wp.com\/przyslop.pl\/wp-content\/uploads\/2023\/08\/oplaty.png?fit=68%2C100&ssl=1\" class=\"\" alt=\"\" \/>    <\/div>\n<div class=\"kc-elm kc-css-670404 kc_text_block pageText\"><\/p>\n<p>do 3h &#8211; <strong>50 z\u0142<\/strong><br \/>ca\u0142y dzie\u0144 &#8211; <strong>90 z\u0142<\/strong><\/p>\n<p>\n<\/div><\/div><\/div><\/div><\/div><\/section><section class=\"kc-elm kc-css-514615 kc_row pageWhite\"><div class=\"kc-row-container  kc-container\"><div class=\"kc-wrap-columns\"><div class=\"kc-elm kc-css-40276 kc_col-sm-12 kc_column kc_col-sm-12\"><div class=\"kc-col-container\">\n<div class=\"kc-elm kc-css-875061 kc-title-wrap \">\n\n\t<p class=\"kc_title pageHeader\">VPACE MAX20<\/p>\n<\/div>\n<\/div><\/div><\/div><\/div><\/section><section class=\"kc-elm kc-css-171634 kc_row pageWhite\"><div class=\"kc-row-container  kc-container\"><div class=\"kc-wrap-columns\"><div class=\"kc-elm kc-css-294022 kc_col-sm-6 kc_column kc_col-sm-6\"><div class=\"kc-col-container\"><div class=\"kc-elm kc-css-412998 kc_text_block pageText\"><\/p>\n<p>Sportowy, <strong>lekki dzieci\u0119cy rower g\u00f3rski<\/strong> oparty na zasadzie 29er, dla dzieci <strong>od ok. 1,05 m wzrostu.<\/strong> <strong>MAX20<\/strong> to tw\u00f3rca nowej klasy sportowych rower\u00f3w g\u00f3rskich dla dzieci. Niezale\u017cnie od tego, czy chcesz \u015bciga\u0107 si\u0119 XC, czy wybra\u0107 si\u0119 na d\u0142ugie wycieczki, potrzebujesz nie wi\u0119cej ni\u017c MAX\u2026 ale te\u017c nie mniej. Po\u0142\u0105czenie nowoczesnej geometrii, du\u017cych k\u00f3\u0142 i przemy\u015blanego wyposa\u017cenia sprawia, \u017ce MAX jest idealnym partnerem na g\u00f3rsk\u0105 drog\u0119. Dzi\u0119ki <strong>amortyzowanemu widelcowi<\/strong> MAX20 staje si\u0119 rowerem na szlaki: z naszym lekkim widelcem amortyzowanym o skoku 50 mm i nisko osadzon\u0105 kierownic\u0105.<\/p>\n<p>\n<\/div><\/div><\/div><div class=\"kc-elm kc-css-989878 kc_col-sm-6 kc_column kc_col-sm-6\"><div class=\"kc-col-container\"><div class=\"kc-elm kc-css-358827 kc_shortcode kc_single_image\">\n\n        <img decoding=\"async\" src=\"https:\/\/i0.wp.com\/przyslop.pl\/wp-content\/uploads\/2024\/04\/max20-vpace-seite_1600x1600.jpg?fit=1600%2C1032&ssl=1\" class=\"\" alt=\"\" \/>    <\/div>\n<\/div><\/div><\/div><\/div><\/section><section class=\"kc-elm kc-css-496963 kc_row pageWhite\"><div class=\"kc-row-container  kc-container\"><div class=\"kc-wrap-columns\"><div class=\"kc-elm kc-css-921922 kc_col-sm-4 kc_column kc_col-sm-4\"><div class=\"kc-col-container\"><div class=\"kc-elm kc-css-385842 kc_shortcode kc_single_image\">\n\n        <img decoding=\"async\" src=\"https:\/\/i0.wp.com\/przyslop.pl\/wp-content\/uploads\/2023\/10\/rower.png?fit=204%2C100&ssl=1\" class=\"\" alt=\"\" \/>    <\/div>\n<div class=\"kc-elm kc-css-318803 kc_text_block pageText\"><\/p>\n<p>Rozmiar: <strong>20\"<\/strong><br \/>Waga: <strong>8,2\u00a0kg<\/strong><\/p>\n<p>\n<\/div><\/div><\/div><div class=\"kc-elm kc-css-999486 kc_col-sm-4 kc_column kc_col-sm-4\"><div class=\"kc-col-container\"><div class=\"kc-elm kc-css-464140 kc_shortcode kc_single_image\">\n\n        <img decoding=\"async\" src=\"https:\/\/i0.wp.com\/przyslop.pl\/wp-content\/uploads\/2023\/10\/dzeicko.png?fit=84%2C100&ssl=1\" class=\"\" alt=\"\" \/>    <\/div>\n<div class=\"kc-elm kc-css-83990 kc_text_block pageText\"><\/p>\n<p>Wiek: <strong>6-8 lat<\/strong><br \/>Wzrost: <strong>od 105 cm<\/strong><\/p>\n<p>\n<\/div><\/div><\/div><div class=\"kc-elm kc-css-373860 kc_col-sm-4 kc_column kc_col-sm-4\"><div class=\"kc-col-container\"><div class=\"kc-elm kc-css-862043 kc_shortcode kc_single_image\">\n\n        <img decoding=\"async\" src=\"https:\/\/i0.wp.com\/przyslop.pl\/wp-content\/uploads\/2023\/08\/oplaty.png?fit=68%2C100&ssl=1\" class=\"\" alt=\"\" \/>    <\/div>\n<div class=\"kc-elm kc-css-309927 kc_text_block pageText\"><\/p>\n<p>do 3h &#8211; <strong>50 z\u0142<\/strong><br \/>ca\u0142y dzie\u0144 &#8211; <strong>90 z\u0142<\/strong><\/p>\n<p>\n<\/div><\/div><\/div><\/div><\/div><\/section><section class=\"kc-elm kc-css-407779 kc_row pageWhite\"><div class=\"kc-row-container  kc-container\"><div class=\"kc-wrap-columns\"><div class=\"kc-elm kc-css-385530 kc_col-sm-12 kc_column kc_col-sm-12\"><div class=\"kc-col-container\">\n<div class=\"kc-elm kc-css-129082\">\n\t<a class=\"kc_button\" href=\"https:\/\/przyslop.pl\/wp-content\/uploads\/2023\/10\/regulamin_wypozyczalni.pdf\" target=\"_blank\" title=\"\" onclick=\"\">\n\t\tRegulamin\t<\/a>\n<\/div>\n<div class=\"kc-elm kc-css-70270 kc_text_block pageText\"><\/p>\n<p>Opcjonalnie mo\u017cna wypo\u017cyczy\u0107 r\u00f3wnie\u017c kaski i ochraniacze dla dzieci do jazdy MTB.<\/p>\n<p><strong>Trasy rowerowy kt\u00f3rymi mo\u017cesz do nas przyjecha\u0107, oraz przygotowane przez nas propozycje tras wycieczkowych po okolicy:<\/strong><\/p>\n<p>\n<\/div>\n<div class=\"kc-elm kc-css-826765\">\n\t<a class=\"kc_button\" href=\"https:\/\/przyslop.pl\/index.php\/nasze-propozycje-tras-sportowych\/#rowery\" target=\"_self\" title=\"Trasy skitour\/back country\/bieg\u00f3wki\" onclick=\"\">\n\t\tTrasy do pobrania\t<\/a>\n<\/div>\n<\/div><\/div><\/div><\/div><\/section><section class=\"kc-elm kc-css-231222 kc_row\"><div class=\"kc-row-container  kc-container  pageGallery pageWhite\"><div class=\"kc-wrap-columns\"><div class=\"kc-elm kc-css-382133 kc_col-sm-4 kc_column kc_col-sm-4\"><div class=\"kc-col-container\"><div class=\"kc-elm kc-css-71132 kc_shortcode kc_single_image\">\n\n        <img decoding=\"async\" src=\"https:\/\/i0.wp.com\/przyslop.pl\/wp-content\/uploads\/2023\/09\/IMG_20211105_122337.webp?fit=480%2C320&ssl=1\" class=\"\" alt=\"\" \/>    <\/div>\n<\/div><\/div><div class=\"kc-elm kc-css-2108 kc_col-sm-4 kc_column kc_col-sm-4\"><div class=\"kc-col-container\"><div class=\"kc-elm kc-css-877725 kc_shortcode kc_single_image\">\n\n        <img decoding=\"async\" src=\"https:\/\/i0.wp.com\/przyslop.pl\/wp-content\/uploads\/2021\/01\/480x320_Oferta_2.jpg?fit=480%2C320&ssl=1\" class=\"\" alt=\"\" \/>    <\/div>\n<\/div><\/div><div class=\"kc-elm kc-css-905051 kc_col-sm-4 kc_column kc_col-sm-4\"><div class=\"kc-col-container\"><div class=\"kc-elm kc-css-617611 kc_shortcode kc_single_image\">\n\n        <img decoding=\"async\" src=\"https:\/\/i0.wp.com\/przyslop.pl\/wp-content\/uploads\/2023\/09\/P17.jpg?fit=480%2C320&ssl=1\" class=\"\" alt=\"\" \/>    <\/div>\n<\/div><\/div><\/div><\/div><\/section><section class=\"kc-elm kc-css-771244 kc_row pageWhite\"><div class=\"kc-row-container  kc-container\"><div class=\"kc-wrap-columns\"><div class=\"kc-elm kc-css-960927 kc_col-sm-12 kc_column kc_col-sm-12\"><div class=\"kc-col-container\"><div class=\"kc-elm kc-css-621579 kc_text_block pageText\"><\/p>\n<p>Rezerwacji mo\u017cna dokonywa\u0107 mailowo:<br \/><strong>schronisko@przyslop.pl<\/strong><\/p>\n<p>\n<\/div><\/div><\/div><\/div><\/div><\/section><\/p>\n","protected":false},"excerpt":{"rendered":"","protected":false},"author":2,"featured_media":0,"parent":0,"menu_order":0,"comment_status":"closed","ping_status":"closed","template":"tpl-king_composer.php","meta":{"footnotes":""},"class_list":["post-7753","page","type-page","status-publish","hentry"],"jetpack_sharing_enabled":true,"post_mailing_queue_ids":[],"_links":{"self":[{"href":"https:\/\/przyslop.pl\/index.php\/wp-json\/wp\/v2\/pages\/7753","targetHints":{"allow":["GET"]}}],"collection":[{"href":"https:\/\/przyslop.pl\/index.php\/wp-json\/wp\/v2\/pages"}],"about":[{"href":"https:\/\/przyslop.pl\/index.php\/wp-json\/wp\/v2\/types\/page"}],"author":[{"embeddable":true,"href":"https:\/\/przyslop.pl\/index.php\/wp-json\/wp\/v2\/users\/2"}],"replies":[{"embeddable":true,"href":"https:\/\/przyslop.pl\/index.php\/wp-json\/wp\/v2\/comments?post=7753"}],"version-history":[{"count":6,"href":"https:\/\/przyslop.pl\/index.php\/wp-json\/wp\/v2\/pages\/7753\/revisions"}],"predecessor-version":[{"id":8306,"href":"https:\/\/przyslop.pl\/index.php\/wp-json\/wp\/v2\/pages\/7753\/revisions\/8306"}],"wp:attachment":[{"href":"https:\/\/przyslop.pl\/index.php\/wp-json\/wp\/v2\/media?parent=7753"}],"curies":[{"name":"wp","href":"https:\/\/api.w.org\/{rel}","templated":true}]}}