{"id":7159,"date":"2023-09-16T12:36:19","date_gmt":"2023-09-16T10:36:19","guid":{"rendered":"https:\/\/przyslop.pl\/?page_id=7159"},"modified":"2023-09-16T12:36:19","modified_gmt":"2023-09-16T10:36:19","slug":"zwierzeta","status":"publish","type":"page","link":"https:\/\/przyslop.pl\/index.php\/zwierzeta\/","title":{"rendered":"Zwierz\u0119ta"},"content":{"rendered":"<p><section class=\"kc-elm kc-css-96301 kc_row\"><div class=\"kc-row-container  kc-container\"><div class=\"kc-wrap-columns\"><div class=\"kc-elm kc-css-274445 kc_col-sm-12 kc_column kc_col-sm-12\"><div class=\"kc-col-container\"><div class=\"kc-elm kc-css-339282 kc_text_block pageText\"><\/p>\n<p><strong>Kochamy zwierzaki. Zawsze witamy ich i Was z otwartymi ramionami. Jako ich w\u0142a\u015bciciele zapewne chcieliby\u015bcie, aby tak pozosta\u0142o. Zatem niezale\u017cnie od tego, czy przybywacie do nas na nocleg, czy tylko na chwilk\u0119, stosujcie si\u0119 koniecznie do nast\u0119puj\u0105cych zasad panuj\u0105cych w naszym Schronisku.<\/strong><\/p>\n<p>\n<\/div><\/div><\/div><\/div><\/div><\/section><section class=\"kc-elm kc-css-936216 kc_row pageWhite\"><div class=\"kc-row-container  kc-container  pageGallery\"><div class=\"kc-wrap-columns\"><div class=\"kc-elm kc-css-563326 kc_col-sm-4 kc_column kc_col-sm-4\"><div class=\"kc-col-container\"><div class=\"kc-elm kc-css-520441 kc_shortcode kc_single_image\">\n\n        <img decoding=\"async\" src=\"https:\/\/i0.wp.com\/przyslop.pl\/wp-content\/uploads\/2023\/09\/baffi_1.webp?fit=480%2C320&ssl=1\" class=\"\" alt=\"\" \/>    <\/div>\n<\/div><\/div><div class=\"kc-elm kc-css-290163 kc_col-sm-4 kc_column kc_col-sm-4\"><div class=\"kc-col-container\"><div class=\"kc-elm kc-css-188725 kc_shortcode kc_single_image\">\n\n        <img decoding=\"async\" src=\"https:\/\/i0.wp.com\/przyslop.pl\/wp-content\/uploads\/2023\/09\/cats-eyes-5428855_1920.webp?fit=480%2C320&ssl=1\" class=\"\" alt=\"\" \/>    <\/div>\n<\/div><\/div><div class=\"kc-elm kc-css-706630 kc_col-sm-4 kc_column kc_col-sm-4\"><div class=\"kc-col-container\"><div class=\"kc-elm kc-css-397764 kc_shortcode kc_single_image\">\n\n        <img decoding=\"async\" src=\"https:\/\/i0.wp.com\/przyslop.pl\/wp-content\/uploads\/2023\/09\/IMG-20230915-WA0002.webp?fit=480%2C320&ssl=1\" class=\"\" alt=\"\" \/>    <\/div>\n<\/div><\/div><\/div><\/div><\/section><section class=\"kc-elm kc-css-659688 kc_row\"><div class=\"kc-row-container  kc-container\"><div class=\"kc-wrap-columns\"><div class=\"kc-elm kc-css-712979 kc_col-of-5 kc_column kc_col-of-5\"><div class=\"kc-col-container\"><div class=\"kc-elm kc-css-328742 kc_shortcode kc_single_image\">\n\n        <img decoding=\"async\" src=\"https:\/\/i0.wp.com\/przyslop.pl\/wp-content\/uploads\/2023\/09\/sprzatanie.png?fit=85%2C100&ssl=1\" class=\"\" alt=\"\" \/>    <\/div>\n<\/div><\/div><div class=\"kc-elm kc-css-463859 kc_col-sm-10 kc_column kc_col-sm-10\"><div class=\"kc-col-container\"><div class=\"kc-elm kc-css-967155 kc_text_block pageText\"><\/p>\n<p><strong>Sprz\u0105tamy!<\/strong> Potrzebujesz sprz\u0119tu do sprz\u0105tania? Popro\u015b w recepcji!<br \/>Nikt nie lubi pola minowego na podw\u00f3rku, ani fabryki \u017c\u00f3\u0142tego \u015bniegu zim\u0105\u2026 \ud83d\ude42<\/p>\n<ul>\n<li><strong>Wszelkie psie potrzeby za\u0142atwiamy w dalszej odleg\u0142o\u015bci od schroniska<\/strong><br \/>(tak, chodzi r\u00f3wnie\u017c o mocz). Czyli we\u017a psa na spacer, a nie tylko przed wej\u015bcie.<\/li>\n<li><strong>Sprz\u0105tamy wszystkie odchody pozostawione przez swojego psiaka.<\/strong><\/li>\n<li><strong>Balkony nie s\u0142u\u017c\u0105 jako miejsce do za\u0142atwiania potrzeb fizjologicznych zwierz\u0105t.<\/strong> Je\u015bli jednak do czego\u015b takiego dojdzie \u2013 niezw\u0142ocznie sprz\u0105tamy miejsce zdarzenia.<\/li>\n<\/ul>\n<p>\n<\/div><\/div><\/div><\/div><\/div><\/section><section class=\"kc-elm kc-css-749172 kc_row\"><div class=\"kc-row-container  kc-container\"><div class=\"kc-wrap-columns\"><div class=\"kc-elm kc-css-955508 kc_col-of-5 kc_column kc_col-of-5\"><div class=\"kc-col-container\"><div class=\"kc-elm kc-css-918283 kc_shortcode kc_single_image\">\n\n        <img decoding=\"async\" src=\"https:\/\/i0.wp.com\/przyslop.pl\/wp-content\/uploads\/2023\/09\/smycz.webp?fit=109%2C100&ssl=1\" class=\"\" alt=\"\" \/>    <\/div>\n<\/div><\/div><div class=\"kc-elm kc-css-842525 kc_col-sm-10 kc_column kc_col-sm-10\"><div class=\"kc-col-container\"><div class=\"kc-elm kc-css-163032 kc_text_block pageText\"><\/p>\n<p><strong style=\"color:red;\">Trzymamy na smyczy &#8211; koniecznie!<\/strong> Zar\u00f3wno w budynku Schroniska, jak i w jego otoczeniu zwierz\u0119ta mog\u0105 porusza\u0107 si\u0119 wy\u0142\u0105cznie na smyczy (niezale\u017cnie od wieku, wagi, czy usposobienia).<\/p>\n<p>\n<\/div><\/div><\/div><\/div><\/div><\/section><section class=\"kc-elm kc-css-346850 kc_row\"><div class=\"kc-row-container  kc-container\"><div class=\"kc-wrap-columns\"><div class=\"kc-elm kc-css-736326 kc_col-of-5 kc_column kc_col-of-5\"><div class=\"kc-col-container\"><div class=\"kc-elm kc-css-716735 kc_shortcode kc_single_image\">\n\n        <img decoding=\"async\" src=\"https:\/\/i0.wp.com\/przyslop.pl\/wp-content\/uploads\/2023\/09\/kaganiec.png?fit=119%2C100&ssl=1\" class=\"\" alt=\"\" \/>    <\/div>\n<\/div><\/div><div class=\"kc-elm kc-css-828128 kc_col-sm-10 kc_column kc_col-sm-10\"><div class=\"kc-col-container\"><div class=\"kc-elm kc-css-320584 kc_text_block pageText\"><\/p>\n<p><strong>Agresywnym zak\u0142adamy kaganiec.<\/strong>\u00a0Zar\u00f3wno w budynku Schroniska, jak i w jego otoczeniu.<\/p>\n<p>\n<\/div><\/div><\/div><\/div><\/div><\/section><section class=\"kc-elm kc-css-583973 kc_row\"><div class=\"kc-row-container  kc-container\"><div class=\"kc-wrap-columns\"><div class=\"kc-elm kc-css-834874 kc_col-of-5 kc_column kc_col-of-5\"><div class=\"kc-col-container\"><div class=\"kc-elm kc-css-392142 kc_shortcode kc_single_image\">\n\n        <img decoding=\"async\" src=\"https:\/\/i0.wp.com\/przyslop.pl\/wp-content\/uploads\/2023\/09\/szanuj_innych.webp?fit=109%2C100&ssl=1\" class=\"\" alt=\"\" \/>    <\/div>\n<\/div><\/div><div class=\"kc-elm kc-css-131352 kc_col-sm-10 kc_column kc_col-sm-10\"><div class=\"kc-col-container\"><div class=\"kc-elm kc-css-318389 kc_text_block pageText\"><\/p>\n<p><strong>Szanujemy innych.<\/strong>\u00a0Nie ka\u017cdy lubi sp\u0119dza\u0107 czas w towarzystwie nawet najgrzeczniejszego zwierz\u0119cia.<\/p>\n<p>\n<\/div><\/div><\/div><\/div><\/div><\/section><section class=\"kc-elm kc-css-623286 kc_row\"><div class=\"kc-row-container  kc-container\"><div class=\"kc-wrap-columns\"><div class=\"kc-elm kc-css-562193 kc_col-of-5 kc_column kc_col-of-5\"><div class=\"kc-col-container\"><div class=\"kc-elm kc-css-449923 kc_shortcode kc_single_image\">\n\n        <img decoding=\"async\" src=\"https:\/\/i0.wp.com\/przyslop.pl\/wp-content\/uploads\/2023\/09\/zwierzeta_na_lozku.png?fit=100%2C100&ssl=1\" class=\"\" alt=\"\" \/>    <\/div>\n<\/div><\/div><div class=\"kc-elm kc-css-706232 kc_col-sm-10 kc_column kc_col-sm-10\"><div class=\"kc-col-container\"><div class=\"kc-elm kc-css-344984 kc_text_block pageText\"><\/p>\n<p><strong>Zwierz\u0119ta nie mog\u0105 spa\u0107 na \u0142\u00f3\u017cku.<\/strong>\u00a0Utrudnia to w znacznym stopniu doprowadzenie ich do czysto\u015bci dla kolejnych go\u015bci.<\/p>\n<p>\n<\/div><\/div><\/div><\/div><\/div><\/section><section class=\"kc-elm kc-css-501952 kc_row\"><div class=\"kc-row-container  kc-container\"><div class=\"kc-wrap-columns\"><div class=\"kc-elm kc-css-438661 kc_col-sm-12 kc_column kc_col-sm-12\"><div class=\"kc-col-container\"><div class=\"kc-elm kc-css-320605 kc_text_block pageText\"><\/p>\n<p style=\"color:red;\"><strong>Za wszelkie zniszczenia odpowiada w\u0142a\u015bciciel czworonoga.<\/strong><br \/>Jest dla nas oczywiste, \u017ce \u201ejeste\u015b odpowiedzialny za to, co oswoi\u0142e\u015b\u201d.<\/p>\n<p>\n<\/div><\/div><\/div><\/div><\/div><\/section><section class=\"kc-elm kc-css-505311 kc_row pageWhite\"><div class=\"kc-row-container  kc-container  pageGallery\"><div class=\"kc-wrap-columns\"><div class=\"kc-elm kc-css-16391 kc_col-sm-4 kc_column kc_col-sm-4\"><div class=\"kc-col-container\"><div class=\"kc-elm kc-css-514554 kc_shortcode kc_single_image\">\n\n        <img decoding=\"async\" src=\"https:\/\/i0.wp.com\/przyslop.pl\/wp-content\/uploads\/2023\/09\/jamnik1.png?fit=480%2C320&ssl=1\" class=\"\" alt=\"\" \/>    <\/div>\n<\/div><\/div><div class=\"kc-elm kc-css-402784 kc_col-sm-4 kc_column kc_col-sm-4\"><div class=\"kc-col-container\"><div class=\"kc-elm kc-css-655407 kc_shortcode kc_single_image\">\n\n        <img decoding=\"async\" src=\"https:\/\/i0.wp.com\/przyslop.pl\/wp-content\/uploads\/2023\/09\/jamnik2.png?fit=480%2C320&ssl=1\" class=\"\" alt=\"\" \/>    <\/div>\n<\/div><\/div><div class=\"kc-elm kc-css-91005 kc_col-sm-4 kc_column kc_col-sm-4\"><div class=\"kc-col-container\"><div class=\"kc-elm kc-css-914298 kc_shortcode kc_single_image\">\n\n        <img decoding=\"async\" src=\"https:\/\/i0.wp.com\/przyslop.pl\/wp-content\/uploads\/2023\/09\/jamnik3.png?fit=480%2C320&ssl=1\" class=\"\" alt=\"\" \/>    <\/div>\n<\/div><\/div><\/div><\/div><\/section><\/p>\n","protected":false},"excerpt":{"rendered":"","protected":false},"author":2,"featured_media":0,"parent":0,"menu_order":0,"comment_status":"closed","ping_status":"closed","template":"tpl-king_composer.php","meta":{"footnotes":""},"class_list":["post-7159","page","type-page","status-publish","hentry"],"jetpack_sharing_enabled":true,"post_mailing_queue_ids":[],"_links":{"self":[{"href":"https:\/\/przyslop.pl\/index.php\/wp-json\/wp\/v2\/pages\/7159","targetHints":{"allow":["GET"]}}],"collection":[{"href":"https:\/\/przyslop.pl\/index.php\/wp-json\/wp\/v2\/pages"}],"about":[{"href":"https:\/\/przyslop.pl\/index.php\/wp-json\/wp\/v2\/types\/page"}],"author":[{"embeddable":true,"href":"https:\/\/przyslop.pl\/index.php\/wp-json\/wp\/v2\/users\/2"}],"replies":[{"embeddable":true,"href":"https:\/\/przyslop.pl\/index.php\/wp-json\/wp\/v2\/comments?post=7159"}],"version-history":[{"count":4,"href":"https:\/\/przyslop.pl\/index.php\/wp-json\/wp\/v2\/pages\/7159\/revisions"}],"predecessor-version":[{"id":8230,"href":"https:\/\/przyslop.pl\/index.php\/wp-json\/wp\/v2\/pages\/7159\/revisions\/8230"}],"wp:attachment":[{"href":"https:\/\/przyslop.pl\/index.php\/wp-json\/wp\/v2\/media?parent=7159"}],"curies":[{"name":"wp","href":"https:\/\/api.w.org\/{rel}","templated":true}]}}