{"id":6657,"date":"2023-06-17T19:07:13","date_gmt":"2023-06-17T17:07:13","guid":{"rendered":"https:\/\/przyslop.pl\/?page_id=6657"},"modified":"2023-10-01T14:17:50","modified_gmt":"2023-10-01T12:17:50","slug":"dolacz-do-newslettera","status":"publish","type":"page","link":"https:\/\/przyslop.pl\/index.php\/dolacz-do-newslettera\/","title":{"rendered":"Do\u0142\u0105cz do newslettera"},"content":{"rendered":"<section class=\"kc-elm kc-css-676061 kc_row\"><div class=\"kc-row-container  kc-container\"><div class=\"kc-wrap-columns\"><div class=\"kc-elm kc-css-188228 kc_col-sm-12 kc_column kc_col-sm-12\"><div class=\"kc-col-container\"><div class=\"kc-elm kc-css-722510 kc-raw-code\"><div class=\"emaillist\" id=\"es_form_f2-n1\"><form action=\"\/index.php\/wp-json\/wp\/v2\/pages\/6657#es_form_f2-n1\" method=\"post\" class=\"es_subscription_form es_shortcode_form \" id=\"es_subscription_form_6a07df873ed3f\" data-source=\"ig-es\" data-form-id=\"2\"><div class=\"es_caption\"><b>Je\u015bli chcesz otrzymywa\u0107 nasze nowe oferty, to zapisz si\u0119 na newsletter<\/b><\/div><div class=\"es-field-wrap\"><label>e-mail*<br \/><input class=\"es_required_field es_txt_email ig_es_form_field_email\" type=\"email\" name=\"esfpx_email\" value=\"\" placeholder=\"e-mail\" required=\"required\" \/><\/label><\/div><input type=\"hidden\" name=\"esfpx_lists[]\" value=\"6fdc3ae1d054\" \/><input type=\"hidden\" name=\"esfpx_form_id\" value=\"2\" \/><input type=\"hidden\" name=\"es\" value=\"subscribe\" \/>\n\t\t\t<input type=\"hidden\" name=\"esfpx_es_form_identifier\" value=\"f2-n1\" \/>\n\t\t\t<input type=\"hidden\" name=\"esfpx_es_email_page\" value=\"6657\" \/>\n\t\t\t<input type=\"hidden\" name=\"esfpx_es_email_page_url\" value=\"https:\/\/przyslop.pl\/index.php\/dolacz-do-newslettera\/\" \/>\n\t\t\t<input type=\"hidden\" name=\"esfpx_status\" value=\"Unconfirmed\" \/>\n\t\t\t<input type=\"hidden\" name=\"esfpx_es-subscribe\" id=\"es-subscribe-6a07df873ed3f\" value=\"82b36c8432\" \/>\n\t\t\t<label style=\"position:absolute;top:-99999px;left:-99999px;z-index:-99;\" aria-hidden=\"true\"><span hidden>Please leave this field empty.<\/span><input type=\"email\" name=\"esfpx_es_hp_email\" class=\"es_required_field\" tabindex=\"-1\" autocomplete=\"-1\" value=\"\" \/><\/label><label style=\"display: inline\"><input type=\"checkbox\" name=\"es_gdpr_consent\" value=\"true\" required=\"required\" \/>&nbsp;Akceptuj\u0119 <a href=\"https:\/\/przyslop.pl\/index.php\/polityka-prywatnosci\/\">Polityk\u0119 Prywatno\u015bci<\/a><\/label><br \/><input type=\"submit\" name=\"submit\" class=\"es_subscription_form_submit es_submit_button es_textbox_button\" id=\"es_subscription_form_submit_6a07df873ed3f\" value=\"Subskrybuj\" \/><span class=\"es_spinner_image\" id=\"spinner-image\"><img data-recalc-dims=\"1\" decoding=\"async\" src=\"https:\/\/i0.wp.com\/przyslop.pl\/wp-content\/plugins\/email-subscribers-premium\/lite\/public\/images\/spinner.gif?ssl=1\" alt=\"Loading\" \/><\/span><\/form><span class=\"es_subscription_message \" id=\"es_subscription_message_6a07df873ed3f\"><\/span><\/div><\/div><\/div><\/div><\/div><\/div><\/section>\n","protected":false},"excerpt":{"rendered":"","protected":false},"author":2,"featured_media":0,"parent":0,"menu_order":0,"comment_status":"closed","ping_status":"closed","template":"tpl-king_composer.php","meta":{"footnotes":""},"class_list":["post-6657","page","type-page","status-publish","hentry"],"jetpack_sharing_enabled":true,"post_mailing_queue_ids":[],"_links":{"self":[{"href":"https:\/\/przyslop.pl\/index.php\/wp-json\/wp\/v2\/pages\/6657","targetHints":{"allow":["GET"]}}],"collection":[{"href":"https:\/\/przyslop.pl\/index.php\/wp-json\/wp\/v2\/pages"}],"about":[{"href":"https:\/\/przyslop.pl\/index.php\/wp-json\/wp\/v2\/types\/page"}],"author":[{"embeddable":true,"href":"https:\/\/przyslop.pl\/index.php\/wp-json\/wp\/v2\/users\/2"}],"replies":[{"embeddable":true,"href":"https:\/\/przyslop.pl\/index.php\/wp-json\/wp\/v2\/comments?post=6657"}],"version-history":[{"count":1,"href":"https:\/\/przyslop.pl\/index.php\/wp-json\/wp\/v2\/pages\/6657\/revisions"}],"predecessor-version":[{"id":6658,"href":"https:\/\/przyslop.pl\/index.php\/wp-json\/wp\/v2\/pages\/6657\/revisions\/6658"}],"wp:attachment":[{"href":"https:\/\/przyslop.pl\/index.php\/wp-json\/wp\/v2\/media?parent=6657"}],"curies":[{"name":"wp","href":"https:\/\/api.w.org\/{rel}","templated":true}]}}