{"id":6626,"date":"2023-08-02T15:04:47","date_gmt":"2023-08-02T13:04:47","guid":{"rendered":"https:\/\/przyslop.pl\/?page_id=6626"},"modified":"2024-02-14T14:29:09","modified_gmt":"2024-02-14T13:29:09","slug":"oferta-dla-szkol-podstawowych","status":"publish","type":"page","link":"https:\/\/przyslop.pl\/index.php\/oferta-dla-szkol-podstawowych\/","title":{"rendered":"Oferta dla szk\u00f3\u0142 podstawowych"},"content":{"rendered":"<p><section class=\"kc-elm kc-css-951323 kc_row\"><div class=\"kc-row-container  kc-container\"><div class=\"kc-wrap-columns\"><div class=\"kc-elm kc-css-824613 kc_col-sm-12 kc_column kc_col-sm-12\"><div class=\"kc-col-container\"><div class=\"kc-elm kc-css-896910 kc_text_block pageText\"><\/p>\n<p><strong>Zach\u0119camy, by wyruszy\u0107 na szkoln\u0105 wycieczk\u0119 pod Barani\u0105 G\u00f3r\u0119!<\/strong> Okolica to nie tylko szczyt Baraniej i malownicze szlaki, ale r\u00f3wnie\u017c mn\u00f3stwo innych cennych przyrodniczo miejsc: <strong>Groty w Ga\u0144czorce, Jaskinia Malinowska, Kaskady Rod\u0142a, \u017ar\u00f3d\u0142a Wis\u0142y, \u017ar\u00f3d\u0142a Olzy&#8230;<\/strong> Szczeg\u00f3\u0142y w zak\u0142adce >>> <a href=\"https:\/\/przyslop.pl\/index.php\/okolica\/\" target=\"_blank\" rel=\"noopener\">OKOLICA<\/a>. Jako dodatek do atrakcji oferowanych przez natur\u0119, warto skorzysta\u0107 r\u00f3wnie\u017c z r\u00f3\u017cnorodnych warsztat\u00f3w i aktywno\u015bci dodatkowych, przygotowanych z my\u015bl\u0105 o grupach szkolnych!<\/p>\n<p>\n<\/div><\/div><\/div><\/div><\/div><\/section><section class=\"kc-elm kc-css-662622 kc_row\"><div class=\"kc-row-container  kc-container  pageGallery pageWhite\"><div class=\"kc-wrap-columns\"><div class=\"kc-elm kc-css-792606 kc_col-sm-4 kc_column kc_col-sm-4\"><div class=\"kc-col-container\"><div class=\"kc-elm kc-css-393384 kc_shortcode kc_single_image\">\n\n        <img decoding=\"async\" src=\"https:\/\/i0.wp.com\/przyslop.pl\/wp-content\/uploads\/2023\/08\/13.jpg?fit=480%2C320&ssl=1\" class=\"\" alt=\"\" \/>    <\/div>\n<\/div><\/div><div class=\"kc-elm kc-css-335662 kc_col-sm-4 kc_column kc_col-sm-4\"><div class=\"kc-col-container\"><div class=\"kc-elm kc-css-742350 kc_shortcode kc_single_image\">\n\n        <img decoding=\"async\" src=\"https:\/\/i0.wp.com\/przyslop.pl\/wp-content\/uploads\/2023\/08\/12.jpg?fit=480%2C320&ssl=1\" class=\"\" alt=\"\" \/>    <\/div>\n<\/div><\/div><div class=\"kc-elm kc-css-863124 kc_col-sm-4 kc_column kc_col-sm-4\"><div class=\"kc-col-container\"><div class=\"kc-elm kc-css-134635 kc_shortcode kc_single_image\">\n\n        <img decoding=\"async\" src=\"https:\/\/i0.wp.com\/przyslop.pl\/wp-content\/uploads\/2023\/08\/11.jpg?fit=480%2C320&ssl=1\" class=\"\" alt=\"\" \/>    <\/div>\n<\/div><\/div><\/div><\/div><\/section><section class=\"kc-elm kc-css-457827 kc_row pageBlue\"><div class=\"kc-row-container  kc-container\"><div class=\"kc-wrap-columns\"><div class=\"kc-elm kc-css-925525 kc_col-sm-12 kc_column kc_col-sm-12\"><div class=\"kc-col-container\">\n<div class=\"kc-elm kc-css-493813 kc-title-wrap \">\n\n\t<p class=\"kc_title pageHeader\">cennik<\/p>\n<\/div>\n<div class=\"kc-elm kc-css-553332 kc_text_block pageText\"><\/p>\n<p><strong>Ceny podane s\u0105 w przeliczeniu na <strong style=\"color: #dd3333;\">1 osob\u0119\/1 noc<\/strong>. Ceny dotycz\u0105 nocleg\u00f3w w tygodniu pomi\u0119dzy niedziel\u0105, a pi\u0105tkiem w okresie 1.04.2025-23.12-2025 z wy\u0142\u0105czeniem tzw. d\u0142ugich weekend\u00f3w jak maj\u00f3wka, weekend bo\u017cocia\u0142owy i inne.<\/strong><\/p>\n<p>\n<\/div><\/div><\/div><\/div><\/div><\/section><section class=\"kc-elm kc-css-216237 kc_row pageBlue\"><div class=\"kc-row-container  kc-container   \"><div class=\"kc-wrap-columns\"><div class=\"kc-elm kc-css-714196 kc_col-sm-3 kc_column kc_col-sm-3\"><div class=\"kc-col-container\"><div class=\"kc-elm kc-css-381347 kc_text_block pageText\"><\/p>\n<p><strong>nocleg<\/strong><\/p>\n<p>\n<\/div><div class=\"kc-elm kc-css-100928 kc_text_block pageText\"><\/p>\n<p><strong><span style=\"font-style: inherit;\">POKOJE 6-11 os.<\/span><\/strong><\/p>\n<p>\n<\/div><div class=\"kc-elm kc-css-282366 kc_text_block pageText pageWhite\"><\/p>\n<p><strong>1.03-26.06.2026<\/strong><br \/><strong>1.09-23.12.2026<\/strong><br \/>1-2 noce &#8211; 63 z\u0142 \/ os. \/ noc<br \/>3-4 noce &#8211; 59 z\u0142 \/ os.&nbsp;\/ noc<br \/>od 5 nocy &#8211; 57 z\u0142 \/ os.\/ noc<\/p>\n<p>\n<\/div><div class=\"kc-elm kc-css-363353 kc_text_block pageText pageWhite\"><\/p>\n<p><strong>27.06 &#8211; 31.08.2026<\/strong><br \/>1-2 noce &#8211; 76 z\u0142 \/ os. \/ noc<br \/>3-4 noce &#8211; 74 z\u0142 \/ os.&nbsp;\/ noc<br \/>od 5 nocy &#8211; 73 z\u0142 \/ os.\/ noc<\/p>\n<p>\n<\/div><div class=\"kc-elm kc-css-958014 kc_text_block pageText\"><\/p>\n<p><strong>POKOJE 2-3 os.<\/strong><br \/>z \u0142azienk\u0105<\/p>\n<p>\n<\/div><div class=\"kc-elm kc-css-916401 kc_text_block pageText pageWhite\"><\/p>\n<p><strong>1.03-26.06.2026<\/strong><br \/><strong>1.09-23.12.2026<\/strong><br \/>1-2 noce &#8211; 103 z\u0142 \/ os. \/ noc<br \/>3-4 noce &#8211; 98 z\u0142 \/ os.&nbsp;\/ noc<br \/>od 5 nocy &#8211; 93 z\u0142 \/ os.\/ noc<\/p>\n<p>\n<\/div><div class=\"kc-elm kc-css-29064 kc_text_block pageText pageWhite\"><\/p>\n<p><strong>27.06 &#8211; 31.08.2026<\/strong><br \/>1-2 noce &#8211; 118 z\u0142 \/ os. \/ noc<br \/>3-4 noce &#8211; 115 z\u0142 \/ os.&nbsp;\/ noc<br \/>od 5 nocy &#8211; 112 z\u0142 \/ os.\/ noc<\/p>\n<p>\n<\/div><\/div><\/div><div class=\"kc-elm kc-css-557054 kc_col-sm-3 kc_column kc_col-sm-3\"><div class=\"kc-col-container\"><div class=\"kc-elm kc-css-551355 kc_text_block pageText\"><\/p>\n<p><strong>nocleg<\/strong><br \/><strong>\u015bniadanie<\/strong><br \/><strong>jednodaniowa kolacja<\/strong><\/p>\n<p>\n<\/div><div class=\"kc-elm kc-css-375867 kc_text_block pageText\"><\/p>\n<p><strong><span style=\"font-style: inherit;\">POKOJE 6-11 os.<\/span><\/strong><\/p>\n<p>\n<\/div><div class=\"kc-elm kc-css-926932 kc_text_block pageText pageWhite\"><\/p>\n<p><strong>1.03-26.06.2026<\/strong><br \/><strong>1.09-23.12.2026<\/strong><br \/>1-2 noce &#8211; 103 z\u0142 \/ os. \/ noc<br \/>3-4 noce &#8211; 100 z\u0142 \/ os.&nbsp;\/ noc<br \/>od 5 nocy &#8211; 98 z\u0142 \/ os.\/ noc<\/p>\n<p>\n<\/div><div class=\"kc-elm kc-css-187734 kc_text_block pageText pageWhite\"><\/p>\n<p><strong>27.06 &#8211; 31.08.2026<\/strong><br \/>1-2 noce &#8211; 116 z\u0142 \/ os. \/ noc<br \/>3-4 noce &#8211; 114 z\u0142 \/ os.&nbsp;\/ noc<br \/>od 5 nocy &#8211; 113 z\u0142 \/ os.\/ noc<\/p>\n<p>\n<\/div><div class=\"kc-elm kc-css-702996 kc_text_block pageText\"><\/p>\n<p><strong>POKOJE 2-3 os.<\/strong><br \/>z \u0142azienk\u0105<\/p>\n<p>\n<\/div><div class=\"kc-elm kc-css-971471 kc_text_block pageText pageWhite\"><\/p>\n<p><strong>1.03-26.06.2026<\/strong><br \/><strong>1.09-23.122.2026<\/strong><br \/>1-2 noce &#8211; 144 z\u0142 \/ os. \/ noc<br \/>3-4 noce &#8211; 138 z\u0142 \/ os.&nbsp;\/ noc<br \/>od 5 nocy &#8211; 134 z\u0142 \/ os.\/ noc<\/p>\n<p>\n<\/div><div class=\"kc-elm kc-css-479697 kc_text_block pageText pageWhite\"><\/p>\n<p><strong>27.06 &#8211; 31.08.2026<\/strong><br \/>1-2 noce &#8211; 159 z\u0142 \/ os. \/ noc<br \/>3-4 noce &#8211; 155 z\u0142 \/ os.&nbsp;\/ noc<br \/>od 5 nocy &#8211; 152 z\u0142 \/ os.\/ noc<\/p>\n<p>\n<\/div><\/div><\/div><div class=\"kc-elm kc-css-663755 kc_col-sm-3 kc_column kc_col-sm-3\"><div class=\"kc-col-container\"><div class=\"kc-elm kc-css-947968 kc_text_block pageText\"><\/p>\n<p><strong>nocleg<\/strong><br \/><strong>\u015bniadanie<\/strong><br \/><strong>dwudaniowa obiadokolacja<\/strong><\/p>\n<p>\n<\/div><div class=\"kc-elm kc-css-61914 kc_text_block pageText\"><\/p>\n<p><strong><span style=\"font-style: inherit;\">POKOJE 6-11 os.<\/span><\/strong><\/p>\n<p>\n<\/div><div class=\"kc-elm kc-css-657204 kc_text_block pageText pageWhite\"><\/p>\n<p><strong>1.03-26.06.2026<\/strong><br \/><strong>1.09-23.12.2026<\/strong><br \/>1-2 noce &#8211; 120 z\u0142 \/ os. \/ noc<br \/>3-4 noce &#8211; 117 z\u0142 \/ os.&nbsp;\/ noc<br \/>od 5 nocy &#8211; 115 z\u0142 \/ os.\/ noc<\/p>\n<p>\n<\/div><div class=\"kc-elm kc-css-419724 kc_text_block pageText pageWhite\"><\/p>\n<p><strong>27.06 &#8211; 31.08.2026<\/strong><br \/>1-2 noce &#8211; 134 z\u0142 \/ os. \/ noc<br \/>3-4 noce &#8211; 132 z\u0142 \/ os.&nbsp;\/ noc<br \/>od 5 nocy &#8211; 131 z\u0142 \/ os.\/ noc<\/p>\n<p>\n<\/div><div class=\"kc-elm kc-css-718142 kc_text_block pageText\"><\/p>\n<p><strong>POKOJE 2-3 os.<\/strong><br \/>z \u0142azienk\u0105<\/p>\n<p>\n<\/div><div class=\"kc-elm kc-css-982956 kc_text_block pageText pageWhite\"><\/p>\n<p><strong>1.03-26.06.2026<\/strong><br \/><strong>1.09-23.12.2026<\/strong><br \/>1-2 noce &#8211; 161 z\u0142 \/ os. \/ noc<br \/>3-4 noce &#8211; 155 z\u0142 \/ os.&nbsp;\/ noc<br \/>od 5 nocy &#8211; 151 z\u0142 \/ os.\/ noc<\/p>\n<p>\n<\/div><div class=\"kc-elm kc-css-630529 kc_text_block pageText pageWhite\"><\/p>\n<p><strong>27.06 &#8211; 31.08.08.2026<\/strong><br \/>1-2 noce &#8211; 177 z\u0142 \/ os. \/ noc<br \/>3-4 noce &#8211; 173 z\u0142 \/ os.&nbsp;\/ noc<br \/>od 5 nocy &#8211; 170 z\u0142 \/ os.\/ noc<\/p>\n<p>\n<\/div><\/div><\/div><div class=\"kc-elm kc-css-11055 kc_col-sm-3 kc_column kc_col-sm-3\"><div class=\"kc-col-container\"><div class=\"kc-elm kc-css-903871 kc_text_block pageText\"><\/p>\n<p><strong>nocleg<\/strong><br \/><strong>\u015bniadanie<\/strong><br \/><strong>dwudaniowy obiad<\/strong><br \/><strong>jednodaniowa kolacja<\/strong><\/p>\n<p>\n<\/div><div class=\"kc-elm kc-css-281831 kc_text_block pageText\"><\/p>\n<p><strong><span style=\"font-style: inherit;\">POKOJE 6-11 os.<\/span><\/strong><\/p>\n<p>\n<\/div><div class=\"kc-elm kc-css-52729 kc_text_block pageText pageWhite\"><\/p>\n<p><strong>1.03-26.06.2026<\/strong><br \/><strong>1.09-23.12.2026<\/strong><br \/>1-2 noce &#8211; 147 z\u0142 \/ os. \/ noc<br \/>3-4 noce &#8211; 144 z\u0142 \/ os.&nbsp;\/ noc<br \/>od 5 nocy &#8211; 143 z\u0142 \/ os.\/ noc<\/p>\n<p>\n<\/div><div class=\"kc-elm kc-css-948049 kc_text_block pageText pageWhite\"><\/p>\n<p><strong>27.06 &#8211; 31.08.2026<\/strong><br \/>1-2 noce &#8211; 161 z\u0142 \/ os. \/ noc<br \/>3-4 noce &#8211; 159 z\u0142 \/ os.&nbsp;\/ noc<br \/>od 5 nocy &#8211; 157 z\u0142 \/ os.\/ noc<\/p>\n<p>\n<\/div><div class=\"kc-elm kc-css-879238 kc_text_block pageText\"><\/p>\n<p><strong>POKOJE 2-3 os.<\/strong><br \/>z \u0142azienk\u0105<\/p>\n<p>\n<\/div><div class=\"kc-elm kc-css-836961 kc_text_block pageText pageWhite\"><\/p>\n<p><strong>1.03-26.06.2026<\/strong><br \/><strong>1.09-23.12.2026<\/strong><br \/>1-2 noce &#8211; 188 z\u0142 \/ os. \/ noc<br \/>3-4 noce &#8211; 183 z\u0142 \/ os.&nbsp;\/ noc<br \/>od 5 nocy &#8211; 179 z\u0142 \/ os.\/ noc<\/p>\n<p>\n<\/div><div class=\"kc-elm kc-css-320592 kc_text_block pageText pageWhite\"><\/p>\n<p><strong>27.06 &#8211; 31.08.2026<\/strong><br \/>1-2 noce &#8211; 203 z\u0142 \/ os. \/ noc<br \/>3-4 noce &#8211; 200 z\u0142 \/ os.&nbsp;\/ noc<br \/>od 5 nocy &#8211; 197 z\u0142 \/ os.\/ noc<\/p>\n<p>\n<\/div><\/div><\/div><\/div><\/div><\/section><section class=\"kc-elm kc-css-774202 kc_row pageBlue\"><div class=\"kc-row-container  kc-container\"><div class=\"kc-wrap-columns\"><div class=\"kc-elm kc-css-421592 kc_col-sm-6 kc_column kc_col-sm-6\"><div class=\"kc-col-container\">\n<div class=\"kc-elm kc-css-342770 kc-title-wrap \">\n\n\t<p class=\"kc_title pageHeader\">DODATKOWE BENEFITY<\/p>\n<\/div>\n<div class=\"kc-elm kc-css-375156 kc_text_block pageText\"><\/p>\n<ul>\n<li>Ka\u017cda co 16. osoba &#8211; pobyt (nocleg i wy\u017cywienie) &#8211; <strong style=\"color: #dd3333;\">GRATIS<\/strong><\/li>\n<li>1 kawa z ekspresu + 1 ciasto \/ dob\u0119 dla opiekun\u00f3w &#8211; <strong style=\"color: #dd3333;\">GRATIS<\/strong><\/li>\n<li>Sala multifunkcyjna 90 m do zaj\u0119\u0107\/aktywno\u015bci wszelakich, ze sto\u0142em do ping-ponga i mini \u015bciank\u0105 wspinaczkow\u0105 + sprz\u0119t multimedialny (projektor, ekran, g\u0142o\u015bniki) w ramach dost\u0119pno\u015bci w danym terminie &#8211; <strong style=\"color: #dd3333;\">GRATIS<\/strong>,<\/li>\n<li>Woda do posi\u0142ku &#8211; <strong style=\"color: #dd3333;\">GRATIS<\/strong><\/li>\n<\/ul>\n<p>\n<\/div><\/div><\/div><div class=\"kc-elm kc-css-979655 kc_col-sm-6 kc_column kc_col-sm-6\"><div class=\"kc-col-container\">\n<div class=\"kc-elm kc-css-588636 kc-title-wrap \">\n\n\t<p class=\"kc_title pageHeader\">Wa\u017cne<\/p>\n<\/div>\n<div class=\"kc-elm kc-css-581656 kc_text_block pageText\"><\/p>\n<p><strong>Cena nie obejmuje:<\/strong><\/p>\n<ul>\n<li>po\u015bcieli (+ 21,5 z\u0142\/os. lub w\u0142asny \u015bpiw\u00f3r),<\/li>\n<li>napoj\u00f3w.<\/li>\n<\/ul>\n<p><strong>Zakres menu uj\u0119tego w cenie okre\u015bla schronisko.<\/strong><br \/><strong>Do wyboru w ramach posi\u0142k\u00f3w s\u0105 nast\u0119puj\u0105ce dania:<\/strong><\/p>\n<ul>\n<li><strong>\u015bniadania<\/strong>: jajecznica na ma\u015ble z chlebem, par\u00f3wki z chlebem, p\u0142atki z mlekiem, kanapki (mas\u0142o, ser, w\u0119dlina, warzywa, d\u017cem),<\/li>\n<li><strong>zupy<\/strong>: og\u00f3rkowa, pomidorowa, ros\u00f3\u0142 (w przypadku d\u0142u\u017cszych pobyt\u00f3w przedstawimy dodatkowe propozycje),<\/li>\n<li><strong>kolacje lub drugie dania<\/strong>: pierogi, nale\u015bniki, kluski na parze, leniwe, kopytka, przys\u0142opowe gniocchi, bigos, bogracz, fasolka po breto\u0144sku, makaron napoli, zapiekanki z pieca, szwedzki bufet kanapkowy lub ognisko (kielbaska, oscypek, pieczywo, ketchup, musztarda, mas\u0142o).<\/li>\n<\/ul>\n<p>\n<\/div><div class=\"kc-elm kc-css-245050 kc_text_block pageText\"><\/p>\n<p>\n<strong>Mo\u017cliwe inne dania za dop\u0142at\u0105.<\/strong><\/p>\n<p>\n<\/div><\/div><\/div><\/div><\/div><\/section><section class=\"kc-elm kc-css-383527 kc_row pageBlue\"><div class=\"kc-row-container  kc-container  pageGallery\"><div class=\"kc-wrap-columns\"><div class=\"kc-elm kc-css-992898 kc_col-sm-4 kc_column kc_col-sm-4\"><div class=\"kc-col-container\"><div class=\"kc-elm kc-css-779980 kc_shortcode kc_single_image\">\n\n        <img decoding=\"async\" src=\"https:\/\/i0.wp.com\/przyslop.pl\/wp-content\/uploads\/2023\/09\/10.jpg?fit=480%2C320&ssl=1\" class=\"\" alt=\"\" \/>    <\/div>\n<\/div><\/div><div class=\"kc-elm kc-css-487285 kc_col-sm-4 kc_column kc_col-sm-4\"><div class=\"kc-col-container\"><div class=\"kc-elm kc-css-916465 kc_shortcode kc_single_image\">\n\n        <img decoding=\"async\" src=\"https:\/\/i0.wp.com\/przyslop.pl\/wp-content\/uploads\/2021\/11\/3_v1.jpg?fit=480%2C320&ssl=1\" class=\"\" alt=\"\" \/>    <\/div>\n<\/div><\/div><div class=\"kc-elm kc-css-59681 kc_col-sm-4 kc_column kc_col-sm-4\"><div class=\"kc-col-container\"><div class=\"kc-elm kc-css-111411 kc_shortcode kc_single_image\">\n\n        <img decoding=\"async\" src=\"https:\/\/i0.wp.com\/przyslop.pl\/wp-content\/uploads\/2023\/09\/DSC2531_1-2.jpg?fit=1280%2C854&ssl=1\" class=\"\" alt=\"\" \/>    <\/div>\n<\/div><\/div><\/div><\/div><\/section><section class=\"kc-elm kc-css-485703 kc_row\"><div class=\"kc-row-container  kc-container\"><div class=\"kc-wrap-columns\"><\/div><\/div><\/section><section class=\"kc-elm kc-css-718159 kc_row\"><div class=\"kc-row-container  kc-container\"><div class=\"kc-wrap-columns\"><\/div><\/div><\/section><section class=\"kc-elm kc-css-410018 kc_row pageWhite\"><div class=\"kc-row-container  kc-container\"><div class=\"kc-wrap-columns\"><div class=\"kc-elm kc-css-234709 kc_col-sm-12 kc_column kc_col-sm-12\"><div class=\"kc-col-container\">\n<div class=\"kc-elm kc-css-663726 kc-title-wrap \">\n\n\t<p class=\"kc_title pageHeader\">Masz pytania?<br>\r\nNapisz lub zadzwo\u0144 do nas!<\/p>\n<\/div>\n<div class=\"kc-elm kc-css-58834 kc_text_block pageText\"><\/p>\n<p>Instagram: <a href=\"https:\/\/www.instagram.com\/schronisko_przyslop\" target=\"_blank\" rel=\"noopener\">@schronisko_przyslop<\/a><br \/>Facebook: <a href=\"https:\/\/www.facebook.com\/przyslop\" target=\"_blank\" rel=\"noopener\">@przyslop<\/a><\/p>\n<p>schronisko@przyslop.pl<\/p>\n<p>(33) 855 37 15<br \/>+48 532 434 747 <em>(dost\u0119pny w dni robocze w godz.: 8:30-14:30)<\/em><\/p>\n<p>\n<\/div><\/div><\/div><\/div><\/div><\/section><\/p>\n","protected":false},"excerpt":{"rendered":"","protected":false},"author":2,"featured_media":0,"parent":0,"menu_order":0,"comment_status":"closed","ping_status":"closed","template":"tpl-king_composer.php","meta":{"footnotes":""},"class_list":["post-6626","page","type-page","status-publish","hentry"],"jetpack_sharing_enabled":true,"post_mailing_queue_ids":[],"_links":{"self":[{"href":"https:\/\/przyslop.pl\/index.php\/wp-json\/wp\/v2\/pages\/6626","targetHints":{"allow":["GET"]}}],"collection":[{"href":"https:\/\/przyslop.pl\/index.php\/wp-json\/wp\/v2\/pages"}],"about":[{"href":"https:\/\/przyslop.pl\/index.php\/wp-json\/wp\/v2\/types\/page"}],"author":[{"embeddable":true,"href":"https:\/\/przyslop.pl\/index.php\/wp-json\/wp\/v2\/users\/2"}],"replies":[{"embeddable":true,"href":"https:\/\/przyslop.pl\/index.php\/wp-json\/wp\/v2\/comments?post=6626"}],"version-history":[{"count":7,"href":"https:\/\/przyslop.pl\/index.php\/wp-json\/wp\/v2\/pages\/6626\/revisions"}],"predecessor-version":[{"id":6769,"href":"https:\/\/przyslop.pl\/index.php\/wp-json\/wp\/v2\/pages\/6626\/revisions\/6769"}],"wp:attachment":[{"href":"https:\/\/przyslop.pl\/index.php\/wp-json\/wp\/v2\/media?parent=6626"}],"curies":[{"name":"wp","href":"https:\/\/api.w.org\/{rel}","templated":true}]}}