{"id":3944,"date":"2021-01-16T14:53:05","date_gmt":"2021-01-16T13:53:05","guid":{"rendered":"http:\/\/przyslop.pl\/?page_id=3944"},"modified":"2024-10-19T14:24:41","modified_gmt":"2024-10-19T12:24:41","slug":"trasa-skitur-biegowki-wokol-zrodel-czarnej-wiselki-trasa-trudna","status":"publish","type":"page","link":"https:\/\/przyslop.pl\/index.php\/trasa-skitur-biegowki-wokol-zrodel-czarnej-wiselki-trasa-trudna\/","title":{"rendered":"[TRASA SKITUR \/ BIEG\u00d3WKI] Wok\u00f3\u0142 \u017ar\u00f3de\u0142 Czarnej Wise\u0142ki &#8211; trasa trudna"},"content":{"rendered":"<p><section class=\"kc-elm kc-css-473919 kc_row\"><div class=\"kc-row-container  kc-container\"><div class=\"kc-wrap-columns\"><div class=\"kc-elm kc-css-539707 kc_col-sm-3 kc_column kc_col-sm-3\"><div class=\"kc-col-container\">\n<div class=\"kc-elm kc-css-329858\">\n\t<a class=\"kc_button\" href=\"https:\/\/przyslop.pl\/wp-content\/uploads\/gpx\/przyslop_pl_wokol_zrodel_czarnej_wiselki-trasa_trudniejsza.gpx\" target=\"_blank\" title=\"Rezerwacje Wis\u0142a 1200 2025\" onclick=\"download=:quot:przyslop_pl_wokol_zrodel_czarnej_wiselki-trasa_trudniejsza.gpx:quot:\">\n\t\tPobierz plik GPX trasy\t<\/a>\n<\/div>\n<\/div><\/div><div class=\"kc-elm kc-css-413664 kc_col-sm-9 kc_column kc_col-sm-9\"><div class=\"kc-col-container\"><div class=\"kc-elm kc-css-487546 kc_text_block pageText\"><\/p>\n<p>Trasa okr\u0105\u017caj\u0105ce \u017ar\u00f3d\u0142a Czarnej Wise\u0142ki, prowadzi drogami le\u015bnymi oraz szlakami g\u00f3rskimi. Na zako\u0144czenie trasy mamy przed sob\u0105 trudny technicznie le\u015bny zjazd. Trasa zalecana na skitur, dla bardziej do\u015bwiadczonych narciarzy.<\/p>\n<p>\n<\/div><\/div><\/div><\/div><\/div><\/section><section class=\"kc-elm kc-css-340784 kc_row\"><div class=\"kc-row-container  kc-container\"><div class=\"kc-wrap-columns\"><div class=\"kc-elm kc-css-157209 kc_col-sm-12 kc_column kc_col-sm-12\"><div class=\"kc-col-container\"><div class=\"kc-elm kc-css-998872 kc-raw-code\"><iframe loading=\"lazy\" src=\"https:\/\/www.komoot.com\/tour\/1244706529\/embed?profile=1\" width=\"100%\" height=\"700\" frameborder=\"0\" scrolling=\"no\"><\/iframe><\/div><\/div><\/div><\/div><\/div><\/section><\/p>\n","protected":false},"excerpt":{"rendered":"","protected":false},"author":2,"featured_media":0,"parent":0,"menu_order":0,"comment_status":"closed","ping_status":"closed","template":"","meta":{"footnotes":""},"class_list":["post-3944","page","type-page","status-publish","hentry"],"jetpack_sharing_enabled":true,"post_mailing_queue_ids":[],"_links":{"self":[{"href":"https:\/\/przyslop.pl\/index.php\/wp-json\/wp\/v2\/pages\/3944","targetHints":{"allow":["GET"]}}],"collection":[{"href":"https:\/\/przyslop.pl\/index.php\/wp-json\/wp\/v2\/pages"}],"about":[{"href":"https:\/\/przyslop.pl\/index.php\/wp-json\/wp\/v2\/types\/page"}],"author":[{"embeddable":true,"href":"https:\/\/przyslop.pl\/index.php\/wp-json\/wp\/v2\/users\/2"}],"replies":[{"embeddable":true,"href":"https:\/\/przyslop.pl\/index.php\/wp-json\/wp\/v2\/comments?post=3944"}],"version-history":[{"count":2,"href":"https:\/\/przyslop.pl\/index.php\/wp-json\/wp\/v2\/pages\/3944\/revisions"}],"predecessor-version":[{"id":8860,"href":"https:\/\/przyslop.pl\/index.php\/wp-json\/wp\/v2\/pages\/3944\/revisions\/8860"}],"wp:attachment":[{"href":"https:\/\/przyslop.pl\/index.php\/wp-json\/wp\/v2\/media?parent=3944"}],"curies":[{"name":"wp","href":"https:\/\/api.w.org\/{rel}","templated":true}]}}