{"id":3937,"date":"2021-01-16T14:42:30","date_gmt":"2021-01-16T13:42:30","guid":{"rendered":"http:\/\/przyslop.pl\/?page_id=3937"},"modified":"2024-10-19T14:36:21","modified_gmt":"2024-10-19T12:36:21","slug":"trasa-skitur-biegowki-wokol-zrodel-czarnej-wiselki","status":"publish","type":"page","link":"https:\/\/przyslop.pl\/index.php\/trasa-skitur-biegowki-wokol-zrodel-czarnej-wiselki\/","title":{"rendered":"[TRASA SKITUR \/ BIEG\u00d3WKI] Wok\u00f3\u0142 \u017ar\u00f3de\u0142 Czarnej Wise\u0142ki &#8211; trasa \u0142atwa"},"content":{"rendered":"<p><section class=\"kc-elm kc-css-372 kc_row\"><div class=\"kc-row-container  kc-container\"><div class=\"kc-wrap-columns\"><div class=\"kc-elm kc-css-866724 kc_col-sm-12 kc_column kc_col-sm-12\"><div class=\"kc-col-container\"><div class=\"kc-elm kc-css-695388 kc-raw-code\"><script data-jetpack-boost=\"ignore\" data-jetpack-boost=\"ignore\" data-jetpack-boost=\"ignore\">\r\n       var level = \"\u0142atwa\";\r\n       var distance = \"7,6\u2009km\";\r\n       var averageTime = \"2 h\";\r\n       var ramps = \"314\u2009m\";\r\n       var descents = \"314\u2009m\";\r\n       var highestPoint = \"1 209\u2009m n.p.m\";\r\n       var lowestPoint = \"911\u2009m n.p.m\";\r\n       var gpxPath=\"\/wp-content\/uploads\/gpx\/przyslop_pl_wokol_zrodel_czarnej_wiselki-trasa_\u0142atwiejsza.gpx\";\r\n       var gpxFileName = \"przyslop_pl_wokol_zrodel_czarnej_wiselki-trasa_\u0142atwiejsza.gpx\";\r\n      \r\nfunction linkFunc()\r\n{\r\n    var l = document.getElementById('gpxLink');\r\n    l.href = gpxPath;\r\n    l.download = gpxFileName;\r\n}\r\n\r\nwindow.onload = linkFunc;\r\n\r\n<\/script><\/div><\/div><\/div><\/div><\/div><\/section><section class=\"kc-elm kc-css-376278 kc_row\"><div class=\"kc-row-container  kc-container\"><div class=\"kc-wrap-columns\"><div class=\"kc-elm kc-css-579116 kc_col-sm-3 kc_column kc_col-sm-3\"><div class=\"kc-col-container\">\n<div class=\"kc-elm kc-css-260822\">\n\t<a class=\"kc_button\" href=\"https:\/\/przyslop.pl\/wp-content\/uploads\/gpx\/przyslop_pl_wokol_zrodel_czarnej_wiselki-trasa_\u0142atwiejsza.gpx\" target=\"_blank\" title=\"Rezerwacje Wis\u0142a 1200 2025\" onclick=\"download=:quot:przyslop_pl_wokol_zrodel_czarnej_wiselki-trasa_\u0142atwiejsza.gpx:quot:\">\n\t\tPobierz plik GPX trasy\t<\/a>\n<\/div>\n<\/div><\/div><div class=\"kc-elm kc-css-898863 kc_col-sm-9 kc_column kc_col-sm-9\"><div class=\"kc-col-container\"><div class=\"kc-elm kc-css-28006 kc_text_block\"><\/p>\n<p>Trasa okr\u0105\u017caj\u0105ce \u017ar\u00f3d\u0142a Czarnej Wise\u0142ki, prowadzi drogami le\u015bnymi oraz szlakami g\u00f3rskimi. W po\u0142owie wycieczki wskazany post\u00f3j na podziwianie widok\u00f3w z wierzy widokowej na Baraniej G\u00f3rze.<\/p>\n<p>\n<\/div><\/div><\/div><\/div><\/div><\/section><section class=\"kc-elm kc-css-265784 kc_row\"><div class=\"kc-row-container  kc-container\"><div class=\"kc-wrap-columns\"><div class=\"kc-elm kc-css-87827 kc_col-sm-12 kc_column kc_col-sm-12\"><div class=\"kc-col-container\"><div class=\"kc-elm kc-css-747486 kc-raw-code\"><iframe loading=\"lazy\" src=\"https:\/\/www.komoot.com\/tour\/1244704660\/embed?profile=1\" width=\"100%\" height=\"700\" frameborder=\"0\" scrolling=\"no\"><\/iframe><\/div><\/div><\/div><\/div><\/div><\/section><\/p>\n","protected":false},"excerpt":{"rendered":"","protected":false},"author":2,"featured_media":0,"parent":0,"menu_order":0,"comment_status":"closed","ping_status":"closed","template":"","meta":{"footnotes":""},"class_list":["post-3937","page","type-page","status-publish","hentry"],"jetpack_sharing_enabled":true,"post_mailing_queue_ids":[],"_links":{"self":[{"href":"https:\/\/przyslop.pl\/index.php\/wp-json\/wp\/v2\/pages\/3937","targetHints":{"allow":["GET"]}}],"collection":[{"href":"https:\/\/przyslop.pl\/index.php\/wp-json\/wp\/v2\/pages"}],"about":[{"href":"https:\/\/przyslop.pl\/index.php\/wp-json\/wp\/v2\/types\/page"}],"author":[{"embeddable":true,"href":"https:\/\/przyslop.pl\/index.php\/wp-json\/wp\/v2\/users\/2"}],"replies":[{"embeddable":true,"href":"https:\/\/przyslop.pl\/index.php\/wp-json\/wp\/v2\/comments?post=3937"}],"version-history":[{"count":2,"href":"https:\/\/przyslop.pl\/index.php\/wp-json\/wp\/v2\/pages\/3937\/revisions"}],"predecessor-version":[{"id":8863,"href":"https:\/\/przyslop.pl\/index.php\/wp-json\/wp\/v2\/pages\/3937\/revisions\/8863"}],"wp:attachment":[{"href":"https:\/\/przyslop.pl\/index.php\/wp-json\/wp\/v2\/media?parent=3937"}],"curies":[{"name":"wp","href":"https:\/\/api.w.org\/{rel}","templated":true}]}}