{"id":3898,"date":"2021-01-10T12:05:51","date_gmt":"2021-01-10T11:05:51","guid":{"rendered":"http:\/\/przyslop.pl\/?page_id=3898"},"modified":"2021-01-10T12:13:10","modified_gmt":"2021-01-10T11:13:10","slug":"trasa-rowerowa-wycieczka-na-malinowska-skale","status":"publish","type":"page","link":"https:\/\/przyslop.pl\/index.php\/trasa-rowerowa-wycieczka-na-malinowska-skale\/","title":{"rendered":"[Trasa rowerowa] Wycieczka na Malinowsk\u0105 ska\u0142\u0119"},"content":{"rendered":"<p><section class=\"kc-elm kc-css-662887 kc_row\"><div class=\"kc-row-container  kc-container\"><div class=\"kc-wrap-columns\"><div class=\"kc-elm kc-css-752824 kc_col-sm-3 kc_column kc_col-sm-3\"><div class=\"kc-col-container\">\n<div class=\"kc-elm kc-css-238183\">\n\t<a class=\"kc_button\" href=\"https:\/\/przyslop.pl\/wp-content\/uploads\/gpx\/przyslop_pl_wycieczka_na_malinowska_skale.gpx\" target=\"_blank\" title=\"Rezerwacje Wis\u0142a 1200 2025\" onclick=\"download=:quot:przyslop_pl_wycieczka_na_malinowska_skale.gpx:quot:\">\n\t\tPobierz plik GPX trasy\t<\/a>\n<\/div>\n<\/div><\/div><div class=\"kc-elm kc-css-841676 kc_col-sm-9 kc_column kc_col-sm-9\"><div class=\"kc-col-container\"><\/div><\/div><\/div><\/div><\/section><section class=\"kc-elm kc-css-919960 kc_row\"><div class=\"kc-row-container  kc-container\"><div class=\"kc-wrap-columns\"><div class=\"kc-elm kc-css-433899 kc_col-sm-12 kc_column kc_col-sm-12\"><div class=\"kc-col-container\"><div class=\"kc-elm kc-css-189934 kc-raw-code\"><iframe loading=\"lazy\" src=\"https:\/\/www.komoot.com\/tour\/1244581014\/embed?profile=1\" width=\"100%\" height=\"700\" frameborder=\"0\" scrolling=\"no\"><\/iframe><\/div><\/div><\/div><\/div><\/div><\/section><\/p>\n","protected":false},"excerpt":{"rendered":"","protected":false},"author":2,"featured_media":0,"parent":0,"menu_order":0,"comment_status":"closed","ping_status":"closed","template":"","meta":{"footnotes":""},"class_list":["post-3898","page","type-page","status-publish","hentry"],"jetpack_sharing_enabled":true,"post_mailing_queue_ids":[],"_links":{"self":[{"href":"https:\/\/przyslop.pl\/index.php\/wp-json\/wp\/v2\/pages\/3898","targetHints":{"allow":["GET"]}}],"collection":[{"href":"https:\/\/przyslop.pl\/index.php\/wp-json\/wp\/v2\/pages"}],"about":[{"href":"https:\/\/przyslop.pl\/index.php\/wp-json\/wp\/v2\/types\/page"}],"author":[{"embeddable":true,"href":"https:\/\/przyslop.pl\/index.php\/wp-json\/wp\/v2\/users\/2"}],"replies":[{"embeddable":true,"href":"https:\/\/przyslop.pl\/index.php\/wp-json\/wp\/v2\/comments?post=3898"}],"version-history":[{"count":1,"href":"https:\/\/przyslop.pl\/index.php\/wp-json\/wp\/v2\/pages\/3898\/revisions"}],"predecessor-version":[{"id":6874,"href":"https:\/\/przyslop.pl\/index.php\/wp-json\/wp\/v2\/pages\/3898\/revisions\/6874"}],"wp:attachment":[{"href":"https:\/\/przyslop.pl\/index.php\/wp-json\/wp\/v2\/media?parent=3898"}],"curies":[{"name":"wp","href":"https:\/\/api.w.org\/{rel}","templated":true}]}}