{"id":3758,"date":"2020-11-08T17:03:32","date_gmt":"2020-11-08T16:03:32","guid":{"rendered":"http:\/\/przyslop.pl\/?page_id=3758"},"modified":"2021-01-09T13:59:29","modified_gmt":"2021-01-09T12:59:29","slug":"trasa-skitur-biegowki-dojscie-z-przeleczy-szarcula","status":"publish","type":"page","link":"https:\/\/przyslop.pl\/index.php\/trasa-skitur-biegowki-dojscie-z-przeleczy-szarcula\/","title":{"rendered":"[TRASA skitur \/ bieg\u00f3wki] DOJ\u015aCIE Z PRZE\u0141\u0118CZY SZARCULA"},"content":{"rendered":"<p><section class=\"kc-elm kc-css-26136 kc_row\"><div class=\"kc-row-container  kc-container\"><div class=\"kc-wrap-columns\"><div class=\"kc-elm kc-css-602944 kc_col-sm-12 kc_column kc_col-sm-12\"><div class=\"kc-col-container\"><div class=\"kc-elm kc-css-829269 kc-raw-code\"><script data-jetpack-boost=\"ignore\" data-jetpack-boost=\"ignore\" data-jetpack-boost=\"ignore\">\r\n       var level = \"\u0141atwy\";\r\n       var description = \"Przyjemna trasa na rozgrzewk\u0119 przed dalszymi wyzwaniami.\";\r\n       var distance = \"7,5\u2009km\";\r\n       var averageTime = \"ok. 2,5 h\";\r\n       var ramps = \" 325\u2009m\";\r\n       var descents = \"145\u2009m\";\r\n       var highestPoint = \"951\u2009m n.p.m  \";\r\n       var lowestPoint = \"735\u2009m n.p.m\";\r\n       var gpxPath=\"\/wp-content\/uploads\/gpx\/przyslop_pl_szarcula_przyslop.gpx\";\r\n       var gpxFileName = \"przyslop_pl_szarcula_przyslop.gpx\";\r\n      \r\nfunction linkFunc()\r\n{\r\n    var l = document.getElementById('gpxLink');\r\n    l.href = gpxPath;\r\n    l.download = gpxFileName;\r\n}\r\n\r\nwindow.onload = linkFunc;\r\n\r\n<\/script><\/div><\/div><\/div><\/div><\/div><\/section><section class=\"kc-elm kc-css-84472 kc_row\"><div class=\"kc-row-container  kc-container\"><div class=\"kc-wrap-columns\"><div class=\"kc-elm kc-css-87989 kc_col-sm-3 kc_column kc_col-sm-3\"><div class=\"kc-col-container\">\n<div class=\"kc-elm kc-css-732989\">\n\t<a class=\"kc_button\" href=\"https:\/\/przyslop.pl\/wp-content\/uploads\/gpx\/przyslop_pl_szarcula_przyslop.gpx\" target=\"_blank\" title=\"Rezerwacje Wis\u0142a 1200 2025\" onclick=\"download=:quot:przyslop_pl_szarcula_przyslop.gpx:quot:\">\n\t\tPobierz plik GPX trasy\t<\/a>\n<\/div>\n<\/div><\/div><div class=\"kc-elm kc-css-825902 kc_col-sm-9 kc_column kc_col-sm-9\"><div class=\"kc-col-container\"><div class=\"kc-elm kc-css-421560 kc_text_block pageText\"><\/p>\n<p>Trasa prowadzi:<\/p>\n<ul>\n<li>od parkingu na Prze\u0142\u0119czy Szarcula, szlakiem czerwonym w pobli\u017cu malowniczej Kapliczki na Stec\u00f3wce,<\/li>\n<li>przez szlak czarny i niebieski wij\u0105cy si\u0119 malowniczymi stokami Karol\u00f3wki,<\/li>\n<li>do Schroniska PTTK na Polanie Przys\u0142op pod Barani\u0105 G\u00f3r\u0105.<\/li>\n<\/ul>\n<p>Trasa po\u0142o\u017cona wysoko, dzi\u0119ki temu bardzo widokowa oraz stosunkowo wcze\u015bnie obfituj\u0105ca w \u015bnieg.<\/p>\n<p>\n<\/div><\/div><\/div><\/div><\/div><\/section><section class=\"kc-elm kc-css-925595 kc_row\"><div class=\"kc-row-container  kc-container\"><div class=\"kc-wrap-columns\"><div class=\"kc-elm kc-css-191283 kc_col-sm-12 kc_column kc_col-sm-12\"><div class=\"kc-col-container\"><div class=\"kc-elm kc-css-761568 kc-raw-code\"><iframe loading=\"lazy\" src=\"https:\/\/www.komoot.com\/tour\/1244696860\/embed?profile=1\" width=\"100%\" height=\"700\" frameborder=\"0\" scrolling=\"no\"><\/iframe><\/div><\/div><\/div><\/div><\/div><\/section><\/p>\n","protected":false},"excerpt":{"rendered":"","protected":false},"author":2,"featured_media":0,"parent":0,"menu_order":0,"comment_status":"closed","ping_status":"closed","template":"","meta":{"footnotes":""},"class_list":["post-3758","page","type-page","status-publish","hentry"],"jetpack_sharing_enabled":true,"post_mailing_queue_ids":[],"_links":{"self":[{"href":"https:\/\/przyslop.pl\/index.php\/wp-json\/wp\/v2\/pages\/3758","targetHints":{"allow":["GET"]}}],"collection":[{"href":"https:\/\/przyslop.pl\/index.php\/wp-json\/wp\/v2\/pages"}],"about":[{"href":"https:\/\/przyslop.pl\/index.php\/wp-json\/wp\/v2\/types\/page"}],"author":[{"embeddable":true,"href":"https:\/\/przyslop.pl\/index.php\/wp-json\/wp\/v2\/users\/2"}],"replies":[{"embeddable":true,"href":"https:\/\/przyslop.pl\/index.php\/wp-json\/wp\/v2\/comments?post=3758"}],"version-history":[{"count":1,"href":"https:\/\/przyslop.pl\/index.php\/wp-json\/wp\/v2\/pages\/3758\/revisions"}],"predecessor-version":[{"id":6885,"href":"https:\/\/przyslop.pl\/index.php\/wp-json\/wp\/v2\/pages\/3758\/revisions\/6885"}],"wp:attachment":[{"href":"https:\/\/przyslop.pl\/index.php\/wp-json\/wp\/v2\/media?parent=3758"}],"curies":[{"name":"wp","href":"https:\/\/api.w.org\/{rel}","templated":true}]}}