{"id":3560,"date":"2019-03-06T07:43:58","date_gmt":"2019-03-06T07:43:58","guid":{"rendered":"http:\/\/commonsupport.net\/newwp\/colina\/?page_id=16"},"modified":"2025-02-24T15:47:24","modified_gmt":"2025-02-24T14:47:24","slug":"home-booking-intro","status":"publish","type":"page","link":"https:\/\/przyslop.pl\/","title":{"rendered":"Home"},"content":{"rendered":"<p><section id=\"Slider+desktop\" class=\"kc-elm kc-css-490998 kc_row\"><div class=\"kc-row-container\"><div class=\"kc-wrap-columns\"><div class=\"kc-elm kc-css-865317 kc_col-sm-12 kc_column kc_col-sm-12\"><div class=\"kc-col-container\"><\/div><\/div><\/div><\/div><\/section><section id=\"Slider+mobile\" class=\"kc-elm kc-css-890280 kc_row\"><div class=\"kc-row-container  kc-container\"><div class=\"kc-wrap-columns\"><div class=\"kc-elm kc-css-973045 kc_col-sm-12 kc_column kc_col-sm-12\"><div class=\"kc-col-container\"><\/div><\/div><\/div><\/div><\/section><section data-kc-fullwidth=\"row\" class=\"kc-elm kc-css-598871 kc_row pageWhite\"><div class=\"kc-row-container  kc-container\"><div class=\"kc-wrap-columns\"><div class=\"kc-elm kc-css-355023 kc_col-sm-12 kc_column kc_col-sm-12\"><div class=\"kc-col-container\"><div class=\"kc-elm kc-css-230342 kc-raw-code\"><a id=\"room\"><\/a><\/div><div class=\"kc-elm kc-css-285478 kc-raw-code\"><\/div><\/div><\/div><\/div><\/div><\/section><section class=\"kc-elm kc-css-952400 kc_row\"><div class=\"kc-row-container  kc-container\"><div class=\"kc-wrap-columns\"><div class=\"kc-elm kc-css-441800 kc_col-sm-12 kc_column kc_col-sm-12\"><div class=\"kc-col-container\"><div class=\"kc-elm kc-css-909513 kc-raw-code\"><a id=\"oferta\"><\/a><\/div><\/div><\/div><\/div><\/div><\/section><section class=\"kc-elm kc-css-929279 kc_row\"><div class=\"kc-row-container  kc-container\"><div class=\"kc-wrap-columns\"><\/div><\/div><\/section><section class=\"kc-elm kc-css-219784 kc_row\"><div class=\"kc-row-container  kc-container\"><div class=\"kc-wrap-columns\"><div class=\"kc-elm kc-css-917368 kc_col-sm-12 kc_column kc_col-sm-12\"><div class=\"kc-col-container\"><div class=\"kc-elm kc-css-960991 kc-raw-code\"><a id=\"oferta\"><\/a><\/div><\/div><\/div><\/div><\/div><\/section><section class=\"kc-elm kc-css-165236 kc_row pageWhite\"><div class=\"kc-row-container  kc-container\"><div class=\"kc-wrap-columns\"><div class=\"kc-elm kc-css-690487 kc_col-sm-3 kc_column kc_col-sm-3\"><div class=\"kc-col-container\"><div class=\"kc-elm kc-css-106039 kc_shortcode kc_single_image\">\n\n        <img decoding=\"async\" src=\"https:\/\/i0.wp.com\/przyslop.pl\/wp-content\/uploads\/2021\/01\/set1.png?fit=300%2C130&ssl=1\" class=\"\" alt=\"\" \/>    <\/div>\n<div class=\"kc-elm kc-css-633141 kc-raw-code\"><br><br><\/div>\n<div class=\"kc-elm kc-css-150324 kc-title-wrap \">\n\n\t<h4 class=\"kc_title\">SPORT I REKREACJA<\/h4>\n<\/div>\n<div class=\"kc-elm kc-css-99400 kc-raw-code\"><ul class=\"offerList\">\r\n<li>Stojaki na rowery z zabezpieczeniami<\/li>\r\n<li>Stacja \u0142adowania rower\u00f3w elektrycznych<\/li>\r\n<li>Mini \u015bcianka wspinaczkowa *<\/li>\r\n<li>Liczne trasy rowerowe oraz trekkingowe<\/li>\r\n<li>Zim\u0105 trasy bieg\u00f3wkowe i skiturowe<\/li>\r\n<li>Sala multifunkcyjna do \u0107wicze\u0144 *<\/li>\r\n<li>Maty i chusty do aerial jogi *<\/li>\r\n<li>St\u00f3\u0142 do Ping-Ponga *<\/li>\r\n<\/ul><\/div><\/div><\/div><div class=\"kc-elm kc-css-851881 kc_col-sm-3 kc_column kc_col-sm-3\"><div class=\"kc-col-container\"><div class=\"kc-elm kc-css-670296 kc_shortcode kc_single_image\">\n\n        <img decoding=\"async\" src=\"https:\/\/i0.wp.com\/przyslop.pl\/wp-content\/uploads\/2021\/01\/set2.png?fit=300%2C130&ssl=1\" class=\"\" alt=\"\" \/>    <\/div>\n<div class=\"kc-elm kc-css-442036 kc-raw-code\"><br><br><\/div>\n<div class=\"kc-elm kc-css-784923 kc-title-wrap \">\n\n\t<h4 class=\"kc_title\">RODZINA<\/h4>\n<\/div>\n<div class=\"kc-elm kc-css-16950 kc-raw-code\"><ul class=\"offerList\">\r\n<li>Wewn\u0119trzny k\u0105cik zabaw<\/li>\r\n<li>Kuchnia b\u0142otna i piaskownica<\/li>\r\n<li>Tipi wspinaczkowe<\/li>\r\n<li>Gry planszowe i edukacyjne<\/li>\r\n<li>Mini \u015bcianka wspinaczkowa *<\/li>\r\n<li>Literatura dla najm\u0142odszych<\/li>\r\n<li>Przewijak, Krzese\u0142ka, naczynia, sztu\u0107ce<\/li>\r\n<li>Wypo\u017cyczalnia noside\u0142 turystycznych<\/li>\r\n<li>\u0141\u00f3\u017ceczka turystyczne dla najm\u0142odszych<\/li>\r\n<li>Nocniki, podk\u0142adki, schodki i wanienki<\/li>\r\n<\/ul><\/div><\/div><\/div><div class=\"kc-elm kc-css-213169 kc_col-sm-3 kc_column kc_col-sm-3\"><div class=\"kc-col-container\"><div class=\"kc-elm kc-css-393335 kc_shortcode kc_single_image\">\n\n        <img decoding=\"async\" src=\"https:\/\/i0.wp.com\/przyslop.pl\/wp-content\/uploads\/2021\/01\/set3.png?fit=300%2C130&ssl=1\" class=\"\" alt=\"\" \/>    <\/div>\n<div class=\"kc-elm kc-css-883948 kc-raw-code\"><br><br><\/div>\n<div class=\"kc-elm kc-css-974129 kc-title-wrap \">\n\n\t<h4 class=\"kc_title\">WYPOCZYNEK<\/h4>\n<\/div>\n<div class=\"kc-elm kc-css-179868 kc-raw-code\"><ul class=\"offerList\">\r\n<li>Teren biwakowy<\/li>\r\n<li>Hamakowa strefa chillout<\/li>\r\n<li>Le\u017cakowa strefa \u0142adowania wit. D<\/li>\r\n<li>Wewn\u0119trzny k\u0105cik wypoczynkowy<\/li>\r\n<li>Biblioteka z ksi\u0105\u017ckami i pras\u0105 turystyczn\u0105<\/li>\r\n<li>Ognisko z miejscem do biesiadowania *<\/li>\r\n<li>Sklepik z pami\u0105tkami oraz produktami handmade<\/li>\r\n<li>Sprz\u0119t multimedialny: g\u0142o\u015bniki, projektor, ekran *<\/li>\r\n<li>Osobna sala konferencyjna \/ biesiadna<\/li>\r\n<\/ul><\/div><\/div><\/div><div class=\"kc-elm kc-css-329025 kc_col-sm-3 kc_column kc_col-sm-3\"><div class=\"kc-col-container\"><div class=\"kc-elm kc-css-13202 kc_shortcode kc_single_image\">\n\n        <img decoding=\"async\" src=\"https:\/\/i0.wp.com\/przyslop.pl\/wp-content\/uploads\/2021\/01\/set4.png?fit=300%2C130&ssl=1\" class=\"\" alt=\"\" \/>    <\/div>\n<div class=\"kc-elm kc-css-184929 kc-raw-code\"><br><br><\/div>\n<div class=\"kc-elm kc-css-791212 kc-title-wrap \">\n\n\t<h4 class=\"kc_title\">GASTRONOMIA<\/h4>\n<\/div>\n<div class=\"kc-elm kc-css-724613 kc-raw-code\"><ul class=\"offerList\">\r\n<li>Domowa zr\u00f3\u017cnicowana kuchnia<\/li>\r\n<li>Dania wegetaria\u0144skie i wega\u0144skie<\/li>\r\n<li>Ciasta jak u babci<\/li>\r\n<li>Szerokie menu dla grup \/ na zam\u00f3wienie<\/li>\r\n<li>Domowy chleb*<\/li>\r\n<li>W\u0142oska kawa ze \u015bwie\u017co zmielonych ziaren<\/li>\r\n<li>Herbaty sypane i owocowe Sir Williams<\/li>\r\n<li>Szeroki wyb\u00f3r piw kraftorych<\/li>\r\n<li>Szeroki wyb\u00f3r alkoholi regionalnych<\/li>\r\n<li>Wina, Prosecco, Bombardion<\/li>\r\n<\/ul><\/div><\/div><\/div><\/div><\/div><\/section><section class=\"kc-elm kc-css-450414 kc_row pageWhite\"><div class=\"kc-row-container  kc-container\"><div class=\"kc-wrap-columns\"><div class=\"kc-elm kc-css-416383 kc_col-sm-12 kc_column kc_col-sm-12\"><div class=\"kc-col-container\"><div class=\"kc-elm kc-css-70074 kc_text_block pageText\"><\/p>\n<p><i>* dost\u0119pne po wcze\u015bniejszej rezerwacji<\/i><\/p>\n<p>\n<\/div><\/div><\/div><\/div><\/div><\/section><section class=\"kc-elm kc-css-860521 kc_row pageWhite\"><div class=\"kc-row-container  kc-container\"><div class=\"kc-wrap-columns\"><div class=\"kc-elm kc-css-471211 kc_col-sm-6 kc_column kc_col-sm-6\"><div class=\"kc-col-container\"><div class=\"kc-elm kc-css-661874 kc_shortcode kc_single_image\">\n\n        <img decoding=\"async\" src=\"https:\/\/i0.wp.com\/przyslop.pl\/wp-content\/uploads\/2026\/03\/lesna_odyseja_wiosna_2026_logo_ciemne.webp?fit=300%2C382&ssl=1\" class=\"\" alt=\"\" \/>    <\/div>\n<div class=\"kc-elm kc-css-288560 kc_text_block pageText\"><\/p>\n<p><strong><br \/>23 &#8211; 26 kwietnia 2026<br \/>28 &#8211; 31 maja 2026<br \/><\/strong><\/p>\n<p>\n<\/div>\n<div class=\"kc-elm kc-css-177330\">\n\t<a class=\"kc_button\" href=\"https:\/\/przyslop.pl\/index.php\/lesna-odyseja\/#wiosna2026\" target=\"_self\" title=\"\" onclick=\"\">\n\t\tZobacz szczeg\u00f3\u0142y\t<\/a>\n<\/div>\n\n<div class=\"kc-elm kc-css-72164\">\n\t<a class=\"kc_button\" href=\"https:\/\/przyslop.pl\/wp-content\/uploads\/2026\/02\/Lesna-Odyseja-wiosna-2026.pdf\" target=\"_self\" title=\"\" onclick=\"\">\n\t\tBroszura pdf\t<\/a>\n<\/div>\n<\/div><\/div><div class=\"kc-elm kc-css-281018 kc_col-sm-6 kc_column kc_col-sm-6\"><div class=\"kc-col-container\"><div class=\"kc-elm kc-css-581720 kc_shortcode kc_single_image\">\n\n        <img decoding=\"async\" src=\"https:\/\/i0.wp.com\/przyslop.pl\/wp-content\/uploads\/2026\/01\/LOGO_indie_2026-kolor.png?fit=300%2C447&ssl=1\" class=\"\" alt=\"\" \/>    <\/div>\n<div class=\"kc-elm kc-css-761995 kc_text_block pageText\"><\/p>\n<p><strong><br \/>27 czerwca \u2013 3 lipca 2026<br \/>12 \u2013 18 lipca 2026<br \/>19 \u2013 25 lipca 2026<br \/>26 lipca \u2013 1 sierpnia 2026<br \/>23 \u2013 29 sierpnia 2026<br \/><\/strong><\/p>\n<p>\n<\/div>\n<div class=\"kc-elm kc-css-269795\">\n\t<a class=\"kc_button\" href=\"https:\/\/przyslop.pl\/index.php\/lesna-odyseja\/#lato2025\" target=\"_self\" title=\"\" onclick=\"\">\n\t\tZobacz szczeg\u00f3\u0142y\t<\/a>\n<\/div>\n\n<div class=\"kc-elm kc-css-460254\">\n\t<a class=\"kc_button\" href=\"https:\/\/przyslop.pl\/wp-content\/uploads\/2025\/12\/LO-Indie-lato-2026.pdf\" target=\"_self\" title=\"\" onclick=\"\">\n\t\tBroszura pdf\t<\/a>\n<\/div>\n\n<div class=\"kc-elm kc-css-492527 kc-title-wrap \">\n\n\t<p class=\"kc_title pageHeader\">Le\u015bna Odyseja Teens & Tweens<\/p>\n<\/div>\n<div class=\"kc-elm kc-css-747596 kc_text_block pageText\"><\/p>\n<p><strong><br \/>27 czerwca \u2013 3 lipca 2026<br \/>12 \u2013 18 lipca 2026<br \/>16 \u2013 22 sierpnia 2026<br \/><\/strong><\/p>\n<p>\n<\/div>\n<div class=\"kc-elm kc-css-922297\">\n\t<a class=\"kc_button\" href=\"https:\/\/przyslop.pl\/index.php\/lesna-odyseja-teens-tweens\/#lott_lato_2026\" target=\"_self\" title=\"\" onclick=\"\">\n\t\tZobacz szczeg\u00f3\u0142y\t<\/a>\n<\/div>\n<\/div><\/div><\/div><\/div><\/section><section class=\"kc-elm kc-css-178123 kc_row pageWhite\"><div class=\"kc-row-container  kc-container\"><div class=\"kc-wrap-columns\"><div class=\"kc-elm kc-css-640149 kc_col-sm-6 kc_column kc_col-sm-6\"><div class=\"kc-col-container\"><div class=\"kc-elm kc-css-491773 kc_shortcode kc_single_image\">\n\n        <img decoding=\"async\" src=\"https:\/\/i0.wp.com\/przyslop.pl\/wp-content\/uploads\/2023\/08\/szkoly_podstawowe_logo.png?fit=301%2C262&ssl=1\" class=\"\" alt=\"\" \/>    <\/div>\n\n<div class=\"kc-elm kc-css-688662\">\n\t<a class=\"kc_button\" href=\"https:\/\/przyslop.pl\/index.php\/oferta-dla-szkol-podstawowych\/\" target=\"_self\" title=\"Oferta dla szk\u00f3\u0142 podstawowych\" onclick=\"\">\n\t\tZobacz szczeg\u00f3\u0142y\t<\/a>\n<\/div>\n<\/div><\/div><div class=\"kc-elm kc-css-264345 kc_col-sm-6 kc_column kc_col-sm-6\"><div class=\"kc-col-container\"><div class=\"kc-elm kc-css-344672 kc_shortcode kc_single_image\">\n\n        <img decoding=\"async\" src=\"https:\/\/i0.wp.com\/przyslop.pl\/wp-content\/uploads\/2023\/08\/szkoly_srednie_logo-1.png?fit=300%2C262&ssl=1\" class=\"\" alt=\"\" \/>    <\/div>\n\n<div class=\"kc-elm kc-css-586560\">\n\t<a class=\"kc_button\" href=\"https:\/\/przyslop.pl\/index.php\/oferta-dla-szkol-srednich\/\" target=\"_self\" title=\"Oferta dla szk\u00f3\u0142 \u015brednich\" onclick=\"\">\n\t\tZobacz szczeg\u00f3\u0142y\t<\/a>\n<\/div>\n<\/div><\/div><\/div><\/div><\/section><section class=\"kc-elm kc-css-960818 kc_row pageWhite\"><div class=\"kc-row-container  kc-container\"><div class=\"kc-wrap-columns\"><div class=\"kc-elm kc-css-99940 kc_col-sm-12 kc_column kc_col-sm-12\"><div class=\"kc-col-container\">\n<div class=\"kc-elm kc-css-890333 kc-title-wrap \">\n\n\t<p class=\"kc_title pageHeader\">Galeria<\/p>\n<\/div>\n<div class=\"kc-elm kc-css-116397 kc-raw-code\"><a id=\"galeria\"><\/a><\/div><\/div><\/div><\/div><\/div><\/section><section class=\"kc-elm kc-css-299028 kc_row\"><div class=\"kc-row-container  kc-container\"><div class=\"kc-wrap-columns\"><\/div><\/div><\/section><section class=\"kc-elm kc-css-885003 kc_row pageBlue\"><div class=\"kc-row-container\"><div class=\"kc-wrap-columns\"><div class=\"kc-elm kc-css-953019 kc_col-sm-12 kc_column kc_col-sm-12\"><div class=\"kc-col-container\">\n<div class=\"kc-elm kc-css-222566 kc-title-wrap \">\n\n\t<p class=\"kc_title pageHeader\">Ksi\u0119ga go\u015bci<\/p>\n<\/div>\n<div class=\"kc-elm kc-css-76842 kc-raw-code\"><\/div>\n<div class=\"kc-elm kc-css-858600\">\n\t<a class=\"kc_button\" href=\"https:\/\/www.google.com\/travel\/hotels\/entity\/ChcI7ajCiLPiuJQhGgsvZy8xdGRtbnNfZBAB\/reviews?gsas=1&amp;ts=CAESCgoCCAMKAggDEAAaXAo-EjoKCS9tLzAyMm01czIlMHg0NzE0MTgwYjkxMDRkNjM1OjB4NjU0NDI0Mjg4NTAwMmJjNToGV2lzxYJhGgASGhIUCgcI6g8QARgQEgcI6g8QARgRGAEyAhAAKg0KCToDUExOYgIIARoA&amp;qs=CAE4DUgA&amp;ap=KigKEglWZ5_E98VIQBFRYzTELusyQBISCfb7znpg0UhAEVFjNESEBjNAMAA&amp;ictx=111&amp;biw=1830&amp;bih=865&amp;utm_campaign=sharing&amp;utm_medium=link&amp;utm_source=htls\" target=\"_blank\" title=\"\" onclick=\"\">\n\t\tWi\u0119cej opinie o nas\t<\/a>\n<\/div>\n<\/div><\/div><\/div><\/div><\/section><section class=\"kc-elm kc-css-545811 kc_row\"><div class=\"kc-row-container  kc-container\"><div class=\"kc-wrap-columns\"><div class=\"kc-elm kc-css-893356 kc_col-sm-12 kc_column kc_col-sm-12\"><div class=\"kc-col-container\"><div class=\"kc-elm kc-css-6847 kc-raw-code\">[wpify_mapy_cz id=\"7173\"]<\/div><\/div><\/div><\/div><\/div><\/section><section class=\"kc-elm kc-css-778620 kc_row\"><div class=\"kc-row-container  kc-container\"><div class=\"kc-wrap-columns\"><div class=\"kc-elm kc-css-934047 kc_col-sm-12 kc_column kc_col-sm-12\"><div class=\"kc-col-container\"><div class=\"kc-elm kc-css-105257 kc_google_maps kc_shortcode\"><div style=\"height: 350px\" class=\"kc-google-maps\"><iframe title=\"mapa\" src=\"https:\/\/www.google.com\/maps\/embed?pb=!1m18!1m12!1m3!1d2586.0719639451154!2d18.981313976800546!3d49.59639234848852!2m3!1f0!2f0!3f0!3m2!1i1024!2i768!4f13.1!3m3!1m2!1s0x47143cb7f2c4bc37%3A0x2128e3133110946d!2sSchronisko%20g%C3%B3rskie%20PTTK%20Barania%20G%C3%B3ra%20-%20Przys%C5%82op!5e0!3m2!1spl!2spl!4v1714998517294!5m2!1spl!2spl\" width=\"100%\" height=\"350\" style=\"border:0;\" allowfullscreen=\"\" loading=\"lazy\" referrerpolicy=\"no-referrer-when-downgrade\"><\/iframe><\/div><\/div><\/div><\/div><\/div><\/div><\/section><\/p>\n","protected":false},"excerpt":{"rendered":"","protected":false},"author":2,"featured_media":0,"parent":0,"menu_order":0,"comment_status":"closed","ping_status":"closed","template":"tpl-king_composer.php","meta":{"footnotes":""},"class_list":["post-3560","page","type-page","status-publish","hentry"],"jetpack_sharing_enabled":true,"post_mailing_queue_ids":[],"_links":{"self":[{"href":"https:\/\/przyslop.pl\/index.php\/wp-json\/wp\/v2\/pages\/3560","targetHints":{"allow":["GET"]}}],"collection":[{"href":"https:\/\/przyslop.pl\/index.php\/wp-json\/wp\/v2\/pages"}],"about":[{"href":"https:\/\/przyslop.pl\/index.php\/wp-json\/wp\/v2\/types\/page"}],"author":[{"embeddable":true,"href":"https:\/\/przyslop.pl\/index.php\/wp-json\/wp\/v2\/users\/2"}],"replies":[{"embeddable":true,"href":"https:\/\/przyslop.pl\/index.php\/wp-json\/wp\/v2\/comments?post=3560"}],"version-history":[{"count":4,"href":"https:\/\/przyslop.pl\/index.php\/wp-json\/wp\/v2\/pages\/3560\/revisions"}],"predecessor-version":[{"id":5883,"href":"https:\/\/przyslop.pl\/index.php\/wp-json\/wp\/v2\/pages\/3560\/revisions\/5883"}],"wp:attachment":[{"href":"https:\/\/przyslop.pl\/index.php\/wp-json\/wp\/v2\/media?parent=3560"}],"curies":[{"name":"wp","href":"https:\/\/api.w.org\/{rel}","templated":true}]}}