{"id":2823,"date":"2020-11-09T17:45:26","date_gmt":"2020-11-09T16:45:26","guid":{"rendered":"http:\/\/www2.przyslop.pl\/test\/?page_id=2823"},"modified":"2021-02-03T13:41:49","modified_gmt":"2021-02-03T12:41:49","slug":"trasa-skitur-barania-skiturowa-korona-baraniej-gory","status":"publish","type":"page","link":"https:\/\/przyslop.pl\/index.php\/trasa-skitur-barania-skiturowa-korona-baraniej-gory\/","title":{"rendered":"[Trasa skitur \/ bieg\u00f3wki] SkiTurowa Korona Baraniej G\u00f3ry"},"content":{"rendered":"<p><section class=\"kc-elm kc-css-457262 kc_row\"><div class=\"kc-row-container  kc-container\"><div class=\"kc-wrap-columns\"><div class=\"kc-elm kc-css-295428 kc_col-sm-3 kc_column kc_col-sm-3\"><div class=\"kc-col-container\">\n<div class=\"kc-elm kc-css-530090\">\n\t<a class=\"kc_button\" href=\"https:\/\/przyslop.pl\/wp-content\/uploads\/gpx\/przyslop_pl_SkiTurowa_Korona_Baraniej_Gory.gpx\" target=\"_blank\" title=\"Rezerwacje Wis\u0142a 1200 2025\" onclick=\"download=:quot:przyslop_pl_SkiTurowa_Korona_Baraniej_Gory.gpx:quot:\">\n\t\tPobierz plik GPX trasy\t<\/a>\n<\/div>\n<\/div><\/div><div class=\"kc-elm kc-css-389551 kc_col-sm-9 kc_column kc_col-sm-9\"><div class=\"kc-col-container\"><div class=\"kc-elm kc-css-314388 kc_text_block pageText\"><\/p>\n<p>Wybitna widokowo skiturowa trasa okr\u0105\u017caj\u0105ca Kr\u00f3low\u0105 Beskidu \u015al\u0105skiego czyli Barani\u0105 G\u00f3r\u0119. Opr\u00f3cz fantastycznych widok\u00f3w (przy dobrej widoczno\u015bci od Karkonoszy po Tatry, na pasma Polskie, Czeskie i S\u0142owackie z takimi Pere\u0142kami jak Babia G\u00f3ra czy te\u017c Ve\u013ek\u00fd Rozsutec) obejmuje przystanek w klimatycznej g\u00f3rskiej chatce (a mo\u017ce jest to dobry pomys\u0142 na nocleg w plenerze?) oraz pi\u0119kny zjazd wschodnimi stokami Baraniej G\u00f3ry.<\/p>\n<p>\n<\/div><\/div><\/div><\/div><\/div><\/section><section class=\"kc-elm kc-css-765221 kc_row\"><div class=\"kc-row-container  kc-container\"><div class=\"kc-wrap-columns\"><div class=\"kc-elm kc-css-532802 kc_col-sm-12 kc_column kc_col-sm-12\"><div class=\"kc-col-container\"><div class=\"kc-elm kc-css-507645 kc-raw-code\"><iframe loading=\"lazy\" src=\"https:\/\/www.komoot.com\/tour\/1244608620\/embed?profile=1\" width=\"100%\" height=\"700\" frameborder=\"0\" scrolling=\"no\"><\/iframe><\/div><\/div><\/div><\/div><\/div><\/section><\/p>\n","protected":false},"excerpt":{"rendered":"","protected":false},"author":2,"featured_media":0,"parent":0,"menu_order":0,"comment_status":"closed","ping_status":"closed","template":"","meta":{"footnotes":""},"class_list":["post-2823","page","type-page","status-publish","hentry"],"jetpack_sharing_enabled":true,"post_mailing_queue_ids":[],"_links":{"self":[{"href":"https:\/\/przyslop.pl\/index.php\/wp-json\/wp\/v2\/pages\/2823","targetHints":{"allow":["GET"]}}],"collection":[{"href":"https:\/\/przyslop.pl\/index.php\/wp-json\/wp\/v2\/pages"}],"about":[{"href":"https:\/\/przyslop.pl\/index.php\/wp-json\/wp\/v2\/types\/page"}],"author":[{"embeddable":true,"href":"https:\/\/przyslop.pl\/index.php\/wp-json\/wp\/v2\/users\/2"}],"replies":[{"embeddable":true,"href":"https:\/\/przyslop.pl\/index.php\/wp-json\/wp\/v2\/comments?post=2823"}],"version-history":[{"count":1,"href":"https:\/\/przyslop.pl\/index.php\/wp-json\/wp\/v2\/pages\/2823\/revisions"}],"predecessor-version":[{"id":6876,"href":"https:\/\/przyslop.pl\/index.php\/wp-json\/wp\/v2\/pages\/2823\/revisions\/6876"}],"wp:attachment":[{"href":"https:\/\/przyslop.pl\/index.php\/wp-json\/wp\/v2\/media?parent=2823"}],"curies":[{"name":"wp","href":"https:\/\/api.w.org\/{rel}","templated":true}]}}