{"id":2815,"date":"2020-11-09T17:29:50","date_gmt":"2020-11-09T16:29:50","guid":{"rendered":"http:\/\/www2.przyslop.pl\/test\/?page_id=2815"},"modified":"2021-02-03T13:39:47","modified_gmt":"2021-02-03T12:39:47","slug":"trasa-skitur-biegowki-barania-skitur-wschod","status":"publish","type":"page","link":"https:\/\/przyslop.pl\/index.php\/trasa-skitur-biegowki-barania-skitur-wschod\/","title":{"rendered":"[Trasa skitur \/ bieg\u00f3wki] Barania SkiTur &#8211; wsch\u00f3d"},"content":{"rendered":"<p><section class=\"kc-elm kc-css-572736 kc_row\"><div class=\"kc-row-container  kc-container\"><div class=\"kc-wrap-columns\"><div class=\"kc-elm kc-css-120296 kc_col-sm-3 kc_column kc_col-sm-3\"><div class=\"kc-col-container\">\n<div class=\"kc-elm kc-css-285990\">\n\t<a class=\"kc_button\" href=\"https:\/\/przyslop.pl\/wp-content\/uploads\/gpx\/przyslop_pl_Barania_SkiTur-wschod.gpx\" target=\"_blank\" title=\"Rezerwacje Wis\u0142a 1200 2025\" onclick=\"download=:quot:przyslop_pl_Barania_SkiTur-wschod.gpx:quot:\">\n\t\tPobierz plik GPX trasy\t<\/a>\n<\/div>\n<\/div><\/div><div class=\"kc-elm kc-css-452611 kc_col-sm-9 kc_column kc_col-sm-9\"><div class=\"kc-col-container\"><div class=\"kc-elm kc-css-591171 kc_text_block pageText\"><\/p>\n<p>Bardzo widokowa trasa przechodz\u0105ca przez szczyt Baraniej g\u00f3ry. Co wa\u017cne obejmuje ciekawe zjazdy wschodnimi zboczami Baraniej G\u00f3ry! Ch\u0119tni mog\u0105 r\u00f3wnie\u017c wyd\u0142u\u017cy\u0107 wycieczk\u0119 o przystanek restowy (lub nawet nocleg) w klimatycznej bac\u00f3wce na Hali Baraniej.<br \/>Powr\u00f3t wschodnimi zboczami Beskidy \u015al\u0105skiego. Z pi\u0119kn\u0105 panoram\u0105 na Beskid \u015al\u0105ski, \u017bywiecki, Ma\u0142y (w tym m.in. Pilsko, Babi\u0105 G\u00f3r\u0119 i Skrzyczne), a przy dobrej widoczno\u015bci Ma\u0142\u0105 Fatr\u0119, a nawet Tatry. Polecane szczeg\u00f3lnie w godzinach porannych lub oko\u0142opo\u0142udniowych.<\/p>\n<p>\n<\/div><\/div><\/div><\/div><\/div><\/section><section class=\"kc-elm kc-css-963169 kc_row\"><div class=\"kc-row-container  kc-container\"><div class=\"kc-wrap-columns\"><div class=\"kc-elm kc-css-784570 kc_col-sm-12 kc_column kc_col-sm-12\"><div class=\"kc-col-container\"><div class=\"kc-elm kc-css-920459 kc-raw-code\"><iframe loading=\"lazy\" src=\"https:\/\/www.komoot.com\/tour\/1244675005\/embed?profile=1\" width=\"100%\" height=\"700\" frameborder=\"0\" scrolling=\"no\"><\/iframe><\/div><\/div><\/div><\/div><\/div><\/section><\/p>\n","protected":false},"excerpt":{"rendered":"","protected":false},"author":2,"featured_media":0,"parent":0,"menu_order":0,"comment_status":"closed","ping_status":"closed","template":"","meta":{"footnotes":""},"class_list":["post-2815","page","type-page","status-publish","hentry"],"jetpack_sharing_enabled":true,"post_mailing_queue_ids":[],"_links":{"self":[{"href":"https:\/\/przyslop.pl\/index.php\/wp-json\/wp\/v2\/pages\/2815","targetHints":{"allow":["GET"]}}],"collection":[{"href":"https:\/\/przyslop.pl\/index.php\/wp-json\/wp\/v2\/pages"}],"about":[{"href":"https:\/\/przyslop.pl\/index.php\/wp-json\/wp\/v2\/types\/page"}],"author":[{"embeddable":true,"href":"https:\/\/przyslop.pl\/index.php\/wp-json\/wp\/v2\/users\/2"}],"replies":[{"embeddable":true,"href":"https:\/\/przyslop.pl\/index.php\/wp-json\/wp\/v2\/comments?post=2815"}],"version-history":[{"count":1,"href":"https:\/\/przyslop.pl\/index.php\/wp-json\/wp\/v2\/pages\/2815\/revisions"}],"predecessor-version":[{"id":6877,"href":"https:\/\/przyslop.pl\/index.php\/wp-json\/wp\/v2\/pages\/2815\/revisions\/6877"}],"wp:attachment":[{"href":"https:\/\/przyslop.pl\/index.php\/wp-json\/wp\/v2\/media?parent=2815"}],"curies":[{"name":"wp","href":"https:\/\/api.w.org\/{rel}","templated":true}]}}