{"id":2803,"date":"2020-11-09T16:57:38","date_gmt":"2020-11-09T15:57:38","guid":{"rendered":"http:\/\/www2.przyslop.pl\/test\/?page_id=2803"},"modified":"2021-01-30T18:02:36","modified_gmt":"2021-01-30T17:02:36","slug":"trasa-skitur-biegowki-barania-skitur-zachod","status":"publish","type":"page","link":"https:\/\/przyslop.pl\/index.php\/trasa-skitur-biegowki-barania-skitur-zachod\/","title":{"rendered":"[Trasa skitur \/ bieg\u00f3wki] Barania SkiTur &#8211; zach\u00f3d"},"content":{"rendered":"<p><section class=\"kc-elm kc-css-4651 kc_row\"><div class=\"kc-row-container  kc-container\"><div class=\"kc-wrap-columns\"><div class=\"kc-elm kc-css-366423 kc_col-sm-3 kc_column kc_col-sm-3\"><div class=\"kc-col-container\">\n<div class=\"kc-elm kc-css-325133\">\n\t<a class=\"kc_button\" href=\"https:\/\/przyslop.pl\/wp-content\/uploads\/gpx\/przyslop_pl_Barania-SkiTur-zachod.gpx\" target=\"_blank\" title=\"Rezerwacje Wis\u0142a 1200 2025\" onclick=\"download=:quot:przyslop_pl_Barania-SkiTur-zachod.gpx:quot:\">\n\t\tPobierz plik GPX trasy\t<\/a>\n<\/div>\n<\/div><\/div><div class=\"kc-elm kc-css-382835 kc_col-sm-9 kc_column kc_col-sm-9\"><div class=\"kc-col-container\"><div class=\"kc-elm kc-css-825263 kc_text_block pageText\"><\/p>\n<p>Bardzo widokowa trasa skiturowa przechodz\u0105ca przez szczyt Baraniej g\u00f3ry, prowadz\u0105ca grani\u0105 w kierunku Zielonego Kopca. Z pi\u0119kn\u0105 panoram\u0105 na Beskid \u015al\u0105ski, \u017bywiecki, Ma\u0142y (w tym m.in. Pilsko, Babi\u0105 G\u00f3r\u0119 i Skrzyczne), a przy dobrej widoczno\u015bci Ma\u0142\u0105 Fatr\u0119, a nawet Tatry. Trasa przyjemna zar\u00f3wno na skitury (\u015bredni poziom trudno\u015bci), jak i bieg\u00f3wki cho\u0107 raczej te \u015bladowe (ze wzgl\u0119du na trudniejszy teren nadaje si\u0119 dla bardziej zaawansowanych narciarzy biegowych). Powr\u00f3t zachodnimi zboczami Beskidu \u015al\u0105skiego \u2013 polecane szczeg\u00f3lnie popo\u0142udniem lub nawet o zachodzie s\u0142o\u0144ca.<\/p>\n<p>\n<\/div><\/div><\/div><\/div><\/div><\/section><section class=\"kc-elm kc-css-48487 kc_row\"><div class=\"kc-row-container  kc-container\"><div class=\"kc-wrap-columns\"><div class=\"kc-elm kc-css-949137 kc_col-sm-12 kc_column kc_col-sm-12\"><div class=\"kc-col-container\"><div class=\"kc-elm kc-css-693711 kc-raw-code\"><iframe loading=\"lazy\" src=\"https:\/\/www.komoot.com\/tour\/1244678543\/embed?profile=1\" width=\"100%\" height=\"700\" frameborder=\"0\" scrolling=\"no\"><\/iframe><\/div><\/div><\/div><\/div><\/div><\/section><\/p>\n","protected":false},"excerpt":{"rendered":"","protected":false},"author":2,"featured_media":0,"parent":0,"menu_order":0,"comment_status":"closed","ping_status":"closed","template":"","meta":{"footnotes":""},"class_list":["post-2803","page","type-page","status-publish","hentry"],"jetpack_sharing_enabled":true,"post_mailing_queue_ids":[],"_links":{"self":[{"href":"https:\/\/przyslop.pl\/index.php\/wp-json\/wp\/v2\/pages\/2803","targetHints":{"allow":["GET"]}}],"collection":[{"href":"https:\/\/przyslop.pl\/index.php\/wp-json\/wp\/v2\/pages"}],"about":[{"href":"https:\/\/przyslop.pl\/index.php\/wp-json\/wp\/v2\/types\/page"}],"author":[{"embeddable":true,"href":"https:\/\/przyslop.pl\/index.php\/wp-json\/wp\/v2\/users\/2"}],"replies":[{"embeddable":true,"href":"https:\/\/przyslop.pl\/index.php\/wp-json\/wp\/v2\/comments?post=2803"}],"version-history":[{"count":1,"href":"https:\/\/przyslop.pl\/index.php\/wp-json\/wp\/v2\/pages\/2803\/revisions"}],"predecessor-version":[{"id":6878,"href":"https:\/\/przyslop.pl\/index.php\/wp-json\/wp\/v2\/pages\/2803\/revisions\/6878"}],"wp:attachment":[{"href":"https:\/\/przyslop.pl\/index.php\/wp-json\/wp\/v2\/media?parent=2803"}],"curies":[{"name":"wp","href":"https:\/\/api.w.org\/{rel}","templated":true}]}}