{"id":2799,"date":"2020-11-09T16:50:00","date_gmt":"2020-11-09T15:50:00","guid":{"rendered":"http:\/\/www2.przyslop.pl\/test\/?page_id=2799"},"modified":"2021-01-09T12:47:22","modified_gmt":"2021-01-09T11:47:22","slug":"trasa-skitur-biegowki-widokowa-petla-na-mulenie","status":"publish","type":"page","link":"https:\/\/przyslop.pl\/index.php\/trasa-skitur-biegowki-widokowa-petla-na-mulenie\/","title":{"rendered":"[Trasa skitur \/ bieg\u00f3wki] Widokowa p\u0119tla na \u201eMulenie\u201d"},"content":{"rendered":"<p><section class=\"kc-elm kc-css-90474 kc_row\"><div class=\"kc-row-container  kc-container\"><div class=\"kc-wrap-columns\"><div class=\"kc-elm kc-css-132702 kc_col-sm-3 kc_column kc_col-sm-3\"><div class=\"kc-col-container\">\n<div class=\"kc-elm kc-css-58441\">\n\t<a class=\"kc_button\" href=\"https:\/\/przyslop.pl\/wp-content\/uploads\/gpx\/przyslop_pl_widokowa_petla_na_mulenie.gpx\" target=\"_blank\" title=\"Rezerwacje Wis\u0142a 1200 2025\" onclick=\"download=:quot:przyslop_pl_widokowa_petla_na_mulenie.gpx:quot:\">\n\t\tPobierz plik GPX trasy\t<\/a>\n<\/div>\n<\/div><\/div><div class=\"kc-elm kc-css-62540 kc_col-sm-9 kc_column kc_col-sm-9\"><div class=\"kc-col-container\"><div class=\"kc-elm kc-css-945426 kc_text_block pageText\"><\/p>\n<p>Trasa idealna na szybki trening bieg\u00f3wkowy lub dla os\u00f3b rozpoczynaj\u0105cych przygod\u0119 ze skiturami. W sam raz do zapoznania si\u0119 ze sprz\u0119tem oraz podstawowymi sposobami poruszania si\u0119 na nartach skiturowych. Niezwyk\u0142a widokowa z przepi\u0119kn\u0105 perspektyw\u0105 na zachodnie zbocza Malinowskiej Ska\u0142y, Skrzycznego oraz ca\u0142ej doliny \u201eWi\u015bla\u0144skiej\u201d wraz z czesk\u0105 cz\u0119\u015bci\u0105 Beskid\u00f3w. Zachwyca fantastycznymi pejza\u017cem w szczeg\u00f3lno\u015bci o zachodzie s\u0142o\u0144ca.<\/p>\n<p>\n<\/div><\/div><\/div><\/div><\/div><\/section><section class=\"kc-elm kc-css-818605 kc_row\"><div class=\"kc-row-container  kc-container\"><div class=\"kc-wrap-columns\"><div class=\"kc-elm kc-css-91319 kc_col-sm-12 kc_column kc_col-sm-12\"><div class=\"kc-col-container\"><div class=\"kc-elm kc-css-486476 kc-raw-code\"><iframe loading=\"lazy\" src=\"https:\/\/www.komoot.com\/tour\/1244701898\/embed?profile=1\" width=\"100%\" height=\"700\" frameborder=\"0\" scrolling=\"no\"><\/iframe><\/div><\/div><\/div><\/div><\/div><\/section><\/p>\n","protected":false},"excerpt":{"rendered":"","protected":false},"author":2,"featured_media":0,"parent":0,"menu_order":0,"comment_status":"closed","ping_status":"closed","template":"","meta":{"footnotes":""},"class_list":["post-2799","page","type-page","status-publish","hentry"],"jetpack_sharing_enabled":true,"post_mailing_queue_ids":[],"_links":{"self":[{"href":"https:\/\/przyslop.pl\/index.php\/wp-json\/wp\/v2\/pages\/2799","targetHints":{"allow":["GET"]}}],"collection":[{"href":"https:\/\/przyslop.pl\/index.php\/wp-json\/wp\/v2\/pages"}],"about":[{"href":"https:\/\/przyslop.pl\/index.php\/wp-json\/wp\/v2\/types\/page"}],"author":[{"embeddable":true,"href":"https:\/\/przyslop.pl\/index.php\/wp-json\/wp\/v2\/users\/2"}],"replies":[{"embeddable":true,"href":"https:\/\/przyslop.pl\/index.php\/wp-json\/wp\/v2\/comments?post=2799"}],"version-history":[{"count":1,"href":"https:\/\/przyslop.pl\/index.php\/wp-json\/wp\/v2\/pages\/2799\/revisions"}],"predecessor-version":[{"id":6886,"href":"https:\/\/przyslop.pl\/index.php\/wp-json\/wp\/v2\/pages\/2799\/revisions\/6886"}],"wp:attachment":[{"href":"https:\/\/przyslop.pl\/index.php\/wp-json\/wp\/v2\/media?parent=2799"}],"curies":[{"name":"wp","href":"https:\/\/api.w.org\/{rel}","templated":true}]}}