{"id":2779,"date":"2020-11-08T18:31:14","date_gmt":"2020-11-08T17:31:14","guid":{"rendered":"http:\/\/www2.przyslop.pl\/test\/?page_id=2779"},"modified":"2021-01-09T14:02:14","modified_gmt":"2021-01-09T13:02:14","slug":"trasa-skitur-biegowki-dojscie-z-kamesznicy-trasa-trudniejsza","status":"publish","type":"page","link":"https:\/\/przyslop.pl\/index.php\/trasa-skitur-biegowki-dojscie-z-kamesznicy-trasa-trudniejsza\/","title":{"rendered":"[Trasa skitur \/ bieg\u00f3wki] Doj\u015bcie z Kamesznicy &#8211; trasa trudniejsza"},"content":{"rendered":"<p><section class=\"kc-elm kc-css-294171 kc_row\"><div class=\"kc-row-container  kc-container\"><div class=\"kc-wrap-columns\"><div class=\"kc-elm kc-css-796198 kc_col-sm-3 kc_column kc_col-sm-3\"><div class=\"kc-col-container\">\n<div class=\"kc-elm kc-css-281400\">\n\t<a class=\"kc_button\" href=\"https:\/\/przyslop.pl\/wp-content\/uploads\/gpx\/przyslop_pl_Kamesznica-Schronisko_PTTK_Przyslop-trasa_trudniejsza.gpx\" target=\"_blank\" title=\"Rezerwacje Wis\u0142a 1200 2025\" onclick=\"download=:quot:przyslop_pl_Kamesznica-Schronisko_PTTK_Przyslop-trasa_trudniejsza.gpx:quot:\">\n\t\tPobierz plik GPX trasy\t<\/a>\n<\/div>\n<\/div><\/div><div class=\"kc-elm kc-css-980216 kc_col-sm-9 kc_column kc_col-sm-9\"><div class=\"kc-col-container\"><div class=\"kc-elm kc-css-334454 kc_text_block pageText\"><\/p>\n<p>Trasa skiturowa, kt\u00f3ra prowadzi \u017c\u00f3\u0142tym szlakiem turystycznym urozmaiconym w ostre podej\u015bcie. Doj\u015bcie na malownicze zbocza Karol\u00f3wki, a nast\u0119pnie ju\u017c klasycznie szlakiem niebieskim do Schroniska PTTK na Przys\u0142opie pod Barani\u0105 G\u00f3r\u0105.<\/p>\n<p>\n<\/div><\/div><\/div><\/div><\/div><\/section><section class=\"kc-elm kc-css-996737 kc_row\"><div class=\"kc-row-container  kc-container\"><div class=\"kc-wrap-columns\"><div class=\"kc-elm kc-css-287543 kc_col-sm-12 kc_column kc_col-sm-12\"><div class=\"kc-col-container\"><div class=\"kc-elm kc-css-846817 kc-raw-code\"><iframe loading=\"lazy\" src=\"https:\/\/www.komoot.com\/tour\/1244692692\/embed?profile=1\" width=\"100%\" height=\"700\" frameborder=\"0\" scrolling=\"no\"><\/iframe><\/div><\/div><\/div><\/div><\/div><\/section><\/p>\n","protected":false},"excerpt":{"rendered":"","protected":false},"author":2,"featured_media":0,"parent":0,"menu_order":0,"comment_status":"closed","ping_status":"closed","template":"","meta":{"footnotes":""},"class_list":["post-2779","page","type-page","status-publish","hentry"],"jetpack_sharing_enabled":true,"post_mailing_queue_ids":[],"_links":{"self":[{"href":"https:\/\/przyslop.pl\/index.php\/wp-json\/wp\/v2\/pages\/2779","targetHints":{"allow":["GET"]}}],"collection":[{"href":"https:\/\/przyslop.pl\/index.php\/wp-json\/wp\/v2\/pages"}],"about":[{"href":"https:\/\/przyslop.pl\/index.php\/wp-json\/wp\/v2\/types\/page"}],"author":[{"embeddable":true,"href":"https:\/\/przyslop.pl\/index.php\/wp-json\/wp\/v2\/users\/2"}],"replies":[{"embeddable":true,"href":"https:\/\/przyslop.pl\/index.php\/wp-json\/wp\/v2\/comments?post=2779"}],"version-history":[{"count":1,"href":"https:\/\/przyslop.pl\/index.php\/wp-json\/wp\/v2\/pages\/2779\/revisions"}],"predecessor-version":[{"id":6883,"href":"https:\/\/przyslop.pl\/index.php\/wp-json\/wp\/v2\/pages\/2779\/revisions\/6883"}],"wp:attachment":[{"href":"https:\/\/przyslop.pl\/index.php\/wp-json\/wp\/v2\/media?parent=2779"}],"curies":[{"name":"wp","href":"https:\/\/api.w.org\/{rel}","templated":true}]}}