{"id":2764,"date":"2020-11-08T17:45:42","date_gmt":"2020-11-08T16:45:42","guid":{"rendered":"http:\/\/www2.przyslop.pl\/test\/?page_id=2764"},"modified":"2021-01-09T14:03:16","modified_gmt":"2021-01-09T13:03:16","slug":"trasa-skitur-biegowki-dojscie-dolina-bialej-wiselki","status":"publish","type":"page","link":"https:\/\/przyslop.pl\/index.php\/trasa-skitur-biegowki-dojscie-dolina-bialej-wiselki\/","title":{"rendered":"[Trasa skitur \/ bieg\u00f3wki] Doj\u015bcie dolin\u0105 Bia\u0142ej Wise\u0142ki"},"content":{"rendered":"<p><section class=\"kc-elm kc-css-75724 kc_row\"><div class=\"kc-row-container  kc-container\"><div class=\"kc-wrap-columns\"><div class=\"kc-elm kc-css-415110 kc_col-sm-3 kc_column kc_col-sm-3\"><div class=\"kc-col-container\">\n<div class=\"kc-elm kc-css-797447\">\n\t<a class=\"kc_button\" href=\"https:\/\/przyslop.pl\/wp-content\/uploads\/gpx\/przyslop_pl_Biala_Wiselka-Schronisko_PTTK_Przyslop.gpx\" target=\"_blank\" title=\"Rezerwacje Wis\u0142a 1200 2025\" onclick=\"download=:quot:przyslop_pl_Biala_Wiselka-Schronisko_PTTK_Przyslop.gpx:quot:\">\n\t\tPobierz plik GPX trasy\t<\/a>\n<\/div>\n<\/div><\/div><div class=\"kc-elm kc-css-128819 kc_col-sm-9 kc_column kc_col-sm-9\"><div class=\"kc-col-container\"><div class=\"kc-elm kc-css-454100 kc_text_block pageText\"><\/p>\n<p>Niezwykle malownicza trasa skiturowa i bieg\u00f3wkowa prowadz\u0105ca Dolin\u0105 Bia\u0142ej Wise\u0142ki. Niezwykle urodziwa szczeg\u00f3lnie zim\u0105, gdy sama Wise\u0142ka oraz Kaskady Rod\u0142a zamieniaj\u0105 swoje oblicze na ba\u015bniowo-lodowe. Po prostu warto! Druga cz\u0119\u015b\u0107 tej trasy skiturowej prowadzi zachodnimi zboczami Baraniej G\u00f3ry \u2013 polecane szczeg\u00f3lnie popo\u0142udniem lub nawet o zachodzie s\u0142o\u0144ca. Obfituje w malowniczne widoki na zachodnie zbocza Malinowskiej Ska\u0142y, Skrzyczne oraz ca\u0142\u0105 dolin\u0119 \u201eWi\u015bla\u0144skiej\u201d wraz z czesk\u0105 cz\u0119\u015bci\u0105 Beskid\u00f3w.<\/p>\n<p>\n<\/div><\/div><\/div><\/div><\/div><\/section><section class=\"kc-elm kc-css-747114 kc_row\"><div class=\"kc-row-container  kc-container\"><div class=\"kc-wrap-columns\"><div class=\"kc-elm kc-css-65208 kc_col-sm-12 kc_column kc_col-sm-12\"><div class=\"kc-col-container\"><div class=\"kc-elm kc-css-567813 kc-raw-code\"><iframe loading=\"lazy\" src=\"https:\/\/www.komoot.com\/tour\/1244680895\/embed?profile=1\" width=\"100%\" height=\"700\" frameborder=\"0\" scrolling=\"no\"><\/iframe><\/div><\/div><\/div><\/div><\/div><\/section><\/p>\n","protected":false},"excerpt":{"rendered":"","protected":false},"author":2,"featured_media":0,"parent":0,"menu_order":0,"comment_status":"closed","ping_status":"closed","template":"","meta":{"footnotes":""},"class_list":["post-2764","page","type-page","status-publish","hentry"],"jetpack_sharing_enabled":true,"post_mailing_queue_ids":[],"_links":{"self":[{"href":"https:\/\/przyslop.pl\/index.php\/wp-json\/wp\/v2\/pages\/2764","targetHints":{"allow":["GET"]}}],"collection":[{"href":"https:\/\/przyslop.pl\/index.php\/wp-json\/wp\/v2\/pages"}],"about":[{"href":"https:\/\/przyslop.pl\/index.php\/wp-json\/wp\/v2\/types\/page"}],"author":[{"embeddable":true,"href":"https:\/\/przyslop.pl\/index.php\/wp-json\/wp\/v2\/users\/2"}],"replies":[{"embeddable":true,"href":"https:\/\/przyslop.pl\/index.php\/wp-json\/wp\/v2\/comments?post=2764"}],"version-history":[{"count":1,"href":"https:\/\/przyslop.pl\/index.php\/wp-json\/wp\/v2\/pages\/2764\/revisions"}],"predecessor-version":[{"id":6879,"href":"https:\/\/przyslop.pl\/index.php\/wp-json\/wp\/v2\/pages\/2764\/revisions\/6879"}],"wp:attachment":[{"href":"https:\/\/przyslop.pl\/index.php\/wp-json\/wp\/v2\/media?parent=2764"}],"curies":[{"name":"wp","href":"https:\/\/api.w.org\/{rel}","templated":true}]}}