{"id":2756,"date":"2020-11-08T17:25:01","date_gmt":"2020-11-08T16:25:01","guid":{"rendered":"http:\/\/www2.przyslop.pl\/test\/?page_id=2756"},"modified":"2021-01-09T14:00:59","modified_gmt":"2021-01-09T13:00:59","slug":"trasa-skitur-biegowki-dojscie-z-fajkowki","status":"publish","type":"page","link":"https:\/\/przyslop.pl\/index.php\/trasa-skitur-biegowki-dojscie-z-fajkowki\/","title":{"rendered":"[Trasa skitur \/ bieg\u00f3wki] Doj\u015bcie z Fajk\u00f3wki"},"content":{"rendered":"<p><section class=\"kc-elm kc-css-468611 kc_row\"><div class=\"kc-row-container  kc-container\"><div class=\"kc-wrap-columns\"><div class=\"kc-elm kc-css-749443 kc_col-sm-3 kc_column kc_col-sm-3\"><div class=\"kc-col-container\">\n<div class=\"kc-elm kc-css-391932\">\n\t<a class=\"kc_button\" href=\"https:\/\/przyslop.pl\/wp-content\/uploads\/gpx\/przyslop_pl_Faikowka-Schronisko_PTTK_Przyslop.gpx\" target=\"_blank\" title=\"Rezerwacje Wis\u0142a 1200 2025\" onclick=\"download=:quot:przyslop_pl_Faikowka-Schronisko_PTTK_Przyslop.gpx:quot:\">\n\t\tPobierz plik GPX trasy\t<\/a>\n<\/div>\n<\/div><\/div><div class=\"kc-elm kc-css-968818 kc_col-sm-9 kc_column kc_col-sm-9\"><div class=\"kc-col-container\"><div class=\"kc-elm kc-css-504581 kc_text_block pageText\"><\/p>\n<p>Czyli tzw. skiturowe doj\u015bcie \u201epoza utartym szlakiem\u201d. Ciekawy wariant doj\u015bcia na skiturach od strony \u017cywieckiej. Start w Fajk\u00f3wce prowadz\u0105cy le\u015bnymi drogami do szlaku na Karol\u00f3wce, a nast\u0119pnie ju\u017c klasycznie szlakiem niebieskim do Schroniska PTTK na Przys\u0142opie pod Barani\u0105 G\u00f3r\u0105.<\/p>\n<p>\n<\/div><\/div><\/div><\/div><\/div><\/section><section class=\"kc-elm kc-css-507538 kc_row\"><div class=\"kc-row-container  kc-container\"><div class=\"kc-wrap-columns\"><div class=\"kc-elm kc-css-288863 kc_col-sm-12 kc_column kc_col-sm-12\"><div class=\"kc-col-container\"><div class=\"kc-elm kc-css-444708 kc-raw-code\"><iframe loading=\"lazy\" src=\"https:\/\/www.komoot.com\/tour\/1244687903\/embed?profile=1\" width=\"100%\" height=\"700\" frameborder=\"0\" scrolling=\"no\"><\/iframe><\/div><\/div><\/div><\/div><\/div><\/section><\/p>\n","protected":false},"excerpt":{"rendered":"","protected":false},"author":2,"featured_media":0,"parent":0,"menu_order":0,"comment_status":"closed","ping_status":"closed","template":"","meta":{"footnotes":""},"class_list":["post-2756","page","type-page","status-publish","hentry"],"jetpack_sharing_enabled":true,"post_mailing_queue_ids":[],"_links":{"self":[{"href":"https:\/\/przyslop.pl\/index.php\/wp-json\/wp\/v2\/pages\/2756","targetHints":{"allow":["GET"]}}],"collection":[{"href":"https:\/\/przyslop.pl\/index.php\/wp-json\/wp\/v2\/pages"}],"about":[{"href":"https:\/\/przyslop.pl\/index.php\/wp-json\/wp\/v2\/types\/page"}],"author":[{"embeddable":true,"href":"https:\/\/przyslop.pl\/index.php\/wp-json\/wp\/v2\/users\/2"}],"replies":[{"embeddable":true,"href":"https:\/\/przyslop.pl\/index.php\/wp-json\/wp\/v2\/comments?post=2756"}],"version-history":[{"count":1,"href":"https:\/\/przyslop.pl\/index.php\/wp-json\/wp\/v2\/pages\/2756\/revisions"}],"predecessor-version":[{"id":6882,"href":"https:\/\/przyslop.pl\/index.php\/wp-json\/wp\/v2\/pages\/2756\/revisions\/6882"}],"wp:attachment":[{"href":"https:\/\/przyslop.pl\/index.php\/wp-json\/wp\/v2\/media?parent=2756"}],"curies":[{"name":"wp","href":"https:\/\/api.w.org\/{rel}","templated":true}]}}