{"id":2750,"date":"2020-11-08T17:15:34","date_gmt":"2020-11-08T16:15:34","guid":{"rendered":"http:\/\/www2.przyslop.pl\/test\/?page_id=2750"},"modified":"2021-02-03T13:38:31","modified_gmt":"2021-02-03T12:38:31","slug":"trasa-skitur-biegowki-dojscie-dolina-czarnej-wiselki","status":"publish","type":"page","link":"https:\/\/przyslop.pl\/index.php\/trasa-skitur-biegowki-dojscie-dolina-czarnej-wiselki\/","title":{"rendered":"[Trasa skitur \/ bieg\u00f3wki] Doj\u015bcie dolin\u0105 Czarnej Wise\u0142ki"},"content":{"rendered":"<p><section class=\"kc-elm kc-css-456633 kc_row\"><div class=\"kc-row-container  kc-container\"><div class=\"kc-wrap-columns\"><div class=\"kc-elm kc-css-609030 kc_col-sm-3 kc_column kc_col-sm-3\"><div class=\"kc-col-container\">\n<div class=\"kc-elm kc-css-187251\">\n\t<a class=\"kc_button\" href=\"https:\/\/przyslop.pl\/wp-content\/uploads\/gpx\/przyslop_pl_Czarna_Wiselka-_Schronisko_PTTK_Przyslop.gpx\" target=\"_blank\" title=\"Rezerwacje Wis\u0142a 1200 2025\" onclick=\"download=:quot:przyslop_pl_Czarna_Wiselka-_Schronisko_PTTK_Przyslop.gpx:quot:\">\n\t\tPobierz plik GPX trasy\t<\/a>\n<\/div>\n<\/div><\/div><div class=\"kc-elm kc-css-136835 kc_col-sm-9 kc_column kc_col-sm-9\"><div class=\"kc-col-container\"><div class=\"kc-elm kc-css-532931 kc_text_block pageText\"><\/p>\n<p>Delikatne skitourowe lub bieg\u00f3wkowe podej\u015bcie Dolin\u0105 Czarnej Wise\u0142ki (\u017ar\u00f3d\u0142o Wis\u0142y) od parkingu na ul. Czarna Wise\u0142ka, szlakiem Czarnym. Szczeg\u00f3lnie urokliwa zim\u0105 przy du\u017cych mrozach, ze wzgl\u0119du na tworz\u0105ce si\u0119 ciekawe formacje lodowe. Trasa szybka i \u0142atwa ze wzgl\u0119du na cz\u0119ste od\u015bnie\u017canie (od\u015bnie\u017canie nie usuwa ca\u0142ego \u015bniegu do asfaltu).<br \/>Wa\u017cne! Je\u015bli us\u0142yszysz samoch\u00f3d:<\/p>\n<ul>\n<li>zej\u015b\u0107 z drogi tak szybko jak to mo\u017cliwe jeszcze zanim go zobaczy\u0107!<\/li>\n<li>zejd\u017a nie oznacza sta\u0144 na skraju od\u015bnie\u017conej trasy tylko wejd\u017a w g\u0142\u0119boki \u015bnieg na poboczu!<\/li>\n<li>w przypadku kilku os\u00f3b zawsze schod\u017acie na jedn\u0105 stron\u0119!<\/li>\n<\/ul>\n<p>Jest to BARDZO wa\u017cne, gdy\u017c:<\/p>\n<ul>\n<li>droga cho\u0107 niepozorna jest cz\u0119sto w warunkach zimowych bardzo trudna do pokonania,<\/li>\n<li>droga nie jest sypana i mo\u017cliwo\u015bci hamowania w zimie s\u0105 bardzo ograniczone, a nag\u0142e zatrzymanie niemal niemo\u017cliwe,<\/li>\n<li>warunki na drodze s\u0105 bardzo trudne, a jest to jedyna forma zaopatrzenia schroniska. Niepotrzebne zatrzymanie samochodu w trudnych warunkach mo\u017ce ca\u0142kowicie uniemo\u017cliwi\u0107 dojazd do schroniska i zakopanie si\u0119 pojazdu.<\/li>\n<li>nikt jej dla nas nie od\u015bnie\u017ca, nikt nie pomaga w trudno\u015bciach logistycznych. Ka\u017cda dodatkowa konieczno\u015b\u0107 wyci\u0105gania samochodu lub ponownego od\u015bnie\u017cania na skutek zniszczenia drogi przez samoch\u00f3d, kt\u00f3ry ugrz\u0119zn\u0105\u0142 to olbrzymie koszty.<\/li>\n<\/ul>\n<p>\n<\/div><\/div><\/div><\/div><\/div><\/section><section class=\"kc-elm kc-css-745285 kc_row\"><div class=\"kc-row-container  kc-container\"><div class=\"kc-wrap-columns\"><div class=\"kc-elm kc-css-186832 kc_col-sm-12 kc_column kc_col-sm-12\"><div class=\"kc-col-container\"><div class=\"kc-elm kc-css-3291 kc-raw-code\"><iframe loading=\"lazy\" src=\"https:\/\/www.komoot.com\/tour\/1244682634\/embed?profile=1\" width=\"100%\" height=\"700\" frameborder=\"0\" scrolling=\"no\"><\/iframe><\/div><\/div><\/div><\/div><\/div><\/section><\/p>\n","protected":false},"excerpt":{"rendered":"","protected":false},"author":2,"featured_media":0,"parent":0,"menu_order":0,"comment_status":"closed","ping_status":"closed","template":"","meta":{"footnotes":""},"class_list":["post-2750","page","type-page","status-publish","hentry"],"jetpack_sharing_enabled":true,"post_mailing_queue_ids":[],"_links":{"self":[{"href":"https:\/\/przyslop.pl\/index.php\/wp-json\/wp\/v2\/pages\/2750","targetHints":{"allow":["GET"]}}],"collection":[{"href":"https:\/\/przyslop.pl\/index.php\/wp-json\/wp\/v2\/pages"}],"about":[{"href":"https:\/\/przyslop.pl\/index.php\/wp-json\/wp\/v2\/types\/page"}],"author":[{"embeddable":true,"href":"https:\/\/przyslop.pl\/index.php\/wp-json\/wp\/v2\/users\/2"}],"replies":[{"embeddable":true,"href":"https:\/\/przyslop.pl\/index.php\/wp-json\/wp\/v2\/comments?post=2750"}],"version-history":[{"count":1,"href":"https:\/\/przyslop.pl\/index.php\/wp-json\/wp\/v2\/pages\/2750\/revisions"}],"predecessor-version":[{"id":6880,"href":"https:\/\/przyslop.pl\/index.php\/wp-json\/wp\/v2\/pages\/2750\/revisions\/6880"}],"wp:attachment":[{"href":"https:\/\/przyslop.pl\/index.php\/wp-json\/wp\/v2\/media?parent=2750"}],"curies":[{"name":"wp","href":"https:\/\/api.w.org\/{rel}","templated":true}]}}