{"id":2730,"date":"2020-11-08T16:33:29","date_gmt":"2020-11-08T15:33:29","guid":{"rendered":"http:\/\/www2.przyslop.pl\/test\/?page_id=2730"},"modified":"2021-02-03T13:42:50","modified_gmt":"2021-02-03T12:42:50","slug":"nasze-propozycje-tras-sportowych","status":"publish","type":"page","link":"https:\/\/przyslop.pl\/index.php\/nasze-propozycje-tras-sportowych\/","title":{"rendered":"Nasze propozycje tras sportowych"},"content":{"rendered":"<p><section class=\"kc-elm kc-css-322079 kc_row pageWhite\"><div class=\"kc-row-container  kc-container\"><div class=\"kc-wrap-columns\"><div class=\"kc-elm kc-css-738039 kc_col-sm-12 kc_column kc_col-sm-12\"><div class=\"kc-col-container\"><div class=\"kc-elm kc-css-515812 kc-raw-code\"><a id=\"narty\"><\/a><\/div>\n<div class=\"kc-elm kc-css-548172 kc-title-wrap \">\n\n\t<p class=\"kc_title pageHeader\">skitour \/ bieg\u00f3wki \/ backcountry<\/p>\n<\/div>\n<\/div><\/div><\/div><\/div><\/section><section class=\"kc-elm kc-css-648995 kc_row pageWhite\"><div class=\"kc-row-container  kc-container  pageText\"><div class=\"kc-wrap-columns\"><div class=\"kc-elm kc-css-599356 kc_col-sm-6 kc_column kc_col-sm-6\"><div class=\"kc-col-container\"><div class=\"kc-elm kc-css-592000 kc_text_block pageText\"><\/p>\n<p><strong>Skiturowe oraz bieg\u00f3wkowe trasy doj\u015bcia do Schroniska Przys\u0142op pod Barani\u0105 G\u00f3r\u0105:<\/strong><\/p>\n<ul>\n<li><a href=\"https:\/\/przyslop.pl\/index.php\/trasa-skitur-biegowki-dojscie-z-przeleczy-szarcula\/\" rel=\"noopener\">Z prze\u0142\u0105czy Szarcula &#8211; trasa \u0142atwa<\/a><\/li>\n<li><a href=\"https:\/\/przyslop.pl\/index.php\/trasa-skitur-biegowki-dojscie-dolina-czarnej-wiselki\/\" rel=\"noopener\">Z Wis\u0142y Czarne &#8211; trasa \u0142atwa<\/a><\/li>\n<li><a href=\"https:\/\/przyslop.pl\/index.php\/trasa-skitur-biegowki-dojscie-z-fajkowki\/\" rel=\"noopener\">Z Fajk\u00f3wki &#8211; trasa \u015brednia<\/a><\/li>\n<li><a href=\"https:\/\/przyslop.pl\/index.php\/trasa-skitur-biegowki-dojscie-z-kamesznicy-trasa-latwiejsza\/\" rel=\"noopener\">Z Kamesznicy G\u00f3rnej &#8211; trasa \u0142atwa<\/a><\/li>\n<li><a href=\"https:\/\/przyslop.pl\/index.php\/trasa-skitur-biegowki-dojscie-z-kamesznicy-trasa-trudniejsza\/\" rel=\"noopener\">Z Kamesznicy G\u00f3rnej &#8211; trasa \u015brednia<\/a><\/li>\n<li><a href=\"https:\/\/przyslop.pl\/index.php\/trasa-skitur-biegowki-dojscie-z-koczego-zamku\/\" rel=\"noopener\">Z Koczego Zamku &#8211; trasa \u015brednia<\/a><\/li>\n<li><a href=\"https:\/\/przyslop.pl\/index.php\/trasa-skitur-biegowki-dojscie-dolina-bialej-wiselki\/\" rel=\"noopener\">Z Doliny Bia\u0142ej Wise\u0142ki &#8211; trasa \u015brednia<\/a><\/li>\n<li><a href=\"https:\/\/przyslop.pl\/index.php\/trasa-skitur-biegowki-dojscie-z-bialego-krzyza\/\" rel=\"noopener\">Z Bia\u0142ego Krzy\u017ca &#8211; trasa \u015brednia<\/a><\/li>\n<\/ul>\n<p>\n<\/div><\/div><\/div><div class=\"kc-elm kc-css-47422 kc_col-sm-6 kc_column kc_col-sm-6\"><div class=\"kc-col-container\"><div class=\"kc-elm kc-css-748364 kc_text_block pageText\"><\/p>\n<p><strong>Trasy wycieczek skiturowych i bieg\u00f3wkowych w okolicy Schroniska Przys\u0142op pod Barani\u0105 G\u00f3r\u0105:<\/strong><\/p>\n<ul>\n<li><a href=\"https:\/\/przyslop.pl\/index.php\/trasa-skitur-biegowki-szybki-wypad-na-barania-gore\/\">Szybki wypad na Barani\u0105 G\u00f3r\u0119 &#8211; trasa \u0142atwa<\/a><\/li>\n<li><a href=\"https:\/\/przyslop.pl\/index.php\/trasa-skitur-biegowki-widokowa-petla-na-mulenie\/\" rel=\"noopener\">Widokowa p\u0119tla na \u201eMulenie\u201d &#8211; trasa \u0142atwa<\/a><\/li>\n<li><a href=\"https:\/\/przyslop.pl\/index.php\/trasa-skitur-biegowki-wokol-zrodel-czarnej-wiselki\/\">Wok\u00f3\u0142 \u0179r\u00f3de\u0142 Czarnej Wise\u0142ki &#8211; trasa \u0142atwa<\/a><\/li>\n<li><a href=\"https:\/\/przyslop.pl\/index.php\/trasa-skitur-biegowki-wokol-zrodel-czarnej-wiselki-trasa-trudna\/\">Wok\u00f3\u0142 \u0179r\u00f3de\u0142 Czarnej Wise\u0142ki &#8211; trasa trudna<\/a><\/li>\n<li><a href=\"https:\/\/przyslop.pl\/index.php\/trasa-skitur-biegowki-barania-skitur-zachod\/\" rel=\"noopener\">Barania SkiTur &#8211; zach\u00f3d &#8211; trasa \u015brednia<\/a><\/li>\n<li><a href=\"https:\/\/przyslop.pl\/index.php\/trasa-skitur-biegowki-barania-skitur-wschod\/\" rel=\"noopener\">Barania<span style=\"font-weight: 400;\">\u00a0SkiTur &#8211; wsch\u00f3d \u2013 trasa trudna<\/span><\/a><\/li>\n<li><a href=\"https:\/\/przyslop.pl\/index.php\/trasa-skitur-biegowki-wycieczka-na-bialy-krzyz\/\" rel=\"noopener\">Wycieczka na Bia\u0142y Krzy\u017c &#8211; trasa \u015brednia<\/a><\/li>\n<li><a href=\"https:\/\/przyslop.pl\/index.php\/trasa-skitur-biegowki-beskidzki-skiturowy-klasyk\/\" rel=\"noopener\">Beskidzki SkiTurowy Klasyk &#8211; trasa trudna<\/a><\/li>\n<li><a href=\"https:\/\/przyslop.pl\/index.php\/trasa-skitur-barania-skiturowa-korona-baraniej-gory\/\" rel=\"noopener\">SkiTurowa Korona Baraniej G\u00f3ry \u2013 trasa trudna<\/a><\/li>\n<\/ul>\n<p>\n<\/div><\/div><\/div><\/div><\/div><\/section><section class=\"kc-elm kc-css-543841 kc_row pageWhite\"><div class=\"kc-row-container  kc-container  pageGallery\"><div class=\"kc-wrap-columns\"><div class=\"kc-elm kc-css-472165 kc_col-sm-4 kc_column kc_col-sm-4\"><div class=\"kc-col-container\"><div class=\"kc-elm kc-css-696040 kc_shortcode kc_single_image\">\n\n        <img decoding=\"async\" src=\"https:\/\/i0.wp.com\/przyslop.pl\/wp-content\/uploads\/2021\/01\/480x320_Trasy_1.jpg?fit=480%2C320&ssl=1\" class=\"\" alt=\"\" \/>    <\/div>\n<\/div><\/div><div class=\"kc-elm kc-css-608331 kc_col-sm-4 kc_column kc_col-sm-4\"><div class=\"kc-col-container\"><div class=\"kc-elm kc-css-170885 kc_shortcode kc_single_image\">\n\n        <img decoding=\"async\" src=\"https:\/\/i0.wp.com\/przyslop.pl\/wp-content\/uploads\/2021\/01\/480x320_Trasy_2.jpg?fit=480%2C320&ssl=1\" class=\"\" alt=\"\" \/>    <\/div>\n<\/div><\/div><div class=\"kc-elm kc-css-156219 kc_col-sm-4 kc_column kc_col-sm-4\"><div class=\"kc-col-container\"><div class=\"kc-elm kc-css-530530 kc_shortcode kc_single_image\">\n\n        <img decoding=\"async\" src=\"https:\/\/i0.wp.com\/przyslop.pl\/wp-content\/uploads\/2021\/01\/480x320_Trasy_3.jpg?fit=480%2C320&ssl=1\" class=\"\" alt=\"\" \/>    <\/div>\n<\/div><\/div><\/div><\/div><\/section><section class=\"kc-elm kc-css-964220 kc_row pageWhite\"><div class=\"kc-row-container  kc-container\"><div class=\"kc-wrap-columns\"><div class=\"kc-elm kc-css-580014 kc_col-sm-12 kc_column kc_col-sm-12\"><div class=\"kc-col-container\"><div class=\"kc-elm kc-css-701539 kc-raw-code\"><a id=\"rowery\"><\/a><\/div>\n<div class=\"kc-elm kc-css-38530 kc-title-wrap \">\n\n\t<p class=\"kc_title pageHeader\">Trasy rowerowe<\/p>\n<\/div>\n<\/div><\/div><\/div><\/div><\/section><section class=\"kc-elm kc-css-801338 kc_row pageWhite\"><div class=\"kc-row-container  kc-container\"><div class=\"kc-wrap-columns\"><div class=\"kc-elm kc-css-303901 kc_col-sm-6 kc_column kc_col-sm-6\"><div class=\"kc-col-container\"><div class=\"kc-elm kc-css-994038 kc_text_block pageText\"><\/p>\n<p><strong>Rowerowe dojazdy do Schroniska Przys\u0142op pod Barani\u0105 G\u00f3r\u0105:<\/strong><\/p>\n<ul>\n<li><a href=\"https:\/\/przyslop.pl\/index.php\/dojazd-do-schroniska-z-wisly-czarne\/\">Dolin\u0105 Czarnej Wise\u0142ki &#8211; trasa \u0142atwa<\/a><\/li>\n<li><a href=\"https:\/\/przyslop.pl\/index.php\/trasa-rowerowa-dojazd-z-przelaczy-kubalonka\/\">Z Prze\u0142\u0119czy Kubalonka<\/a><\/li>\n<li><a href=\"https:\/\/przyslop.pl\/index.php\/trasa-rowerowa-dojazd-z-milowki\/\">Z Mil\u00f3wki (dworzec PKP)<\/a><\/li>\n<li><a href=\"https:\/\/przyslop.pl\/index.php\/dojazd-z-kamesznicy-gornej\/\">Z Kamesznicy G\u00f3rnej<\/a><\/li>\n<li><a href=\"https:\/\/przyslop.pl\/index.php\/dojazd-z-pietraszonki\/\">Z Piertaszonki<\/a><\/li>\n<li><a href=\"https:\/\/przyslop.pl\/index.php\/trasa-rowerowa-dojazd-z-istebnej\/\">Z Istebnej<\/a><\/li>\n<li><a href=\"https:\/\/przyslop.pl\/index.php\/trasa-rowerowa-dojazd-z-bialego-krzyza\/\">Z Bia\u0142ego Krzy\u017ca (prze\u0142\u0119cz Salmopolska)<\/a><\/li>\n<li><a href=\"https:\/\/przyslop.pl\/index.php\/dojazd-ze-zwardonia-dworzec-pkp\/\">Ze Zwardonia (dworzec PKP)<\/a><\/li>\n<li><a href=\"https:\/\/przyslop.pl\/index.php\/trasa-rowerowa-dojazd-z-wisly-glebce\/\">Z Wis\u0142y G\u0142\u0119bce (dworzec PKP)<\/a><\/li>\n<li><a href=\"https:\/\/przyslop.pl\/index.php\/trasa-rowerowa-dojazd-z-wisly-uzdrowisko\/\">Z Wis\u0142y Uzdrowisko (dworzec PKP)<\/a><\/li>\n<\/ul>\n<p>\n<\/div><\/div><\/div><div class=\"kc-elm kc-css-344933 kc_col-sm-6 kc_column kc_col-sm-6\"><div class=\"kc-col-container\"><div class=\"kc-elm kc-css-289413 kc_text_block pageText\"><\/p>\n<p><strong>Trasy wycieczek rowerowych w okolicy Schroniska Przys\u0142op pod Barani\u0105 G\u00f3r\u0105:<\/strong><\/p>\n<ul>\n<li><a href=\"https:\/\/przyslop.pl\/index.php\/trasa-rowerowa-wokol-baraniej-gory-rajd-barana\/\">Wok\u00f3\u0142 Baraniej g\u00f3ry (Rajd Barana)<\/a><\/li>\n<li><a href=\"https:\/\/przyslop.pl\/index.php\/trasa-rowerowa-wycieczka-na-malinowska-skale\/\">Wycieczka na Malinowsk\u0105 Ska\u0142\u0119<\/a><\/li>\n<li><a href=\"https:\/\/przyslop.pl\/index.php\/trasa-rowerowa-wokol-jeziora-czernianskiego\/\">Wok\u00f3\u0142 Jeziora Czernia\u0144skiego<\/a><\/li>\n<li><a href=\"https:\/\/przyslop.pl\/index.php\/trasa-rowerowa-rozgrzewokowa-petla-na-mulenie\/\">Rozgrzewkowa p\u0119tla na &#8220;Mulenie\"<\/a><\/li>\n<li><a href=\"https:\/\/przyslop.pl\/index.php\/wycieczka_na_czantorie_wielka\/\">Wycieczka na Czantori\u0119 Wielk\u0105<\/a><\/li>\n<\/ul>\n<p>\n<\/div><\/div><\/div><\/div><\/div><\/section><section class=\"kc-elm kc-css-691509 kc_row pageWhite\"><div class=\"kc-row-container  kc-container  pageGallery\"><div class=\"kc-wrap-columns\"><div class=\"kc-elm kc-css-14500 kc_col-sm-4 kc_column kc_col-sm-4\"><div class=\"kc-col-container\"><div class=\"kc-elm kc-css-806852 kc_shortcode kc_single_image\">\n\n        <img decoding=\"async\" src=\"https:\/\/i0.wp.com\/przyslop.pl\/wp-content\/uploads\/2021\/01\/480x320_Trasy_4.jpg?fit=480%2C320&ssl=1\" class=\"\" alt=\"\" \/>    <\/div>\n<\/div><\/div><div class=\"kc-elm kc-css-41334 kc_col-sm-4 kc_column kc_col-sm-4\"><div class=\"kc-col-container\"><div class=\"kc-elm kc-css-3670 kc_shortcode kc_single_image\">\n\n        <img decoding=\"async\" src=\"https:\/\/i0.wp.com\/przyslop.pl\/wp-content\/uploads\/2021\/01\/480x320_Trasy_5.jpg?fit=480%2C320&ssl=1\" class=\"\" alt=\"\" \/>    <\/div>\n<\/div><\/div><div class=\"kc-elm kc-css-752343 kc_col-sm-4 kc_column kc_col-sm-4\"><div class=\"kc-col-container\"><div class=\"kc-elm kc-css-854659 kc_shortcode kc_single_image\">\n\n        <img decoding=\"async\" src=\"https:\/\/i0.wp.com\/przyslop.pl\/wp-content\/uploads\/2021\/01\/480x320_Trasy_6.jpg?fit=480%2C320&ssl=1\" class=\"\" alt=\"\" \/>    <\/div>\n<\/div><\/div><\/div><\/div><\/section><section class=\"kc-elm kc-css-712274 kc_row\"><div class=\"kc-row-container  kc-container\"><div class=\"kc-wrap-columns\"><div class=\"kc-elm kc-css-553587 kc_col-sm-12 kc_column kc_col-sm-12\"><div class=\"kc-col-container\">\n<div class=\"kc-elm kc-css-434828 kc-title-wrap \">\n\n\t<p class=\"kc_title pageHeader\">Trasy dla biegaczy<\/p>\n<\/div>\n<\/div><\/div><\/div><\/div><\/section><section class=\"kc-elm kc-css-270293 kc_row\"><div class=\"kc-row-container  kc-container\"><div class=\"kc-wrap-columns\"><div class=\"kc-elm kc-css-373265 kc_col-sm-6 kc_column kc_col-sm-6\"><div class=\"kc-col-container\"><\/div><\/div><div class=\"kc-elm kc-css-899103 kc_col-sm-6 kc_column kc_col-sm-6\"><div class=\"kc-col-container\"><\/div><\/div><\/div><\/div><\/section><section class=\"kc-elm kc-css-406704 kc_row\"><div class=\"kc-row-container  kc-container  pageGallery\"><div class=\"kc-wrap-columns\"><div class=\"kc-elm kc-css-82810 kc_col-sm-4 kc_column kc_col-sm-4\"><div class=\"kc-col-container\"><div class=\"kc-elm kc-css-986931 kc_shortcode kc_single_image\">\n\n        <img decoding=\"async\" src=\"https:\/\/i0.wp.com\/przyslop.pl\/wp-content\/uploads\/2021\/01\/480x320_Trasy_7.jpg?fit=480%2C320&ssl=1\" class=\"\" alt=\"\" \/>    <\/div>\n<\/div><\/div><div class=\"kc-elm kc-css-200348 kc_col-sm-4 kc_column kc_col-sm-4\"><div class=\"kc-col-container\"><div class=\"kc-elm kc-css-523270 kc_shortcode kc_single_image\">\n\n        <img decoding=\"async\" src=\"https:\/\/i0.wp.com\/przyslop.pl\/wp-content\/uploads\/2021\/01\/480x320_Trasy_8.jpg?fit=480%2C320&ssl=1\" class=\"\" alt=\"\" \/>    <\/div>\n<\/div><\/div><div class=\"kc-elm kc-css-33978 kc_col-sm-4 kc_column kc_col-sm-4\"><div class=\"kc-col-container\"><div class=\"kc-elm kc-css-692604 kc_shortcode kc_single_image\">\n\n        <img decoding=\"async\" src=\"https:\/\/i0.wp.com\/przyslop.pl\/wp-content\/uploads\/2021\/01\/480x320_Trasy_9.jpg?fit=480%2C320&ssl=1\" class=\"\" alt=\"\" \/>    <\/div>\n<\/div><\/div><\/div><\/div><\/section><\/p>\n","protected":false},"excerpt":{"rendered":"","protected":false},"author":2,"featured_media":0,"parent":0,"menu_order":0,"comment_status":"closed","ping_status":"closed","template":"tpl-king_composer.php","meta":{"footnotes":""},"class_list":["post-2730","page","type-page","status-publish","hentry"],"jetpack_sharing_enabled":true,"post_mailing_queue_ids":[],"_links":{"self":[{"href":"https:\/\/przyslop.pl\/index.php\/wp-json\/wp\/v2\/pages\/2730","targetHints":{"allow":["GET"]}}],"collection":[{"href":"https:\/\/przyslop.pl\/index.php\/wp-json\/wp\/v2\/pages"}],"about":[{"href":"https:\/\/przyslop.pl\/index.php\/wp-json\/wp\/v2\/types\/page"}],"author":[{"embeddable":true,"href":"https:\/\/przyslop.pl\/index.php\/wp-json\/wp\/v2\/users\/2"}],"replies":[{"embeddable":true,"href":"https:\/\/przyslop.pl\/index.php\/wp-json\/wp\/v2\/comments?post=2730"}],"version-history":[{"count":0,"href":"https:\/\/przyslop.pl\/index.php\/wp-json\/wp\/v2\/pages\/2730\/revisions"}],"wp:attachment":[{"href":"https:\/\/przyslop.pl\/index.php\/wp-json\/wp\/v2\/media?parent=2730"}],"curies":[{"name":"wp","href":"https:\/\/api.w.org\/{rel}","templated":true}]}}