{"id":2721,"date":"2020-11-08T15:57:58","date_gmt":"2020-11-08T14:57:58","guid":{"rendered":"http:\/\/www2.przyslop.pl\/test\/?page_id=2721"},"modified":"2021-01-30T18:12:00","modified_gmt":"2021-01-30T17:12:00","slug":"trasa-rowerowa-dojazd-z-wisly-glebce","status":"publish","type":"page","link":"https:\/\/przyslop.pl\/index.php\/trasa-rowerowa-dojazd-z-wisly-glebce\/","title":{"rendered":"[Trasa rowerowa] Dojazd z Wis\u0142y G\u0142\u0119bce"},"content":{"rendered":"<p><section class=\"kc-elm kc-css-721591 kc_row\"><div class=\"kc-row-container  kc-container\"><div class=\"kc-wrap-columns\"><div class=\"kc-elm kc-css-900186 kc_col-sm-3 kc_column kc_col-sm-3\"><div class=\"kc-col-container\">\n<div class=\"kc-elm kc-css-927679\">\n\t<a class=\"kc_button\" href=\"https:\/\/przyslop.pl\/wp-content\/uploads\/gpx\/przyslop_pl_wisla_glebce-schronisko_pttk_przyslop.gpx\" target=\"_blank\" title=\"Rezerwacje Wis\u0142a 1200 2025\" onclick=\"download=:quot:przyslop_pl_wisla_glebce-schronisko_pttk_przyslop.gpx:quot:\">\n\t\tPobierz plik GPX trasy\t<\/a>\n<\/div>\n<\/div><\/div><div class=\"kc-elm kc-css-822631 kc_col-sm-9 kc_column kc_col-sm-9\"><div class=\"kc-col-container\"><\/div><\/div><\/div><\/div><\/section><section class=\"kc-elm kc-css-798952 kc_row\"><div class=\"kc-row-container  kc-container\"><div class=\"kc-wrap-columns\"><div class=\"kc-elm kc-css-737768 kc_col-sm-12 kc_column kc_col-sm-12\"><div class=\"kc-col-container\"><div class=\"kc-elm kc-css-31228 kc-raw-code\"><iframe loading=\"lazy\" src=\"https:\/\/www.komoot.com\/tour\/1244536750\/embed?profile=1\" width=\"100%\" height=\"700\" frameborder=\"0\" scrolling=\"no\"><\/iframe><\/div><\/div><\/div><\/div><\/div><\/section><\/p>\n","protected":false},"excerpt":{"rendered":"","protected":false},"author":2,"featured_media":0,"parent":0,"menu_order":0,"comment_status":"closed","ping_status":"closed","template":"","meta":{"footnotes":""},"class_list":["post-2721","page","type-page","status-publish","hentry"],"jetpack_sharing_enabled":true,"post_mailing_queue_ids":[],"_links":{"self":[{"href":"https:\/\/przyslop.pl\/index.php\/wp-json\/wp\/v2\/pages\/2721","targetHints":{"allow":["GET"]}}],"collection":[{"href":"https:\/\/przyslop.pl\/index.php\/wp-json\/wp\/v2\/pages"}],"about":[{"href":"https:\/\/przyslop.pl\/index.php\/wp-json\/wp\/v2\/types\/page"}],"author":[{"embeddable":true,"href":"https:\/\/przyslop.pl\/index.php\/wp-json\/wp\/v2\/users\/2"}],"replies":[{"embeddable":true,"href":"https:\/\/przyslop.pl\/index.php\/wp-json\/wp\/v2\/comments?post=2721"}],"version-history":[{"count":1,"href":"https:\/\/przyslop.pl\/index.php\/wp-json\/wp\/v2\/pages\/2721\/revisions"}],"predecessor-version":[{"id":6866,"href":"https:\/\/przyslop.pl\/index.php\/wp-json\/wp\/v2\/pages\/2721\/revisions\/6866"}],"wp:attachment":[{"href":"https:\/\/przyslop.pl\/index.php\/wp-json\/wp\/v2\/media?parent=2721"}],"curies":[{"name":"wp","href":"https:\/\/api.w.org\/{rel}","templated":true}]}}