{"id":2620,"date":"2020-11-04T17:59:31","date_gmt":"2020-11-04T16:59:31","guid":{"rendered":"http:\/\/www2.przyslop.pl\/test\/?page_id=2620"},"modified":"2021-01-10T11:27:04","modified_gmt":"2021-01-10T10:27:04","slug":"trasa-rowerowa-wokol-baraniej-gory-rajd-barana","status":"publish","type":"page","link":"https:\/\/przyslop.pl\/index.php\/trasa-rowerowa-wokol-baraniej-gory-rajd-barana\/","title":{"rendered":"[trasa rowerowa] Wok\u00f3\u0142 Baraniej G\u00f3ry (Rajd Barana)"},"content":{"rendered":"<p><section class=\"kc-elm kc-css-94215 kc_row\"><div class=\"kc-row-container  kc-container\"><div class=\"kc-wrap-columns\"><div class=\"kc-elm kc-css-165172 kc_col-sm-12 kc_column kc_col-sm-12\"><div class=\"kc-col-container\"><div class=\"kc-elm kc-css-443088 kc-raw-code\"><script data-jetpack-boost=\"ignore\" data-jetpack-boost=\"ignore\" data-jetpack-boost=\"ignore\">\r\n       var level = \"\u015aredni\";\r\n       var description = \"Trasa prowadzi wok\u00f3\u0142 baraniej g\u00f3ry w wi\u0119kszo\u015bci \u0142agodnymi stok\u00f3wkami.\";\r\n       var distance = \"26,8 km\";\r\n       var averageTime = \"ok. 4 h\";\r\n       var ramps = \"793 m\";\r\n       var descents = \"757 m\";\r\n       var highestPoint = \"1130 m n.p.m\";\r\n       var lowestPoint = \"825 m n.p.m\";\r\n       var gpxPath=\"\/wp-content\/uploads\/gpx\/przyslop_pl_wokol_baraniej_gory.gpx\";\r\n       var gpxFileName = \"przyslop_pl_wokol_baraniej_gory.gpx\";\r\n      \r\nfunction linkFunc()\r\n{\r\n    var l = document.getElementById('gpxLink');\r\n    l.href = gpxPath;\r\n    l.download = gpxFileName;\r\n}\r\n\r\nwindow.onload = linkFunc;\r\n\r\n<\/script><\/div><\/div><\/div><\/div><\/div><\/section><section class=\"kc-elm kc-css-302786 kc_row\"><div class=\"kc-row-container  kc-container\"><div class=\"kc-wrap-columns\"><div class=\"kc-elm kc-css-803885 kc_col-sm-3 kc_column kc_col-sm-3\"><div class=\"kc-col-container\">\n<div class=\"kc-elm kc-css-851981\">\n\t<a class=\"kc_button\" href=\"https:\/\/przyslop.pl\/wp-content\/uploads\/gpx\/przyslop_pl_wokol_baraniej_gory.gpx\" target=\"_self\" title=\"Rezerwacje Wis\u0142a 1200 2025\" onclick=\"download=:quot:przyslop_pl_wokol_baraniej_gory.gpx:quot:\">\n\t\tPobierz plik GPX trasy\t<\/a>\n<\/div>\n<\/div><\/div><div class=\"kc-elm kc-css-121420 kc_col-sm-9 kc_column kc_col-sm-9\"><div class=\"kc-col-container\"><\/div><\/div><\/div><\/div><\/section><section class=\"kc-elm kc-css-128275 kc_row\"><div class=\"kc-row-container  kc-container\"><div class=\"kc-wrap-columns\"><div class=\"kc-elm kc-css-270645 kc_col-sm-12 kc_column kc_col-sm-12\"><div class=\"kc-col-container\"><div class=\"kc-elm kc-css-385745 kc-raw-code\"><iframe loading=\"lazy\" src=\"https:\/\/www.komoot.com\/tour\/1244557871\/embed?profile=1\" width=\"100%\" height=\"700\" frameborder=\"0\" scrolling=\"no\"><\/iframe><\/div><\/div><\/div><\/div><\/div><\/section><\/p>\n","protected":false},"excerpt":{"rendered":"","protected":false},"author":2,"featured_media":0,"parent":0,"menu_order":0,"comment_status":"closed","ping_status":"closed","template":"","meta":{"footnotes":""},"class_list":["post-2620","page","type-page","status-publish","hentry"],"jetpack_sharing_enabled":true,"post_mailing_queue_ids":[],"_links":{"self":[{"href":"https:\/\/przyslop.pl\/index.php\/wp-json\/wp\/v2\/pages\/2620","targetHints":{"allow":["GET"]}}],"collection":[{"href":"https:\/\/przyslop.pl\/index.php\/wp-json\/wp\/v2\/pages"}],"about":[{"href":"https:\/\/przyslop.pl\/index.php\/wp-json\/wp\/v2\/types\/page"}],"author":[{"embeddable":true,"href":"https:\/\/przyslop.pl\/index.php\/wp-json\/wp\/v2\/users\/2"}],"replies":[{"embeddable":true,"href":"https:\/\/przyslop.pl\/index.php\/wp-json\/wp\/v2\/comments?post=2620"}],"version-history":[{"count":1,"href":"https:\/\/przyslop.pl\/index.php\/wp-json\/wp\/v2\/pages\/2620\/revisions"}],"predecessor-version":[{"id":6870,"href":"https:\/\/przyslop.pl\/index.php\/wp-json\/wp\/v2\/pages\/2620\/revisions\/6870"}],"wp:attachment":[{"href":"https:\/\/przyslop.pl\/index.php\/wp-json\/wp\/v2\/media?parent=2620"}],"curies":[{"name":"wp","href":"https:\/\/api.w.org\/{rel}","templated":true}]}}