{"id":2022,"date":"2020-02-05T18:40:34","date_gmt":"2020-02-05T17:40:34","guid":{"rendered":"http:\/\/www2.przyslop.pl\/test\/?page_id=2022"},"modified":"2020-02-05T18:40:34","modified_gmt":"2020-02-05T17:40:34","slug":"schronisko-pttk-przyslop-pod-barania-gora-istebna","status":"publish","type":"page","link":"https:\/\/przyslop.pl\/index.php\/schronisko-pttk-przyslop-pod-barania-gora-istebna\/","title":{"rendered":"Schronisko PTTK Przys\u0142op pod Barani\u0105 G\u00f3r\u0105 \u2013 Istebna"},"content":{"rendered":"\n<div style=\"max-width:100%;overflow:hidden;margin:0 auto;min-width:300px;\"><iframe src=\"https:\/\/mapa-turystyczna.pl\/map\/widget\/route\/h1l0p1\/opzn.html\" height=\"680\" frameborder=\"0\" style=\"width:100%;border:0;\"><\/iframe><a href=\"https:\/\/mapa-turystyczna.pl\/route\/opzn?utm_source=external_web&amp;utm_medium=widget&amp;utm_campaign=route_widget\" target=\"_blank\" style=\"color:#999;padding:7px 0;font-size: 13px;font-family:Roboto,Arial,sans-serif;display: inline-block;\" rel=\"noopener noreferrer\">Trasa: Schronisko PTTK Przys\u0142op pod Barani\u0105 G\u00f3r\u0105 \u2013 Istebna | mapa-turystyczna.pl<\/a><\/div>\n","protected":false},"excerpt":{"rendered":"<p>Trasa: Schronisko PTTK Przys\u0142op pod Barani\u0105 G\u00f3r\u0105 \u2013 Istebna | mapa-turystyczna.pl<\/p>\n","protected":false},"author":2,"featured_media":0,"parent":0,"menu_order":0,"comment_status":"closed","ping_status":"closed","template":"","meta":{"footnotes":""},"class_list":["post-2022","page","type-page","status-publish","hentry"],"jetpack_sharing_enabled":true,"post_mailing_queue_ids":[],"_links":{"self":[{"href":"https:\/\/przyslop.pl\/index.php\/wp-json\/wp\/v2\/pages\/2022","targetHints":{"allow":["GET"]}}],"collection":[{"href":"https:\/\/przyslop.pl\/index.php\/wp-json\/wp\/v2\/pages"}],"about":[{"href":"https:\/\/przyslop.pl\/index.php\/wp-json\/wp\/v2\/types\/page"}],"author":[{"embeddable":true,"href":"https:\/\/przyslop.pl\/index.php\/wp-json\/wp\/v2\/users\/2"}],"replies":[{"embeddable":true,"href":"https:\/\/przyslop.pl\/index.php\/wp-json\/wp\/v2\/comments?post=2022"}],"version-history":[{"count":0,"href":"https:\/\/przyslop.pl\/index.php\/wp-json\/wp\/v2\/pages\/2022\/revisions"}],"wp:attachment":[{"href":"https:\/\/przyslop.pl\/index.php\/wp-json\/wp\/v2\/media?parent=2022"}],"curies":[{"name":"wp","href":"https:\/\/api.w.org\/{rel}","templated":true}]}}