{"id":2007,"date":"2020-02-05T16:19:35","date_gmt":"2020-02-05T15:19:35","guid":{"rendered":"http:\/\/www2.przyslop.pl\/test\/?page_id=2007"},"modified":"2020-02-05T16:19:35","modified_gmt":"2020-02-05T15:19:35","slug":"wisla-trzy-kopce-wisclane-wisla-gosciejow","status":"publish","type":"page","link":"https:\/\/przyslop.pl\/index.php\/wisla-trzy-kopce-wisclane-wisla-gosciejow\/","title":{"rendered":"Wis\u0142a \u2013 Trzy Kopce Wi\u015blane &#8211;  Wis\u0142a Go\u015bciej\u00f3w"},"content":{"rendered":"\n<div style=\"max-width:100%;overflow:hidden;margin:0 auto;min-width:300px;\"><iframe src=\"https:\/\/mapa-turystyczna.pl\/map\/widget\/route\/h1l0p1\/e5h.html\" height=\"680\" frameborder=\"0\" style=\"width:100%;border:0;\"><\/iframe><a href=\"https:\/\/mapa-turystyczna.pl\/route\/e5h?utm_source=external_web&amp;utm_medium=widget&amp;utm_campaign=route_widget\" target=\"_blank\" style=\"color:#999;padding:7px 0;font-size: 13px;font-family:Roboto,Arial,sans-serif;display: inline-block;\" rel=\"noopener noreferrer\">Trasa: Wis\u0142a \u2013 Wis\u0142a Go\u015bciej\u00f3w | mapa-turystyczna.pl<\/a><\/div>\n","protected":false},"excerpt":{"rendered":"<p>Trasa: Wis\u0142a \u2013 Wis\u0142a Go\u015bciej\u00f3w | mapa-turystyczna.pl<\/p>\n","protected":false},"author":2,"featured_media":0,"parent":0,"menu_order":0,"comment_status":"closed","ping_status":"closed","template":"","meta":{"footnotes":""},"class_list":["post-2007","page","type-page","status-publish","hentry"],"jetpack_sharing_enabled":true,"post_mailing_queue_ids":[],"_links":{"self":[{"href":"https:\/\/przyslop.pl\/index.php\/wp-json\/wp\/v2\/pages\/2007","targetHints":{"allow":["GET"]}}],"collection":[{"href":"https:\/\/przyslop.pl\/index.php\/wp-json\/wp\/v2\/pages"}],"about":[{"href":"https:\/\/przyslop.pl\/index.php\/wp-json\/wp\/v2\/types\/page"}],"author":[{"embeddable":true,"href":"https:\/\/przyslop.pl\/index.php\/wp-json\/wp\/v2\/users\/2"}],"replies":[{"embeddable":true,"href":"https:\/\/przyslop.pl\/index.php\/wp-json\/wp\/v2\/comments?post=2007"}],"version-history":[{"count":0,"href":"https:\/\/przyslop.pl\/index.php\/wp-json\/wp\/v2\/pages\/2007\/revisions"}],"wp:attachment":[{"href":"https:\/\/przyslop.pl\/index.php\/wp-json\/wp\/v2\/media?parent=2007"}],"curies":[{"name":"wp","href":"https:\/\/api.w.org\/{rel}","templated":true}]}}