{"id":1945,"date":"2020-02-02T15:57:19","date_gmt":"2020-02-02T14:57:19","guid":{"rendered":"http:\/\/www2.przyslop.pl\/test\/?page_id=1945"},"modified":"2021-10-13T13:15:33","modified_gmt":"2021-10-13T11:15:33","slug":"pokoj-10-osobowy","status":"publish","type":"page","link":"https:\/\/przyslop.pl\/index.php\/pokoj-10-osobowy\/","title":{"rendered":"POK\u00d3J 11 OSOBOWY"},"content":{"rendered":"<p><section class=\"kc-elm kc-css-107948 kc_row\"><div class=\"kc-row-container  kc-container\"><div class=\"kc-wrap-columns\"><div class=\"kc-elm kc-css-87961 kc_col-sm-7 kc_column kc_col-sm-7\"><div class=\"kc-col-container\">\n<div class=\"kc-elm kc-css-506453 kc-title-wrap \">\n\n\t<p class=\"kc_title pageHeader\">Pok\u00f3j 11 osobowy<\/p>\n<\/div>\n<div class=\"kc-elm kc-css-409115 kc_text_block pageText\"><\/p>\n<p style=\"text-align: center;\"><span style=\"font-size: 18pt;\">od <strong>90 z\u0142<\/strong> \/ noc od osoby<\/span><\/p>\n<p>\n<\/div><div class=\"kc-elm kc-css-212293 kc_text_block\"><\/p>\n<p>Du\u017ce grupy w\u0119drowc\u00f3w mog\u0105 w naszym schronisku zamieszka\u0107 w prawdziwych \u201eBASE CAMP\u2019ach\u201d. Annapurna i Everest pozwol\u0105 poczu\u0107 si\u0119 niemal tak samo jak w trakcie wysokog\u00f3rskiej wyprawy! Pokoje te posiadaj\u0105 pi\u0119trowe \u0142\u00f3\u017cka i jedn\u0105 parterow\u0105 dostawk\u0119 oraz wyj\u015bcie na balkon, z kt\u00f3rego mo\u017cna podziwia\u0107 m.in. niepowtarzalne wschody s\u0142o\u0144ca. Spora przestrze\u0144 na plecaki inny sprz\u0119t pozwala zachowa\u0107 \u0142ad nawet w tak du\u017cej grupie os\u00f3b. Kto wie jakie nieszablonowe postacie mo\u017cecie tu pozna\u0107? A przecie\u017c jedno z ciekawszych sk\u0142adowych niezapomnianej podr\u00f3\u017cy to w\u0142a\u015bnie \u201espotkanie z drugim cz\u0142owiekiem\u201d.<\/p>\n<ul>\n<li>Jeste\u015bmy schroniskiem przyjaznym dzieciom. Informacje o pobytach z dzie\u0107mi i udogodnieniach specjalnie dla najm\u0142odszych znajdziecie w\u0142a\u015bnie <a href=\"https:\/\/przyslop.pl\/index.php\/rodziny\/\">tutaj<\/a><\/li>\n<\/ul>\n<p>\n<\/div><\/div><\/div><div class=\"kc-elm kc-css-457653 kc_col-sm-5 kc_column kc_col-sm-5\"><div class=\"kc-col-container\"><div  id=\"jtg-1972\" class=\"modula modula-gallery modula-custom-grid\" data-config=\"{&quot;height&quot;:0,&quot;tabletHeight&quot;:0,&quot;mobileHeight&quot;:0,&quot;desktopHeight&quot;:0,&quot;enableTwitter&quot;:false,&quot;enableWhatsapp&quot;:false,&quot;enableFacebook&quot;:false,&quot;enablePinterest&quot;:false,&quot;enableLinkedin&quot;:false,&quot;enableEmail&quot;:false,&quot;randomFactor&quot;:0,&quot;type&quot;:&quot;custom-grid&quot;,&quot;columns&quot;:12,&quot;gutter&quot;:10,&quot;mobileGutter&quot;:10,&quot;tabletGutter&quot;:10,&quot;desktopGutter&quot;:10,&quot;enableResponsive&quot;:&quot;0&quot;,&quot;tabletColumns&quot;:&quot;2&quot;,&quot;mobileColumns&quot;:&quot;1&quot;,&quot;lazyLoad&quot;:1,&quot;lightboxOpts&quot;:{&quot;animated&quot;:true,&quot;Thumbs&quot;:{&quot;type&quot;:&quot;modern&quot;,&quot;showOnStart&quot;:false},&quot;Toolbar&quot;:{&quot;display&quot;:{&quot;right&quot;:[&quot;close&quot;],&quot;left&quot;:[&quot;infobar&quot;]},&quot;enabled&quot;:true},&quot;Carousel&quot;:{&quot;Panzoom&quot;:{&quot;touch&quot;:true},&quot;infinite&quot;:false,&quot;transition&quot;:&quot;fade&quot;},&quot;keyboard&quot;:{&quot;Escape&quot;:&quot;close&quot;,&quot;Delete&quot;:&quot;close&quot;,&quot;Backspace&quot;:&quot;close&quot;,&quot;PageUp&quot;:&quot;next&quot;,&quot;PageDown&quot;:&quot;prev&quot;,&quot;ArrowUp&quot;:&quot;prev&quot;,&quot;ArrowDown&quot;:&quot;next&quot;,&quot;ArrowRight&quot;:&quot;next&quot;,&quot;ArrowLeft&quot;:&quot;prev&quot;},&quot;wheel&quot;:&quot;slide&quot;,&quot;touch&quot;:true,&quot;backdropClick&quot;:&quot;close&quot;,&quot;l10n&quot;:{&quot;CLOSE&quot;:&quot;Zamknij&quot;,&quot;NEXT&quot;:&quot;Nast\\u0119pny&quot;,&quot;PREV&quot;:&quot;Poprzedni&quot;,&quot;Error&quot;:&quot;Nie mo\\u017cna wczyta\\u0107 \\u017c\\u0105danej tre\\u015bci. Spr\\u00f3buj ponownie p\\u00f3\\u017aniej.&quot;,&quot;PLAY_START&quot;:&quot;Rozpocznij pokaz slajd\\u00f3w&quot;,&quot;PLAY_STOP&quot;:&quot;Zatrzymaj pokaz slajd\\u00f3w&quot;,&quot;FULL_SCREEN&quot;:&quot;Pe\\u0142ny ekran&quot;,&quot;THUMBS&quot;:&quot;Miniaturki&quot;,&quot;DOWNLOAD&quot;:&quot;Pobieranie&quot;,&quot;SHARE&quot;:&quot;Udost\\u0119pnij&quot;,&quot;ZOOM&quot;:&quot;Powi\\u0119kszenie&quot;,&quot;EMAIL&quot;:&quot;Here is the link to the image : %%image_link%% and this is the link to the gallery : %%gallery_link%%&quot;,&quot;MODAL&quot;:&quot;Mo\\u017cesz zamkn\\u0105\\u0107 t\\u0119 zawarto\\u015b\\u0107 okna modalnego za pomoc\\u0105 klawisza ESC&quot;,&quot;ERROR&quot;:&quot;Co\\u015b posz\\u0142o nie tak. Spr\\u00f3buj ponownie p\\u00f3\\u017aniej&quot;,&quot;IMAGE_ERROR&quot;:&quot;Nie znaleziono obrazka&quot;,&quot;ELEMENT_NOT_FOUND&quot;:&quot;Nie znaleziono elementu HTML&quot;,&quot;AJAX_NOT_FOUND&quot;:&quot;B\\u0142\\u0105d wczytywania AJAX: Nie znaleziono&quot;,&quot;AJAX_FORBIDDEN&quot;:&quot;B\\u0142\\u0105d wczytywania AJAX: Zabronione&quot;,&quot;IFRAME_ERROR&quot;:&quot;B\\u0142\\u0105d wczytywania strony&quot;,&quot;TOGGLE_ZOOM&quot;:&quot;Prze\\u0142\\u0105cz poziom powi\\u0119kszenia&quot;,&quot;TOGGLE_THUMBS&quot;:&quot;Prze\\u0142\\u0105cz miniaturki&quot;,&quot;TOGGLE_SLIDESHOW&quot;:&quot;Prze\\u0142\\u0105cz pokaz slajd\\u00f3w&quot;,&quot;TOGGLE_FULLSCREEN&quot;:&quot;Prze\\u0142\\u0105cz tryb pe\\u0142noekranowy&quot;},&quot;Images&quot;:{&quot;Panzoom&quot;:{&quot;maxScale&quot;:2}},&quot;toolbar&quot;:true,&quot;animationEffect&quot;:&quot;false&quot;,&quot;animationDuration&quot;:0,&quot;transitionEffect&quot;:&quot;false&quot;,&quot;Html&quot;:{&quot;videoAutoplay&quot;:0,&quot;videoTpl&quot;:&quot;&lt;video class=\\&quot;fancybox__html5video modula_html5_video\\&quot; controls playsinline controlsList=\\&quot;nodownload\\&quot; poster=\\&quot;{{poster}}\\&quot; src=\\&quot;{{src}}\\&quot; type=\\&quot;{{format}}\\&quot; &gt;  Sorry, your browser doesn&#039;t support embedded videos, &lt;a href=\\&quot;{{src}}\\&quot;&gt; download &lt;\\\/a&gt; and watch with your favorite video player! &lt;\\\/video&gt;&quot;,&quot;vimeo&quot;:{&quot;autopause&quot;:0}},&quot;mainClass&quot;:&quot;modula-fancybox-container modula-lightbox-jtg-1972&quot;},&quot;inView&quot;:false,&quot;email_subject&quot;:&quot;Check out this awesome image !!&quot;,&quot;email_message&quot;:&quot;Here is the link to the image : %%image_link%% and this is the link to the gallery : %%gallery_link%%&quot;,&quot;lightbox&quot;:&quot;fancybox&quot;,&quot;filterClick&quot;:&quot;0&quot;,&quot;dropdownFilters&quot;:&quot;0&quot;,&quot;defaultActiveFilter&quot;:&quot;all&quot;,&quot;initLightbox&quot;:&quot;modula_pro_init_lightbox&quot;,&quot;haveFilters&quot;:0,&quot;options&quot;:{&quot;lightbox&quot;:&quot;fancybox&quot;},&quot;enableSlideshow&quot;:&quot;0&quot;,&quot;enableAutoplay&quot;:&quot;0&quot;,&quot;slideshowSpeed&quot;:&quot;5000&quot;,&quot;pauseOnHover&quot;:&quot;0&quot;,&quot;lightbox_devices&quot;:&quot;both&quot;}\">\n\n\t\n\t<div  class=\"modula-items\">\n\t\t<div class=\"modula-item jtg-filter-all jtg-filter-\" data-width=\"4\" data-height=\"6\" >\n\t<div class=\"modula-item-content\">\n\t\t\n\t\t\t\t\t<a data-image-id=\"2193\" role=\"button\" tabindex=\"0\" rel=\"jtg-1972\" data-caption=\"&lt;span class=&quot;modula-caption-description&quot;&gt;&lt;\/span&gt;\" aria-label=\"Otw\u00f3rz obrazek w lightboxie\" data-thumb=\"https:\/\/i0.wp.com\/przyslop.pl\/wp-content\/uploads\/2020\/02\/PRZYSLOP-TEMP-20191113-09872-1.jpg?fit=1000%2C667&amp;ssl=1\" class=\"tile-inner modula-item-link\"><\/a>\n\t\t\n\t\t<img loading=\"lazy\" decoding=\"async\" class=\"pic wp-image-2193 lazyload\"  data-valign=\"middle\" data-halign=\"center\" alt=\"\" data-full=\"https:\/\/przyslop.pl\/wp-content\/uploads\/2020\/02\/PRZYSLOP-TEMP-20191113-09872-1.jpg\" title=\"PRZYSLOP TEMP 20191113 [09872]\" crop=\"\" width=\"1000\" height=\"667\" src=\"https:\/\/i0.wp.com\/przyslop.pl\/wp-content\/uploads\/2020\/02\/PRZYSLOP-TEMP-20191113-09872-1.jpg?fit=1000%2C667&amp;ssl=1\" data-src=\"https:\/\/i0.wp.com\/przyslop.pl\/wp-content\/uploads\/2020\/02\/PRZYSLOP-TEMP-20191113-09872-1.jpg?fit=1000%2C667&amp;ssl=1\" data-caption=\"\" data-source=\"modula\" srcset=\"https:\/\/i0.wp.com\/przyslop.pl\/wp-content\/uploads\/2020\/02\/PRZYSLOP-TEMP-20191113-09872-1.jpg?w=1000&amp;ssl=1 1000w, https:\/\/i0.wp.com\/przyslop.pl\/wp-content\/uploads\/2020\/02\/PRZYSLOP-TEMP-20191113-09872-1.jpg?resize=300%2C200&amp;ssl=1 300w, https:\/\/i0.wp.com\/przyslop.pl\/wp-content\/uploads\/2020\/02\/PRZYSLOP-TEMP-20191113-09872-1.jpg?resize=768%2C512&amp;ssl=1 768w\" sizes=\"auto, (max-width: 1000px) 100vw, 1000px\" \/>\n\t<\/div>\n\n<\/div><div class=\"modula-item jtg-filter-all jtg-filter-\" data-width=\"8\" data-height=\"6\" >\n\t<div class=\"modula-item-content\">\n\t\t\n\t\t\t\t\t<a data-image-id=\"2190\" role=\"button\" tabindex=\"0\" rel=\"jtg-1972\" data-caption=\"&lt;span class=&quot;modula-caption-description&quot;&gt;&lt;\/span&gt;\" aria-label=\"Otw\u00f3rz obrazek w lightboxie\" data-thumb=\"https:\/\/i0.wp.com\/przyslop.pl\/wp-content\/uploads\/2020\/02\/PRZYSLOP-TEMP-20191115-00581.jpg?fit=1000%2C667&amp;ssl=1\" class=\"tile-inner modula-item-link\"><\/a>\n\t\t\n\t\t<img loading=\"lazy\" decoding=\"async\" class=\"pic wp-image-2190 lazyload\"  data-valign=\"middle\" data-halign=\"center\" alt=\"\" data-full=\"https:\/\/przyslop.pl\/wp-content\/uploads\/2020\/02\/PRZYSLOP-TEMP-20191115-00581.jpg\" title=\"PRZYSLOP TEMP 20191115 [00581]\" crop=\"\" width=\"1000\" height=\"667\" src=\"https:\/\/i0.wp.com\/przyslop.pl\/wp-content\/uploads\/2020\/02\/PRZYSLOP-TEMP-20191115-00581.jpg?fit=1000%2C667&amp;ssl=1\" data-src=\"https:\/\/i0.wp.com\/przyslop.pl\/wp-content\/uploads\/2020\/02\/PRZYSLOP-TEMP-20191115-00581.jpg?fit=1000%2C667&amp;ssl=1\" data-caption=\"\" data-source=\"modula\" srcset=\"https:\/\/i0.wp.com\/przyslop.pl\/wp-content\/uploads\/2020\/02\/PRZYSLOP-TEMP-20191115-00581.jpg?w=1000&amp;ssl=1 1000w, https:\/\/i0.wp.com\/przyslop.pl\/wp-content\/uploads\/2020\/02\/PRZYSLOP-TEMP-20191115-00581.jpg?resize=300%2C200&amp;ssl=1 300w, https:\/\/i0.wp.com\/przyslop.pl\/wp-content\/uploads\/2020\/02\/PRZYSLOP-TEMP-20191115-00581.jpg?resize=768%2C512&amp;ssl=1 768w\" sizes=\"auto, (max-width: 1000px) 100vw, 1000px\" \/>\n\t<\/div>\n\n<\/div><div class=\"modula-item jtg-filter-all jtg-filter-\" data-width=\"4\" data-height=\"5\" >\n\t<div class=\"modula-item-content\">\n\t\t\n\t\t\t\t\t<a data-image-id=\"2195\" role=\"button\" tabindex=\"0\" rel=\"jtg-1972\" data-caption=\"&lt;span class=&quot;modula-caption-description&quot;&gt;&lt;\/span&gt;\" aria-label=\"Otw\u00f3rz obrazek w lightboxie\" data-thumb=\"https:\/\/i0.wp.com\/przyslop.pl\/wp-content\/uploads\/2020\/02\/PRZYSLOP-TEMP-20191113-09893-1.jpg?fit=1000%2C667&amp;ssl=1\" class=\"tile-inner modula-item-link\"><\/a>\n\t\t\n\t\t<img loading=\"lazy\" decoding=\"async\" class=\"pic wp-image-2195 lazyload\"  data-valign=\"middle\" data-halign=\"center\" alt=\"\" data-full=\"https:\/\/przyslop.pl\/wp-content\/uploads\/2020\/02\/PRZYSLOP-TEMP-20191113-09893-1.jpg\" title=\"PRZYSLOP TEMP 20191113 [09893]\" crop=\"\" width=\"1000\" height=\"667\" src=\"https:\/\/i0.wp.com\/przyslop.pl\/wp-content\/uploads\/2020\/02\/PRZYSLOP-TEMP-20191113-09893-1.jpg?fit=1000%2C667&amp;ssl=1\" data-src=\"https:\/\/i0.wp.com\/przyslop.pl\/wp-content\/uploads\/2020\/02\/PRZYSLOP-TEMP-20191113-09893-1.jpg?fit=1000%2C667&amp;ssl=1\" data-caption=\"\" data-source=\"modula\" srcset=\"https:\/\/i0.wp.com\/przyslop.pl\/wp-content\/uploads\/2020\/02\/PRZYSLOP-TEMP-20191113-09893-1.jpg?w=1000&amp;ssl=1 1000w, https:\/\/i0.wp.com\/przyslop.pl\/wp-content\/uploads\/2020\/02\/PRZYSLOP-TEMP-20191113-09893-1.jpg?resize=300%2C200&amp;ssl=1 300w, https:\/\/i0.wp.com\/przyslop.pl\/wp-content\/uploads\/2020\/02\/PRZYSLOP-TEMP-20191113-09893-1.jpg?resize=768%2C512&amp;ssl=1 768w\" sizes=\"auto, (max-width: 1000px) 100vw, 1000px\" \/>\n\t<\/div>\n\n<\/div><div class=\"modula-item jtg-filter-all jtg-filter-\" data-width=\"8\" data-height=\"5\" >\n\t<div class=\"modula-item-content\">\n\t\t\n\t\t\t\t\t<a data-image-id=\"2191\" role=\"button\" tabindex=\"0\" rel=\"jtg-1972\" data-caption=\"&lt;span class=&quot;modula-caption-description&quot;&gt;&lt;\/span&gt;\" aria-label=\"Otw\u00f3rz obrazek w lightboxie\" data-thumb=\"https:\/\/i0.wp.com\/przyslop.pl\/wp-content\/uploads\/2020\/02\/PRZYSLOP-TEMP-20191115-00635.jpg?fit=1000%2C667&amp;ssl=1\" class=\"tile-inner modula-item-link\"><\/a>\n\t\t\n\t\t<img loading=\"lazy\" decoding=\"async\" class=\"pic wp-image-2191 lazyload\"  data-valign=\"middle\" data-halign=\"center\" alt=\"\" data-full=\"https:\/\/przyslop.pl\/wp-content\/uploads\/2020\/02\/PRZYSLOP-TEMP-20191115-00635.jpg\" title=\"PRZYSLOP TEMP 20191115 [00635]\" crop=\"\" width=\"1000\" height=\"667\" src=\"https:\/\/i0.wp.com\/przyslop.pl\/wp-content\/uploads\/2020\/02\/PRZYSLOP-TEMP-20191115-00635.jpg?fit=1000%2C667&amp;ssl=1\" data-src=\"https:\/\/i0.wp.com\/przyslop.pl\/wp-content\/uploads\/2020\/02\/PRZYSLOP-TEMP-20191115-00635.jpg?fit=1000%2C667&amp;ssl=1\" data-caption=\"\" data-source=\"modula\" srcset=\"https:\/\/i0.wp.com\/przyslop.pl\/wp-content\/uploads\/2020\/02\/PRZYSLOP-TEMP-20191115-00635.jpg?w=1000&amp;ssl=1 1000w, https:\/\/i0.wp.com\/przyslop.pl\/wp-content\/uploads\/2020\/02\/PRZYSLOP-TEMP-20191115-00635.jpg?resize=300%2C200&amp;ssl=1 300w, https:\/\/i0.wp.com\/przyslop.pl\/wp-content\/uploads\/2020\/02\/PRZYSLOP-TEMP-20191115-00635.jpg?resize=768%2C512&amp;ssl=1 768w\" sizes=\"auto, (max-width: 1000px) 100vw, 1000px\" \/>\n\t<\/div>\n\n<\/div><div class=\"modula-item jtg-filter-all jtg-filter-\" data-width=\"5\" data-height=\"5\" >\n\t<div class=\"modula-item-content\">\n\t\t\n\t\t\t\t\t<a data-image-id=\"3983\" role=\"button\" tabindex=\"0\" rel=\"jtg-1972\" data-caption=\"&lt;span class=&quot;modula-caption-description&quot;&gt;&lt;\/span&gt;\" aria-label=\"Otw\u00f3rz obrazek w lightboxie\" data-thumb=\"https:\/\/i0.wp.com\/przyslop.pl\/wp-content\/uploads\/2021\/01\/PRZYSLOP-TEMP-20191114-00394.jpg?fit=1000%2C667&amp;ssl=1\" class=\"tile-inner modula-item-link\"><\/a>\n\t\t\n\t\t<img loading=\"lazy\" decoding=\"async\" class=\"pic wp-image-3983 lazyload\"  data-valign=\"middle\" data-halign=\"center\" alt=\"\" data-full=\"https:\/\/przyslop.pl\/wp-content\/uploads\/2021\/01\/PRZYSLOP-TEMP-20191114-00394.jpg\" title=\"PRZYSLOP TEMP 20191114 [00394]\" crop=\"\" width=\"1000\" height=\"667\" src=\"https:\/\/i0.wp.com\/przyslop.pl\/wp-content\/uploads\/2021\/01\/PRZYSLOP-TEMP-20191114-00394.jpg?fit=1000%2C667&amp;ssl=1\" data-src=\"https:\/\/i0.wp.com\/przyslop.pl\/wp-content\/uploads\/2021\/01\/PRZYSLOP-TEMP-20191114-00394.jpg?fit=1000%2C667&amp;ssl=1\" data-caption=\"\" data-source=\"modula\" srcset=\"https:\/\/i0.wp.com\/przyslop.pl\/wp-content\/uploads\/2021\/01\/PRZYSLOP-TEMP-20191114-00394.jpg?w=1000&amp;ssl=1 1000w, https:\/\/i0.wp.com\/przyslop.pl\/wp-content\/uploads\/2021\/01\/PRZYSLOP-TEMP-20191114-00394.jpg?resize=300%2C200&amp;ssl=1 300w, https:\/\/i0.wp.com\/przyslop.pl\/wp-content\/uploads\/2021\/01\/PRZYSLOP-TEMP-20191114-00394.jpg?resize=768%2C512&amp;ssl=1 768w\" sizes=\"auto, (max-width: 1000px) 100vw, 1000px\" \/>\n\t<\/div>\n\n<\/div><div class=\"modula-item jtg-filter-all jtg-filter-\" data-width=\"7\" data-height=\"5\" >\n\t<div class=\"modula-item-content\">\n\t\t\n\t\t\t\t\t<a data-image-id=\"2192\" role=\"button\" tabindex=\"0\" rel=\"jtg-1972\" data-caption=\"&lt;span class=&quot;modula-caption-description&quot;&gt;&lt;\/span&gt;\" aria-label=\"Otw\u00f3rz obrazek w lightboxie\" data-thumb=\"https:\/\/i0.wp.com\/przyslop.pl\/wp-content\/uploads\/2020\/02\/PRZYSLOP-TEMP-20191202-01700.jpg?fit=1000%2C667&amp;ssl=1\" class=\"tile-inner modula-item-link\"><\/a>\n\t\t\n\t\t<img loading=\"lazy\" decoding=\"async\" class=\"pic wp-image-2192 lazyload\"  data-valign=\"middle\" data-halign=\"center\" alt=\"\" data-full=\"https:\/\/przyslop.pl\/wp-content\/uploads\/2020\/02\/PRZYSLOP-TEMP-20191202-01700.jpg\" title=\"PRZYSLOP TEMP 20191202 [01700]\" crop=\"\" width=\"1000\" height=\"667\" src=\"https:\/\/i0.wp.com\/przyslop.pl\/wp-content\/uploads\/2020\/02\/PRZYSLOP-TEMP-20191202-01700.jpg?fit=1000%2C667&amp;ssl=1\" data-src=\"https:\/\/i0.wp.com\/przyslop.pl\/wp-content\/uploads\/2020\/02\/PRZYSLOP-TEMP-20191202-01700.jpg?fit=1000%2C667&amp;ssl=1\" data-caption=\"\" data-source=\"modula\" srcset=\"https:\/\/i0.wp.com\/przyslop.pl\/wp-content\/uploads\/2020\/02\/PRZYSLOP-TEMP-20191202-01700.jpg?w=1000&amp;ssl=1 1000w, https:\/\/i0.wp.com\/przyslop.pl\/wp-content\/uploads\/2020\/02\/PRZYSLOP-TEMP-20191202-01700.jpg?resize=300%2C200&amp;ssl=1 300w, https:\/\/i0.wp.com\/przyslop.pl\/wp-content\/uploads\/2020\/02\/PRZYSLOP-TEMP-20191202-01700.jpg?resize=768%2C512&amp;ssl=1 768w\" sizes=\"auto, (max-width: 1000px) 100vw, 1000px\" \/>\n\t<\/div>\n\n<\/div>\t\t\n\t<\/div>\n\n\t\n\t\n\t<script data-jetpack-boost=\"ignore\" data-jetpack-boost=\"ignore\" data-jetpack-boost=\"ignore\" type=\"application\/ld+json\">\n\t{\n\t\t\"@context\": \"https:\/\/schema.org\",\n\t\t\"@type\"   : \"ImageGallery\",\n\t\t\"id\"      : \"https:\/\/przyslop.pl\/index.php\/pokoj-10-osobowy\/#modula-gallery-1972\",\n\t\t\"url\"     : \"https:\/\/przyslop.pl\/index.php\/pokoj-10-osobowy\/\"\n\t}\n\n\t<\/script>\n\n\t\n<\/div>\n<\/div><\/div><\/div><\/div><\/section><section class=\"kc-elm kc-css-716960 kc_row\"><div class=\"kc-row-container  kc-container\"><div class=\"kc-wrap-columns\"><div class=\"kc-elm kc-css-250563 kc_col-sm-12 kc_column kc_col-sm-12\"><div class=\"kc-col-container\"><div class=\"kc-elm kc-css-213148 kc_text_block\"><\/p>\n<p>[vikbooking roomid=\"11\" view=\"roomdetails\" lang=\"*\"]<\/p>\n<p>\n<\/div><\/div><\/div><\/div><\/div><\/section><\/p>\n","protected":false},"excerpt":{"rendered":"","protected":false},"author":2,"featured_media":0,"parent":0,"menu_order":0,"comment_status":"closed","ping_status":"closed","template":"tpl-king_composer.php","meta":{"footnotes":""},"class_list":["post-1945","page","type-page","status-publish","hentry"],"jetpack_sharing_enabled":true,"post_mailing_queue_ids":[],"_links":{"self":[{"href":"https:\/\/przyslop.pl\/index.php\/wp-json\/wp\/v2\/pages\/1945","targetHints":{"allow":["GET"]}}],"collection":[{"href":"https:\/\/przyslop.pl\/index.php\/wp-json\/wp\/v2\/pages"}],"about":[{"href":"https:\/\/przyslop.pl\/index.php\/wp-json\/wp\/v2\/types\/page"}],"author":[{"embeddable":true,"href":"https:\/\/przyslop.pl\/index.php\/wp-json\/wp\/v2\/users\/2"}],"replies":[{"embeddable":true,"href":"https:\/\/przyslop.pl\/index.php\/wp-json\/wp\/v2\/comments?post=1945"}],"version-history":[{"count":0,"href":"https:\/\/przyslop.pl\/index.php\/wp-json\/wp\/v2\/pages\/1945\/revisions"}],"wp:attachment":[{"href":"https:\/\/przyslop.pl\/index.php\/wp-json\/wp\/v2\/media?parent=1945"}],"curies":[{"name":"wp","href":"https:\/\/api.w.org\/{rel}","templated":true}]}}