{"id":1272,"date":"2020-01-16T15:29:38","date_gmt":"2020-01-16T14:29:38","guid":{"rendered":"http:\/\/www2.przyslop.pl\/test\/?page_id=1272"},"modified":"2023-09-17T12:20:17","modified_gmt":"2023-09-17T10:20:17","slug":"szkoly","status":"publish","type":"page","link":"https:\/\/przyslop.pl\/index.php\/szkoly\/","title":{"rendered":"Szko\u0142y"},"content":{"rendered":"<p><section class=\"kc-elm kc-css-252719 kc_row\"><div class=\"kc-row-container  kc-container  pageWhite\"><div class=\"kc-wrap-columns\"><div class=\"kc-elm kc-css-945072 kc_col-sm-12 kc_column kc_col-sm-12\"><div class=\"kc-col-container\">\n<div class=\"kc-elm kc-css-260272 kc-title-wrap \">\n\n\t<p class=\"kc_title pageHeader\">W\u0119drowna przygoda<\/p>\n<\/div>\n<\/div><\/div><\/div><\/div><\/section><section class=\"kc-elm kc-css-462209 kc_row\"><div class=\"kc-row-container  kc-container  pageWhite pageText\"><div class=\"kc-wrap-columns\"><div class=\"kc-elm kc-css-22525 kc_col-sm-6 kc_column kc_col-sm-6\"><div class=\"kc-col-container\"><div class=\"kc-elm kc-css-370664 kc_text_block\"><\/p>\n<p>\nNasze schronisko znajduje si\u0119 <strong>w samym sercu Beskidu \u015al\u0105skiego<\/strong>, gdzie spotykaj\u0105 si\u0119 <strong>4 r\u00f3\u017cne szlaki g\u00f3rskie<\/strong>, a zaledwie godzina marszu dzieli nas od <strong>Baraniej G\u00f3ry<\/strong>, jednego z dw\u00f3ch najwy\u017cszych szczyt\u00f3w tego pasma g\u00f3rskiego. Idealnie na d\u0142u\u017csze i kr\u00f3tsze w\u0119dr\u00f3wki po g\u00f3rach. A chodzi\u0107 jest gdzie!<\/p>\n<p>\n<\/div><\/div><\/div><div class=\"kc-elm kc-css-397319 kc_col-sm-6 kc_column kc_col-sm-6\"><div class=\"kc-col-container\"><div class=\"kc-elm kc-css-22092 kc-raw-code\"><p>Polecamy wypady m.in:<\/p>\r\n<ul>\r\n<li>na Barani\u0105 G\u00f3r\u0119,<\/li>\r\n<li>do \u017ar\u00f3de\u0142 Wis\u0142y \u2013 niepowtarzalne Kaskady Rod\u0142a,<\/li>\r\n<li>do Jaskini Malinowskiej,<\/li>\r\n<li>urokliwymi Dolinami Czarnej i Bia\u0142ej Wise\u0142ki,<\/li>\r\n<li>do Kapliczki na Stec\u00f3wk\u0119.<\/li>\r\n<\/ul><\/div><\/div><\/div><\/div><\/div><\/section><section class=\"kc-elm kc-css-39879 kc_row\"><div class=\"kc-row-container  kc-container  pageGallery pageWhite\"><div class=\"kc-wrap-columns\"><div class=\"kc-elm kc-css-29394 kc_col-sm-4 kc_column kc_col-sm-4\"><div class=\"kc-col-container\"><div class=\"kc-elm kc-css-635370 kc_shortcode kc_single_image\">\n\n        <img decoding=\"async\" src=\"https:\/\/i0.wp.com\/przyslop.pl\/wp-content\/uploads\/2020\/12\/480x320_Oferta_1.jpg?fit=480%2C320&ssl=1\" class=\"\" alt=\"\" \/>    <\/div>\n<\/div><\/div><div class=\"kc-elm kc-css-989133 kc_col-sm-4 kc_column kc_col-sm-4\"><div class=\"kc-col-container\"><div class=\"kc-elm kc-css-381296 kc_shortcode kc_single_image\">\n\n        <img decoding=\"async\" src=\"https:\/\/i0.wp.com\/przyslop.pl\/wp-content\/uploads\/2020\/12\/480x320_Oferta_2.jpg?fit=480%2C320&ssl=1\" class=\"\" alt=\"\" \/>    <\/div>\n<\/div><\/div><div class=\"kc-elm kc-css-329600 kc_col-sm-4 kc_column kc_col-sm-4\"><div class=\"kc-col-container\"><div class=\"kc-elm kc-css-138228 kc_shortcode kc_single_image\">\n\n        <img decoding=\"async\" src=\"https:\/\/i0.wp.com\/przyslop.pl\/wp-content\/uploads\/2020\/12\/480x320_Oferta_3.jpg?fit=480%2C320&ssl=1\" class=\"\" alt=\"\" \/>    <\/div>\n<\/div><\/div><\/div><\/div><\/section><section class=\"kc-elm kc-css-406417 kc_row pageHeader pageBlue\"><div class=\"kc-row-container  kc-container\"><div class=\"kc-wrap-columns\"><div class=\"kc-elm kc-css-196313 kc_col-sm-12 kc_column kc_col-sm-12\"><div class=\"kc-col-container\">\n<div class=\"kc-elm kc-css-273822 kc-title-wrap \">\n\n\t<p class=\"kc_title pageHeader\">G\u00f3rska Edukacja<\/p>\n<\/div>\n<\/div><\/div><\/div><\/div><\/section><section class=\"kc-elm kc-css-757885 kc_row pageBlue\"><div class=\"kc-row-container  kc-container  pageText\"><div class=\"kc-wrap-columns\"><div class=\"kc-elm kc-css-110257 kc_col-sm-6 kc_column kc_col-sm-6\"><div class=\"kc-col-container\"><div class=\"kc-elm kc-css-191448 kc-raw-code\"><p>Nieopodal schroniska znajdziemy tak\u017ce interesuj\u0105ce miejsca b\u0119d\u0105ce kopalniami ciekawostek przyrodniczych:<\/p>\r\n\r\n<ul>\r\n<li>Muzeum Turystyki G\u00f3rskiej COTG<\/li>\r\n<li>Izba Le\u015bna,<\/li>\r\n<li>Szlak przyrodniczy z tablicami edukacyjnymi biegn\u0105cymi wok\u00f3\u0142 Baraniej G\u00f3ry,<\/li>\r\n<li>Zabytkowy szlak Habsburg\u00f3w.<\/li>\r\n<\/ul><\/div><\/div><\/div><div class=\"kc-elm kc-css-563229 kc_col-sm-6 kc_column kc_col-sm-6\"><div class=\"kc-col-container\"><div class=\"kc-elm kc-css-977646 kc-raw-code\"><p>W ramach wycieczek odrobin\u0119 dalszych, warto odwiedzi\u0107 Wis\u0142\u0119, gmin\u0119 Istebna lub Koniak\u00f3w, kt\u00f3re szczyc\u0105 si\u0119:<\/p>\r\n\r\n<ul>\r\n<li>\u015bcie\u017ck\u0105 planetarn\u0105, prezentuj\u0105ca nasz Uk\u0142ad S\u0142oneczny,<\/li>\r\n<li>Izb\u0105 Pami\u0119ci dedykowan\u0105 wybitnemu polskiemu himalai\u015bcie Jerzemu Kukuczce,<\/li>\r\n<li>Muzeum Haftu i Koronki w Koniakowie,<\/li>\r\n<li>Chlebow\u0105 Chat\u0105 w Koniakowie,<\/li>\r\n<li>\u015aladami Adama Ma\u0142ysza w Wi\u015ble.<\/li>\r\n<\/ul><\/div><\/div><\/div><\/div><\/div><\/section><section class=\"kc-elm kc-css-717085 kc_row pageBlue\"><div class=\"kc-row-container  kc-container  pageGallery\"><div class=\"kc-wrap-columns\"><div class=\"kc-elm kc-css-239777 kc_col-sm-4 kc_column kc_col-sm-4\"><div class=\"kc-col-container\"><div class=\"kc-elm kc-css-212979 kc_shortcode kc_single_image\">\n\n        <img decoding=\"async\" src=\"https:\/\/i0.wp.com\/przyslop.pl\/wp-content\/uploads\/2020\/12\/480x320_Oferta_4.jpg?fit=480%2C320&ssl=1\" class=\"\" alt=\"\" \/>    <\/div>\n<\/div><\/div><div class=\"kc-elm kc-css-696335 kc_col-sm-4 kc_column kc_col-sm-4\"><div class=\"kc-col-container\"><div class=\"kc-elm kc-css-901892 kc_shortcode kc_single_image\">\n\n        <img decoding=\"async\" src=\"https:\/\/i0.wp.com\/przyslop.pl\/wp-content\/uploads\/2020\/12\/480x320_Oferta_5.jpg?fit=480%2C320&ssl=1\" class=\"\" alt=\"\" \/>    <\/div>\n<\/div><\/div><div class=\"kc-elm kc-css-101938 kc_col-sm-4 kc_column kc_col-sm-4\"><div class=\"kc-col-container\"><div class=\"kc-elm kc-css-729699 kc_shortcode kc_single_image\">\n\n        <img decoding=\"async\" src=\"https:\/\/i0.wp.com\/przyslop.pl\/wp-content\/uploads\/2020\/12\/480x320_Oferta_6.jpg?fit=480%2C320&ssl=1\" class=\"\" alt=\"\" \/>    <\/div>\n<\/div><\/div><\/div><\/div><\/section><section class=\"kc-elm kc-css-188187 kc_row\"><div class=\"kc-row-container  kc-container  pageWhite\"><div class=\"kc-wrap-columns\"><div class=\"kc-elm kc-css-816227 kc_col-sm-12 kc_column kc_col-sm-12\"><div class=\"kc-col-container\">\n<div class=\"kc-elm kc-css-694718 kc-title-wrap \">\n\n\t<p class=\"kc_title pageHeader\">Aktywnie w terenie<\/p>\n<\/div>\n<div class=\"kc-elm kc-css-997030 kc_text_block pageText\"><\/p>\n<p>Jednak naszym najwi\u0119kszym atutem jest mo\u017cliwo\u015b\u0107 zorganizowania warsztat\u00f3w o niemal ka\u017cdej tematyce, odpowiadaj\u0105cej potrzebom dzieci: poczynaj\u0105c od sportu, a ko\u0144cz\u0105c na psychologii. Chcemy pokazywa\u0107, \u017ce \u015awiat jest ciekawy, r\u00f3\u017cnorodny i znajduje si\u0119 na wyci\u0105gni\u0119cie r\u0119ki, a nie kryje si\u0119 w grach komputerowych czy Internecie. Do prowadzenia zaj\u0119\u0107 zapraszamy wyj\u0105tkowe osoby, potrafi\u0105ce zara\u017ca\u0107 swoj\u0105 pasj\u0105.<\/p>\n<p>\n<\/div><\/div><\/div><\/div><\/div><\/section><section class=\"kc-elm kc-css-744919 kc_row\"><div class=\"kc-row-container  kc-container  pageWhite pageGallery\"><div class=\"kc-wrap-columns\"><div class=\"kc-elm kc-css-922947 kc_col-sm-4 kc_column kc_col-sm-4\"><div class=\"kc-col-container\"><div class=\"kc-elm kc-css-988174 kc_shortcode kc_single_image\">\n\n        <img decoding=\"async\" src=\"https:\/\/i0.wp.com\/przyslop.pl\/wp-content\/uploads\/2020\/12\/480x320_Oferta_7.jpg?fit=480%2C320&ssl=1\" class=\"\" alt=\"\" \/>    <\/div>\n<\/div><\/div><div class=\"kc-elm kc-css-184531 kc_col-sm-4 kc_column kc_col-sm-4\"><div class=\"kc-col-container\"><div class=\"kc-elm kc-css-244700 kc_shortcode kc_single_image\">\n\n        <img decoding=\"async\" src=\"https:\/\/i0.wp.com\/przyslop.pl\/wp-content\/uploads\/2020\/12\/480x320_Oferta_8.jpg?fit=480%2C320&ssl=1\" class=\"\" alt=\"\" \/>    <\/div>\n<\/div><\/div><div class=\"kc-elm kc-css-456697 kc_col-sm-4 kc_column kc_col-sm-4\"><div class=\"kc-col-container\"><div class=\"kc-elm kc-css-572248 kc_shortcode kc_single_image\">\n\n        <img decoding=\"async\" src=\"https:\/\/i0.wp.com\/przyslop.pl\/wp-content\/uploads\/2020\/12\/480x320_Oferta_9.jpg?fit=480%2C320&ssl=1\" class=\"\" alt=\"\" \/>    <\/div>\n<\/div><\/div><\/div><\/div><\/section><section class=\"kc-elm kc-css-803565 kc_row pageHeader pageBlue\"><div class=\"kc-row-container  kc-container\"><div class=\"kc-wrap-columns\"><div class=\"kc-elm kc-css-246019 kc_col-sm-12 kc_column kc_col-sm-12\"><div class=\"kc-col-container\">\n<div class=\"kc-elm kc-css-864803 kc-title-wrap \">\n\n\t<p class=\"kc_title pageHeader\">WYBIERZ POBYT PE\u0141EN WRA\u017bE\u0143<\/p>\n<\/div>\n<\/div><\/div><\/div><\/div><\/section><section class=\"kc-elm kc-css-541765 kc_row pageBlue\"><div class=\"kc-row-container  kc-container\"><div class=\"kc-wrap-columns\"><div class=\"kc-elm kc-css-448288 kc_col-sm-6 kc_column kc_col-sm-6\"><div class=\"kc-col-container\"><div class=\"kc-elm kc-css-883518 kc_shortcode kc_single_image\">\n\n        <a  href=\"https:\/\/przyslop.pl\/index.php\/oferta-dla-szkol-podstawowych\/\" title=\"Oferta dla szk\u00f3\u0142 podstawowych\" target=\"_self\">\n        <img decoding=\"async\" src=\"https:\/\/i0.wp.com\/przyslop.pl\/wp-content\/uploads\/2023\/08\/szkoly_podstawowe_logo_w.png?fit=300%2C262&ssl=1\" class=\"\" alt=\"\" \/>    <\/a>\n    <\/div>\n\n<div class=\"kc-elm kc-css-467707\">\n\t<a class=\"kc_button\" href=\"https:\/\/przyslop.pl\/index.php\/oferta-dla-szkol-podstawowych\/\" target=\"_self\" title=\"Oferta dla szk\u00f3\u0142 podstawowych\" onclick=\"\">\n\t\tZobacz szczeg\u00f3\u0142y\t<\/a>\n<\/div>\n<\/div><\/div><div class=\"kc-elm kc-css-167469 kc_col-sm-6 kc_column kc_col-sm-6\"><div class=\"kc-col-container\"><div class=\"kc-elm kc-css-208359 kc_shortcode kc_single_image\">\n\n        <a  href=\"https:\/\/przyslop.pl\/index.php\/oferta-dla-szkol-srednich\/\" title=\"Oferta dla szk\u00f3\u0142 \u015brednich\" target=\"_self\">\n        <img decoding=\"async\" src=\"https:\/\/i0.wp.com\/przyslop.pl\/wp-content\/uploads\/2023\/09\/szkoly_srednie_logo_w.webp?fit=300%2C262&ssl=1\" class=\"\" alt=\"\" \/>    <\/a>\n    <\/div>\n\n<div class=\"kc-elm kc-css-856346\">\n\t<a class=\"kc_button\" href=\"https:\/\/przyslop.pl\/index.php\/oferta-dla-szkol-srednich\/\" target=\"_self\" title=\"Oferta dla szk\u00f3\u0142 \u015brednich\" onclick=\"\">\n\t\tZobacz szczeg\u00f3\u0142y\t<\/a>\n<\/div>\n<\/div><\/div><\/div><\/div><\/section><section class=\"kc-elm kc-css-131890 kc_row\"><div class=\"kc-row-container  kc-container  pageBlue pageGallery\"><div class=\"kc-wrap-columns\"><div class=\"kc-elm kc-css-924617 kc_col-sm-4 kc_column kc_col-sm-4\"><div class=\"kc-col-container\"><div class=\"kc-elm kc-css-853235 kc_shortcode kc_single_image\">\n\n        <img decoding=\"async\" src=\"https:\/\/i0.wp.com\/przyslop.pl\/wp-content\/uploads\/2020\/12\/480x320_Oferta_10.jpg?fit=480%2C320&ssl=1\" class=\"\" alt=\"\" \/>    <\/div>\n<\/div><\/div><div class=\"kc-elm kc-css-445556 kc_col-sm-4 kc_column kc_col-sm-4\"><div class=\"kc-col-container\"><div class=\"kc-elm kc-css-68408 kc_shortcode kc_single_image\">\n\n        <img decoding=\"async\" src=\"https:\/\/i0.wp.com\/przyslop.pl\/wp-content\/uploads\/2020\/12\/480x320_Oferta_11.jpg?fit=480%2C320&ssl=1\" class=\"\" alt=\"\" \/>    <\/div>\n<\/div><\/div><div class=\"kc-elm kc-css-326462 kc_col-sm-4 kc_column kc_col-sm-4\"><div class=\"kc-col-container\"><div class=\"kc-elm kc-css-761522 kc_shortcode kc_single_image\">\n\n        <img decoding=\"async\" src=\"https:\/\/i0.wp.com\/przyslop.pl\/wp-content\/uploads\/2020\/12\/480x320_Oferta_12.jpg?fit=480%2C320&ssl=1\" class=\"\" alt=\"\" \/>    <\/div>\n<\/div><\/div><\/div><\/div><\/section><section class=\"kc-elm kc-css-400007 kc_row\"><div class=\"kc-row-container  kc-container  pageWhite\"><div class=\"kc-wrap-columns\"><div class=\"kc-elm kc-css-757075 kc_col-sm-12 kc_column kc_col-sm-12\"><div class=\"kc-col-container\">\n<div class=\"kc-elm kc-css-942218 kc-title-wrap \">\n\n\t<p class=\"kc_title pageHeader\">A co w przypadku niepogody?<\/p>\n<\/div>\n<div class=\"kc-elm kc-css-662781 kc_text_block pageText\"><\/p>\n<p>Oferujemy przestronn\u0105 sal\u0119 multifunkcyjn\u0105, kt\u00f3ra mo\u017ce pe\u0142ni\u0107 zar\u00f3wno funkcje sportowe, jak i czysto integracyjne.<\/p>\n<p>Ponadto grupom mo\u017cemy zaoferowa\u0107:<\/p>\n<p>\n<\/div><\/div><\/div><\/div><\/div><\/section><section class=\"kc-elm kc-css-371735 kc_row\"><div class=\"kc-row-container  kc-container  pageWhite pageText\"><div class=\"kc-wrap-columns\"><div class=\"kc-elm kc-css-228439 kc_col-sm-6 kc_column kc_col-sm-6\"><div class=\"kc-col-container\"><div class=\"kc-elm kc-css-867287 kc_text_block\"><\/p>\n<ul>\n<li>biblioteczk\u0119 gier planszowych,<\/li>\n<li>biblioteczk\u0119 ksi\u0105\u017cek,<\/li>\n<li>pi\u0142karzyki,<\/li>\n<li>ping-ponga,<\/li>\n<li>k\u0105cik zabaw,<\/li>\n<\/ul>\n<p>\n<\/div><\/div><\/div><div class=\"kc-elm kc-css-719958 kc_col-sm-6 kc_column kc_col-sm-6\"><div class=\"kc-col-container\"><div class=\"kc-elm kc-css-158460 kc_text_block\"><\/p>\n<ul>\n<li>sala multifunkcyna 100m<sup>2<\/sup>,<\/li>\n<li>mini \u015bcianka wspinaczkowa,<\/li>\n<li>projektor i ekran \u2013 idealne na g\u00f3rskie kino filmowe,<\/li>\n<li>g\u0142o\u015bniki i wzmacniacz \u2013 do zabawy tanecznej.<\/li>\n<\/ul>\n<p>\n<\/div><\/div><\/div><\/div><\/div><\/section><section class=\"kc-elm kc-css-234781 kc_row\"><div class=\"kc-row-container  kc-container  pageWhite pageGallery\"><div class=\"kc-wrap-columns\"><div class=\"kc-elm kc-css-68125 kc_col-sm-4 kc_column kc_col-sm-4\"><div class=\"kc-col-container\"><div class=\"kc-elm kc-css-195754 kc_shortcode kc_single_image\">\n\n        <img decoding=\"async\" src=\"https:\/\/i0.wp.com\/przyslop.pl\/wp-content\/uploads\/2020\/12\/480x320_Oferta_13.jpg?fit=480%2C320&ssl=1\" class=\"\" alt=\"\" \/>    <\/div>\n<\/div><\/div><div class=\"kc-elm kc-css-901495 kc_col-sm-4 kc_column kc_col-sm-4\"><div class=\"kc-col-container\"><div class=\"kc-elm kc-css-206474 kc_shortcode kc_single_image\">\n\n        <img decoding=\"async\" src=\"https:\/\/i0.wp.com\/przyslop.pl\/wp-content\/uploads\/2020\/12\/480x320_Oferta_14.jpg?fit=480%2C320&ssl=1\" class=\"\" alt=\"\" \/>    <\/div>\n<\/div><\/div><div class=\"kc-elm kc-css-543674 kc_col-sm-4 kc_column kc_col-sm-4\"><div class=\"kc-col-container\"><div class=\"kc-elm kc-css-931291 kc_shortcode kc_single_image\">\n\n        <img decoding=\"async\" src=\"https:\/\/i0.wp.com\/przyslop.pl\/wp-content\/uploads\/2020\/12\/480x320_Oferta_15.jpg?fit=480%2C320&ssl=1\" class=\"\" alt=\"\" \/>    <\/div>\n<\/div><\/div><\/div><\/div><\/section><\/p>\n","protected":false},"excerpt":{"rendered":"","protected":false},"author":2,"featured_media":0,"parent":0,"menu_order":0,"comment_status":"closed","ping_status":"closed","template":"tpl-king_composer.php","meta":{"footnotes":""},"class_list":["post-1272","page","type-page","status-publish","hentry"],"jetpack_sharing_enabled":true,"post_mailing_queue_ids":[],"_links":{"self":[{"href":"https:\/\/przyslop.pl\/index.php\/wp-json\/wp\/v2\/pages\/1272","targetHints":{"allow":["GET"]}}],"collection":[{"href":"https:\/\/przyslop.pl\/index.php\/wp-json\/wp\/v2\/pages"}],"about":[{"href":"https:\/\/przyslop.pl\/index.php\/wp-json\/wp\/v2\/types\/page"}],"author":[{"embeddable":true,"href":"https:\/\/przyslop.pl\/index.php\/wp-json\/wp\/v2\/users\/2"}],"replies":[{"embeddable":true,"href":"https:\/\/przyslop.pl\/index.php\/wp-json\/wp\/v2\/comments?post=1272"}],"version-history":[{"count":4,"href":"https:\/\/przyslop.pl\/index.php\/wp-json\/wp\/v2\/pages\/1272\/revisions"}],"predecessor-version":[{"id":7324,"href":"https:\/\/przyslop.pl\/index.php\/wp-json\/wp\/v2\/pages\/1272\/revisions\/7324"}],"wp:attachment":[{"href":"https:\/\/przyslop.pl\/index.php\/wp-json\/wp\/v2\/media?parent=1272"}],"curies":[{"name":"wp","href":"https:\/\/api.w.org\/{rel}","templated":true}]}}