{"id":1267,"date":"2020-01-16T15:27:58","date_gmt":"2020-01-16T14:27:58","guid":{"rendered":"http:\/\/www2.przyslop.pl\/test\/?page_id=1267"},"modified":"2025-05-21T12:03:23","modified_gmt":"2025-05-21T10:03:23","slug":"grupy","status":"publish","type":"page","link":"https:\/\/przyslop.pl\/index.php\/grupy\/","title":{"rendered":"Grupy"},"content":{"rendered":"<p><section class=\"kc-elm kc-css-136791 kc_row pageWhite\"><div class=\"kc-row-container  kc-container\"><div class=\"kc-wrap-columns\"><div class=\"kc-elm kc-css-488559 kc_col-sm-12 kc_column kc_col-sm-12\"><div class=\"kc-col-container\">\n<div class=\"kc-elm kc-css-38038 kc-title-wrap \">\n\n\t<p class=\"kc_title pageHeader\">NOWA INFRASTRUKTURA<\/p>\n<\/div>\n<div class=\"kc-elm kc-css-669226 kc_text_block pageText\"><\/p>\n<p>\nNasz obiekt pozwala na organizacj\u0119 spotka\u0144 na ok. 80-100 os\u00f3b. Posiadamy nowoczesn\u0105, estetyczn\u0105 sal\u0119 multifunkcyjn\u0105 wyko\u0144czon\u0105 drewnem. Sala po\u0142o\u017cona jest w ustronnym miejscu schroniska, posiada dost\u0119p do WiFi, przyleg\u0142e sanitariaty, wyj\u015bcie na zewn\u0105trz do hamakowej strefy chill-out, przedsionek idealny na bufet z przerw\u0105 kawow\u0105. Mo\u017ce zosta\u0107 wyposa\u017cona w ekran, rzutnik, mikrofon, g\u0142o\u015bniki, flipchart lub przeciwnie w sprz\u0119t fitness, koce lub chusty. Dzi\u0119ki temu dedykowana jest zar\u00f3wno dzia\u0142aniom konferencyjnym, sportowym, warsztatowym i biesiadnym.<\/p>\n<p>\n<\/div><\/div><\/div><\/div><\/div><\/section><section class=\"kc-elm kc-css-49813 kc_row\"><div class=\"kc-row-container  kc-container  pageGallery\"><div class=\"kc-wrap-columns\"><div class=\"kc-elm kc-css-209128 kc_col-sm-4 kc_column kc_col-sm-4\"><div class=\"kc-col-container\"><div class=\"kc-elm kc-css-518042 kc_shortcode kc_single_image\">\n\n        <img decoding=\"async\" src=\"https:\/\/i0.wp.com\/przyslop.pl\/wp-content\/uploads\/2020\/12\/480x320_Oferta_1-1.jpg?fit=480%2C320&ssl=1\" class=\"\" alt=\"\" \/>    <\/div>\n<\/div><\/div><div class=\"kc-elm kc-css-462095 kc_col-sm-4 kc_column kc_col-sm-4\"><div class=\"kc-col-container\"><div class=\"kc-elm kc-css-81438 kc_shortcode kc_single_image\">\n\n        <img decoding=\"async\" src=\"https:\/\/i0.wp.com\/przyslop.pl\/wp-content\/uploads\/2020\/12\/480x320_Oferta_2-1.jpg?fit=480%2C320&ssl=1\" class=\"\" alt=\"\" \/>    <\/div>\n<\/div><\/div><div class=\"kc-elm kc-css-991994 kc_col-sm-4 kc_column kc_col-sm-4\"><div class=\"kc-col-container\"><div class=\"kc-elm kc-css-988877 kc_shortcode kc_single_image\">\n\n        <img decoding=\"async\" src=\"https:\/\/i0.wp.com\/przyslop.pl\/wp-content\/uploads\/2020\/12\/480x320_Oferta_3-1.jpg?fit=480%2C320&ssl=1\" class=\"\" alt=\"\" \/>    <\/div>\n<\/div><\/div><\/div><\/div><\/section><section class=\"kc-elm kc-css-596502 kc_row pageBlue\"><div class=\"kc-row-container  kc-container\"><div class=\"kc-wrap-columns\"><div class=\"kc-elm kc-css-374641 kc_col-sm-12 kc_column kc_col-sm-12\"><div class=\"kc-col-container\">\n<div class=\"kc-elm kc-css-936124 kc-title-wrap \">\n\n\t<h2 class=\"kc_title pageHeader\">DLA WAS ZORGANIZUJEMY:<\/h2>\n<\/div>\n<\/div><\/div><\/div><\/div><\/section><section class=\"kc-elm kc-css-64621 kc_row\"><div class=\"kc-row-container  kc-container  pageBlue\"><div class=\"kc-wrap-columns\"><div class=\"kc-elm kc-css-834446 kc_col-sm-6 kc_column kc_col-sm-6\"><div class=\"kc-col-container\"><div class=\"kc-elm kc-css-252047 kc_text_block pageText\"><\/p>\n<ul>\n<li>slajdowisko<\/li>\n<li>festiwal podr\u00f3\u017cniczy<\/li>\n<li>pokaz filmu<\/li>\n<li>premier\u0119 ksi\u0105\u017cki<\/li>\n<li>ognisko integracyjne<\/li>\n<\/ul>\n<p>\n<\/div><\/div><\/div><div class=\"kc-elm kc-css-103106 kc_col-sm-6 kc_column kc_col-sm-6\"><div class=\"kc-col-container\"><div class=\"kc-elm kc-css-623258 kc_text_block pageText\"><\/p>\n<ul>\n<li>warsztat tematyczny<\/li>\n<li>urodziny<\/li>\n<li>ob\u00f3z sportowy<\/li>\n<\/ul>\n<p><strong>Masz pomys\u0142 &#8211; powiedz nam o nim!<\/strong><\/p>\n<p>\n<\/div><\/div><\/div><\/div><\/div><\/section><section class=\"kc-elm kc-css-238442 kc_row pageBlue\"><div class=\"kc-row-container  kc-container  pageGallery\"><div class=\"kc-wrap-columns\"><div class=\"kc-elm kc-css-439067 kc_col-sm-4 kc_column kc_col-sm-4\"><div class=\"kc-col-container\"><div class=\"kc-elm kc-css-516505 kc_shortcode kc_single_image\">\n\n        <img decoding=\"async\" src=\"https:\/\/i0.wp.com\/przyslop.pl\/wp-content\/uploads\/2020\/12\/480x320_Oferta_4-1.jpg?fit=480%2C320&ssl=1\" class=\"\" alt=\"\" \/>    <\/div>\n<\/div><\/div><div class=\"kc-elm kc-css-571389 kc_col-sm-4 kc_column kc_col-sm-4\"><div class=\"kc-col-container\"><div class=\"kc-elm kc-css-41077 kc_shortcode kc_single_image\">\n\n        <img decoding=\"async\" src=\"https:\/\/i0.wp.com\/przyslop.pl\/wp-content\/uploads\/2020\/12\/480x320_Oferta_5-1.jpg?fit=480%2C320&ssl=1\" class=\"\" alt=\"\" \/>    <\/div>\n<\/div><\/div><div class=\"kc-elm kc-css-145674 kc_col-sm-4 kc_column kc_col-sm-4\"><div class=\"kc-col-container\"><div class=\"kc-elm kc-css-112513 kc_shortcode kc_single_image\">\n\n        <img decoding=\"async\" src=\"https:\/\/i0.wp.com\/przyslop.pl\/wp-content\/uploads\/2020\/12\/480x320_Oferta_6-1.jpg?fit=480%2C320&ssl=1\" class=\"\" alt=\"\" \/>    <\/div>\n<\/div><\/div><\/div><\/div><\/section><section class=\"kc-elm kc-css-400615 kc_row pageWhite\"><div class=\"kc-row-container  kc-container\"><div class=\"kc-wrap-columns\"><div class=\"kc-elm kc-css-659916 kc_col-sm-12 kc_column kc_col-sm-12\"><div class=\"kc-col-container\">\n<div class=\"kc-elm kc-css-956426 kc-title-wrap \">\n\n\t<p class=\"kc_title pageHeader\">DLACZEGO MY<\/p>\n<\/div>\n<div class=\"kc-elm kc-css-766695 kc_text_block pageText\"><\/p>\n<p>\nNa Przys\u0142opie dzia\u0142amy od 2015 roku. Ca\u0142y czas modernizujemy nasze schronisko, aby spe\u0142nia\u0142o najwy\u017csze standardy i odpowiada\u0142o oczekiwaniom najbardziej wymagaj\u0105cych go\u015bci. W tym czasie w rankingu schronisk g\u00f3rskich N.P.M. awansowali\u015bmy z ostatnich miejsc do najlepszej 5-ki (4-te miejsce)! A jeszcze nie tak dawno zwano to miejsce \u201ezapuszczonym, postkomunistycznym molochem\u201d. Wyr\u00f3\u017cnia nas nieszablonowe my\u015blenie o schronisku jako czym\u015b wi\u0119cej ni\u017c tylko noclegowni dla w\u0119drowc\u00f3w! Doskona\u0142a kuchnia, legendarne ju\u017c s\u0142odko\u015bci i niespotykana nigdzie indziej atmosfera, na kt\u00f3r\u0105 pracuje ca\u0142a za\u0142oga naszego schroniska. A do tego nieszablonowy podr\u00f3\u017cniczy wystr\u00f3j i \u201eco\u015b mi\u0142ego dla ka\u017cdego\u201d a wi\u0119c r\u00f3\u017cnorakie udogodnienia (o kt\u00f3rych szerzej mo\u017cesz poczyta\u0107 <a href=\"https:\/\/podroze.onet.pl\/porady\/6-ranking-schronisk-gorskich-magazynu-npm-2019\/we4rnbc?fbclid=IwAR0OWAEb0WeIX0BPXPqE28e3Th6R2amKScdBSIN1Wf_2mBOeAD3h0Gm_WhE\" target=\"_blank\" rel=\"noopener\"><em><strong>tutaj<\/strong><\/em><\/a>) sprawiaj\u0105, \u017ce chce si\u0119 tu wraca\u0107!<\/p>\n<p>\n<\/div><div class=\"kc-elm kc-css-966657 kc_text_block pageText\"><\/p>\n<p>\nA zapewniamy, \u017ce nie powiedzieli\u015bmy jeszcze ostatniego s\u0142owa! W g\u0142owach nadal tli si\u0119 sporo pomys\u0142\u00f3w do zrealizowania!<\/p>\n<p>\n<\/div><\/div><\/div><\/div><\/div><\/section><section class=\"kc-elm kc-css-233663 kc_row pageWhite\"><div class=\"kc-row-container  kc-container  pageGallery\"><div class=\"kc-wrap-columns\"><div class=\"kc-elm kc-css-316083 kc_col-sm-4 kc_column kc_col-sm-4\"><div class=\"kc-col-container\"><div class=\"kc-elm kc-css-753528 kc_shortcode kc_single_image\">\n\n        <img decoding=\"async\" src=\"https:\/\/i0.wp.com\/przyslop.pl\/wp-content\/uploads\/2020\/12\/480x320_Oferta_7-1.jpg?fit=480%2C320&ssl=1\" class=\"\" alt=\"\" \/>    <\/div>\n<\/div><\/div><div class=\"kc-elm kc-css-119004 kc_col-sm-4 kc_column kc_col-sm-4\"><div class=\"kc-col-container\"><div class=\"kc-elm kc-css-991466 kc_shortcode kc_single_image\">\n\n        <img decoding=\"async\" src=\"https:\/\/i0.wp.com\/przyslop.pl\/wp-content\/uploads\/2020\/12\/480x320_Oferta_8-1.jpg?fit=480%2C320&ssl=1\" class=\"\" alt=\"\" \/>    <\/div>\n<\/div><\/div><div class=\"kc-elm kc-css-245142 kc_col-sm-4 kc_column kc_col-sm-4\"><div class=\"kc-col-container\"><div class=\"kc-elm kc-css-914959 kc_shortcode kc_single_image\">\n\n        <img decoding=\"async\" src=\"https:\/\/i0.wp.com\/przyslop.pl\/wp-content\/uploads\/2020\/12\/480x320_Oferta_9-1.jpg?fit=480%2C320&ssl=1\" class=\"\" alt=\"\" \/>    <\/div>\n<\/div><\/div><\/div><\/div><\/section><section class=\"kc-elm kc-css-931185 kc_row pageBlue\"><div class=\"kc-row-container  kc-container\"><div class=\"kc-wrap-columns\"><div class=\"kc-elm kc-css-476460 kc_col-sm-12 kc_column kc_col-sm-12\"><div class=\"kc-col-container\">\n<div class=\"kc-elm kc-css-968906 kc-title-wrap \">\n\n\t<p class=\"kc_title pageHeader\">KUCHNIA REGIONALNA<\/p>\n<\/div>\n<div class=\"kc-elm kc-css-900075 kc_text_block pageText\"><\/p>\n<p>\nGrupy zorganizowane maj\u0105 zapewnione pe\u0142ne wy\u017cywienie: \u015bniadania, obiady, kolacje oraz pyszne domowe ciasta. W ramach przygotowania do pobytu, otrzymuj\u0105 specjalne menu do wyboru zawieraj\u0105ce ponad 40 da\u0144. W ofercie mamy wy\u017cywienie wegetaria\u0144skie i wega\u0144skie, w miar\u0119 mo\u017cliwo\u015bci, r\u00f3wnie\u017c dla os\u00f3b z nietolerancjami pokarmowymi.<br \/>Realizujemy tak\u017ce zam\u00f3wienia specjalne, m.in.:<\/p>\n<p>\n<\/div><\/div><\/div><\/div><\/div><\/section><section class=\"kc-elm kc-css-320876 kc_row pageBlue\"><div class=\"kc-row-container  kc-container\"><div class=\"kc-wrap-columns\"><div class=\"kc-elm kc-css-979468 kc_col-sm-6 kc_column kc_col-sm-6\"><div class=\"kc-col-container\"><div class=\"kc-elm kc-css-570743 kc_text_block pageText\"><\/p>\n<ul>\n<li><span style=\"font-style: inherit;\">Przerwy kawowe,<\/span><\/li>\n<li>Zaopatrzenie na ognisko,<\/li>\n<li>Pieczonego barana,<\/li>\n<\/ul>\n<p>\n<\/div><\/div><\/div><div class=\"kc-elm kc-css-13751 kc_col-sm-6 kc_column kc_col-sm-6\"><div class=\"kc-col-container\"><div class=\"kc-elm kc-css-94785 kc_text_block pageText\"><\/p>\n<ul>\n<li>Duszonki,<\/li>\n<li>Ciasta i torty okoliczno\u015bciowe.<\/li>\n<li>Room service<\/li>\n<\/ul>\n<p>\n<\/div><\/div><\/div><\/div><\/div><\/section><section class=\"kc-elm kc-css-700483 kc_row pageBlue\"><div class=\"kc-row-container  kc-container\"><div class=\"kc-wrap-columns\"><div class=\"kc-elm kc-css-362735 kc_col-sm-12 kc_column kc_col-sm-12\"><div class=\"kc-col-container\">\n<div class=\"kc-elm kc-css-422291\">\n\t<a class=\"kc_button\" href=\"https:\/\/przyslop.pl\/wp-content\/uploads\/2022\/12\/menu_dla_grup_przyslop.pdf\" target=\"_blank\" title=\"\" onclick=\"\">\n\t\tMenu dla grup\t<\/a>\n<\/div>\n<\/div><\/div><\/div><\/div><\/section><section class=\"kc-elm kc-css-777433 kc_row pageBlue\"><div class=\"kc-row-container  kc-container  pageGallery\"><div class=\"kc-wrap-columns\"><div class=\"kc-elm kc-css-212964 kc_col-sm-4 kc_column kc_col-sm-4\"><div class=\"kc-col-container\"><div class=\"kc-elm kc-css-926833 kc_shortcode kc_single_image\">\n\n        <img decoding=\"async\" src=\"https:\/\/i0.wp.com\/przyslop.pl\/wp-content\/uploads\/2020\/12\/480x320_Oferta_10-1.jpg?fit=480%2C320&ssl=1\" class=\"\" alt=\"\" \/>    <\/div>\n<\/div><\/div><div class=\"kc-elm kc-css-233334 kc_col-sm-4 kc_column kc_col-sm-4\"><div class=\"kc-col-container\"><div class=\"kc-elm kc-css-256044 kc_shortcode kc_single_image\">\n\n        <img decoding=\"async\" src=\"https:\/\/i0.wp.com\/przyslop.pl\/wp-content\/uploads\/2020\/12\/480x320_Oferta_11-1.jpg?fit=480%2C320&ssl=1\" class=\"\" alt=\"\" \/>    <\/div>\n<\/div><\/div><div class=\"kc-elm kc-css-841359 kc_col-sm-4 kc_column kc_col-sm-4\"><div class=\"kc-col-container\"><div class=\"kc-elm kc-css-856621 kc_shortcode kc_single_image\">\n\n        <img decoding=\"async\" src=\"https:\/\/i0.wp.com\/przyslop.pl\/wp-content\/uploads\/2020\/12\/480x320_Oferta_12-1.jpg?fit=480%2C320&ssl=1\" class=\"\" alt=\"\" \/>    <\/div>\n<\/div><\/div><\/div><\/div><\/section><section class=\"kc-elm kc-css-961420 kc_row pageWhite\"><div class=\"kc-row-container  kc-container\"><div class=\"kc-wrap-columns\"><div class=\"kc-elm kc-css-886235 kc_col-sm-12 kc_column kc_col-sm-12\"><div class=\"kc-col-container\">\n<div class=\"kc-elm kc-css-874149 kc-title-wrap \">\n\n\t<p class=\"kc_title pageHeader\">ATRAKCYJNE OTOCZENIE<\/p>\n<\/div>\n<div class=\"kc-elm kc-css-484398 kc_text_block pageText\"><\/p>\n<p>\nZnajdujemy si\u0119 w pobli\u017cu Czarnej Wise\u0142ki, na wysoko\u015bci 900 m n.p.m. To tu zbiega si\u0119 kilka szlak\u00f3w prowadz\u0105cych na Barani\u0105 G\u00f3r\u0119:<\/p>\n<p>\n<\/div><\/div><\/div><\/div><\/div><\/section><section class=\"kc-elm kc-css-931140 kc_row pageWhite\"><div class=\"kc-row-container  kc-container\"><div class=\"kc-wrap-columns\"><div class=\"kc-elm kc-css-829911 kc_col-sm-6 kc_column kc_col-sm-6\"><div class=\"kc-col-container\"><div class=\"kc-elm kc-css-672916 kc_text_block\"><\/p>\n<ul>\n<li>niebieski z Koniakowa Rupienki,<\/li>\n<li>czerwony z Kubalonki,<\/li>\n<\/ul>\n<p>\n<\/div><\/div><\/div><div class=\"kc-elm kc-css-220068 kc_col-sm-6 kc_column kc_col-sm-6\"><div class=\"kc-col-container\"><div class=\"kc-elm kc-css-142649 kc_text_block\"><\/p>\n<ul>\n<li>zielony z Istebnej<\/li>\n<li>czarny z Wis\u0142y Czarne.<\/li>\n<\/ul>\n<p>\n<\/div><\/div><\/div><\/div><\/div><\/section><section class=\"kc-elm kc-css-290914 kc_row pageWhite\"><div class=\"kc-row-container  kc-container\"><div class=\"kc-wrap-columns\"><div class=\"kc-elm kc-css-132170 kc_col-sm-12 kc_column kc_col-sm-12\"><div class=\"kc-col-container\"><div class=\"kc-elm kc-css-541561 kc_text_block pageText\"><\/p>\n<p>\nW pobli\u017cu schroniska znajduje si\u0119 Muzeum Turystyki G\u00f3rskiej, Izba Le\u015bna, a w niedalekiej odleg\u0142o\u015bci w Istebnej Izba Pami\u0119ci wybitnego himalaisty Jerzego Kukuczki czy te\u017c otwarta do zwiedzania Jaskinia Malinowska. Interesuj\u0105ca, zw\u0142aszcza dla przybysz\u00f3w z innych region\u00f3w jest tak\u017ce Wis\u0142a. Nasza \u201ePer\u0142a Beskid\u00f3w\u201d to miasto Adama Ma\u0142ysza. To w\u0142a\u015bnie tu mo\u017cna zobaczy\u0107 jego czekoladow\u0105 posta\u0107 i trofea, kt\u00f3re zdoby\u0142 wyst\u0119puj\u0105c w barwach Polski. Tu tak\u017ce mo\u017cna odwiedzi\u0107 Rezydencj\u0119 Prezydenta RP i Zameczek My\u015bliwski Habsburg\u00f3w &#8211; pierwsze schronisko jakie dzia\u0142o na polanie Przys\u0142op.<\/p>\n<p>Jeste\u015b zainteresowany sp\u0119dzeniem czasu u nas? Napisze do nas i popro\u015b o ofert\u0119 z kalkulacj\u0105 pobytu. Adres email:\u00a0schronisko@przyslop.pl<\/p>\n<p>\n<\/div><\/div><\/div><\/div><\/div><\/section><section class=\"kc-elm kc-css-245198 kc_row pageWhite\"><div class=\"kc-row-container  kc-container  pageGallery\"><div class=\"kc-wrap-columns\"><div class=\"kc-elm kc-css-119382 kc_col-sm-4 kc_column kc_col-sm-4\"><div class=\"kc-col-container\"><div class=\"kc-elm kc-css-505704 kc_shortcode kc_single_image\">\n\n        <img decoding=\"async\" src=\"https:\/\/i0.wp.com\/przyslop.pl\/wp-content\/uploads\/2020\/12\/480x320_Oferta_13-1.jpg?fit=480%2C320&ssl=1\" class=\"\" alt=\"\" \/>    <\/div>\n<\/div><\/div><div class=\"kc-elm kc-css-733722 kc_col-sm-4 kc_column kc_col-sm-4\"><div class=\"kc-col-container\"><div class=\"kc-elm kc-css-619930 kc_shortcode kc_single_image\">\n\n        <img decoding=\"async\" src=\"https:\/\/i0.wp.com\/przyslop.pl\/wp-content\/uploads\/2020\/12\/480x320_Oferta_14-1.jpg?fit=480%2C320&ssl=1\" class=\"\" alt=\"\" \/>    <\/div>\n<\/div><\/div><div class=\"kc-elm kc-css-322118 kc_col-sm-4 kc_column kc_col-sm-4\"><div class=\"kc-col-container\"><div class=\"kc-elm kc-css-162113 kc_shortcode kc_single_image\">\n\n        <img decoding=\"async\" src=\"https:\/\/i0.wp.com\/przyslop.pl\/wp-content\/uploads\/2020\/12\/480x320_Oferta_15-1.jpg?fit=480%2C320&ssl=1\" class=\"\" alt=\"\" \/>    <\/div>\n<\/div><\/div><\/div><\/div><\/section><\/p>\n","protected":false},"excerpt":{"rendered":"","protected":false},"author":2,"featured_media":0,"parent":0,"menu_order":0,"comment_status":"closed","ping_status":"closed","template":"tpl-king_composer.php","meta":{"footnotes":""},"class_list":["post-1267","page","type-page","status-publish","hentry"],"jetpack_sharing_enabled":true,"post_mailing_queue_ids":[],"_links":{"self":[{"href":"https:\/\/przyslop.pl\/index.php\/wp-json\/wp\/v2\/pages\/1267","targetHints":{"allow":["GET"]}}],"collection":[{"href":"https:\/\/przyslop.pl\/index.php\/wp-json\/wp\/v2\/pages"}],"about":[{"href":"https:\/\/przyslop.pl\/index.php\/wp-json\/wp\/v2\/types\/page"}],"author":[{"embeddable":true,"href":"https:\/\/przyslop.pl\/index.php\/wp-json\/wp\/v2\/users\/2"}],"replies":[{"embeddable":true,"href":"https:\/\/przyslop.pl\/index.php\/wp-json\/wp\/v2\/comments?post=1267"}],"version-history":[{"count":3,"href":"https:\/\/przyslop.pl\/index.php\/wp-json\/wp\/v2\/pages\/1267\/revisions"}],"predecessor-version":[{"id":9544,"href":"https:\/\/przyslop.pl\/index.php\/wp-json\/wp\/v2\/pages\/1267\/revisions\/9544"}],"wp:attachment":[{"href":"https:\/\/przyslop.pl\/index.php\/wp-json\/wp\/v2\/media?parent=1267"}],"curies":[{"name":"wp","href":"https:\/\/api.w.org\/{rel}","templated":true}]}}