{"id":1068,"date":"2020-01-09T13:56:09","date_gmt":"2020-01-09T12:56:09","guid":{"rendered":"http:\/\/www2.przyslop.pl\/test\/?page_id=1068"},"modified":"2020-01-09T13:56:09","modified_gmt":"2020-01-09T12:56:09","slug":"kamesznica-dolna-schronisko-pttk-przyslop-pod-barania-gora","status":"publish","type":"page","link":"https:\/\/przyslop.pl\/index.php\/kamesznica-dolna-schronisko-pttk-przyslop-pod-barania-gora\/","title":{"rendered":"Kamesznica Dolna \u2013 Schronisko PTTK Przys\u0142op pod Barani\u0105 G\u00f3r\u0105"},"content":{"rendered":"\n<div style=\"max-width:100%;overflow:hidden;margin:0 auto;min-width:300px;\"><iframe src=\"https:\/\/mapa-turystyczna.pl\/map\/widget\/route\/h1l0p1\/yy3t.html\" height=\"680\" frameborder=\"0\" style=\"width:100%;border:0;\"><\/iframe><a href=\"https:\/\/mapa-turystyczna.pl\/route\/yy3t?utm_source=external_web&amp;utm_medium=widget&amp;utm_campaign=route_widget\" target=\"_blank\" style=\"color:#999;padding:7px 0;font-size: 13px;font-family:Roboto,Arial,sans-serif;display: inline-block;\" rel=\"noopener noreferrer\">Trasa: Kamesznica Dolna \u2013 Schronisko PTTK Przys\u0142op pod Barani\u0105 G\u00f3r\u0105 | mapa-turystyczna.pl<\/a><\/div>\n","protected":false},"excerpt":{"rendered":"<p>Trasa: Kamesznica Dolna \u2013 Schronisko PTTK Przys\u0142op pod Barani\u0105 G\u00f3r\u0105 | mapa-turystyczna.pl<\/p>\n","protected":false},"author":2,"featured_media":0,"parent":0,"menu_order":0,"comment_status":"closed","ping_status":"closed","template":"","meta":{"footnotes":""},"class_list":["post-1068","page","type-page","status-publish","hentry"],"jetpack_sharing_enabled":true,"post_mailing_queue_ids":[],"_links":{"self":[{"href":"https:\/\/przyslop.pl\/index.php\/wp-json\/wp\/v2\/pages\/1068","targetHints":{"allow":["GET"]}}],"collection":[{"href":"https:\/\/przyslop.pl\/index.php\/wp-json\/wp\/v2\/pages"}],"about":[{"href":"https:\/\/przyslop.pl\/index.php\/wp-json\/wp\/v2\/types\/page"}],"author":[{"embeddable":true,"href":"https:\/\/przyslop.pl\/index.php\/wp-json\/wp\/v2\/users\/2"}],"replies":[{"embeddable":true,"href":"https:\/\/przyslop.pl\/index.php\/wp-json\/wp\/v2\/comments?post=1068"}],"version-history":[{"count":0,"href":"https:\/\/przyslop.pl\/index.php\/wp-json\/wp\/v2\/pages\/1068\/revisions"}],"wp:attachment":[{"href":"https:\/\/przyslop.pl\/index.php\/wp-json\/wp\/v2\/media?parent=1068"}],"curies":[{"name":"wp","href":"https:\/\/api.w.org\/{rel}","templated":true}]}}