{"id":1045,"date":"2020-01-09T13:06:01","date_gmt":"2020-01-09T12:06:01","guid":{"rendered":"http:\/\/www2.przyslop.pl\/test\/?page_id=1045"},"modified":"2021-02-05T16:56:14","modified_gmt":"2021-02-05T15:56:14","slug":"przelecz-salmopolska-schronisko-pttk-przyslop-pod-barania-gora","status":"publish","type":"page","link":"https:\/\/przyslop.pl\/index.php\/przelecz-salmopolska-schronisko-pttk-przyslop-pod-barania-gora\/","title":{"rendered":"Prze\u0142\u0119cz Salmopolska \u2013 Schronisko PTTK Przys\u0142op pod Barani\u0105 G\u00f3r\u0105"},"content":{"rendered":"<section class=\"kc-elm kc-css-340243 kc_row\"><div class=\"kc-row-container  kc-container\"><div class=\"kc-wrap-columns\"><div class=\"kc-elm kc-css-343477 kc_col-sm-12 kc_column kc_col-sm-12\"><div class=\"kc-col-container\"><div class=\"kc-elm kc_text_block\"><\/p>\n<div style=\"max-width:100%;overflow:hidden;margin:0 auto;min-width:300px;\"><iframe src=\"https:\/\/mapa-turystyczna.pl\/map\/widget\/route\/h1l0p1\/anug.html\" height=\"680\" frameborder=\"0\" style=\"width:100%;border:0;\"><\/iframe><a href=\"https:\/\/mapa-turystyczna.pl\/route\/anug?utm_source=external_web&amp;utm_medium=widget&amp;utm_campaign=route_widget\" target=\"_blank\" style=\"color:#999;padding:7px 0;font-size: 13px;font-family:Roboto,Arial,sans-serif;display: inline-block;\">Trasa: Prze\u0142\u0119cz Salmopolska \u2013 Schronisko PTTK Przys\u0142op pod Barani\u0105 G\u00f3r\u0105 | mapa-turystyczna.pl<\/a><\/div>\n<p>\n<\/div><\/div><\/div><\/div><\/div><\/section>\n","protected":false},"excerpt":{"rendered":"","protected":false},"author":2,"featured_media":0,"parent":0,"menu_order":0,"comment_status":"closed","ping_status":"closed","template":"","meta":{"footnotes":""},"class_list":["post-1045","page","type-page","status-publish","hentry"],"jetpack_sharing_enabled":true,"post_mailing_queue_ids":[],"_links":{"self":[{"href":"https:\/\/przyslop.pl\/index.php\/wp-json\/wp\/v2\/pages\/1045","targetHints":{"allow":["GET"]}}],"collection":[{"href":"https:\/\/przyslop.pl\/index.php\/wp-json\/wp\/v2\/pages"}],"about":[{"href":"https:\/\/przyslop.pl\/index.php\/wp-json\/wp\/v2\/types\/page"}],"author":[{"embeddable":true,"href":"https:\/\/przyslop.pl\/index.php\/wp-json\/wp\/v2\/users\/2"}],"replies":[{"embeddable":true,"href":"https:\/\/przyslop.pl\/index.php\/wp-json\/wp\/v2\/comments?post=1045"}],"version-history":[{"count":0,"href":"https:\/\/przyslop.pl\/index.php\/wp-json\/wp\/v2\/pages\/1045\/revisions"}],"wp:attachment":[{"href":"https:\/\/przyslop.pl\/index.php\/wp-json\/wp\/v2\/media?parent=1045"}],"curies":[{"name":"wp","href":"https:\/\/api.w.org\/{rel}","templated":true}]}}